{"id":53,"date":"2025-10-30T12:28:30","date_gmt":"2025-10-30T11:28:30","guid":{"rendered":"https:\/\/levezereperigord.com\/?page_id=53"},"modified":"2026-02-25T11:05:00","modified_gmt":"2026-02-25T10:05:00","slug":"services","status":"publish","type":"page","link":"https:\/\/levezereperigord.com\/nl\/services\/","title":{"rendered":"Services"},"content":{"rendered":"\n<div class=\"wp-block-group n-mobile-full-bleed has-n-lightest-brown-background-color has-background is-layout-constrained wp-container-core-group-is-layout-19ac9bc1 wp-block-group-is-layout-constrained\" style=\"border-radius:4px;margin-top:0;margin-bottom:0;padding-top:var(--wp--preset--spacing--60);padding-right:var(--wp--preset--spacing--60);padding-bottom:var(--wp--preset--spacing--60);padding-left:var(--wp--preset--spacing--60)\">\n<div class=\"wp-block-columns are-vertically-aligned-center n-column-reverse is-layout-flex wp-container-core-columns-is-layout-6ef9061c wp-block-columns-is-layout-flex\">\n<div class=\"wp-block-column is-vertically-aligned-center is-layout-flow wp-block-column-is-layout-flow\" style=\"padding-right:0;padding-left:0;flex-basis:33.33%\">\n<div class=\"wp-block-group is-vertical is-layout-flex wp-container-core-group-is-layout-355c4241 wp-block-group-is-layout-flex\">\n<h1 class=\"wp-block-heading has-n-light-brown-color has-text-color has-link-color has-n-outfit-font-family has-small-font-size wp-elements-0d7d31762bd789b3006e20fcd1693e6d\" style=\"font-style:normal;font-weight:300;letter-spacing:1.5px;text-transform:uppercase\">Diensten<\/h1>\n\n\n\n<h2 class=\"wp-block-heading has-n-brown-color has-text-color has-link-color has-n-benne-font-family has-gigantic-font-size wp-elements-bf5c359775b80b8648a642768474722e\" style=\"line-height:1\">Een stressvrije vakantie<\/h2>\n\n\n\n<p class=\"has-n-brown-color has-text-color has-link-color has-n-outfit-font-family wp-elements-ab20d73f8f071cdebc68638dbe6f445e\" style=\"font-size:14px\">Bij ons is alles erop gericht om u optimaal te laten genieten van uw vakantie in de Dordogne en uw verblijf. Ontspanning, comfort en activiteiten: kom tot rust, wij zorgen voor de rest. Uw vakantie in de P\u00e9rigord Noir begint hier!<\/p>\n\n\n\n<div class=\"wp-block-buttons is-layout-flex wp-block-buttons-is-layout-flex\" style=\"margin-top:var(--wp--preset--spacing--50)\">\n<div class=\"wp-block-button is-style-fill\"><a class=\"wp-block-button__link has-n-white-color has-n-accent-background-color has-text-color has-background has-link-color has-n-outfit-font-family has-small-font-size has-custom-font-size wp-element-button\" style=\"border-radius:4px;text-transform:uppercase\">Boek mijn vakantie<\/a><\/div>\n<\/div>\n<\/div>\n<\/div>\n\n\n\n<div class=\"wp-block-column is-vertically-aligned-center is-layout-flow wp-block-column-is-layout-flow\" style=\"flex-basis:66.66%\">\n<figure class=\"wp-block-image size-full has-custom-border\"><img loading=\"lazy\" decoding=\"async\" width=\"875\" height=\"656\" src=\"https:\/\/levezereperigord.com\/wp-content\/uploads\/2025\/12\/location-mobil-homes-camping-vezere-perigord.avif\" alt=\"\" class=\"wp-image-282\" style=\"border-radius:4px;aspect-ratio:4\/3;object-fit:cover\" srcset=\"https:\/\/levezereperigord.com\/wp-content\/uploads\/2025\/12\/location-mobil-homes-camping-vezere-perigord.avif 875w, https:\/\/levezereperigord.com\/wp-content\/uploads\/2025\/12\/location-mobil-homes-camping-vezere-perigord-300x225.avif 300w, https:\/\/levezereperigord.com\/wp-content\/uploads\/2025\/12\/location-mobil-homes-camping-vezere-perigord-768x576.avif 768w\" sizes=\"auto, (max-width: 875px) 100vw, 875px\" \/><\/figure>\n<\/div>\n<\/div>\n<\/div>\n\n\n\n<div class=\"wp-block-group is-layout-constrained wp-container-core-group-is-layout-4383d167 wp-block-group-is-layout-constrained\">\n<div class=\"wp-block-columns are-vertically-aligned-center is-layout-flex wp-container-core-columns-is-layout-6ef9061c wp-block-columns-is-layout-flex\">\n<div class=\"wp-block-column is-vertically-aligned-center is-layout-flow wp-block-column-is-layout-flow\" style=\"padding-right:0;padding-left:0;flex-basis:50%\">\n<figure class=\"wp-block-image size-full has-custom-border\"><img loading=\"lazy\" decoding=\"async\" width=\"980\" height=\"557\" src=\"https:\/\/levezereperigord.com\/wp-content\/uploads\/2025\/10\/piscine-camping-vezere-perigord.jpeg.avif\" alt=\"\" class=\"wp-image-79\" style=\"border-radius:4px;box-shadow:var(--wp--preset--shadow--n-smooth-shadow);aspect-ratio:4\/3;object-fit:cover\" srcset=\"https:\/\/levezereperigord.com\/wp-content\/uploads\/2025\/10\/piscine-camping-vezere-perigord.jpeg.avif 980w, https:\/\/levezereperigord.com\/wp-content\/uploads\/2025\/10\/piscine-camping-vezere-perigord.jpeg-300x171.avif 300w, https:\/\/levezereperigord.com\/wp-content\/uploads\/2025\/10\/piscine-camping-vezere-perigord.jpeg-768x437.avif 768w\" sizes=\"auto, (max-width: 980px) 100vw, 980px\" \/><\/figure>\n<\/div>\n\n\n\n<div class=\"wp-block-column is-vertically-aligned-center is-layout-flow wp-container-core-column-is-layout-053e94e8 wp-block-column-is-layout-flow\" style=\"padding-right:0;padding-left:0;flex-basis:50%\">\n<h3 class=\"wp-block-heading has-n-brown-color has-text-color has-link-color has-n-benne-font-family has-large-font-size wp-elements-ec74e2ab0b83304b5b0aea385a59eda4\">Het zwembad<\/h3>\n\n\n\n<p class=\"n-max-text has-n-brown-color has-text-color has-link-color has-n-outfit-font-family wp-elements-65c61b71e188e8f6ddf630ae61eddc7c\" style=\"font-size:14px\">Duik in ons waterparadijs! Met het verwarmde binnenzwembad, het buitenzwembad, waterglijbanen, peuterbad en ligstoelen is er voor ieder wat wils. Een ideale plek om te zwemmen, spelen of te ontspannen met z&#8217;n twee\u00ebn of met het gezin.<\/p>\n\n\n\n<div class=\"wp-block-buttons is-content-justification-left is-nowrap is-layout-flex wp-container-core-buttons-is-layout-fbe9fc48 wp-block-buttons-is-layout-flex\" style=\"margin-top:var(--wp--preset--spacing--50);margin-bottom:0px;padding-top:0px;padding-right:0px;padding-bottom:0px;padding-left:0px\">\n<div class=\"wp-block-button is-style-outline is-style-outline--1\"><a class=\"wp-block-button__link has-n-brown-color has-text-color has-link-color has-border-color has-n-outfit-font-family has-small-font-size has-text-align-center has-custom-font-size wp-element-button\" href=\"https:\/\/levezereperigord.com\/piscine\" style=\"border-color:#3B2F21;border-width:1px;border-radius:4px;font-style:normal;font-weight:400;letter-spacing:1px;text-transform:uppercase\">Ontdek het zwembad<\/a><\/div>\n<\/div>\n<\/div>\n<\/div>\n\n\n\n<div class=\"wp-block-columns are-vertically-aligned-center n-column-reverse is-layout-flex wp-container-core-columns-is-layout-6ef9061c wp-block-columns-is-layout-flex\">\n<div class=\"wp-block-column is-vertically-aligned-center is-layout-flow wp-container-core-column-is-layout-053e94e8 wp-block-column-is-layout-flow\" style=\"padding-right:0;padding-left:0;flex-basis:50%\">\n<h3 class=\"wp-block-heading has-n-brown-color has-text-color has-link-color has-n-benne-font-family has-large-font-size wp-elements-67bb4638f87debba738f43bf96fa0093\">Het restaurant<\/h3>\n\n\n\n<p class=\"n-max-text has-n-brown-color has-text-color has-link-color has-n-outfit-font-family wp-elements-4c32e311ff3b931899f96c537379fa56\" style=\"font-size:14px\">Op Camping Le V\u00e9z\u00e8re P\u00e9rigord richten Gilles en Alexandrine zich in het restaurant op lokale en huisgemaakte gerechten. Op het menu: seizoensgerechten, huisgemaakte pizza&#8217;s, gebraden kip om mee te nemen en, op reservering, een bakkerijservice in de ochtend voor een heerlijk ontbijt. Een snackbar\/service op een groot, schaduwrijk terras met uitzicht op de zwembaden biedt momenten van ontspanning en vakantieplezier.<\/p>\n\n\n\n<div class=\"wp-block-buttons is-content-justification-left is-nowrap is-layout-flex wp-container-core-buttons-is-layout-fbe9fc48 wp-block-buttons-is-layout-flex\" style=\"margin-top:var(--wp--preset--spacing--50);margin-bottom:0px;padding-top:0px;padding-right:0px;padding-bottom:0px;padding-left:0px\">\n<div class=\"wp-block-button is-style-outline is-style-outline--2\"><a class=\"wp-block-button__link has-n-brown-color has-text-color has-link-color has-border-color has-n-outfit-font-family has-small-font-size has-text-align-center has-custom-font-size wp-element-button\" href=\"https:\/\/levezereperigord.com\/restaurant\/\" style=\"border-color:#3B2F21;border-width:1px;border-radius:4px;font-style:normal;font-weight:400;letter-spacing:1px;text-transform:uppercase\">ONTDEK HET RESTAURANT<\/a><\/div>\n<\/div>\n<\/div>\n\n\n\n<div class=\"wp-block-column is-vertically-aligned-center is-layout-flow wp-block-column-is-layout-flow\" style=\"padding-right:0;padding-left:0;flex-basis:50%\">\n<figure class=\"wp-block-image size-large has-custom-border\"><img loading=\"lazy\" decoding=\"async\" width=\"1024\" height=\"768\" src=\"https:\/\/levezereperigord.com\/wp-content\/uploads\/2025\/10\/restaurant-camping-vezere-perigord-1024x768.avif\" alt=\"\" class=\"wp-image-80\" style=\"border-radius:4px;box-shadow:var(--wp--preset--shadow--n-smooth-shadow);aspect-ratio:4\/3;object-fit:cover\" srcset=\"https:\/\/levezereperigord.com\/wp-content\/uploads\/2025\/10\/restaurant-camping-vezere-perigord-1024x768.avif 1024w, https:\/\/levezereperigord.com\/wp-content\/uploads\/2025\/10\/restaurant-camping-vezere-perigord-300x225.avif 300w, https:\/\/levezereperigord.com\/wp-content\/uploads\/2025\/10\/restaurant-camping-vezere-perigord-768x576.avif 768w, https:\/\/levezereperigord.com\/wp-content\/uploads\/2025\/10\/restaurant-camping-vezere-perigord.avif 1068w\" sizes=\"auto, (max-width: 1024px) 100vw, 1024px\" \/><\/figure>\n<\/div>\n<\/div>\n\n\n\n<div class=\"wp-block-columns are-vertically-aligned-center is-layout-flex wp-container-core-columns-is-layout-6ef9061c wp-block-columns-is-layout-flex\">\n<div class=\"wp-block-column is-vertically-aligned-center is-layout-flow wp-block-column-is-layout-flow\" style=\"padding-right:0;padding-left:0;flex-basis:50%\">\n<figure class=\"wp-block-image size-full has-custom-border\"><img loading=\"lazy\" decoding=\"async\" width=\"773\" height=\"517\" src=\"https:\/\/levezereperigord.com\/wp-content\/uploads\/2025\/10\/terrain-tenis-camping-vezere-perigord.jpg\" alt=\"\" class=\"wp-image-85\" style=\"border-radius:4px;box-shadow:var(--wp--preset--shadow--n-smooth-shadow);aspect-ratio:4\/3;object-fit:cover\" srcset=\"https:\/\/levezereperigord.com\/wp-content\/uploads\/2025\/10\/terrain-tenis-camping-vezere-perigord.jpg 773w, https:\/\/levezereperigord.com\/wp-content\/uploads\/2025\/10\/terrain-tenis-camping-vezere-perigord-300x201.jpg 300w, https:\/\/levezereperigord.com\/wp-content\/uploads\/2025\/10\/terrain-tenis-camping-vezere-perigord-768x514.jpg 768w\" sizes=\"auto, (max-width: 773px) 100vw, 773px\" \/><\/figure>\n<\/div>\n\n\n\n<div class=\"wp-block-column is-vertically-aligned-center is-layout-flow wp-container-core-column-is-layout-053e94e8 wp-block-column-is-layout-flow\" style=\"padding-right:0;padding-left:0;flex-basis:50%\">\n<h3 class=\"wp-block-heading has-n-brown-color has-text-color has-link-color has-n-benne-font-family has-large-font-size wp-elements-18a2282f431ea5c44aba0640892d476a\">Sport en recreatie<\/h3>\n\n\n\n<p class=\"n-max-text has-n-brown-color has-text-color has-link-color has-n-outfit-font-family wp-elements-d3fa7000d79cbc352e73c3230538c525\" style=\"font-size:14px\">Zin in een actieve bezigheid? Met de tennisbaan, het multisportveld, de wandelpaden, de mountainbikeroutes, de XXL-trampoline, tafeltennis en jeu de boules is er genoeg te doen voor het hele gezin. En na al die activiteiten kunt u heerlijk afkoelen in de zwembaden met waterglijbanen of in de rivier de V\u00e9z\u00e8re!<\/p>\n\n\n\n<div class=\"wp-block-buttons is-content-justification-left is-nowrap is-layout-flex wp-container-core-buttons-is-layout-fbe9fc48 wp-block-buttons-is-layout-flex\" style=\"margin-top:var(--wp--preset--spacing--50);margin-bottom:0px;padding-top:0px;padding-right:0px;padding-bottom:0px;padding-left:0px\">\n<div class=\"wp-block-button is-style-outline is-style-outline--3\"><a class=\"wp-block-button__link has-n-brown-color has-text-color has-link-color has-border-color has-n-outfit-font-family has-small-font-size has-text-align-center has-custom-font-size wp-element-button\" href=\"https:\/\/levezereperigord.com\/sports-et-loisirs\/\" style=\"border-color:#3B2F21;border-width:1px;border-radius:4px;font-style:normal;font-weight:400;letter-spacing:1px;text-transform:uppercase\">ONTDEK SPORT EN RECREATIE<\/a><\/div>\n<\/div>\n<\/div>\n<\/div>\n\n\n\n<div class=\"wp-block-columns are-vertically-aligned-center n-column-reverse is-layout-flex wp-container-core-columns-is-layout-6ef9061c wp-block-columns-is-layout-flex\">\n<div class=\"wp-block-column is-vertically-aligned-center is-layout-flow wp-container-core-column-is-layout-053e94e8 wp-block-column-is-layout-flow\" style=\"padding-right:0;padding-left:0;flex-basis:50%\">\n<h3 class=\"wp-block-heading has-n-brown-color has-text-color has-link-color has-n-benne-font-family has-large-font-size wp-elements-fc0426b2d03ff806432dfbea130db2ed\">Sanitaire voorzieningen<\/h3>\n\n\n\n<p class=\"n-max-text has-n-brown-color has-text-color has-link-color has-n-outfit-font-family wp-elements-48230db8c793b6f008d834d2b9dee0e7\" style=\"font-size:14px\">Voor uw comfort bieden de Waterhuizen twee moderne en recent gerenoveerde sanitaire voorzieningen: warme douches, afwasruimtes en een wasserette. Alles is erop gericht u zich thuis te laten voelen, voor of na een heerlijke vakantiedag.<\/p>\n\n\n\n<div class=\"wp-block-buttons is-content-justification-left is-nowrap is-layout-flex wp-container-core-buttons-is-layout-fbe9fc48 wp-block-buttons-is-layout-flex\" style=\"margin-top:var(--wp--preset--spacing--50);margin-bottom:0px;padding-top:0px;padding-right:0px;padding-bottom:0px;padding-left:0px\">\n<div class=\"wp-block-button is-style-outline is-style-outline--4\"><a class=\"wp-block-button__link has-n-brown-color has-text-color has-link-color has-border-color has-n-outfit-font-family has-small-font-size has-text-align-center has-custom-font-size wp-element-button\" href=\"https:\/\/levezereperigord.com\/sanitaires\/\" style=\"border-color:#3B2F21;border-width:1px;border-radius:4px;font-style:normal;font-weight:400;letter-spacing:1px;text-transform:uppercase\">ONTDEK DE Sanitaire voorzieningen<\/a><\/div>\n<\/div>\n<\/div>\n\n\n\n<div class=\"wp-block-column is-vertically-aligned-center is-layout-flow wp-block-column-is-layout-flow\" style=\"padding-right:0;padding-left:0;flex-basis:50%\">\n<figure class=\"wp-block-image size-full has-custom-border\"><img loading=\"lazy\" decoding=\"async\" width=\"884\" height=\"588\" src=\"https:\/\/levezereperigord.com\/wp-content\/uploads\/2025\/11\/bloc-sanitaire-vezere-perigord.jpg\" alt=\"\" class=\"wp-image-111\" style=\"border-radius:4px;box-shadow:var(--wp--preset--shadow--n-smooth-shadow);aspect-ratio:4\/3;object-fit:cover\" srcset=\"https:\/\/levezereperigord.com\/wp-content\/uploads\/2025\/11\/bloc-sanitaire-vezere-perigord.jpg 884w, https:\/\/levezereperigord.com\/wp-content\/uploads\/2025\/11\/bloc-sanitaire-vezere-perigord-300x200.jpg 300w, https:\/\/levezereperigord.com\/wp-content\/uploads\/2025\/11\/bloc-sanitaire-vezere-perigord-768x511.jpg 768w\" sizes=\"auto, (max-width: 884px) 100vw, 884px\" \/><\/figure>\n<\/div>\n<\/div>\n<\/div>\n","protected":false},"excerpt":{"rendered":"<p>Diensten Een stressvrije vakantie Bij ons is alles erop gericht om u optimaal te laten genieten van uw vakantie in de Dordogne en uw verblijf. Ontspanning, comfort en activiteiten: kom tot rust, wij zorgen voor de rest. Uw vakantie in de P\u00e9rigord Noir begint hier! Het zwembad Duik in ons waterparadijs! Met het verwarmde binnenzwembad, [&hellip;]<\/p>\n","protected":false},"author":1,"featured_media":0,"parent":0,"menu_order":0,"comment_status":"closed","ping_status":"closed","template":"","meta":{"footnotes":""},"class_list":["post-53","page","type-page","status-publish","hentry"],"_links":{"self":[{"href":"https:\/\/levezereperigord.com\/nl\/wp-json\/wp\/v2\/pages\/53","targetHints":{"allow":["GET"]}}],"collection":[{"href":"https:\/\/levezereperigord.com\/nl\/wp-json\/wp\/v2\/pages"}],"about":[{"href":"https:\/\/levezereperigord.com\/nl\/wp-json\/wp\/v2\/types\/page"}],"author":[{"embeddable":true,"href":"https:\/\/levezereperigord.com\/nl\/wp-json\/wp\/v2\/users\/1"}],"replies":[{"embeddable":true,"href":"https:\/\/levezereperigord.com\/nl\/wp-json\/wp\/v2\/comments?post=53"}],"version-history":[{"count":9,"href":"https:\/\/levezereperigord.com\/nl\/wp-json\/wp\/v2\/pages\/53\/revisions"}],"predecessor-version":[{"id":1146,"href":"https:\/\/levezereperigord.com\/nl\/wp-json\/wp\/v2\/pages\/53\/revisions\/1146"}],"wp:attachment":[{"href":"https:\/\/levezereperigord.com\/nl\/wp-json\/wp\/v2\/media?parent=53"}],"curies":[{"name":"wp","href":"https:\/\/api.w.org\/{rel}","templated":true}]}}