{"id":31,"date":"2025-10-30T12:14:26","date_gmt":"2025-10-30T11:14:26","guid":{"rendered":"https:\/\/levezereperigord.com\/?page_id=31"},"modified":"2026-04-16T14:20:23","modified_gmt":"2026-04-16T12:20:23","slug":"lodges","status":"publish","type":"page","link":"https:\/\/levezereperigord.com\/nl\/lodges\/","title":{"rendered":"Esprit Lodges"},"content":{"rendered":"\n<div class=\"wp-block-group is-layout-constrained wp-container-core-group-is-layout-f5a82dac wp-block-group-is-layout-constrained\" style=\"margin-top:0;margin-bottom:0;padding-top:0;padding-right:0;padding-bottom:0;padding-left:0\">\n<div class=\"wp-block-columns is-layout-flex wp-container-core-columns-is-layout-469e8e9f wp-block-columns-is-layout-flex\" style=\"margin-top:0;margin-bottom:0;padding-top:0;padding-right:0;padding-bottom:0;padding-left:0\">\n<div class=\"wp-block-column is-layout-flow wp-block-column-is-layout-flow\">\n<figure class=\"wp-block-image size-full has-custom-border n-mobile-full-bleed\"><img loading=\"lazy\" decoding=\"async\" width=\"1176\" height=\"882\" src=\"https:\/\/levezereperigord.com\/wp-content\/uploads\/2025\/10\/tente-lodge-camping-vezere-perigord.webp\" alt=\"\" class=\"wp-image-82\" style=\"border-radius:4px;aspect-ratio:1;object-fit:cover\" srcset=\"https:\/\/levezereperigord.com\/wp-content\/uploads\/2025\/10\/tente-lodge-camping-vezere-perigord.webp 1176w, https:\/\/levezereperigord.com\/wp-content\/uploads\/2025\/10\/tente-lodge-camping-vezere-perigord-300x225.webp 300w, https:\/\/levezereperigord.com\/wp-content\/uploads\/2025\/10\/tente-lodge-camping-vezere-perigord-1024x768.webp 1024w, https:\/\/levezereperigord.com\/wp-content\/uploads\/2025\/10\/tente-lodge-camping-vezere-perigord-768x576.webp 768w\" sizes=\"auto, (max-width: 1176px) 100vw, 1176px\" \/><\/figure>\n<\/div>\n\n\n\n<div class=\"wp-block-column is-layout-flow wp-block-column-is-layout-flow\">\n<figure class=\"wp-block-image size-full has-custom-border n-mobile-full-bleed\"><img loading=\"lazy\" decoding=\"async\" width=\"308\" height=\"207\" src=\"https:\/\/levezereperigord.com\/wp-content\/uploads\/2025\/10\/tente-lodge-ouverte-camping-vezere-perigord.avif\" alt=\"\" class=\"wp-image-83\" style=\"border-radius:4px;aspect-ratio:1;object-fit:cover\" srcset=\"https:\/\/levezereperigord.com\/wp-content\/uploads\/2025\/10\/tente-lodge-ouverte-camping-vezere-perigord.avif 308w, https:\/\/levezereperigord.com\/wp-content\/uploads\/2025\/10\/tente-lodge-ouverte-camping-vezere-perigord-300x202.avif 300w\" sizes=\"auto, (max-width: 308px) 100vw, 308px\" \/><\/figure>\n<\/div>\n<\/div>\n\n\n\n<div class=\"wp-block-columns is-layout-flex wp-container-core-columns-is-layout-178d4c1f wp-block-columns-is-layout-flex\" style=\"margin-top:var(--wp--preset--spacing--50);margin-bottom:var(--wp--preset--spacing--50);padding-top:0;padding-right:0;padding-bottom:0;padding-left:0\">\n<div class=\"wp-block-column is-layout-flow wp-container-core-column-is-layout-8a368f38 wp-block-column-is-layout-flow\" style=\"flex-basis:60%\">\n<h1 class=\"wp-block-heading has-n-brown-color has-text-color has-link-color has-n-benne-font-family wp-elements-c388efc4ac7719ad63094fa84a3e9ae6\" style=\"font-size:clamp(1.25rem, 1.25rem + ((1vw - 0.2rem) * 1.053), 2rem);line-height:1.2\">Esprit Lodges : Un d\u00e9paysement total en Dordogne<\/h1>\n\n\n\n<p class=\"has-n-brown-color has-text-color has-link-color has-n-outfit-font-family has-default-font-size wp-elements-ed4c318c8f9fb400e94af5f2b4d87dff\" style=\"font-style:normal;font-weight:300\">1 \u00e0 4 personnes\u30fb2 chambres<\/p>\n\n\n\n<p class=\"has-n-brown-color has-text-color has-link-color has-n-outfit-font-family has-default-font-size wp-elements-7262dac2a908ca270e3246b2e7a3927a\" style=\"border-top-color:var(--wp--preset--color--n-lightest-brown);border-top-width:1px;margin-top:var(--wp--preset--spacing--50);margin-bottom:0;padding-top:var(--wp--preset--spacing--50);padding-bottom:0\">D\u00e9couvrez une <strong>nouvelle fa\u00e7on de camper<\/strong>, alliant <strong>confort<\/strong> et <strong>proximit\u00e9 avec la nature<\/strong>. Nos tentes <strong>Esprit Lodges<\/strong> vous offrent :<br><\/p>\n\n\n\n<ul class=\"wp-block-list has-n-brown-color has-text-color has-link-color has-n-outfit-font-family wp-elements-3a0b272bc127e6588217b2d58cd4580f\">\n<li>Une <strong>grande tente de 50 m\u00b2<\/strong>, spacieuse et originale, install\u00e9e sur une <strong>parcelle g\u00e9n\u00e9reuse<\/strong><\/li>\n\n\n\n<li>Un <strong>ameublement chaleureux<\/strong> et une <strong>terrasse ombrag\u00e9e<\/strong>, id\u00e9ale pour le farniente.<\/li>\n\n\n\n<li>Un <strong>espace cuisine \u00e9quip\u00e9e<\/strong> pour pr\u00e9parer vos repas en pleine nature.<br><\/li>\n<\/ul>\n\n\n\n<p class=\"has-n-brown-color has-text-color has-link-color has-n-outfit-font-family has-default-font-size wp-elements-6db951a5aca7a55e3a9d10831444cc4e\" style=\"margin-top:var(--wp--preset--spacing--30);margin-bottom:0;padding-top:0;padding-bottom:0\"><strong>Un cadre unique<\/strong> Install\u00e9es au c\u0153ur de notre <strong>camping en Dordogne<\/strong>, ces tentes vous garantissent un <strong>d\u00e9paysement total<\/strong>, tout en profitant des <strong>sanitaires modernes<\/strong> du camping.<\/p>\n\n\n\n<h2 class=\"wp-block-heading has-n-brown-color has-text-color has-link-color has-n-outfit-font-family has-medium-font-size wp-elements-a0824d6c91124b095d600b3dc4feaebc\" style=\"border-top-color:var(--wp--preset--color--n-lightest-brown);border-top-width:1px;margin-top:var(--wp--preset--spacing--50);margin-bottom:var(--wp--preset--spacing--50);padding-top:var(--wp--preset--spacing--50);font-style:normal;font-weight:500\">Ce que propose la location<\/h2>\n\n\n\n<div class=\"wp-block-columns has-n-brown-color has-text-color has-link-color wp-elements-3bf5de5641c20b944c78fbf5d16d61ed is-layout-flex wp-container-core-columns-is-layout-65eef5bf wp-block-columns-is-layout-flex\">\n<div class=\"wp-block-column is-layout-flow wp-container-core-column-is-layout-63d9dbad wp-block-column-is-layout-flow\" style=\"padding-top:0;padding-bottom:0\">\n<div class=\"wp-block-group is-nowrap is-layout-flex wp-container-core-group-is-layout-fc054d2d wp-block-group-is-layout-flex\">\n<svg style=\"width: 24px; height: 24px;\" width=\"24\" height=\"24\" viewBox=\"0 0 24 24\" fill=\"none\" xmlns=\"http:\/\/www.w3.org\/2000\/svg\">\n<path d=\"M11.5 5.75C11.0858 5.75 10.75 6.08579 10.75 6.5C10.75 6.91421 11.0858 7.25 11.5 7.25H12.5C12.9142 7.25 13.25 6.91421 13.25 6.5C13.25 6.08579 12.9142 5.75 12.5 5.75H11.5Z\" fill=\"currentColor\"\/>\n<path fill-rule=\"evenodd\" clip-rule=\"evenodd\" d=\"M12.75 19.75V21H14.25V17.8403L17.7818 14.75H20.5V13.25H18.25V7.46353L19.6646 8.17084L20.3354 6.8292L13.2299 3.27641C12.4557 2.88931 11.5444 2.88931 10.7702 3.27641L3.66461 6.8292L4.33543 8.17084L5.75 7.46355V13.25H3.5V14.75H6.2182L9.75 17.8403V21H11.25V19.75H12.75ZM11.441 4.61805C11.7929 4.4421 12.2071 4.4421 12.559 4.61805L16.75 6.71353V13.25H14.25V10C14.25 9.0335 13.4665 8.25 12.5 8.25H11.5C10.5335 8.25 9.75 9.0335 9.75 10V13.25H7.25V6.71355L11.441 4.61805ZM12.75 10V13.25H11.25V10C11.25 9.86193 11.3619 9.75 11.5 9.75H12.5C12.6381 9.75 12.75 9.86193 12.75 10ZM12.75 14.75H11.25V15.75H12.75V14.75ZM12.75 17.25H11.25V18.25H12.75V17.25ZM8.49609 14.75H9.75V15.8472L8.49609 14.75ZM14.25 14.75V15.8472L15.5039 14.75H14.25Z\" fill=\"currentColor\"\/>\n<\/svg>\n\n\n\n\n<p class=\"has-n-brown-color has-text-color has-link-color has-n-outfit-font-family wp-elements-4dbfed28de649e495f55e868a3612b74\" style=\"font-style:normal;font-weight:300\">Tente Lodge spacieuse (50 m\u00b2)<\/p>\n<\/div>\n\n\n\n<div class=\"wp-block-group is-nowrap is-layout-flex wp-container-core-group-is-layout-fc054d2d wp-block-group-is-layout-flex\">\n<svg style=\"width: 24px; height: 24px;\" width=\"24\" height=\"24\" viewBox=\"0 0 24 24\" fill=\"none\" xmlns=\"http:\/\/www.w3.org\/2000\/svg\">\n<path fill-rule=\"evenodd\" clip-rule=\"evenodd\" d=\"M2.75 12.25V7.44909C2.75 6.94922 2.96376 6.47321 3.33736 6.14112L6.87131 2.99984C7.50859 2.43337 8.46136 2.40864 9.12716 2.94128L13.0932 6.11413C13.5083 6.44623 13.75 6.94902 13.75 7.48065V12.25H17.25V9.45015C16.875 9.64186 16.4501 9.75 16 9.75H15V8.25H16C16.6904 8.25 17.25 7.69036 17.25 7V6.45015C16.875 6.64186 16.4501 6.75 16 6.75H15V5.25H16C16.6904 5.25 17.25 4.69036 17.25 4V3H18.75V4C18.75 4.69036 19.3096 5.25 20 5.25H21V6.75H20C19.5499 6.75 19.125 6.64186 18.75 6.45015V7C18.75 7.69036 19.3096 8.25 20 8.25H21V9.75H20C19.5499 9.75 19.125 9.64186 18.75 9.45015V12.25H22V13.75H2V12.25H2.75ZM7.86785 4.12095C7.95889 4.04003 8.095 4.03649 8.19012 4.11259L12.1562 7.28543C12.2155 7.33287 12.25 7.4047 12.25 7.48065V12.25H10.75V10C10.75 9.0335 9.9665 8.25 9 8.25H7.5C6.5335 8.25 5.75 9.0335 5.75 10V12.25H4.25V7.44909C4.25 7.37768 4.28054 7.30968 4.33391 7.26224L7.86785 4.12095ZM9.25 10V12.25H7.25V10C7.25 9.86193 7.36193 9.75 7.5 9.75H9C9.13807 9.75 9.25 9.86193 9.25 10Z\" fill=\"currentColor\"\/>\n<path d=\"M2 15.9959V17.6655C2.02048 17.6662 2.02645 17.666 2.03499 17.6658C2.04094 17.6657 2.04815 17.6655 2.06237 17.6655H2.10411C2.89426 17.6655 3.70236 17.3931 4.32934 16.8251C4.62199 16.5601 5.02008 16.416 5.43613 16.416C5.85217 16.416 6.25026 16.5601 6.54291 16.8251C7.16989 17.3931 7.97799 17.6655 8.76814 17.6655C9.55828 17.6655 10.3664 17.3931 10.9934 16.8251C11.286 16.5601 11.6841 16.416 12.1002 16.416C12.5162 16.416 12.9143 16.5601 13.2069 16.8251C13.8339 17.3931 14.642 17.6655 15.4322 17.6655C16.2223 17.6655 17.0304 17.3931 17.6574 16.8251C17.95 16.5601 18.3481 16.416 18.7642 16.416C19.1802 16.416 19.5783 16.5601 19.871 16.8251C20.4704 17.3681 21.2355 17.641 21.9921 17.6639V15.9965C21.6142 15.9745 21.2575 15.8333 20.9894 15.5904C20.3624 15.0225 19.5543 14.75 18.7642 14.75C17.974 14.75 17.1659 15.0225 16.5389 15.5904C16.2463 15.8555 15.8482 15.9995 15.4322 15.9995C15.0161 15.9995 14.618 15.8555 14.3254 15.5904C13.6984 15.0225 12.8903 14.75 12.1002 14.75C11.31 14.75 10.5019 15.0225 9.87492 15.5904C9.58227 15.8555 9.18418 15.9995 8.76814 15.9995C8.3521 15.9995 7.95401 15.8555 7.66136 15.5904C7.03437 15.0225 6.22627 14.75 5.43613 14.75C4.64598 14.75 3.83788 15.0225 3.21089 15.5904C2.92039 15.8535 2.526 15.9974 2.11328 15.9995C2.07535 15.9995 2.03757 15.9983 2 15.9959Z\" fill=\"currentColor\"\/>\n<path d=\"M2 20.2459V21.9155C2.02049 21.9162 2.02669 21.916 2.03524 21.9158C2.04113 21.9157 2.0484 21.9155 2.06237 21.9155H2.10411C2.89426 21.9155 3.70236 21.6431 4.32934 21.0751C4.62199 20.8101 5.02008 20.666 5.43613 20.666C5.85217 20.666 6.25026 20.8101 6.54291 21.0751C7.16989 21.6431 7.97799 21.9155 8.76814 21.9155C9.55828 21.9155 10.3664 21.6431 10.9934 21.0751C11.286 20.8101 11.6841 20.666 12.1002 20.666C12.5162 20.666 12.9143 20.8101 13.2069 21.0751C13.8339 21.6431 14.642 21.9155 15.4322 21.9155C16.2223 21.9155 17.0304 21.6431 17.6574 21.0751C17.95 20.8101 18.3481 20.666 18.7642 20.666C19.1802 20.666 19.5783 20.8101 19.871 21.0751C20.4704 21.6181 21.2355 21.891 21.9921 21.9139V20.2465C21.6142 20.2245 21.2575 20.0833 20.9894 19.8404C20.3624 19.2725 19.5543 19 18.7642 19C17.974 19 17.1659 19.2725 16.5389 19.8404C16.2463 20.1055 15.8482 20.2495 15.4322 20.2495C15.0161 20.2495 14.618 20.1055 14.3254 19.8404C13.6984 19.2725 12.8903 19 12.1002 19C11.31 19 10.5019 19.2725 9.87492 19.8404C9.58227 20.1055 9.18418 20.2495 8.76814 20.2495C8.3521 20.2495 7.95401 20.1055 7.66136 19.8404C7.03437 19.2725 6.22627 19 5.43613 19C4.64598 19 3.83788 19.2725 3.21089 19.8404C2.92039 20.1035 2.526 20.2474 2.11328 20.2495C2.07535 20.2495 2.03757 20.2483 2 20.2459Z\" fill=\"currentColor\"\/>\n<\/svg>\n\n\n\n\n<p class=\"has-n-brown-color has-text-color has-link-color has-n-outfit-font-family wp-elements-cfe7d730d40c113818c0b0d57151179b\" style=\"font-style:normal;font-weight:300\">Parcelle ombrag\u00e9e et naturelle<\/p>\n<\/div>\n\n\n\n<div class=\"wp-block-group is-nowrap is-layout-flex wp-container-core-group-is-layout-fc054d2d wp-block-group-is-layout-flex\">\n<svg style=\"width: 24px; height: 24px;\" width=\"24\" height=\"24\" viewBox=\"0 0 24 24\" fill=\"none\" xmlns=\"http:\/\/www.w3.org\/2000\/svg\">\n<path fill-rule=\"evenodd\" clip-rule=\"evenodd\" d=\"M2.75 4C2.75 3.0335 3.5335 2.25 4.5 2.25H8.5C9.4665 2.25 10.25 3.0335 10.25 4V11.75H19.0455C19.7107 11.75 20.25 12.2893 20.25 12.9545C20.25 15.8791 17.8791 18.25 14.9545 18.25H12.1374L12.592 19.3106C13.0869 20.4654 12.2398 21.75 10.9835 21.75H4.5C3.5335 21.75 2.75 20.9665 2.75 20V12.5V4ZM8.75 11.75V4C8.75 3.86193 8.63807 3.75 8.5 3.75H4.5C4.36193 3.75 4.25 3.86193 4.25 4V11.75H8.75ZM4.25 13.25V20C4.25 20.1381 4.36193 20.25 4.5 20.25H10.9835C11.1629 20.25 11.2839 20.0665 11.2132 19.9015L10.7516 18.8242C10.3307 17.8423 11.051 16.75 12.1193 16.75H14.9545C16.9513 16.75 18.5879 15.2081 18.7387 13.25H4.25ZM6.5 4.75C6.91421 4.75 7.25 5.08579 7.25 5.5V6C7.25 6.41421 6.91421 6.75 6.5 6.75C6.08579 6.75 5.75 6.41421 5.75 6V5.5C5.75 5.08579 6.08579 4.75 6.5 4.75ZM15.5 9.25C15.9142 9.25 16.25 9.58579 16.25 10V10.5C16.25 10.9142 15.9142 11.25 15.5 11.25C15.0858 11.25 14.75 10.9142 14.75 10.5V10C14.75 9.58579 15.0858 9.25 15.5 9.25ZM16.25 7.5C16.25 7.08579 15.9142 6.75 15.5 6.75C15.0858 6.75 14.75 7.08579 14.75 7.5V8C14.75 8.41421 15.0858 8.75 15.5 8.75C15.9142 8.75 16.25 8.41421 16.25 8V7.5ZM17.4697 6.96967C17.7626 6.67678 18.2374 6.67678 18.5303 6.96967L19.0303 7.46967C19.3232 7.76256 19.3232 8.23744 19.0303 8.53033C18.7374 8.82322 18.2626 8.82322 17.9697 8.53033L17.4697 8.03033C17.1768 7.73744 17.1768 7.26256 17.4697 6.96967ZM12.4697 6.96967C12.7626 6.67678 13.2374 6.67678 13.5303 6.96967C13.8232 7.26256 13.8232 7.73744 13.5303 8.03033L13.0303 8.53033C12.7374 8.82322 12.2626 8.82322 11.9697 8.53033C11.6768 8.23744 11.6768 7.76256 11.9697 7.46967L12.4697 6.96967Z\" fill=\"currentColor\"\/>\n<\/svg>\n\n\n\n\n<p class=\"has-n-brown-color has-text-color has-link-color has-n-outfit-font-family wp-elements-af7bef1906ebbfcb7add8c5a01086443\" style=\"font-style:normal;font-weight:300\">Acc\u00e8s aux sanitaires du camping<\/p>\n<\/div>\n<\/div>\n\n\n\n<div class=\"wp-block-column is-layout-flow wp-container-core-column-is-layout-f5bb311e wp-block-column-is-layout-flow\">\n<div class=\"wp-block-group is-nowrap is-layout-flex wp-container-core-group-is-layout-fc054d2d wp-block-group-is-layout-flex\">\n<svg style=\"width: 24px; height: 24px;\" width=\"24\" height=\"24\" viewBox=\"0 0 24 24\" fill=\"none\" xmlns=\"http:\/\/www.w3.org\/2000\/svg\">\n<path fill-rule=\"evenodd\" clip-rule=\"evenodd\" d=\"M20.25 21V20.25H3.75V21H2.25V14.8783L3.75 10.3783V5C3.75 4.0335 4.5335 3.25 5.5 3.25H18.5C19.4665 3.25 20.25 4.0335 20.25 5V10.3783L21.75 14.8783V21H20.25ZM5.5 4.75C5.36193 4.75 5.25 4.86193 5.25 5V10.25H6.25V8C6.25 7.0335 7.0335 6.25 8 6.25H16C16.9665 6.25 17.75 7.0335 17.75 8V10.25H18.75V5C18.75 4.86193 18.6381 4.75 18.5 4.75H5.5ZM16.25 10.25V8C16.25 7.86193 16.1381 7.75 16 7.75H12.75V10.25H16.25ZM11.25 10.25V7.75H8C7.86193 7.75 7.75 7.86193 7.75 8V10.25H11.25ZM4.04057 14.25L4.8739 11.75H19.1261L19.9594 14.25H4.04057ZM3.75 18.75V15.75H20.25V18.75H3.75Z\" fill=\"currentColor\"\/>\n<\/svg>\n\n\n\n\n<p class=\"has-n-brown-color has-text-color has-link-color has-n-outfit-font-family wp-elements-2f03192bbde30c889a214b53fc328600\" style=\"font-style:normal;font-weight:300\">Ameublement confortable<\/p>\n<\/div>\n\n\n\n<div class=\"wp-block-group is-nowrap is-layout-flex wp-container-core-group-is-layout-fc054d2d wp-block-group-is-layout-flex\">\n<svg style=\"width: 24px; height: 24px;\" width=\"24\" height=\"24\" viewBox=\"0 0 24 24\" fill=\"none\" xmlns=\"http:\/\/www.w3.org\/2000\/svg\">\n<path fill-rule=\"evenodd\" clip-rule=\"evenodd\" d=\"M5.5 3.25C4.5335 3.25 3.75 4.0335 3.75 5V19C3.75 19.9665 4.5335 20.75 5.5 20.75H19V19.25H17.048C17.8178 18.1315 17.926 16.6748 17.3124 15.4477L16.4073 13.6376C16.3446 13.5121 16.2943 13.3823 16.2565 13.25H17C18.2426 13.25 19.25 14.2574 19.25 15.5V17.5H20.75V15.5C20.75 13.4289 19.0711 11.75 17 11.75H16.3495C16.3898 11.6555 16.4368 11.5632 16.4904 11.4737L17.1431 10.3859C17.2822 10.1542 17.2858 9.86561 17.1527 9.63048C17.0195 9.39534 16.7702 9.25 16.5 9.25H7.50001C7.22981 9.25 6.98049 9.39534 6.84736 9.63048C6.71423 9.86561 6.71787 10.1542 6.85689 10.3859L7.5096 11.4737C7.90539 12.1334 7.93673 12.9495 7.5927 13.6376L6.68762 15.4477C6.07407 16.6748 6.18225 18.1315 6.95201 19.25H5.5C5.36193 19.25 5.25 19.1381 5.25 19V7.25H11.25V8.5H12.75V7.25H17.023C18.261 7.25 19.1076 5.99958 18.6478 4.85007L18.4478 4.35007C18.182 3.68566 17.5386 3.25 16.823 3.25H5.5ZM15.1759 10.75C14.9924 11.0663 14.8586 11.4033 14.7748 11.75H9.22526C9.14146 11.4033 9.00763 11.0663 8.82417 10.75H15.1759ZM14.7211 13.25H9.27891C9.21818 13.6133 9.10348 13.9701 8.93434 14.3084L8.61127 14.9545C10.3228 14.6717 12.0911 14.8994 13.6892 15.6258L15.4 16.4034C15.6443 16.5145 15.8988 16.5995 16.1593 16.6575C16.1202 16.4732 16.0575 16.292 15.9708 16.1186L15.0657 14.3084C14.8965 13.9701 14.7818 13.6133 14.7211 13.25ZM15.9619 18.1487C15.5555 18.0685 15.1585 17.9414 14.7793 17.769L13.0685 16.9913C11.422 16.2429 9.55758 16.1326 7.83617 16.6793C7.70627 17.3226 7.86246 18.0025 8.28477 18.5304L8.86048 19.25H15.1395L15.7153 18.5304C15.8113 18.4103 15.8937 18.2823 15.9619 18.1487ZM17.023 5.75H5.25V5C5.25 4.86193 5.36193 4.75 5.5 4.75H16.823C16.9252 4.75 17.0171 4.81224 17.0551 4.90715L17.2551 5.40715C17.3208 5.57137 17.1998 5.75 17.023 5.75Z\" fill=\"currentColor\"\/>\n<\/svg>\n\n\n\n\n<p class=\"has-n-brown-color has-text-color has-link-color has-n-outfit-font-family wp-elements-90d71ea39d7719e243992b3ac2c44dcc\" style=\"font-style:normal;font-weight:300\">Espace cuisine \u00e9quip\u00e9<\/p>\n<\/div>\n\n\n\n<div class=\"wp-block-group is-nowrap is-layout-flex wp-container-core-group-is-layout-fc054d2d wp-block-group-is-layout-flex\">\n<svg style=\"width: 24px; height: 24px;\" width=\"24\" height=\"24\" viewBox=\"0 0 24 24\" fill=\"none\" xmlns=\"http:\/\/www.w3.org\/2000\/svg\">\n<path fill-rule=\"evenodd\" clip-rule=\"evenodd\" d=\"M2.25 4C2.25 3.0335 3.0335 2.25 4 2.25H20C20.9665 2.25 21.75 3.0335 21.75 4V20C21.75 20.9665 20.9665 21.75 20 21.75H4C3.0335 21.75 2.25 20.9665 2.25 20V4ZM4 3.75C3.86193 3.75 3.75 3.86193 3.75 4V13.4471C4.26959 13.146 4.85767 13 5.43613 13C6.22627 13 7.03437 13.2725 7.66136 13.8404C7.95401 14.1055 8.3521 14.2495 8.76814 14.2495C9.18418 14.2495 9.58227 14.1055 9.87492 13.8404C10.5019 13.2725 11.31 13 12.1002 13C12.8903 13 13.6984 13.2725 14.3254 13.8404C14.618 14.1055 15.0161 14.2495 15.4322 14.2495C15.8482 14.2495 16.2463 14.1055 16.5389 13.8404C17.1659 13.2725 17.974 13 18.7642 13C19.2695 13 19.7821 13.1114 20.25 13.3403V4C20.25 3.86193 20.1381 3.75 20 3.75H4ZM3.75 16.4471V15.4913C3.95488 15.3765 4.14956 15.238 4.32934 15.0751C4.62199 14.8101 5.02008 14.666 5.43613 14.666C5.85217 14.666 6.25026 14.8101 6.54291 15.0751C7.16989 15.6431 7.97799 15.9155 8.76814 15.9155C9.55828 15.9155 10.3664 15.6431 10.9934 15.0751C11.286 14.8101 11.6841 14.666 12.1002 14.666C12.5162 14.666 12.9143 14.8101 13.2069 15.0751C13.8339 15.6431 14.642 15.9155 15.4322 15.9155C16.2223 15.9155 17.0304 15.6431 17.6574 15.0751C17.95 14.8101 18.3481 14.666 18.7642 14.666C19.1802 14.666 19.5783 14.8101 19.871 15.0751C19.9911 15.184 20.1179 15.282 20.25 15.3693V16.3403C19.7821 16.1114 19.2695 16 18.7642 16C17.974 16 17.1659 16.2725 16.5389 16.8404C16.2463 17.1055 15.8482 17.2495 15.4322 17.2495C15.0161 17.2495 14.618 17.1055 14.3254 16.8404C13.6984 16.2725 12.8903 16 12.1002 16C11.31 16 10.5019 16.2725 9.87492 16.8404C9.58227 17.1055 9.18418 17.2495 8.76814 17.2495C8.3521 17.2495 7.95401 17.1055 7.66136 16.8404C7.03437 16.2725 6.22627 16 5.43613 16C4.85767 16 4.26959 16.146 3.75 16.4471ZM19.871 18.0751C19.9911 18.184 20.1179 18.282 20.25 18.3693V20C20.25 20.1381 20.1381 20.25 20 20.25H4C3.86193 20.25 3.75 20.1381 3.75 20V18.4913C3.95488 18.3765 4.14956 18.238 4.32934 18.0751C4.62199 17.8101 5.02008 17.666 5.43613 17.666C5.85217 17.666 6.25026 17.8101 6.54291 18.0751C7.16989 18.6431 7.97799 18.9155 8.76814 18.9155C9.55828 18.9155 10.3664 18.6431 10.9934 18.0751C11.286 17.8101 11.6841 17.666 12.1002 17.666C12.5162 17.666 12.9143 17.8101 13.2069 18.0751C13.8339 18.6431 14.642 18.9155 15.4322 18.9155C16.2223 18.9155 17.0304 18.6431 17.6574 18.0751C17.95 17.8101 18.3481 17.666 18.7642 17.666C19.1802 17.666 19.5783 17.8101 19.871 18.0751ZM16.5 8.5C16.5 9.05228 16.0523 9.5 15.5 9.5C14.9477 9.5 14.5 9.05228 14.5 8.5C14.5 7.94772 14.9477 7.5 15.5 7.5C16.0523 7.5 16.5 7.94772 16.5 8.5ZM18 8.5C18 9.88071 16.8807 11 15.5 11C14.1193 11 13 9.88071 13 8.5C13 7.11929 14.1193 6 15.5 6C16.8807 6 18 7.11929 18 8.5Z\" fill=\"currentColor\"\/>\n<\/svg>\n\n\n\n\n<p class=\"has-n-brown-color has-text-color has-link-color has-n-outfit-font-family wp-elements-20332d93bfbdc6b6e69a8cdf41e5f3d5\" style=\"font-style:normal;font-weight:300\">Cadre 100 % nature<\/p>\n<\/div>\n<\/div>\n<\/div>\n<\/div>\n\n\n\n<div class=\"wp-block-column is-layout-flow wp-block-column-is-layout-flow\" style=\"flex-basis:40%\">\n<div class=\"wp-block-group has-n-lightest-brown-background-color has-background is-vertical is-layout-flex wp-container-core-group-is-layout-d62007ce wp-block-group-is-layout-flex\" style=\"border-radius:4px;margin-top:0;margin-bottom:0;padding-top:var(--wp--preset--spacing--60);padding-right:var(--wp--preset--spacing--60);padding-bottom:var(--wp--preset--spacing--60);padding-left:var(--wp--preset--spacing--60);box-shadow:var(--wp--preset--shadow--n-smooth-shadow)\">\n<h2 class=\"wp-block-heading has-n-brown-color has-text-color has-link-color has-n-outfit-font-family has-medium-font-size wp-elements-96666447ef240763208a1cd7778ba1cb\" style=\"font-style:normal;font-weight:500\">Pr\u00eat \u00e0 vivre une&nbsp;exp\u00e9rience unique en P\u00e9rigord Noir&nbsp;?<\/h2>\n\n\n\n<p class=\"has-n-brown-color has-text-color has-link-color has-n-outfit-font-family has-default-font-size wp-elements-e3baea83ad446c22c4d201cebcdb794b\" style=\"font-style:normal;font-weight:300\">R\u00e9servez votre tente Esprit Lodge d\u00e8s maintenant pour des vacances inoubliables.<\/p>\n\n\n\n<div class=\"wp-block-buttons is-content-justification-right is-nowrap is-layout-flex wp-container-core-buttons-is-layout-5c4dd974 wp-block-buttons-is-layout-flex\" style=\"margin-top:var(--wp--preset--spacing--50)\">\n<div class=\"wp-block-button\"><a class=\"wp-block-button__link has-n-white-color has-n-accent-background-color has-text-color has-background has-link-color has-n-outfit-font-family wp-element-button\" href=\"https:\/\/reservation.secureholiday.net\/fr\/2605\/search\/product-view\/47394\" style=\"border-radius:4px;font-style:normal;font-weight:400;letter-spacing:1px;text-transform:uppercase\">Je r\u00e9serve mes vacances<\/a><\/div>\n<\/div>\n<\/div>\n<\/div>\n<\/div>\n<\/div>\n","protected":false},"excerpt":{"rendered":"<p>Esprit Lodges : Un d\u00e9paysement total en Dordogne 1 \u00e0 4 personnes\u30fb2 chambres D\u00e9couvrez une nouvelle fa\u00e7on de camper, alliant confort et proximit\u00e9 avec la nature. Nos tentes Esprit Lodges vous offrent : Un cadre unique Install\u00e9es au c\u0153ur de notre camping en Dordogne, ces tentes vous garantissent un d\u00e9paysement total, tout en profitant des [&hellip;]<\/p>\n","protected":false},"author":1,"featured_media":0,"parent":0,"menu_order":0,"comment_status":"closed","ping_status":"closed","template":"location","meta":{"footnotes":""},"class_list":["post-31","page","type-page","status-publish","hentry"],"_links":{"self":[{"href":"https:\/\/levezereperigord.com\/nl\/wp-json\/wp\/v2\/pages\/31","targetHints":{"allow":["GET"]}}],"collection":[{"href":"https:\/\/levezereperigord.com\/nl\/wp-json\/wp\/v2\/pages"}],"about":[{"href":"https:\/\/levezereperigord.com\/nl\/wp-json\/wp\/v2\/types\/page"}],"author":[{"embeddable":true,"href":"https:\/\/levezereperigord.com\/nl\/wp-json\/wp\/v2\/users\/1"}],"replies":[{"embeddable":true,"href":"https:\/\/levezereperigord.com\/nl\/wp-json\/wp\/v2\/comments?post=31"}],"version-history":[{"count":37,"href":"https:\/\/levezereperigord.com\/nl\/wp-json\/wp\/v2\/pages\/31\/revisions"}],"predecessor-version":[{"id":2021,"href":"https:\/\/levezereperigord.com\/nl\/wp-json\/wp\/v2\/pages\/31\/revisions\/2021"}],"wp:attachment":[{"href":"https:\/\/levezereperigord.com\/nl\/wp-json\/wp\/v2\/media?parent=31"}],"curies":[{"name":"wp","href":"https:\/\/api.w.org\/{rel}","templated":true}]}}