{"id":1817,"date":"2026-03-23T09:10:19","date_gmt":"2026-03-23T08:10:19","guid":{"rendered":"https:\/\/levezereperigord.com\/?page_id=1817"},"modified":"2026-04-05T13:27:29","modified_gmt":"2026-04-05T11:27:29","slug":"plan-du-camping","status":"publish","type":"page","link":"https:\/\/levezereperigord.com\/nl\/plan-du-camping\/","title":{"rendered":"Plattegrond van de camping"},"content":{"rendered":"\n<div class=\"wp-block-group n-mobile-full-bleed has-n-lightest-brown-background-color has-background is-layout-constrained wp-container-core-group-is-layout-a5b16f8c wp-block-group-is-layout-constrained\" style=\"border-radius:4px;margin-top:0;margin-bottom:0;padding-top:var(--wp--preset--spacing--80);padding-right:var(--wp--preset--spacing--80);padding-bottom:var(--wp--preset--spacing--80);padding-left:var(--wp--preset--spacing--80)\">\n<h1 class=\"wp-block-heading has-text-align-center has-n-brown-color has-text-color has-link-color has-n-benne-font-family has-x-large-font-size wp-elements-11ba1174b3a02e3be3315ee94c75e48b\">Plattegrond van de camping<\/h1>\n\n\n\n<p class=\"has-text-align-center n-max-text has-n-brown-color has-text-color has-link-color has-n-outfit-font-family wp-elements-a62f4ff6ecd58154a6fa583ae7f5e846\">Bekijk de plattegrond van onze camping, Le V\u00e9z\u00e8re P\u00e9rigord, gelegen tussen Sarlat-la-Can\u00e9da en Montignac-Lascaux in het hart van de P\u00e9rigord Noir.<\/p>\n\n\n\n<p class=\"has-text-align-center n-max-text has-n-brown-color has-text-color has-link-color has-n-outfit-font-family wp-elements-52fc90a5bb1b5990f6ea917ccb21d736\">Wilt u een verblijf bij ons reserveren? Aarzel dan niet om onze verschillende accommodatiemogelijkheden te ontdekken.<\/p>\n\n\n\n<figure class=\"wp-block-image aligncenter size-full\"><img loading=\"lazy\" decoding=\"async\" width=\"882\" height=\"595\" src=\"https:\/\/levezereperigord.com\/wp-content\/uploads\/2026\/03\/PLAN-CAMPING-LE-VEZERE-2026.jpg\" alt=\"\" class=\"wp-image-1820\" srcset=\"https:\/\/levezereperigord.com\/wp-content\/uploads\/2026\/03\/PLAN-CAMPING-LE-VEZERE-2026.jpg 882w, https:\/\/levezereperigord.com\/wp-content\/uploads\/2026\/03\/PLAN-CAMPING-LE-VEZERE-2026-300x202.jpg 300w, https:\/\/levezereperigord.com\/wp-content\/uploads\/2026\/03\/PLAN-CAMPING-LE-VEZERE-2026-768x518.jpg 768w\" sizes=\"auto, (max-width: 882px) 100vw, 882px\" \/><\/figure>\n<\/div>\n","protected":false},"excerpt":{"rendered":"<p>Plattegrond van de camping Bekijk de plattegrond van onze camping, Le V\u00e9z\u00e8re P\u00e9rigord, gelegen tussen Sarlat-la-Can\u00e9da en Montignac-Lascaux in het hart van de P\u00e9rigord Noir. Wilt u een verblijf bij ons reserveren? Aarzel dan niet om onze verschillende accommodatiemogelijkheden te ontdekken.<\/p>\n","protected":false},"author":1,"featured_media":0,"parent":0,"menu_order":0,"comment_status":"closed","ping_status":"closed","template":"","meta":{"footnotes":""},"class_list":["post-1817","page","type-page","status-publish","hentry"],"_links":{"self":[{"href":"https:\/\/levezereperigord.com\/nl\/wp-json\/wp\/v2\/pages\/1817","targetHints":{"allow":["GET"]}}],"collection":[{"href":"https:\/\/levezereperigord.com\/nl\/wp-json\/wp\/v2\/pages"}],"about":[{"href":"https:\/\/levezereperigord.com\/nl\/wp-json\/wp\/v2\/types\/page"}],"author":[{"embeddable":true,"href":"https:\/\/levezereperigord.com\/nl\/wp-json\/wp\/v2\/users\/1"}],"replies":[{"embeddable":true,"href":"https:\/\/levezereperigord.com\/nl\/wp-json\/wp\/v2\/comments?post=1817"}],"version-history":[{"count":11,"href":"https:\/\/levezereperigord.com\/nl\/wp-json\/wp\/v2\/pages\/1817\/revisions"}],"predecessor-version":[{"id":1887,"href":"https:\/\/levezereperigord.com\/nl\/wp-json\/wp\/v2\/pages\/1817\/revisions\/1887"}],"wp:attachment":[{"href":"https:\/\/levezereperigord.com\/nl\/wp-json\/wp\/v2\/media?parent=1817"}],"curies":[{"name":"wp","href":"https:\/\/api.w.org\/{rel}","templated":true}]}}