{"id":17,"date":"2025-10-30T12:12:00","date_gmt":"2025-10-30T11:12:00","guid":{"rendered":"https:\/\/levezereperigord.com\/?page_id=17"},"modified":"2026-02-26T13:59:51","modified_gmt":"2026-02-26T12:59:51","slug":"sports-et-loisirs","status":"publish","type":"page","link":"https:\/\/levezereperigord.com\/nl\/services\/sports-et-loisirs\/","title":{"rendered":"Sports en Ontspanning"},"content":{"rendered":"\n<div class=\"wp-block-group is-layout-constrained wp-container-core-group-is-layout-f5a82dac wp-block-group-is-layout-constrained\" style=\"margin-top:0;margin-bottom:0;padding-top:0;padding-right:0;padding-bottom:0;padding-left:0\">\n<div class=\"wp-block-columns is-layout-flex wp-container-core-columns-is-layout-469e8e9f wp-block-columns-is-layout-flex\" style=\"margin-top:0;margin-bottom:0;padding-top:0;padding-right:0;padding-bottom:0;padding-left:0\">\n<div class=\"wp-block-column is-layout-flow wp-block-column-is-layout-flow\">\n<figure class=\"wp-block-image size-full has-custom-border n-mobile-full-bleed\"><img loading=\"lazy\" decoding=\"async\" width=\"773\" height=\"434\" src=\"https:\/\/levezereperigord.com\/wp-content\/uploads\/2025\/12\/city-camping-vezere-perigord.jpg\" alt=\"\" class=\"wp-image-232\" style=\"border-radius:4px;aspect-ratio:1;object-fit:cover\" srcset=\"https:\/\/levezereperigord.com\/wp-content\/uploads\/2025\/12\/city-camping-vezere-perigord.jpg 773w, https:\/\/levezereperigord.com\/wp-content\/uploads\/2025\/12\/city-camping-vezere-perigord-300x168.jpg 300w, https:\/\/levezereperigord.com\/wp-content\/uploads\/2025\/12\/city-camping-vezere-perigord-768x431.jpg 768w\" sizes=\"auto, (max-width: 773px) 100vw, 773px\" \/><\/figure>\n<\/div>\n\n\n\n<div class=\"wp-block-column is-layout-flow wp-block-column-is-layout-flow\">\n<div class=\"wp-block-columns is-layout-flex wp-container-core-columns-is-layout-08c01c1c wp-block-columns-is-layout-flex\">\n<div class=\"wp-block-column is-layout-flow wp-block-column-is-layout-flow\">\n<div class=\"wp-block-group is-vertical is-layout-flex wp-container-core-group-is-layout-355c4241 wp-block-group-is-layout-flex\">\n<figure class=\"wp-block-image size-full has-custom-border n-desktop\"><img loading=\"lazy\" decoding=\"async\" width=\"773\" height=\"515\" src=\"https:\/\/levezereperigord.com\/wp-content\/uploads\/2025\/12\/canoe-kayak-dordogne-camping-vezere-perigord.jpg\" alt=\"\" class=\"wp-image-231\" style=\"border-radius:4px;aspect-ratio:1;object-fit:cover\" srcset=\"https:\/\/levezereperigord.com\/wp-content\/uploads\/2025\/12\/canoe-kayak-dordogne-camping-vezere-perigord.jpg 773w, https:\/\/levezereperigord.com\/wp-content\/uploads\/2025\/12\/canoe-kayak-dordogne-camping-vezere-perigord-300x200.jpg 300w, https:\/\/levezereperigord.com\/wp-content\/uploads\/2025\/12\/canoe-kayak-dordogne-camping-vezere-perigord-768x512.jpg 768w\" sizes=\"auto, (max-width: 773px) 100vw, 773px\" \/><\/figure>\n\n\n\n<figure class=\"wp-block-image size-full has-custom-border n-desktop\"><img loading=\"lazy\" decoding=\"async\" width=\"773\" height=\"517\" src=\"https:\/\/levezereperigord.com\/wp-content\/uploads\/2025\/12\/tennis-camping-vezere-perigord.jpg\" alt=\"\" class=\"wp-image-230\" style=\"border-radius:4px;aspect-ratio:1;object-fit:cover\" srcset=\"https:\/\/levezereperigord.com\/wp-content\/uploads\/2025\/12\/tennis-camping-vezere-perigord.jpg 773w, https:\/\/levezereperigord.com\/wp-content\/uploads\/2025\/12\/tennis-camping-vezere-perigord-300x201.jpg 300w, https:\/\/levezereperigord.com\/wp-content\/uploads\/2025\/12\/tennis-camping-vezere-perigord-768x514.jpg 768w\" sizes=\"auto, (max-width: 773px) 100vw, 773px\" \/><\/figure>\n<\/div>\n<\/div>\n\n\n\n<div class=\"wp-block-column is-layout-flow wp-block-column-is-layout-flow\">\n<div class=\"wp-block-group is-vertical is-layout-flex wp-container-core-group-is-layout-355c4241 wp-block-group-is-layout-flex\">\n<figure class=\"wp-block-image size-full has-custom-border n-desktop\"><img loading=\"lazy\" decoding=\"async\" width=\"835\" height=\"626\" src=\"https:\/\/levezereperigord.com\/wp-content\/uploads\/2025\/12\/vue-restaurant-camping-vezere-perigord.jpg\" alt=\"\" class=\"wp-image-218\" style=\"border-radius:4px;aspect-ratio:1;object-fit:cover\" srcset=\"https:\/\/levezereperigord.com\/wp-content\/uploads\/2025\/12\/vue-restaurant-camping-vezere-perigord.jpg 835w, https:\/\/levezereperigord.com\/wp-content\/uploads\/2025\/12\/vue-restaurant-camping-vezere-perigord-300x225.jpg 300w, https:\/\/levezereperigord.com\/wp-content\/uploads\/2025\/12\/vue-restaurant-camping-vezere-perigord-768x576.jpg 768w\" sizes=\"auto, (max-width: 835px) 100vw, 835px\" \/><\/figure>\n\n\n\n<figure class=\"wp-block-image size-full has-custom-border n-desktop\"><img loading=\"lazy\" decoding=\"async\" width=\"773\" height=\"517\" src=\"https:\/\/levezereperigord.com\/wp-content\/uploads\/2025\/12\/ping-pong-camping-vezere-perigord.jpg\" alt=\"\" class=\"wp-image-229\" style=\"border-radius:4px;aspect-ratio:1;object-fit:cover\" srcset=\"https:\/\/levezereperigord.com\/wp-content\/uploads\/2025\/12\/ping-pong-camping-vezere-perigord.jpg 773w, https:\/\/levezereperigord.com\/wp-content\/uploads\/2025\/12\/ping-pong-camping-vezere-perigord-300x201.jpg 300w, https:\/\/levezereperigord.com\/wp-content\/uploads\/2025\/12\/ping-pong-camping-vezere-perigord-768x514.jpg 768w\" sizes=\"auto, (max-width: 773px) 100vw, 773px\" \/><\/figure>\n<\/div>\n<\/div>\n<\/div>\n<\/div>\n<\/div>\n\n\n\n<div class=\"wp-block-columns is-layout-flex wp-container-core-columns-is-layout-178d4c1f wp-block-columns-is-layout-flex\" style=\"margin-top:var(--wp--preset--spacing--50);margin-bottom:var(--wp--preset--spacing--50);padding-top:0;padding-right:0;padding-bottom:0;padding-left:0\">\n<div class=\"wp-block-column is-layout-flow wp-container-core-column-is-layout-8a368f38 wp-block-column-is-layout-flow\" style=\"flex-basis:60%\">\n<h1 class=\"wp-block-heading has-n-brown-color has-text-color has-link-color has-n-benne-font-family wp-elements-d765f102a62c24d313706059dc31f22f\" style=\"font-size:clamp(1.25rem, 1.25rem + ((1vw - 0.2rem) * 1.053), 2rem);line-height:1.2\">Sport en Ontspanning: <br>Avontuur in het hart van de P\u00e9rigord Noir<\/h1>\n\n\n\n<p class=\"has-n-brown-color has-text-color has-link-color has-n-outfit-font-family has-default-font-size wp-elements-e59d7bc0532eee6a7373cc0ddf3c7b6b\" style=\"font-style:normal;font-weight:300\">Tennisbaan\u30fbCity-stadion\u30fbTrampoline\u30fbTafeltennis<\/p>\n\n\n\n<p class=\"has-n-brown-color has-text-color has-link-color has-n-outfit-font-family has-default-font-size wp-elements-1e7140d3923d9b6f925435a2f8193d46\" style=\"border-top-color:var(--wp--preset--color--n-lightest-brown);border-top-width:1px;margin-top:var(--wp--preset--spacing--50);margin-bottom:0;padding-top:var(--wp--preset--spacing--50);padding-bottom:0\">Op camping Le V\u00e9z\u00e8re P\u00e9rigord in <strong>de Dordogne<\/strong> is er voor iedereen in het gezin genoeg te doen! Tussen ontspanning en <strong>avontuur<\/strong> kunt u genieten van een uitzonderlijke <strong>natuurlijke<\/strong> omgeving om te genieten, uit te rusten en plezier te maken.<br><br><strong>Op de camping vindt u:<\/strong><br><\/p>\n\n\n\n<ul class=\"wp-block-list has-n-brown-color has-text-color has-link-color has-n-outfit-font-family wp-elements-60a0c13031329d0f454551568509135e\">\n<li>Een speelplaats van robiniahout, <strong>duurzaam en esthetisc<\/strong>h, voor de kinderen.<\/li>\n\n\n\n<li>Een cardio-fitnessfiets om in vorm te blijven terwijl u een oogje in het zeil houdt bij uw kinderen.<\/li>\n\n\n\n<li>Een t<strong>ennisbaan<\/strong>, een city-stadion, <strong>pingpongtafels<\/strong> en een XXL-<strong>trampoline<\/strong> voor gezellige speelmomenten.<\/li>\n\n\n\n<li>Ruimtes gewijd aan <strong>balspelen<\/strong> en andere gezellige spelletjes.<\/li>\n<\/ul>\n\n\n\n<p class=\"has-n-brown-color has-text-color has-link-color has-n-outfit-font-family wp-elements-be94a60c4c6cc998dfd3d67f34202b29\"><br><strong>Rondom de camping kunt u ontdekken:<\/strong><br><\/p>\n\n\n\n<ul class=\"wp-block-list has-n-brown-color has-text-color has-link-color has-n-outfit-font-family wp-elements-972c7afd8401c5ae97aeabd710ecad27\">\n<li>Grote <strong>wandelpaden<\/strong> (de GR 36 loopt vlakbij) en <strong>mountainbikeroutes<\/strong> (routes op aanvraag beschikbaar).<\/li>\n\n\n\n<li>Avontuurlijke activiteiten zoals <strong>klimparcours<\/strong>, golf, paardrijden, of zelfs een ballonvaart of parapente.<\/li>\n\n\n\n<li>Kanotochten die rechtstreeks vanaf de camping toegankelijk zijn, op de V\u00e9z\u00e8re of iets verderop op de <strong>Dordogne<\/strong>.<\/li>\n\n\n\n<li>Natuurlijke zwemplekken, zoals de vijver van Tamnies (met het Blauwe Vlag-label) of de omliggende rivieren.<br><\/li>\n<\/ul>\n\n\n\n<p class=\"has-n-brown-color has-text-color has-link-color has-n-outfit-font-family wp-elements-76ce28e17232808c138b739f522e9acf\">Voor vissers: onze <strong>rivieren<\/strong> bieden rustige plekjes om te vissen<\/p>\n\n\n\n<h2 class=\"wp-block-heading has-n-brown-color has-text-color has-link-color has-n-outfit-font-family has-medium-font-size wp-elements-8c137272c7dcab564f8c022055c473b5\" style=\"border-top-color:var(--wp--preset--color--n-lightest-brown);border-top-width:1px;margin-top:var(--wp--preset--spacing--50);margin-bottom:var(--wp--preset--spacing--50);padding-top:var(--wp--preset--spacing--50);font-style:normal;font-weight:500\">Sport- en ontspanningsfaciliteiten<\/h2>\n\n\n\n<div class=\"wp-block-columns has-n-brown-color has-text-color has-link-color wp-elements-3e477a08766ff5d3c72b524cf177be6c is-layout-flex wp-container-core-columns-is-layout-65eef5bf wp-block-columns-is-layout-flex\">\n<div class=\"wp-block-column is-layout-flow wp-container-core-column-is-layout-63d9dbad wp-block-column-is-layout-flow\" style=\"padding-top:0;padding-bottom:0\">\n<div class=\"wp-block-group has-n-brown-color has-text-color has-link-color wp-elements-e74403c7fffa8efd2d3c457aa7ecc85b is-nowrap is-layout-flex wp-container-core-group-is-layout-fc054d2d wp-block-group-is-layout-flex\">\n\u30fb\n\n\n\n<p class=\"has-n-brown-color has-text-color has-link-color has-n-outfit-font-family wp-elements-46f83f0e4f14a0cf1f380718a0970386\" style=\"font-style:normal;font-weight:300\">Wandelpaden (GR 36)<\/p>\n<\/div>\n\n\n\n<div class=\"wp-block-group is-nowrap is-layout-flex wp-container-core-group-is-layout-fc054d2d wp-block-group-is-layout-flex\">\n\u30fb\n\n\n\n<p class=\"has-n-brown-color has-text-color has-link-color has-n-outfit-font-family wp-elements-07de907dc56ec11c96c7fe5cc3101e31\" style=\"font-style:normal;font-weight:300\">Mountainbikeroutes<\/p>\n<\/div>\n\n\n\n<div class=\"wp-block-group is-nowrap is-layout-flex wp-container-core-group-is-layout-fc054d2d wp-block-group-is-layout-flex\">\n\u30fb\n\n\n\n<p class=\"has-n-brown-color has-text-color has-link-color has-n-outfit-font-family wp-elements-9c74132460eba6e5c382a10c09e252ea\" style=\"font-style:normal;font-weight:300\">Tennisbaan<\/p>\n<\/div>\n\n\n\n<div class=\"wp-block-group is-nowrap is-layout-flex wp-container-core-group-is-layout-fc054d2d wp-block-group-is-layout-flex\">\n\u30fb\n\n\n\n<p class=\"has-n-brown-color has-text-color has-link-color has-n-outfit-font-family wp-elements-40688933b6495c9bd4fdcd9c09adf0c7\" style=\"font-style:normal;font-weight:300\">City-stadion<\/p>\n<\/div>\n\n\n\n<div class=\"wp-block-group is-nowrap is-layout-flex wp-container-core-group-is-layout-fc054d2d wp-block-group-is-layout-flex\">\n\u30fb\n\n\n\n<p class=\"has-n-brown-color has-text-color has-link-color has-n-outfit-font-family wp-elements-4e5f15a6632ac8b6dc53ac3487b7f41b\" style=\"font-style:normal;font-weight:300\">Pingpong<\/p>\n<\/div>\n\n\n\n<div class=\"wp-block-group is-nowrap is-layout-flex wp-container-core-group-is-layout-fc054d2d wp-block-group-is-layout-flex\">\n\u30fb\n\n\n\n<p class=\"has-n-brown-color has-text-color has-link-color has-n-outfit-font-family wp-elements-8ba8195f3976cbed7d0297226693c8c4\" style=\"font-style:normal;font-weight:300\">XXL-trampoline<\/p>\n<\/div>\n<\/div>\n\n\n\n<div class=\"wp-block-column is-layout-flow wp-container-core-column-is-layout-f5bb311e wp-block-column-is-layout-flow\">\n<div class=\"wp-block-group is-nowrap is-layout-flex wp-container-core-group-is-layout-fc054d2d wp-block-group-is-layout-flex\">\n\u30fb\n\n\n\n<p class=\"has-n-brown-color has-text-color has-link-color has-n-outfit-font-family wp-elements-17455c1e49b67007f180783adc301143\" style=\"font-style:normal;font-weight:300\">Kano\u00ebn op de V\u00e9z\u00e8re en de Dordogne<\/p>\n<\/div>\n\n\n\n<div class=\"wp-block-group is-nowrap is-layout-flex wp-container-core-group-is-layout-fc054d2d wp-block-group-is-layout-flex\">\n\u30fb\n\n\n\n<p class=\"has-n-brown-color has-text-color has-link-color has-n-outfit-font-family wp-elements-41b7bb1ee2f02757a71adb276d2dbee5\" style=\"font-style:normal;font-weight:300\">Zwemmen (vijver van Tamnies, rivieren)<\/p>\n<\/div>\n\n\n\n<div class=\"wp-block-group is-nowrap is-layout-flex wp-container-core-group-is-layout-fc054d2d wp-block-group-is-layout-flex\">\n\u30fb\n\n\n\n<p class=\"has-n-brown-color has-text-color has-link-color has-n-outfit-font-family wp-elements-c57ad7ae9efac0a5c1166f39779391e0\" style=\"font-style:normal;font-weight:300\">Vissen<\/p>\n<\/div>\n\n\n\n<div class=\"wp-block-group is-nowrap is-layout-flex wp-container-core-group-is-layout-fc054d2d wp-block-group-is-layout-flex\">\n\u30fb\n\n\n\n<p class=\"has-n-brown-color has-text-color has-link-color has-n-outfit-font-family wp-elements-9a5507076031a6cc7d4d761bba571d43\" style=\"font-style:normal;font-weight:300\">Houten speelplaats<\/p>\n<\/div>\n\n\n\n<div class=\"wp-block-group is-nowrap is-layout-flex wp-container-core-group-is-layout-fc054d2d wp-block-group-is-layout-flex\">\n\u30fb\n\n\n\n<p class=\"has-n-brown-color has-text-color has-link-color has-n-outfit-font-family wp-elements-eb188511c00eb60dfe8d945535a127ba\" style=\"font-style:normal;font-weight:300\">Cardio-fitnessfiets<\/p>\n<\/div>\n<\/div>\n<\/div>\n<\/div>\n\n\n\n<div class=\"wp-block-column is-layout-flow wp-block-column-is-layout-flow\" style=\"flex-basis:40%\">\n<div class=\"wp-block-group has-n-lightest-brown-background-color has-background is-vertical is-layout-flex wp-container-core-group-is-layout-d62007ce wp-block-group-is-layout-flex wp-container-1 is-position-sticky\" style=\"border-radius:4px;margin-top:0;margin-bottom:0;padding-top:var(--wp--preset--spacing--60);padding-right:var(--wp--preset--spacing--60);padding-bottom:var(--wp--preset--spacing--60);padding-left:var(--wp--preset--spacing--60);box-shadow:var(--wp--preset--shadow--n-smooth-shadow)\">\n<h2 class=\"wp-block-heading has-n-brown-color has-text-color has-link-color has-n-outfit-font-family has-medium-font-size wp-elements-89ca457fbcf5c4f00e89e1d4a19358dc\" style=\"font-style:normal;font-weight:500\">Zin in avontuur en ontspanning in de Dordogne?<\/h2>\n\n\n\n<p class=\"has-n-brown-color has-text-color has-link-color has-n-outfit-font-family has-default-font-size wp-elements-5eba5b7532f0fbd8a53e15728abcb9d7\">Boek nu uw plek op de camping <br> <strong>&#8220;Le V\u00e9z\u00e8re P\u00e9rigord&#8221;<\/strong><\/p>\n\n\n\n<div class=\"wp-block-buttons is-content-justification-right is-nowrap is-layout-flex wp-container-core-buttons-is-layout-5c4dd974 wp-block-buttons-is-layout-flex\" style=\"margin-top:var(--wp--preset--spacing--50)\">\n<div class=\"wp-block-button\"><a class=\"wp-block-button__link has-n-white-color has-n-accent-background-color has-text-color has-background has-link-color has-n-outfit-font-family wp-element-button\" href=\"https:\/\/reservation.secureholiday.net\/fr\/2605\/\" style=\"border-radius:4px;font-style:normal;font-weight:400;letter-spacing:1px;text-transform:uppercase\">Ik boek mijn vakantie<\/a><\/div>\n<\/div>\n<\/div>\n<\/div>\n<\/div>\n<\/div>\n","protected":false},"excerpt":{"rendered":"<p>Sport en Ontspanning: Avontuur in het hart van de P\u00e9rigord Noir Tennisbaan\u30fbCity-stadion\u30fbTrampoline\u30fbTafeltennis Op camping Le V\u00e9z\u00e8re P\u00e9rigord in de Dordogne is er voor iedereen in het gezin genoeg te doen! Tussen ontspanning en avontuur kunt u genieten van een uitzonderlijke natuurlijke omgeving om te genieten, uit te rusten en plezier te maken. Op de camping [&hellip;]<\/p>\n","protected":false},"author":1,"featured_media":0,"parent":53,"menu_order":0,"comment_status":"closed","ping_status":"closed","template":"","meta":{"footnotes":""},"class_list":["post-17","page","type-page","status-publish","hentry"],"_links":{"self":[{"href":"https:\/\/levezereperigord.com\/nl\/wp-json\/wp\/v2\/pages\/17","targetHints":{"allow":["GET"]}}],"collection":[{"href":"https:\/\/levezereperigord.com\/nl\/wp-json\/wp\/v2\/pages"}],"about":[{"href":"https:\/\/levezereperigord.com\/nl\/wp-json\/wp\/v2\/types\/page"}],"author":[{"embeddable":true,"href":"https:\/\/levezereperigord.com\/nl\/wp-json\/wp\/v2\/users\/1"}],"replies":[{"embeddable":true,"href":"https:\/\/levezereperigord.com\/nl\/wp-json\/wp\/v2\/comments?post=17"}],"version-history":[{"count":28,"href":"https:\/\/levezereperigord.com\/nl\/wp-json\/wp\/v2\/pages\/17\/revisions"}],"predecessor-version":[{"id":1617,"href":"https:\/\/levezereperigord.com\/nl\/wp-json\/wp\/v2\/pages\/17\/revisions\/1617"}],"up":[{"embeddable":true,"href":"https:\/\/levezereperigord.com\/nl\/wp-json\/wp\/v2\/pages\/53"}],"wp:attachment":[{"href":"https:\/\/levezereperigord.com\/nl\/wp-json\/wp\/v2\/media?parent=17"}],"curies":[{"name":"wp","href":"https:\/\/api.w.org\/{rel}","templated":true}]}}