{"id":117,"date":"2025-11-04T15:18:46","date_gmt":"2025-11-04T14:18:46","guid":{"rendered":"https:\/\/levezereperigord.com\/?page_id=117"},"modified":"2026-03-02T10:22:26","modified_gmt":"2026-03-02T09:22:26","slug":"mentions-legales","status":"publish","type":"page","link":"https:\/\/levezereperigord.com\/nl\/mentions-legales\/","title":{"rendered":"Mentions L\u00e9gales"},"content":{"rendered":"\n<div class=\"wp-block-group is-layout-constrained wp-container-core-group-is-layout-24206451 wp-block-group-is-layout-constrained\" style=\"border-radius:4px;margin-top:var(--wp--preset--spacing--50);margin-bottom:var(--wp--preset--spacing--50);padding-top:0;padding-right:0;padding-bottom:0;padding-left:0\">\n<h1 class=\"wp-block-heading has-text-align-left has-n-brown-color has-text-color has-link-color has-n-benne-font-family has-x-large-font-size wp-elements-2b6af9c2ee5f330acf654338b4feecf6\">JURIDISCHE KENNISGEVING<\/h1>\n\n\n\n<p><em>(Wettelijke informatie &#038; Gebruiksvoorwaarden)<\/em><\/p>\n\n\n\n<h2 class=\"wp-block-heading\">1. Eigenaar van de Website<\/h2>\n\n\n\n<p>Overeenkomstig artikel 6 van de Franse wet nr. 2004-575 van 21 juni 2004 inzake het vertrouwen in de digitale economie, worden gebruikers van de website <a href=\"http:\/\/www.levezereperigord.com\">www.levezereperigord.com<\/a> ge\u00efnformeerd over de identiteit van de partijen die betrokken zijn bij de ontwikkeling en het beheer van de website.<\/p>\n\n\n\n<p><strong>Camping Le V\u00e9z\u00e8re P\u00e9rigord<\/strong><br>Uitgebaat door <strong>SARL Vezere Animation Tourisme<\/strong><br>Sur Les Rochers<br>24620 Tursac<br>Frankrijk<\/p>\n\n\n\n<p>Telefoon: +33 (0)5 53 06 96 31<br>E-mail: <a>info@levezereperigord.com<\/a><\/p>\n\n\n\n<p>SIRET: 321 815 201 00017<br>SIREN: 321 815 201<br>Ingeschreven in het Handels- en Vennootschapsregister (R.C.S.) van Bergerac<\/p>\n\n\n\n<p>Maatschappelijk kapitaal: \u20ac 25.104,09<br>BTW-nummer: FR56321815201<\/p>\n\n\n\n<p>Verantwoordelijke uitgever: Jean Michel Trois<\/p>\n\n\n\n<hr class=\"wp-block-separator has-alpha-channel-opacity\"\/>\n\n\n\n<h2 class=\"wp-block-heading\">2. Ontwikkeling van de Website<\/h2>\n\n\n\n<p>Website ontwikkeld door:<br>Yannick Vandenthorn<br>E-mail: <a>yannickvdthoren@gmail.com<\/a><br>Website: <a href=\"https:\/\/www.linkedin.com\/in\/yannickvdthoren\/\">https:\/\/www.linkedin.com\/in\/yannickvdthoren\/<\/a><\/p>\n\n\n\n<hr class=\"wp-block-separator has-alpha-channel-opacity\"\/>\n\n\n\n<h2 class=\"wp-block-heading\">3. Algemene Gebruiksvoorwaarden<\/h2>\n\n\n\n<p>Het gebruik van de website <a href=\"http:\/\/www.levezereperigord.com\">www.levezereperigord.com<\/a> impliceert de volledige en onvoorwaardelijke aanvaarding van deze gebruiksvoorwaarden.<\/p>\n\n\n\n<p>Deze voorwaarden kunnen op elk moment worden gewijzigd of aangevuld. Gebruikers worden daarom aangeraden deze pagina regelmatig te raadplegen.<\/p>\n\n\n\n<p>De website is in principe te allen tijde toegankelijk. Tijdelijke onderbrekingen wegens technisch onderhoud blijven echter mogelijk. In dat geval zal de beheerder trachten de gebruikers vooraf te informeren.<\/p>\n\n\n\n<p>De website wordt regelmatig bijgewerkt door Camping Le V\u00e9z\u00e8re P\u00e9rigord. Ook deze juridische kennisgeving kan te allen tijde worden aangepast en blijft bindend voor de gebruikers.<\/p>\n\n\n\n<hr class=\"wp-block-separator has-alpha-channel-opacity\"\/>\n\n\n\n<h2 class=\"wp-block-heading\">4. Beschrijving van de Diensten<\/h2>\n\n\n\n<p>De website heeft tot doel informatie te verstrekken over alle activiteiten van SARL Vezere Animation Tourisme, exploitant van Camping Le V\u00e9z\u00e8re P\u00e9rigord.<\/p>\n\n\n\n<p>De onderneming streeft ernaar zo nauwkeurig mogelijke informatie te verstrekken. Zij kan echter niet aansprakelijk worden gesteld voor weglatingen, onjuistheden of het niet actualiseren van informatie, ongeacht of deze door haarzelf of door derden werd verstrekt.<\/p>\n\n\n\n<p>Alle informatie op de website wordt uitsluitend ter informatie verstrekt en kan zonder voorafgaande kennisgeving worden gewijzigd. De informatie is niet volledig of uitputtend.<\/p>\n\n\n\n<hr class=\"wp-block-separator has-alpha-channel-opacity\"\/>\n\n\n\n<h2 class=\"wp-block-heading\">5. Technische Beperkingen<\/h2>\n\n\n\n<p>De website maakt gebruik van WordPress-technologie.<\/p>\n\n\n\n<p>De onderneming kan niet aansprakelijk worden gesteld voor materi\u00eble schade die voortvloeit uit het gebruik van de website. De gebruiker verbindt zich ertoe de website te raadplegen met recente, virusvrije apparatuur en met een moderne, bijgewerkte browser.<\/p>\n\n\n\n<hr class=\"wp-block-separator has-alpha-channel-opacity\"\/>\n\n\n\n<h2 class=\"wp-block-heading\">6. Intellectuele Eigendom<\/h2>\n\n\n\n<p>Camping Le V\u00e9z\u00e8re P\u00e9rigord is houder van de intellectuele eigendomsrechten of beschikt over de gebruiksrechten met betrekking tot alle elementen die toegankelijk zijn op de website, waaronder teksten, afbeeldingen, grafische elementen, logo\u2019s, pictogrammen, geluidsbestanden en software.<\/p>\n\n\n\n<p>Elke reproductie, weergave, wijziging, publicatie of aanpassing van (een deel van) de inhoud van de website, op welke wijze dan ook, is verboden zonder voorafgaande schriftelijke toestemming van SARL Vezere Animation Tourisme.<\/p>\n\n\n\n<p>Elk ongeoorloofd gebruik van de website of van de inhoud ervan kan worden beschouwd als een inbreuk en kan aanleiding geven tot gerechtelijke vervolging overeenkomstig het Franse recht inzake intellectuele eigendom.<\/p>\n\n\n\n<hr class=\"wp-block-separator has-alpha-channel-opacity\"\/>\n\n\n\n<h2 class=\"wp-block-heading\">7. Aansprakelijkheidsbeperking<\/h2>\n\n\n\n<p>SARL Vezere Animation Tourisme kan niet aansprakelijk worden gesteld voor directe of indirecte schade aan de apparatuur van de gebruiker bij toegang tot de website, onder meer als gevolg van het gebruik van ongeschikte apparatuur, technische fouten of incompatibiliteiten.<\/p>\n\n\n\n<p>Evenmin is de onderneming aansprakelijk voor indirecte schade die voortvloeit uit het gebruik van de website.<\/p>\n\n\n\n<p>Interactieve ruimtes (zoals contactformulieren) zijn beschikbaar voor gebruikers. De onderneming behoudt zich het recht voor om zonder voorafgaande kennisgeving inhoud te verwijderen die in strijd is met de toepasselijke Franse wetgeving, met name inzake gegevensbescherming. Indien nodig kan zij civiel- en\/of strafrechtelijke stappen ondernemen bij onwettige, beledigende, racistische of lasterlijke inhoud.<\/p>\n\n\n\n<hr class=\"wp-block-separator has-alpha-channel-opacity\"\/>\n\n\n\n<h2 class=\"wp-block-heading\">8. Bescherming van Persoonsgegevens<\/h2>\n\n\n\n<p>In Frankrijk worden persoonsgegevens met name beschermd door wet nr. 78-87 van 6 januari 1978 (zoals gewijzigd) en door de toepasselijke Europese regelgeving.<\/p>\n\n\n\n<p>Bij het gebruik van de website kunnen de volgende gegevens worden verzameld:<\/p>\n\n\n\n<ul class=\"wp-block-list\">\n<li>Verwijzende URL\u2019s<\/li>\n\n\n\n<li>Internetprovider<\/li>\n\n\n\n<li>IP-adres van de gebruiker<\/li>\n<\/ul>\n\n\n\n<p>Persoonsgegevens worden uitsluitend verzameld wanneer dit noodzakelijk is voor bepaalde diensten van de website. De gebruiker verstrekt deze gegevens vrijwillig, met name via formulieren. Daarbij wordt aangegeven of het verstrekken van de gegevens verplicht of optioneel is.<\/p>\n\n\n\n<p>Overeenkomstig de geldende regelgeving beschikt iedere gebruiker over het recht op inzage, correctie en bezwaar met betrekking tot zijn\/haar persoonsgegevens. Een verzoek dient schriftelijk en ondertekend te worden ingediend, vergezeld van een identiteitsbewijs.<\/p>\n\n\n\n<p>Geen enkele persoonlijke informatie wordt zonder medeweten van de gebruiker gepubliceerd, uitgewisseld, overgedragen of verkocht aan derden. Enkel in geval van overname van de onderneming kunnen de gegevens worden overgedragen aan de nieuwe eigenaar, die gebonden blijft aan dezelfde verplichtingen.<\/p>\n\n\n\n<p>Databanken zijn beschermd overeenkomstig de wet van 1 juli 1998 tot omzetting van Richtlijn 96\/9\/EG betreffende de juridische bescherming van databanken.<\/p>\n\n\n\n<hr class=\"wp-block-separator has-alpha-channel-opacity\"\/>\n\n\n\n<h2 class=\"wp-block-heading\">9. Hyperlinks en Cookies<\/h2>\n\n\n\n<p>De website kan hyperlinks naar externe websites bevatten. De onderneming heeft geen controle over deze websites en aanvaardt geen aansprakelijkheid voor hun inhoud.<\/p>\n\n\n\n<p>Tijdens het surfen op de website kunnen cookies op het apparaat van de gebruiker worden ge\u00efnstalleerd. Cookies zijn kleine bestanden die informatie over het surfgedrag registreren zonder de gebruiker direct te identificeren.<\/p>\n\n\n\n<p>De gebruiker kan cookies weigeren via de instellingen van zijn\/haar browser. Het uitschakelen van cookies kan echter de toegang tot bepaalde diensten beperken.<\/p>\n\n\n\n<hr class=\"wp-block-separator has-alpha-channel-opacity\"\/>\n\n\n\n<h2 class=\"wp-block-heading\">10. Verzet tegen Telefonische Marketing<\/h2>\n\n\n\n<p>Overeenkomstig artikel L.223-2 van de Franse Consumentenwet kunnen consumenten zich inschrijven op de offici\u00eble bel-me-niet-lijst \u201cBloctel\u201d via:<\/p>\n\n\n\n<p><a href=\"https:\/\/www.bloctel.gouv.fr\">https:\/\/www.bloctel.gouv.fr<\/a><\/p>\n\n\n\n<hr class=\"wp-block-separator has-alpha-channel-opacity\"\/>\n\n\n\n<h2 class=\"wp-block-heading\">11. Toepasselijk Recht en Bevoegde Rechtbank<\/h2>\n\n\n\n<p>Op elk geschil met betrekking tot het gebruik van de website is het Franse recht van toepassing.<\/p>\n\n\n\n<p>De bevoegde rechtbanken in Frankrijk hebben exclusieve bevoegdheid.<\/p>\n\n\n\n<hr class=\"wp-block-separator has-alpha-channel-opacity\"\/>\n\n\n\n<h2 class=\"wp-block-heading\">12. Definities<\/h2>\n\n\n\n<p>Gebruiker: Iedere internetgebruiker die toegang heeft tot en gebruikmaakt van de website.<\/p>\n\n\n\n<p>Persoonsgegevens: \u201cInformatie die, in welke vorm dan ook, rechtstreeks of onrechtstreeks de identificatie van natuurlijke personen mogelijk maakt\u201d (artikel 4 van wet nr. 78-17 van 6 januari 1978).<\/p>\n<\/div>\n","protected":false},"excerpt":{"rendered":"<p>JURIDISCHE KENNISGEVING (Wettelijke informatie &#038; Gebruiksvoorwaarden) 1. Eigenaar van de Website Overeenkomstig artikel 6 van de Franse wet nr. 2004-575 van 21 juni 2004 inzake het vertrouwen in de digitale economie, worden gebruikers van de website www.levezereperigord.com ge\u00efnformeerd over de identiteit van de partijen die betrokken zijn bij de ontwikkeling en het beheer van de [&hellip;]<\/p>\n","protected":false},"author":1,"featured_media":0,"parent":0,"menu_order":0,"comment_status":"closed","ping_status":"closed","template":"","meta":{"footnotes":""},"class_list":["post-117","page","type-page","status-publish","hentry"],"_links":{"self":[{"href":"https:\/\/levezereperigord.com\/nl\/wp-json\/wp\/v2\/pages\/117","targetHints":{"allow":["GET"]}}],"collection":[{"href":"https:\/\/levezereperigord.com\/nl\/wp-json\/wp\/v2\/pages"}],"about":[{"href":"https:\/\/levezereperigord.com\/nl\/wp-json\/wp\/v2\/types\/page"}],"author":[{"embeddable":true,"href":"https:\/\/levezereperigord.com\/nl\/wp-json\/wp\/v2\/users\/1"}],"replies":[{"embeddable":true,"href":"https:\/\/levezereperigord.com\/nl\/wp-json\/wp\/v2\/comments?post=117"}],"version-history":[{"count":28,"href":"https:\/\/levezereperigord.com\/nl\/wp-json\/wp\/v2\/pages\/117\/revisions"}],"predecessor-version":[{"id":1812,"href":"https:\/\/levezereperigord.com\/nl\/wp-json\/wp\/v2\/pages\/117\/revisions\/1812"}],"wp:attachment":[{"href":"https:\/\/levezereperigord.com\/nl\/wp-json\/wp\/v2\/media?parent=117"}],"curies":[{"name":"wp","href":"https:\/\/api.w.org\/{rel}","templated":true}]}}