{"id":113,"date":"2025-11-04T15:18:17","date_gmt":"2025-11-04T14:18:17","guid":{"rendered":"https:\/\/levezereperigord.com\/?page_id=113"},"modified":"2026-04-05T16:26:31","modified_gmt":"2026-04-05T14:26:31","slug":"faq","status":"publish","type":"page","link":"https:\/\/levezereperigord.com\/nl\/faq\/","title":{"rendered":"FAQ \u2013 Vos questions, nos r\u00e9ponses"},"content":{"rendered":"\n<div class=\"wp-block-group is-layout-constrained wp-container-core-group-is-layout-02f1ee69 wp-block-group-is-layout-constrained\" style=\"border-radius:4px;margin-top:var(--wp--preset--spacing--60);margin-bottom:var(--wp--preset--spacing--60);padding-top:0;padding-right:0;padding-bottom:0;padding-left:0\">\n<h1 class=\"wp-block-heading has-text-align-left has-n-brown-color has-text-color has-link-color has-n-benne-font-family has-x-large-font-size wp-elements-983243f1f2b51e44ccac7092958edd45\">FAQ \u2013 Uw vragen, onze antwoorden<\/h1>\n\n\n\n<div class=\"wp-block-group is-layout-constrained wp-block-group-is-layout-constrained\">\n<h2 class=\"wp-block-heading has-n-light-brown-color has-text-color has-link-color has-n-outfit-font-family has-default-font-size wp-elements-bd04af2f7391f64f4d2235d924187b46\" style=\"font-style:normal;font-weight:300;text-transform:uppercase\">Reserveringen en verblijven<\/h2>\n\n\n\n<div class=\"wp-block-group is-vertical is-content-justification-stretch is-layout-flex wp-container-core-group-is-layout-abb2ea6d wp-block-group-is-layout-flex\" style=\"margin-top:var(--wp--preset--spacing--30)\">\n<details class=\"wp-block-details has-n-brown-color has-text-color has-link-color has-n-outfit-font-family has-medium-font-size wp-elements-7f058a2e6a6cdec0ff929e4eb17bf730 is-layout-flow wp-container-core-details-is-layout-d3fb2301 wp-block-details-is-layout-flow\" style=\"border-top-color:var(--wp--preset--color--n-lightest-brown);border-top-width:1px;padding-top:var(--wp--preset--spacing--40);padding-bottom:var(--wp--preset--spacing--40);font-style:normal;font-weight:300\"><summary>Hoe reserveer ik een plek of accommodatie?<\/summary>\n<p class=\"has-n-outfit-font-family has-default-font-size\" style=\"font-style:normal;font-weight:400\">Na eventuele telefonische informatie kunt u online reserveren via onze website. Betaling met bepaalde kredietkaarten biedt u een annuleringsverzekering, denk eraan!<\/p>\n<\/details>\n\n\n\n<details class=\"wp-block-details has-n-brown-color has-text-color has-link-color has-n-outfit-font-family has-medium-font-size wp-elements-297003ec175993fa41724dbb9d8b8e1f is-layout-flow wp-container-core-details-is-layout-d3fb2301 wp-block-details-is-layout-flow\" style=\"border-top-color:var(--wp--preset--color--n-lightest-brown);border-top-width:1px;padding-top:var(--wp--preset--spacing--40);padding-bottom:var(--wp--preset--spacing--40);font-style:normal;font-weight:300\"><summary>Wat zijn de dagen en tijden voor aankomst en vertrek?<\/summary>\n<p class=\"has-n-outfit-font-family has-default-font-size\" style=\"font-style:normal;font-weight:400\">Kampeerplaatsen: Vrije aankomst- en vertrekdagen (op elk moment), reserveringen vanaf 2 dagen.<\/p>\n\n\n\n<p class=\"has-n-outfit-font-family has-default-font-size\" style=\"font-style:normal;font-weight:400\">Accommodaties: Aankomst op woensdag, zaterdag en zondag vanaf 16:00 uur. Vertrek voor 10:00 uur.<\/p>\n<\/details>\n\n\n\n<details class=\"wp-block-details has-n-brown-color has-text-color has-link-color has-n-outfit-font-family has-medium-font-size wp-elements-9da731128ead6b9c87470bf68a27140c is-layout-flow wp-container-core-details-is-layout-d3fb2301 wp-block-details-is-layout-flow\" style=\"border-top-color:var(--wp--preset--color--n-lightest-brown);border-top-width:1px;padding-top:var(--wp--preset--spacing--40);padding-bottom:var(--wp--preset--spacing--40);font-style:normal;font-weight:300\"><summary>Kan ik mijn reservering wijzigen of annuleren?<\/summary>\n<p class=\"has-n-outfit-font-family has-default-font-size\" style=\"font-style:normal;font-weight:400\">Wijziging: afhankelijk van beschikbaarheid en eventuele prijsverschillen, neem contact met ons op.<\/p>\n\n\n\n<p class=\"has-n-outfit-font-family has-default-font-size\" style=\"font-style:normal;font-weight:400\">Annulering: Wij raden u aan een annuleringsverzekering af te sluiten voor meer gemoedsrust.<\/p>\n<\/details>\n\n\n\n<details class=\"wp-block-details has-n-brown-color has-text-color has-link-color has-n-outfit-font-family has-medium-font-size wp-elements-8aa954e7e064b8fe1cef60062f1807c4 is-layout-flow wp-container-core-details-is-layout-d3fb2301 wp-block-details-is-layout-flow\" style=\"border-top-color:var(--wp--preset--color--n-lightest-brown);border-top-width:1px;padding-top:var(--wp--preset--spacing--40);padding-bottom:var(--wp--preset--spacing--40);font-style:normal;font-weight:300\"><summary>Wat is de minimale verblijfsduur?<\/summary>\n<p class=\"has-n-outfit-font-family has-default-font-size\" style=\"font-style:normal;font-weight:400\">De minimale verblijfsduur is 2 nachten voor kampeerplaatsen en accommodaties.<\/p>\n<\/details>\n<\/div>\n<\/div>\n\n\n\n<div class=\"wp-block-group is-layout-constrained wp-block-group-is-layout-constrained\" style=\"margin-top:var(--wp--preset--spacing--80)\">\n<h2 class=\"wp-block-heading has-n-light-brown-color has-text-color has-link-color has-n-outfit-font-family has-default-font-size wp-elements-ed19dc35b207f78eb9924345ea054829\" style=\"font-style:normal;font-weight:300;text-transform:uppercase\">Kampeerplaatsen en accommodaties<\/h2>\n\n\n\n<div class=\"wp-block-group is-vertical is-content-justification-stretch is-layout-flex wp-container-core-group-is-layout-abb2ea6d wp-block-group-is-layout-flex\" style=\"margin-top:var(--wp--preset--spacing--30)\">\n<details class=\"wp-block-details has-n-brown-color has-text-color has-link-color has-n-outfit-font-family has-medium-font-size wp-elements-848439d36548420d9022855a6dc62dff is-layout-flow wp-container-core-details-is-layout-d3fb2301 wp-block-details-is-layout-flow\" style=\"border-top-color:var(--wp--preset--color--n-lightest-brown);border-top-width:1px;padding-top:var(--wp--preset--spacing--40);padding-bottom:var(--wp--preset--spacing--40);font-style:normal;font-weight:300\"><summary>Welk type materiaal is toegestaan op de kampeerplaatsen?<\/summary>\n<p class=\"has-n-outfit-font-family has-default-font-size\" style=\"font-style:normal;font-weight:400\">Onze kampeerplaatsen zijn bijna geschikt voor alle soorten materiaal: tenten, caravans en campers. Geef uw specificaties door bij de reservering, zodat wij u de meest geschikte plek kunnen toewijzen. Neem vooraf contact met ons op voor speciale gevallen (bijv. zeer grote afmetingen).<\/p>\n<\/details>\n\n\n\n<details class=\"wp-block-details has-n-brown-color has-text-color has-link-color has-n-outfit-font-family has-medium-font-size wp-elements-ec9dd4dbedddcbb458f79bc871954f5b is-layout-flow wp-container-core-details-is-layout-d3fb2301 wp-block-details-is-layout-flow\" style=\"border-top-color:var(--wp--preset--color--n-lightest-brown);border-top-width:1px;padding-top:var(--wp--preset--spacing--40);padding-bottom:var(--wp--preset--spacing--40);font-style:normal;font-weight:300\"><summary>Zijn de kampeerplaatsen schaduwrijk?<\/summary>\n<p class=\"has-n-outfit-font-family has-default-font-size\" style=\"font-style:normal;font-weight:400\">Ja, al onze kampeerplaatsen bevinden zich in een schaduwrijk terrassenbos.<\/p>\n<\/details>\n\n\n\n<details class=\"wp-block-details has-n-brown-color has-text-color has-link-color has-n-outfit-font-family has-medium-font-size wp-elements-3b80c243f6a530b9d82053be8a450926 is-layout-flow wp-container-core-details-is-layout-d3fb2301 wp-block-details-is-layout-flow\" style=\"border-top-color:var(--wp--preset--color--n-lightest-brown);border-top-width:1px;padding-top:var(--wp--preset--spacing--40);padding-bottom:var(--wp--preset--spacing--40);font-style:normal;font-weight:300\"><summary>Zijn de Esprit Lodges-tenten uitgerust met sanitaire voorzieningen?<\/summary>\n<p class=\"has-n-outfit-font-family has-default-font-size\" style=\"font-style:normal;font-weight:400\">Nee, de Esprit Lodges-tenten maken gebruik van de moderne en recente sanitaire voorzieningen van de camping, de &#8220;Maisons d\u2019eau&#8221;.<\/p>\n<\/details>\n\n\n\n<details class=\"wp-block-details has-n-brown-color has-text-color has-link-color has-n-outfit-font-family has-medium-font-size wp-elements-c7efc2de316431791b2ce28157a6941c is-layout-flow wp-container-core-details-is-layout-d3fb2301 wp-block-details-is-layout-flow\" style=\"border-top-color:var(--wp--preset--color--n-lightest-brown);border-top-width:1px;padding-top:var(--wp--preset--spacing--40);padding-bottom:var(--wp--preset--spacing--40);font-style:normal;font-weight:300\"><summary>Zijn de vakantieaccommodaties (Esprit Cabanes, Mobil-Homes, Esprit Lodges, La Maison d\u2019\u00e0 C\u00f4t\u00e9) voorzien van airconditioning?<\/summary>\n<p class=\"has-n-outfit-font-family has-default-font-size\" style=\"font-style:normal;font-weight:400\">Nee, onze accommodaties zijn niet uitgerust met airconditioning. Onze schaduwrijke natuurlijke omgeving zorgt voor een aangename koelte en de zwembaden en rivieren maken het verschil!<\/p>\n<\/details>\n<\/div>\n<\/div>\n\n\n\n<div class=\"wp-block-group is-layout-constrained wp-block-group-is-layout-constrained\" style=\"margin-top:var(--wp--preset--spacing--80)\">\n<h2 class=\"wp-block-heading has-n-light-brown-color has-text-color has-link-color has-n-outfit-font-family has-default-font-size wp-elements-d0e025a48b2ef26dac0fd2f23bb02d98\" style=\"font-style:normal;font-weight:300;text-transform:uppercase\">Tarieven en betalingen<\/h2>\n\n\n\n<div class=\"wp-block-group is-vertical is-content-justification-stretch is-layout-flex wp-container-core-group-is-layout-abb2ea6d wp-block-group-is-layout-flex\" style=\"margin-top:var(--wp--preset--spacing--30)\">\n<details class=\"wp-block-details has-n-brown-color has-text-color has-link-color has-n-outfit-font-family has-medium-font-size wp-elements-2ea5a440a8d3ac976d427970dabbb0f4 is-layout-flow wp-container-core-details-is-layout-d3fb2301 wp-block-details-is-layout-flow\" style=\"border-top-color:var(--wp--preset--color--n-lightest-brown);border-top-width:1px;padding-top:var(--wp--preset--spacing--40);padding-bottom:var(--wp--preset--spacing--40);font-style:normal;font-weight:300\"><summary>Welke betaalmiddelen worden geaccepteerd?<\/summary>\n<p class=\"has-n-outfit-font-family has-default-font-size\" style=\"font-style:normal;font-weight:400\">Wij accepteren betalingen met bankkaarten, vakantiecheques en contant geld.<\/p>\n<\/details>\n\n\n\n<details class=\"wp-block-details has-n-brown-color has-text-color has-link-color has-n-outfit-font-family has-medium-font-size wp-elements-2fceb4d9d33df3c9cfcb65c6f1e91156 is-layout-flow wp-container-core-details-is-layout-d3fb2301 wp-block-details-is-layout-flow\" style=\"border-top-color:var(--wp--preset--color--n-lightest-brown);border-top-width:1px;padding-top:var(--wp--preset--spacing--40);padding-bottom:var(--wp--preset--spacing--40);font-style:normal;font-weight:300\"><summary>Zijn de toeristenbelastingen inbegrepen in de tarieven?<\/summary>\n<p class=\"has-n-outfit-font-family has-default-font-size\" style=\"font-style:normal;font-weight:400\">Nee, de toeristenbelastingen zijn niet inbegrepen in onze tarieven en moeten bij aankomst worden betaald, evenals eventuele belastingen voor huisvuil.<\/p>\n<\/details>\n<\/div>\n<\/div>\n\n\n\n<div class=\"wp-block-group is-layout-constrained wp-block-group-is-layout-constrained\" style=\"margin-top:var(--wp--preset--spacing--80)\">\n<h2 class=\"wp-block-heading has-n-light-brown-color has-text-color has-link-color has-n-outfit-font-family has-default-font-size wp-elements-fc2520f2152f07d73f11c21a3436a6d4\" style=\"font-style:normal;font-weight:300;text-transform:uppercase\">Uitrusting en diensten<\/h2>\n\n\n\n<div class=\"wp-block-group is-vertical is-content-justification-stretch is-layout-flex wp-container-core-group-is-layout-abb2ea6d wp-block-group-is-layout-flex\" style=\"margin-top:var(--wp--preset--spacing--30)\">\n<details class=\"wp-block-details has-n-brown-color has-text-color has-link-color has-n-outfit-font-family has-medium-font-size wp-elements-4447d45ed3b2b1e544b7d6f4d9f0e750 is-layout-flow wp-container-core-details-is-layout-d3fb2301 wp-block-details-is-layout-flow\" style=\"border-top-color:var(--wp--preset--color--n-lightest-brown);border-top-width:1px;padding-top:var(--wp--preset--spacing--40);padding-bottom:var(--wp--preset--spacing--40);font-style:normal;font-weight:300\"><summary>Welke voorzieningen zijn ter plaatse beschikbaar?<\/summary>\n<ul style=\"font-size:clamp(14px, 0.875rem + ((1vw - 3.2px) * 0.175), 16px);\" class=\"wp-block-list\">\n<li>Aquatisch park met overdekt en verwarmd zwembad, groot buitenbad, twee glijbanen, peuterbad en ligbedden.<\/li>\n\n\n\n<li>Restaurant-bar-snacks met schaduwrijk terras, afhaalmaaltijden, ijs en broodjesservice op reservering.<\/li>\n\n\n\n<li>Tennisbaan, city-stadion, trampoline, tafeltennis, p\u00e9tanque, kinderspeelplaats, cardiofiets, telefoonoplaadcabine.<\/li>\n\n\n\n<li>2 sanitaire gebouwen, moderne en recente sanitaire voorzieningen (warme douches, afwasruimte en wasserette).<\/li>\n<\/ul>\n<\/details>\n\n\n\n<details class=\"wp-block-details has-n-brown-color has-text-color has-link-color has-n-outfit-font-family has-medium-font-size wp-elements-ef3a8107c2798f3ac70e0d673fc9d1e1 is-layout-flow wp-container-core-details-is-layout-d3fb2301 wp-block-details-is-layout-flow\" style=\"border-top-color:var(--wp--preset--color--n-lightest-brown);border-top-width:1px;padding-top:var(--wp--preset--spacing--40);padding-bottom:var(--wp--preset--spacing--40);font-style:normal;font-weight:300\"><summary>Is de camping toegankelijk voor personen met beperkte mobiliteit (PMR)?<\/summary>\n<p class=\"has-n-outfit-font-family has-default-font-size\" style=\"font-style:normal;font-weight:400\">Onze camping is aangelegd in terrassen op een beboste heuvel, wat sommige toegangspaden moeilijk kan maken. Neem contact met ons op voordat u reserveert, zodat wij een passende oplossing kunnen vinden.<\/p>\n<\/details>\n\n\n\n<details class=\"wp-block-details has-n-brown-color has-text-color has-link-color has-n-outfit-font-family has-medium-font-size wp-elements-7c7f9069453a6d09fa2c9ffee9cffe1c is-layout-flow wp-container-core-details-is-layout-d3fb2301 wp-block-details-is-layout-flow\" style=\"border-top-color:var(--wp--preset--color--n-lightest-brown);border-top-width:1px;padding-top:var(--wp--preset--spacing--40);padding-bottom:var(--wp--preset--spacing--40);font-style:normal;font-weight:300\"><summary>Is er Wi-Fi-toegang?<\/summary>\n<p class=\"has-n-outfit-font-family has-default-font-size\" style=\"font-style:normal;font-weight:400\">Ja, 4G werkt op de camping en gratis Wi-Fi is beschikbaar op het terras.<\/p>\n<\/details>\n<\/div>\n<\/div>\n\n\n\n<div class=\"wp-block-group is-layout-constrained wp-block-group-is-layout-constrained\" style=\"margin-top:var(--wp--preset--spacing--80)\">\n<h2 class=\"wp-block-heading has-n-light-brown-color has-text-color has-link-color has-n-outfit-font-family has-default-font-size wp-elements-4692c4193d570ca679498d7dc62f447a\" style=\"font-style:normal;font-weight:300;text-transform:uppercase\">Activiteiten en omgeving<\/h2>\n\n\n\n<div class=\"wp-block-group is-vertical is-content-justification-stretch is-layout-flex wp-container-core-group-is-layout-abb2ea6d wp-block-group-is-layout-flex\" style=\"margin-top:var(--wp--preset--spacing--30)\">\n<details class=\"wp-block-details has-n-brown-color has-text-color has-link-color has-n-outfit-font-family has-medium-font-size wp-elements-c1da05e6c16b0ffef9eaff107598a8fb is-layout-flow wp-container-core-details-is-layout-d3fb2301 wp-block-details-is-layout-flow\" style=\"border-top-color:var(--wp--preset--color--n-lightest-brown);border-top-width:1px;padding-top:var(--wp--preset--spacing--40);padding-bottom:var(--wp--preset--spacing--40);font-style:normal;font-weight:300\"><summary>Welke activiteiten worden ter plaatse aangeboden?<\/summary>\n<ul style=\"font-size:clamp(14px, 0.875rem + ((1vw - 3.2px) * 0.175), 16px);\" class=\"wp-block-list\">\n<li>Sport: Tennis, mountainbiken, wandelen, p\u00e9tanque, trampoline.<\/li>\n\n\n\n<li>Aquatisch gebied: Zwembad, glijbanen, peuterbad.<\/li>\n\n\n\n<li>Evenementen: Ap\u00e9ro-concerten in het hoogseizoen.<\/li>\n<\/ul>\n<\/details>\n\n\n\n<details class=\"wp-block-details has-n-brown-color has-text-color has-link-color has-n-outfit-font-family has-medium-font-size wp-elements-cbaf6a2fda1182f3462a6e3241376d67 is-layout-flow wp-container-core-details-is-layout-d3fb2301 wp-block-details-is-layout-flow\" style=\"border-top-color:var(--wp--preset--color--n-lightest-brown);border-top-width:1px;padding-top:var(--wp--preset--spacing--40);padding-bottom:var(--wp--preset--spacing--40);font-style:normal;font-weight:300\"><summary>Welke toeristische activiteiten raadt u aan in de omgeving?<\/summary>\n<ul class=\"wp-block-list\">\n<li style=\"font-size:clamp(14px, 0.875rem + ((1vw - 3.2px) * 0.175), 16px);\">Kanotochten op de V\u00e9z\u00e8re of Dordogne.<\/li>\n\n\n\n<li style=\"font-size:clamp(14px, 0.875rem + ((1vw - 3.2px) * 0.175), 16px);\">Culturele bezoeken: Grotten van Lascaux, kastelen, middeleeuwse dorpen.<\/li>\n\n\n\n<li style=\"font-size:clamp(14px, 0.875rem + ((1vw - 3.2px) * 0.175), 16px);\">Wandelingen: GR 36, gemarkeerde paden.<\/li>\n<\/ul>\n\n\n\n<div class=\"wp-block-buttons is-layout-flex wp-block-buttons-is-layout-flex\" style=\"margin-top:var(--wp--preset--spacing--40)\">\n<div class=\"wp-block-button is-style-outline is-style-outline--1\"><a class=\"wp-block-button__link has-n-brown-color has-text-color has-link-color has-border-color has-n-brown-border-color has-small-font-size has-custom-font-size wp-element-button\" href=\"https:\/\/levezereperigord.com\/nl\/tourisme\/\" style=\"border-width:1px;border-radius:4px;font-style:normal;font-weight:400;text-transform:uppercase\">Ontdek onze toeristische suggesties<\/a><\/div>\n<\/div>\n<\/details>\n<\/div>\n<\/div>\n\n\n\n<div class=\"wp-block-group is-layout-constrained wp-block-group-is-layout-constrained\" style=\"margin-top:var(--wp--preset--spacing--80)\">\n<h2 class=\"wp-block-heading has-n-light-brown-color has-text-color has-link-color has-n-outfit-font-family has-default-font-size wp-elements-8208857fd53facb961dc3355dce1c38b\" style=\"font-style:normal;font-weight:300;text-transform:uppercase\">Huisdieren<\/h2>\n\n\n\n<div class=\"wp-block-group is-vertical is-content-justification-stretch is-layout-flex wp-container-core-group-is-layout-abb2ea6d wp-block-group-is-layout-flex\" style=\"margin-top:var(--wp--preset--spacing--30)\">\n<details class=\"wp-block-details has-n-brown-color has-text-color has-link-color has-n-outfit-font-family has-medium-font-size wp-elements-6900e12bfad091f5007941f178caf353 is-layout-flow wp-container-core-details-is-layout-d3fb2301 wp-block-details-is-layout-flow\" style=\"border-top-color:var(--wp--preset--color--n-lightest-brown);border-top-width:1px;padding-top:var(--wp--preset--spacing--40);padding-bottom:var(--wp--preset--spacing--40);font-style:normal;font-weight:300\"><summary>Zijn huisdieren toegestaan?<\/summary>\n<p class=\"has-n-outfit-font-family has-default-font-size\" style=\"font-style:normal;font-weight:400\">Ja, huisdieren zijn toegestaan onder voorwaarden van gedrag dat compatibel is met de camping en andere kampeerders (aan de lijn, vaccinaties up-to-date indien nodig). Een toeslag kan van toepassing zijn.<\/p>\n<\/details>\n<\/div>\n<\/div>\n\n\n\n<div class=\"wp-block-group is-layout-constrained wp-block-group-is-layout-constrained\" style=\"margin-top:var(--wp--preset--spacing--80)\">\n<h2 class=\"wp-block-heading has-n-light-brown-color has-text-color has-link-color has-n-outfit-font-family has-default-font-size wp-elements-867882d4c1b62d3a448ac0c34c5a215e\" style=\"font-style:normal;font-weight:300;text-transform:uppercase\">Contact en toegang<\/h2>\n\n\n\n<div class=\"wp-block-group is-vertical is-content-justification-stretch is-layout-flex wp-container-core-group-is-layout-abb2ea6d wp-block-group-is-layout-flex\" style=\"margin-top:var(--wp--preset--spacing--30)\">\n<details class=\"wp-block-details has-n-brown-color has-text-color has-link-color has-n-outfit-font-family has-medium-font-size wp-elements-e75385a04edead4933a2ffc712f76209 is-layout-flow wp-container-core-details-is-layout-d3fb2301 wp-block-details-is-layout-flow\" style=\"border-top-color:var(--wp--preset--color--n-lightest-brown);border-top-width:1px;padding-top:var(--wp--preset--spacing--40);padding-bottom:var(--wp--preset--spacing--40);font-style:normal;font-weight:300\"><summary>Wat zijn uw openingstijden?<\/summary>\n<p class=\"has-n-outfit-font-family has-default-font-size\" style=\"font-style:normal;font-weight:400\">Onze receptie is dagelijks geopend van 9:00 tot 18:00 uur.<\/p>\n<\/details>\n\n\n\n<details class=\"wp-block-details has-n-brown-color has-text-color has-link-color has-n-outfit-font-family has-medium-font-size wp-elements-0f95039e08bdfad979222bbd882d5e1f is-layout-flow wp-container-core-details-is-layout-d3fb2301 wp-block-details-is-layout-flow\" style=\"border-top-color:var(--wp--preset--color--n-lightest-brown);border-top-width:1px;padding-top:var(--wp--preset--spacing--40);padding-bottom:var(--wp--preset--spacing--40);font-style:normal;font-weight:300\"><summary>Hoe bereik ik de camping?<\/summary>\n<p class=\"has-n-outfit-font-family has-default-font-size\" style=\"font-style:normal;font-weight:400\"><strong>Adresse<\/strong> : Route de Fontpeyrine, 303 \u2013 24620 Tursac.<\/p>\n\n\n\n<div class=\"wp-block-buttons is-layout-flex wp-block-buttons-is-layout-flex\" style=\"margin-top:var(--wp--preset--spacing--40)\">\n<div class=\"wp-block-button is-style-outline is-style-outline--2\"><a class=\"wp-block-button__link has-n-brown-color has-text-color has-link-color has-border-color has-n-brown-border-color has-small-font-size has-custom-font-size wp-element-button\" href=\"https:\/\/www.google.com\/maps\/dir\/\/303+Rte+de+Fontpeyrine,+24620+Tursac,+France\/@44.9750816,1.0416996,17z\/data=!4m17!1m8!3m7!1s0x12ab4d698a1650db:0x27eda9bf20e5e519!2s303+Rte+de+Fontpeyrine,+24620+Tursac,+France!3b1!8m2!3d44.9750816!4d1.0442799!16s%2Fg%2F11rnclwphr!4m7!1m0!1m5!1m1!1s0x12ab4d698a1650db:0x27eda9bf20e5e519!2m2!1d1.0442799!2d44.9750816?entry=ttu&#038;g_ep=EgoyMDI1MTEyMy4xIKXMDSoASAFQAw%3D%3D\" style=\"border-width:1px;border-radius:4px;font-style:normal;font-weight:400;text-transform:uppercase\">Bekijk de route op Google Maps<\/a><\/div>\n<\/div>\n<\/details>\n<\/div>\n<\/div>\n<\/div>\n\n\n\n<div class=\"wp-block-group n-mobile-full-bleed has-n-lightest-brown-background-color has-background is-layout-constrained wp-container-core-group-is-layout-a5b16f8c wp-block-group-is-layout-constrained\" style=\"border-radius:4px;margin-top:0;margin-bottom:0;padding-top:var(--wp--preset--spacing--80);padding-right:var(--wp--preset--spacing--80);padding-bottom:var(--wp--preset--spacing--80);padding-left:var(--wp--preset--spacing--80)\">\n<h2 class=\"wp-block-heading has-text-align-center has-n-brown-color has-text-color has-link-color has-n-benne-font-family has-x-large-font-size wp-elements-dc581cc639da86c184f7a809d2d42b8a\">Heeft u geen antwoord gevonden?<\/h2>\n\n\n\n<p class=\"has-text-align-center n-max-text has-n-brown-color has-text-color has-link-color has-n-outfit-font-family wp-elements-ba53b4f3c56520b032b5d730b4e87a1e\">Ons team staat klaar om uw extra vragen te beantwoorden:<\/p>\n\n\n\n<p class=\"has-text-align-center n-max-text has-n-brown-color has-text-color has-link-color has-n-outfit-font-family wp-elements-def985d19059abb58c3345227630a650\"><strong>Per telefoon<\/strong> : +33 (0)5 53 06 96 31 ou +33 (0)6 76 23 65 26<br><strong>Per e-mail<\/strong> : info@levezereperigord.com<br><strong>Via Whatsapp :<\/strong> +33 676236526<br><strong>Via duifpost\u2026<\/strong><\/p>\n<\/div>\n","protected":false},"excerpt":{"rendered":"<p>FAQ \u2013 Uw vragen, onze antwoorden Reserveringen en verblijven Kampeerplaatsen en accommodaties Tarieven en betalingen Uitrusting en diensten Activiteiten en omgeving Huisdieren Contact en toegang Heeft u geen antwoord gevonden? Ons team staat klaar om uw extra vragen te beantwoorden: Per telefoon : +33 (0)5 53 06 96 31 ou +33 (0)6 76 23 65 [&hellip;]<\/p>\n","protected":false},"author":1,"featured_media":0,"parent":0,"menu_order":0,"comment_status":"closed","ping_status":"closed","template":"","meta":{"footnotes":""},"class_list":["post-113","page","type-page","status-publish","hentry"],"_links":{"self":[{"href":"https:\/\/levezereperigord.com\/nl\/wp-json\/wp\/v2\/pages\/113","targetHints":{"allow":["GET"]}}],"collection":[{"href":"https:\/\/levezereperigord.com\/nl\/wp-json\/wp\/v2\/pages"}],"about":[{"href":"https:\/\/levezereperigord.com\/nl\/wp-json\/wp\/v2\/types\/page"}],"author":[{"embeddable":true,"href":"https:\/\/levezereperigord.com\/nl\/wp-json\/wp\/v2\/users\/1"}],"replies":[{"embeddable":true,"href":"https:\/\/levezereperigord.com\/nl\/wp-json\/wp\/v2\/comments?post=113"}],"version-history":[{"count":37,"href":"https:\/\/levezereperigord.com\/nl\/wp-json\/wp\/v2\/pages\/113\/revisions"}],"predecessor-version":[{"id":1915,"href":"https:\/\/levezereperigord.com\/nl\/wp-json\/wp\/v2\/pages\/113\/revisions\/1915"}],"wp:attachment":[{"href":"https:\/\/levezereperigord.com\/nl\/wp-json\/wp\/v2\/media?parent=113"}],"curies":[{"name":"wp","href":"https:\/\/api.w.org\/{rel}","templated":true}]}}