{"id":53,"date":"2025-10-30T12:28:30","date_gmt":"2025-10-30T11:28:30","guid":{"rendered":"https:\/\/levezereperigord.com\/?page_id=53"},"modified":"2026-02-25T11:05:00","modified_gmt":"2026-02-25T10:05:00","slug":"services","status":"publish","type":"page","link":"https:\/\/levezereperigord.com\/es\/services\/","title":{"rendered":"Services"},"content":{"rendered":"\n<div class=\"wp-block-group n-mobile-full-bleed has-n-lightest-brown-background-color has-background is-layout-constrained wp-container-core-group-is-layout-19ac9bc1 wp-block-group-is-layout-constrained\" style=\"border-radius:4px;margin-top:0;margin-bottom:0;padding-top:var(--wp--preset--spacing--60);padding-right:var(--wp--preset--spacing--60);padding-bottom:var(--wp--preset--spacing--60);padding-left:var(--wp--preset--spacing--60)\">\n<div class=\"wp-block-columns are-vertically-aligned-center n-column-reverse is-layout-flex wp-container-core-columns-is-layout-6ef9061c wp-block-columns-is-layout-flex\">\n<div class=\"wp-block-column is-vertically-aligned-center is-layout-flow wp-block-column-is-layout-flow\" style=\"padding-right:0;padding-left:0;flex-basis:33.33%\">\n<div class=\"wp-block-group is-vertical is-layout-flex wp-container-core-group-is-layout-355c4241 wp-block-group-is-layout-flex\">\n<h1 class=\"wp-block-heading has-n-light-brown-color has-text-color has-link-color has-n-outfit-font-family has-small-font-size wp-elements-12fd062277b29ab70cdd7305d1c91125\" style=\"font-style:normal;font-weight:300;letter-spacing:1.5px;text-transform:uppercase\">SERVICIOS<\/h1>\n\n\n\n<h2 class=\"wp-block-heading has-n-brown-color has-text-color has-link-color has-n-benne-font-family has-gigantic-font-size wp-elements-ec47e803b574f9967d0022b6ddf14de4\" style=\"line-height:1\">Vacaciones sin preocupaciones<\/h2>\n\n\n\n<p class=\"has-n-brown-color has-text-color has-link-color has-n-outfit-font-family wp-elements-bf8beed779e0688f592981e2db3c3888\" style=\"font-size:14px\">Con nosotros, todo est\u00e1 pensado para que usted disfrute plenamente de su estancia. Relajaci\u00f3n, confort y actividades: nosotros nos ocupamos del resto. \u00a1Sus vacaciones en el P\u00e9rigord Negro comienzan aqu\u00ed!<\/p>\n\n\n\n<div class=\"wp-block-buttons is-layout-flex wp-block-buttons-is-layout-flex\" style=\"margin-top:var(--wp--preset--spacing--50)\">\n<div class=\"wp-block-button is-style-fill\"><a class=\"wp-block-button__link has-n-white-color has-n-accent-background-color has-text-color has-background has-link-color has-n-outfit-font-family has-small-font-size has-custom-font-size wp-element-button\" style=\"border-radius:4px;text-transform:uppercase\">Reservar mis vacaciones<\/a><\/div>\n<\/div>\n<\/div>\n<\/div>\n\n\n\n<div class=\"wp-block-column is-vertically-aligned-center is-layout-flow wp-block-column-is-layout-flow\" style=\"flex-basis:66.66%\">\n<figure class=\"wp-block-image size-full has-custom-border\"><img loading=\"lazy\" decoding=\"async\" width=\"875\" height=\"656\" src=\"https:\/\/levezereperigord.com\/wp-content\/uploads\/2025\/12\/location-mobil-homes-camping-vezere-perigord.avif\" alt=\"\" class=\"wp-image-282\" style=\"border-radius:4px;aspect-ratio:4\/3;object-fit:cover\" srcset=\"https:\/\/levezereperigord.com\/wp-content\/uploads\/2025\/12\/location-mobil-homes-camping-vezere-perigord.avif 875w, https:\/\/levezereperigord.com\/wp-content\/uploads\/2025\/12\/location-mobil-homes-camping-vezere-perigord-300x225.avif 300w, https:\/\/levezereperigord.com\/wp-content\/uploads\/2025\/12\/location-mobil-homes-camping-vezere-perigord-768x576.avif 768w\" sizes=\"auto, (max-width: 875px) 100vw, 875px\" \/><\/figure>\n<\/div>\n<\/div>\n<\/div>\n\n\n\n<div class=\"wp-block-group is-layout-constrained wp-container-core-group-is-layout-4383d167 wp-block-group-is-layout-constrained\">\n<div class=\"wp-block-columns are-vertically-aligned-center is-layout-flex wp-container-core-columns-is-layout-6ef9061c wp-block-columns-is-layout-flex\">\n<div class=\"wp-block-column is-vertically-aligned-center is-layout-flow wp-block-column-is-layout-flow\" style=\"padding-right:0;padding-left:0;flex-basis:50%\">\n<figure class=\"wp-block-image size-full has-custom-border\"><img loading=\"lazy\" decoding=\"async\" width=\"980\" height=\"557\" src=\"https:\/\/levezereperigord.com\/wp-content\/uploads\/2025\/10\/piscine-camping-vezere-perigord.jpeg.avif\" alt=\"\" class=\"wp-image-79\" style=\"border-radius:4px;box-shadow:var(--wp--preset--shadow--n-smooth-shadow);aspect-ratio:4\/3;object-fit:cover\" srcset=\"https:\/\/levezereperigord.com\/wp-content\/uploads\/2025\/10\/piscine-camping-vezere-perigord.jpeg.avif 980w, https:\/\/levezereperigord.com\/wp-content\/uploads\/2025\/10\/piscine-camping-vezere-perigord.jpeg-300x171.avif 300w, https:\/\/levezereperigord.com\/wp-content\/uploads\/2025\/10\/piscine-camping-vezere-perigord.jpeg-768x437.avif 768w\" sizes=\"auto, (max-width: 980px) 100vw, 980px\" \/><\/figure>\n<\/div>\n\n\n\n<div class=\"wp-block-column is-vertically-aligned-center is-layout-flow wp-container-core-column-is-layout-053e94e8 wp-block-column-is-layout-flow\" style=\"padding-right:0;padding-left:0;flex-basis:50%\">\n<h3 class=\"wp-block-heading has-n-brown-color has-text-color has-link-color has-n-benne-font-family has-large-font-size wp-elements-b92587aebc4764677586676455c46eeb\">La Piscina<\/h3>\n\n\n\n<p class=\"n-max-text has-n-brown-color has-text-color has-link-color has-n-outfit-font-family wp-elements-1208fcb6559090f4f0ce2abf3d969cfc\" style=\"font-size:14px\">\u00a0\u00a1Sum\u00e9rjase en nuestro espacio acu\u00e1tico! Entre piscina cubierta y climatizada, piscina exterior, toboganes, zona infantil y sol\u00e1rium, hay opciones para todos los gustos. Un lugar ideal para nadar, jugar o relajarse en familia.<\/p>\n\n\n\n<div class=\"wp-block-buttons is-content-justification-left is-nowrap is-layout-flex wp-container-core-buttons-is-layout-fbe9fc48 wp-block-buttons-is-layout-flex\" style=\"margin-top:var(--wp--preset--spacing--50);margin-bottom:0px;padding-top:0px;padding-right:0px;padding-bottom:0px;padding-left:0px\">\n<div class=\"wp-block-button is-style-outline is-style-outline--1\"><a class=\"wp-block-button__link has-n-brown-color has-text-color has-link-color has-border-color has-n-outfit-font-family has-small-font-size has-text-align-center has-custom-font-size wp-element-button\" href=\"https:\/\/levezereperigord.com\/piscine\" style=\"border-color:#3B2F21;border-width:1px;border-radius:4px;font-style:normal;font-weight:400;letter-spacing:1px;text-transform:uppercase\">\u00a0Descubrir la piscina<\/a><\/div>\n<\/div>\n<\/div>\n<\/div>\n\n\n\n<div class=\"wp-block-columns are-vertically-aligned-center n-column-reverse is-layout-flex wp-container-core-columns-is-layout-6ef9061c wp-block-columns-is-layout-flex\">\n<div class=\"wp-block-column is-vertically-aligned-center is-layout-flow wp-container-core-column-is-layout-053e94e8 wp-block-column-is-layout-flow\" style=\"padding-right:0;padding-left:0;flex-basis:50%\">\n<h3 class=\"wp-block-heading has-n-brown-color has-text-color has-link-color has-n-benne-font-family has-large-font-size wp-elements-2a3c238b6072dd7142d75937fc290853\">El Restaurante<\/h3>\n\n\n\n<p class=\"n-max-text has-n-brown-color has-text-color has-link-color has-n-outfit-font-family wp-elements-5ce60cbcfeef6eaa4fff3cd83d107182\" style=\"font-size:14px\">Con Gilles y Alexandrine, apostamos por lo local y casero. En el men\u00fa: platos de temporada, pizzas caseras, pollo asado para llevar, e incluso servicio de panader\u00eda por la ma\u00f1ana para desayunos deliciosos. Una terraza sombreada frente a las piscinas para comer en plena naturaleza.<\/p>\n\n\n\n<div class=\"wp-block-buttons is-content-justification-left is-nowrap is-layout-flex wp-container-core-buttons-is-layout-fbe9fc48 wp-block-buttons-is-layout-flex\" style=\"margin-top:var(--wp--preset--spacing--50);margin-bottom:0px;padding-top:0px;padding-right:0px;padding-bottom:0px;padding-left:0px\">\n<div class=\"wp-block-button is-style-outline is-style-outline--2\"><a class=\"wp-block-button__link has-n-brown-color has-text-color has-link-color has-border-color has-n-outfit-font-family has-small-font-size has-text-align-center has-custom-font-size wp-element-button\" href=\"https:\/\/levezereperigord.com\/restaurant\/\" style=\"border-color:#3B2F21;border-width:1px;border-radius:4px;font-style:normal;font-weight:400;letter-spacing:1px;text-transform:uppercase\">DESCUBRIR EL RESTAURANTe<\/a><\/div>\n<\/div>\n<\/div>\n\n\n\n<div class=\"wp-block-column is-vertically-aligned-center is-layout-flow wp-block-column-is-layout-flow\" style=\"padding-right:0;padding-left:0;flex-basis:50%\">\n<figure class=\"wp-block-image size-large has-custom-border\"><img loading=\"lazy\" decoding=\"async\" width=\"1024\" height=\"768\" src=\"https:\/\/levezereperigord.com\/wp-content\/uploads\/2025\/10\/restaurant-camping-vezere-perigord-1024x768.avif\" alt=\"\" class=\"wp-image-80\" style=\"border-radius:4px;box-shadow:var(--wp--preset--shadow--n-smooth-shadow);aspect-ratio:4\/3;object-fit:cover\" srcset=\"https:\/\/levezereperigord.com\/wp-content\/uploads\/2025\/10\/restaurant-camping-vezere-perigord-1024x768.avif 1024w, https:\/\/levezereperigord.com\/wp-content\/uploads\/2025\/10\/restaurant-camping-vezere-perigord-300x225.avif 300w, https:\/\/levezereperigord.com\/wp-content\/uploads\/2025\/10\/restaurant-camping-vezere-perigord-768x576.avif 768w, https:\/\/levezereperigord.com\/wp-content\/uploads\/2025\/10\/restaurant-camping-vezere-perigord.avif 1068w\" sizes=\"auto, (max-width: 1024px) 100vw, 1024px\" \/><\/figure>\n<\/div>\n<\/div>\n\n\n\n<div class=\"wp-block-columns are-vertically-aligned-center is-layout-flex wp-container-core-columns-is-layout-6ef9061c wp-block-columns-is-layout-flex\">\n<div class=\"wp-block-column is-vertically-aligned-center is-layout-flow wp-block-column-is-layout-flow\" style=\"padding-right:0;padding-left:0;flex-basis:50%\">\n<figure class=\"wp-block-image size-full has-custom-border\"><img loading=\"lazy\" decoding=\"async\" width=\"773\" height=\"517\" src=\"https:\/\/levezereperigord.com\/wp-content\/uploads\/2025\/10\/terrain-tenis-camping-vezere-perigord.jpg\" alt=\"\" class=\"wp-image-85\" style=\"border-radius:4px;box-shadow:var(--wp--preset--shadow--n-smooth-shadow);aspect-ratio:4\/3;object-fit:cover\" srcset=\"https:\/\/levezereperigord.com\/wp-content\/uploads\/2025\/10\/terrain-tenis-camping-vezere-perigord.jpg 773w, https:\/\/levezereperigord.com\/wp-content\/uploads\/2025\/10\/terrain-tenis-camping-vezere-perigord-300x201.jpg 300w, https:\/\/levezereperigord.com\/wp-content\/uploads\/2025\/10\/terrain-tenis-camping-vezere-perigord-768x514.jpg 768w\" sizes=\"auto, (max-width: 773px) 100vw, 773px\" \/><\/figure>\n<\/div>\n\n\n\n<div class=\"wp-block-column is-vertically-aligned-center is-layout-flow wp-container-core-column-is-layout-053e94e8 wp-block-column-is-layout-flow\" style=\"padding-right:0;padding-left:0;flex-basis:50%\">\n<h3 class=\"wp-block-heading has-n-brown-color has-text-color has-link-color has-n-benne-font-family has-large-font-size wp-elements-b78e0cc596ee828a857bb6a76a30c8ec\">Deportes y Ocio<\/h3>\n\n\n\n<p class=\"n-max-text has-n-brown-color has-text-color has-link-color has-n-outfit-font-family wp-elements-09ba9d054ba2855820c9febfa975fcb4\" style=\"font-size:14px\">\u00bfGanas de moverse? Entre pista de tenis, polideportivo, senderismo, rutas de MTB, trampol\u00edn XXL, ping-pong y petanca, hay actividades para toda la familia. \u00a1Y despu\u00e9s del esfuerzo, la piscina o la V\u00e9z\u00e8re para refrescarse!<\/p>\n\n\n\n<div class=\"wp-block-buttons is-content-justification-left is-nowrap is-layout-flex wp-container-core-buttons-is-layout-fbe9fc48 wp-block-buttons-is-layout-flex\" style=\"margin-top:var(--wp--preset--spacing--50);margin-bottom:0px;padding-top:0px;padding-right:0px;padding-bottom:0px;padding-left:0px\">\n<div class=\"wp-block-button is-style-outline is-style-outline--3\"><a class=\"wp-block-button__link has-n-brown-color has-text-color has-link-color has-border-color has-n-outfit-font-family has-small-font-size has-text-align-center has-custom-font-size wp-element-button\" href=\"https:\/\/levezereperigord.com\/sports-et-loisirs\/\" style=\"border-color:#3B2F21;border-width:1px;border-radius:4px;font-style:normal;font-weight:400;letter-spacing:1px;text-transform:uppercase\">DESCUBRIR DEPORTES Y OCIO<\/a><\/div>\n<\/div>\n<\/div>\n<\/div>\n\n\n\n<div class=\"wp-block-columns are-vertically-aligned-center n-column-reverse is-layout-flex wp-container-core-columns-is-layout-6ef9061c wp-block-columns-is-layout-flex\">\n<div class=\"wp-block-column is-vertically-aligned-center is-layout-flow wp-container-core-column-is-layout-053e94e8 wp-block-column-is-layout-flow\" style=\"padding-right:0;padding-left:0;flex-basis:50%\">\n<h3 class=\"wp-block-heading has-n-brown-color has-text-color has-link-color has-n-benne-font-family has-large-font-size wp-elements-0a25447871c9df5e94bf7fb052b00b22\">Los Sanitarios<\/h3>\n\n\n\n<p class=\"n-max-text has-n-brown-color has-text-color has-link-color has-n-outfit-font-family wp-elements-50358eb958b1d1ad903179d29ff51ac3\" style=\"font-size:14px\">Para su comodidad, dos bloques de sanitarios modernos est\u00e1n a su disposici\u00f3n en temporada alta: duchas calientes, zonas de lavado de platos y ropa. Todo para sentirse como en casa despu\u00e9s de un d\u00eda de aventuras.<\/p>\n\n\n\n<div class=\"wp-block-buttons is-content-justification-left is-nowrap is-layout-flex wp-container-core-buttons-is-layout-fbe9fc48 wp-block-buttons-is-layout-flex\" style=\"margin-top:var(--wp--preset--spacing--50);margin-bottom:0px;padding-top:0px;padding-right:0px;padding-bottom:0px;padding-left:0px\">\n<div class=\"wp-block-button is-style-outline is-style-outline--4\"><a class=\"wp-block-button__link has-n-brown-color has-text-color has-link-color has-border-color has-n-outfit-font-family has-small-font-size has-text-align-center has-custom-font-size wp-element-button\" href=\"https:\/\/levezereperigord.com\/sanitaires\/\" style=\"border-color:#3B2F21;border-width:1px;border-radius:4px;font-style:normal;font-weight:400;letter-spacing:1px;text-transform:uppercase\">DESCUBRIR EL RESTAURANTE<\/a><\/div>\n<\/div>\n<\/div>\n\n\n\n<div class=\"wp-block-column is-vertically-aligned-center is-layout-flow wp-block-column-is-layout-flow\" style=\"padding-right:0;padding-left:0;flex-basis:50%\">\n<figure class=\"wp-block-image size-full has-custom-border\"><img loading=\"lazy\" decoding=\"async\" width=\"884\" height=\"588\" src=\"https:\/\/levezereperigord.com\/wp-content\/uploads\/2025\/11\/bloc-sanitaire-vezere-perigord.jpg\" alt=\"\" class=\"wp-image-111\" style=\"border-radius:4px;box-shadow:var(--wp--preset--shadow--n-smooth-shadow);aspect-ratio:4\/3;object-fit:cover\" srcset=\"https:\/\/levezereperigord.com\/wp-content\/uploads\/2025\/11\/bloc-sanitaire-vezere-perigord.jpg 884w, https:\/\/levezereperigord.com\/wp-content\/uploads\/2025\/11\/bloc-sanitaire-vezere-perigord-300x200.jpg 300w, https:\/\/levezereperigord.com\/wp-content\/uploads\/2025\/11\/bloc-sanitaire-vezere-perigord-768x511.jpg 768w\" sizes=\"auto, (max-width: 884px) 100vw, 884px\" \/><\/figure>\n<\/div>\n<\/div>\n<\/div>\n","protected":false},"excerpt":{"rendered":"<p>SERVICIOS Vacaciones sin preocupaciones Con nosotros, todo est\u00e1 pensado para que usted disfrute plenamente de su estancia. Relajaci\u00f3n, confort y actividades: nosotros nos ocupamos del resto. \u00a1Sus vacaciones en el P\u00e9rigord Negro comienzan aqu\u00ed! La Piscina \u00a0\u00a1Sum\u00e9rjase en nuestro espacio acu\u00e1tico! Entre piscina cubierta y climatizada, piscina exterior, toboganes, zona infantil y sol\u00e1rium, hay opciones [&hellip;]<\/p>\n","protected":false},"author":1,"featured_media":0,"parent":0,"menu_order":0,"comment_status":"closed","ping_status":"closed","template":"","meta":{"footnotes":""},"class_list":["post-53","page","type-page","status-publish","hentry"],"_links":{"self":[{"href":"https:\/\/levezereperigord.com\/es\/wp-json\/wp\/v2\/pages\/53","targetHints":{"allow":["GET"]}}],"collection":[{"href":"https:\/\/levezereperigord.com\/es\/wp-json\/wp\/v2\/pages"}],"about":[{"href":"https:\/\/levezereperigord.com\/es\/wp-json\/wp\/v2\/types\/page"}],"author":[{"embeddable":true,"href":"https:\/\/levezereperigord.com\/es\/wp-json\/wp\/v2\/users\/1"}],"replies":[{"embeddable":true,"href":"https:\/\/levezereperigord.com\/es\/wp-json\/wp\/v2\/comments?post=53"}],"version-history":[{"count":9,"href":"https:\/\/levezereperigord.com\/es\/wp-json\/wp\/v2\/pages\/53\/revisions"}],"predecessor-version":[{"id":1146,"href":"https:\/\/levezereperigord.com\/es\/wp-json\/wp\/v2\/pages\/53\/revisions\/1146"}],"wp:attachment":[{"href":"https:\/\/levezereperigord.com\/es\/wp-json\/wp\/v2\/media?parent=53"}],"curies":[{"name":"wp","href":"https:\/\/api.w.org\/{rel}","templated":true}]}}