{"id":17,"date":"2025-10-30T12:12:00","date_gmt":"2025-10-30T11:12:00","guid":{"rendered":"https:\/\/levezereperigord.com\/?page_id=17"},"modified":"2026-02-26T13:59:51","modified_gmt":"2026-02-26T12:59:51","slug":"sports-et-loisirs","status":"publish","type":"page","link":"https:\/\/levezereperigord.com\/es\/services\/sports-et-loisirs\/","title":{"rendered":"Sports et Loisirs"},"content":{"rendered":"\n<div class=\"wp-block-group is-layout-constrained wp-container-core-group-is-layout-f5a82dac wp-block-group-is-layout-constrained\" style=\"margin-top:0;margin-bottom:0;padding-top:0;padding-right:0;padding-bottom:0;padding-left:0\">\n<div class=\"wp-block-columns is-layout-flex wp-container-core-columns-is-layout-469e8e9f wp-block-columns-is-layout-flex\" style=\"margin-top:0;margin-bottom:0;padding-top:0;padding-right:0;padding-bottom:0;padding-left:0\">\n<div class=\"wp-block-column is-layout-flow wp-block-column-is-layout-flow\">\n<figure class=\"wp-block-image size-full has-custom-border n-mobile-full-bleed\"><img loading=\"lazy\" decoding=\"async\" width=\"773\" height=\"434\" src=\"https:\/\/levezereperigord.com\/wp-content\/uploads\/2025\/12\/city-camping-vezere-perigord.jpg\" alt=\"\" class=\"wp-image-232\" style=\"border-radius:4px;aspect-ratio:1;object-fit:cover\" srcset=\"https:\/\/levezereperigord.com\/wp-content\/uploads\/2025\/12\/city-camping-vezere-perigord.jpg 773w, https:\/\/levezereperigord.com\/wp-content\/uploads\/2025\/12\/city-camping-vezere-perigord-300x168.jpg 300w, https:\/\/levezereperigord.com\/wp-content\/uploads\/2025\/12\/city-camping-vezere-perigord-768x431.jpg 768w\" sizes=\"auto, (max-width: 773px) 100vw, 773px\" \/><\/figure>\n<\/div>\n\n\n\n<div class=\"wp-block-column is-layout-flow wp-block-column-is-layout-flow\">\n<div class=\"wp-block-columns is-layout-flex wp-container-core-columns-is-layout-08c01c1c wp-block-columns-is-layout-flex\">\n<div class=\"wp-block-column is-layout-flow wp-block-column-is-layout-flow\">\n<div class=\"wp-block-group is-vertical is-layout-flex wp-container-core-group-is-layout-355c4241 wp-block-group-is-layout-flex\">\n<figure class=\"wp-block-image size-full has-custom-border n-desktop\"><img loading=\"lazy\" decoding=\"async\" width=\"773\" height=\"515\" src=\"https:\/\/levezereperigord.com\/wp-content\/uploads\/2025\/12\/canoe-kayak-dordogne-camping-vezere-perigord.jpg\" alt=\"\" class=\"wp-image-231\" style=\"border-radius:4px;aspect-ratio:1;object-fit:cover\" srcset=\"https:\/\/levezereperigord.com\/wp-content\/uploads\/2025\/12\/canoe-kayak-dordogne-camping-vezere-perigord.jpg 773w, https:\/\/levezereperigord.com\/wp-content\/uploads\/2025\/12\/canoe-kayak-dordogne-camping-vezere-perigord-300x200.jpg 300w, https:\/\/levezereperigord.com\/wp-content\/uploads\/2025\/12\/canoe-kayak-dordogne-camping-vezere-perigord-768x512.jpg 768w\" sizes=\"auto, (max-width: 773px) 100vw, 773px\" \/><\/figure>\n\n\n\n<figure class=\"wp-block-image size-full has-custom-border n-desktop\"><img loading=\"lazy\" decoding=\"async\" width=\"773\" height=\"517\" src=\"https:\/\/levezereperigord.com\/wp-content\/uploads\/2025\/12\/tennis-camping-vezere-perigord.jpg\" alt=\"\" class=\"wp-image-230\" style=\"border-radius:4px;aspect-ratio:1;object-fit:cover\" srcset=\"https:\/\/levezereperigord.com\/wp-content\/uploads\/2025\/12\/tennis-camping-vezere-perigord.jpg 773w, https:\/\/levezereperigord.com\/wp-content\/uploads\/2025\/12\/tennis-camping-vezere-perigord-300x201.jpg 300w, https:\/\/levezereperigord.com\/wp-content\/uploads\/2025\/12\/tennis-camping-vezere-perigord-768x514.jpg 768w\" sizes=\"auto, (max-width: 773px) 100vw, 773px\" \/><\/figure>\n<\/div>\n<\/div>\n\n\n\n<div class=\"wp-block-column is-layout-flow wp-block-column-is-layout-flow\">\n<div class=\"wp-block-group is-vertical is-layout-flex wp-container-core-group-is-layout-355c4241 wp-block-group-is-layout-flex\">\n<figure class=\"wp-block-image size-full has-custom-border n-desktop\"><img loading=\"lazy\" decoding=\"async\" width=\"835\" height=\"626\" src=\"https:\/\/levezereperigord.com\/wp-content\/uploads\/2025\/12\/vue-restaurant-camping-vezere-perigord.jpg\" alt=\"\" class=\"wp-image-218\" style=\"border-radius:4px;aspect-ratio:1;object-fit:cover\" srcset=\"https:\/\/levezereperigord.com\/wp-content\/uploads\/2025\/12\/vue-restaurant-camping-vezere-perigord.jpg 835w, https:\/\/levezereperigord.com\/wp-content\/uploads\/2025\/12\/vue-restaurant-camping-vezere-perigord-300x225.jpg 300w, https:\/\/levezereperigord.com\/wp-content\/uploads\/2025\/12\/vue-restaurant-camping-vezere-perigord-768x576.jpg 768w\" sizes=\"auto, (max-width: 835px) 100vw, 835px\" \/><\/figure>\n\n\n\n<figure class=\"wp-block-image size-full has-custom-border n-desktop\"><img loading=\"lazy\" decoding=\"async\" width=\"773\" height=\"517\" src=\"https:\/\/levezereperigord.com\/wp-content\/uploads\/2025\/12\/ping-pong-camping-vezere-perigord.jpg\" alt=\"\" class=\"wp-image-229\" style=\"border-radius:4px;aspect-ratio:1;object-fit:cover\" srcset=\"https:\/\/levezereperigord.com\/wp-content\/uploads\/2025\/12\/ping-pong-camping-vezere-perigord.jpg 773w, https:\/\/levezereperigord.com\/wp-content\/uploads\/2025\/12\/ping-pong-camping-vezere-perigord-300x201.jpg 300w, https:\/\/levezereperigord.com\/wp-content\/uploads\/2025\/12\/ping-pong-camping-vezere-perigord-768x514.jpg 768w\" sizes=\"auto, (max-width: 773px) 100vw, 773px\" \/><\/figure>\n<\/div>\n<\/div>\n<\/div>\n<\/div>\n<\/div>\n\n\n\n<div class=\"wp-block-columns is-layout-flex wp-container-core-columns-is-layout-178d4c1f wp-block-columns-is-layout-flex\" style=\"margin-top:var(--wp--preset--spacing--50);margin-bottom:var(--wp--preset--spacing--50);padding-top:0;padding-right:0;padding-bottom:0;padding-left:0\">\n<div class=\"wp-block-column is-layout-flow wp-container-core-column-is-layout-8a368f38 wp-block-column-is-layout-flow\" style=\"flex-basis:60%\">\n<h1 class=\"wp-block-heading has-n-brown-color has-text-color has-link-color has-n-benne-font-family wp-elements-8cbbd795b35897889522846da983aace\" style=\"font-size:clamp(1.25rem, 1.25rem + ((1vw - 0.2rem) * 1.053), 2rem);line-height:1.2\">Deportes y Ocio: <br>La aventura en el coraz\u00f3n del P\u00e9rigord Negro<\/h1>\n\n\n\n<p class=\"has-n-brown-color has-text-color has-link-color has-n-outfit-font-family has-default-font-size wp-elements-f031c5de1eb4cd202c49653051177bee\" style=\"font-style:normal;font-weight:300\">Pista de tenis\u30fbCancha multideportiva\u30fbTrampol\u00edn\u30fbPing-pong<\/p>\n\n\n\n<p class=\"has-n-brown-color has-text-color has-link-color has-n-outfit-font-family has-default-font-size wp-elements-a26839528d1863b89bbce5b40c3c9dcb\" style=\"border-top-color:var(--wp--preset--color--n-lightest-brown);border-top-width:1px;margin-top:var(--wp--preset--spacing--50);margin-bottom:0;padding-top:var(--wp--preset--spacing--50);padding-bottom:0\">En el camping <strong>Le V\u00e9z\u00e8re P\u00e9rigord<\/strong>, las actividades no faltan para toda la familia! Entre relajaci\u00f3n y aventura, disfrute de un entorno <strong>natural excepcional<\/strong> para ejercitarse y divertirse.<br><br><strong>En el lugar, descubra:<\/strong><br><\/p>\n\n\n\n<ul class=\"wp-block-list has-n-brown-color has-text-color has-link-color has-n-outfit-font-family wp-elements-588a3faf29e8586a4f549aa7bd219fea\">\n<li>Un parque infantil de <strong>robinia<\/strong>, madera est\u00e9tica e imputrescible, para el disfrute de los ni\u00f1os.<\/li>\n\n\n\n<li>Una bicicleta fitness <strong>cardio<\/strong> para mantenerse en forma mientras vigila a sus peque\u00f1os.<\/li>\n\n\n\n<li>Una pista de <strong>tenis<\/strong>, un polideportivo, mesas de ping-pong y un trampol\u00edn XXL para momentos de juego en familia.<\/li>\n\n\n\n<li>Espacios dedicados a la petanca y otros juegos convivenciales.<\/li>\n<\/ul>\n\n\n\n<p class=\"has-n-brown-color has-text-color has-link-color has-n-outfit-font-family wp-elements-1d4ba2669ec1cdff603e5de79e790ad1\"><br><strong>Alrededor del camping, explore:<\/strong><br><\/p>\n\n\n\n<ul class=\"wp-block-list has-n-brown-color has-text-color has-link-color has-n-outfit-font-family wp-elements-943f6a9211ee4d6a043cf91f211e7dd0\">\n<li>Senderos de gran recorrido (el <strong>GR 36<\/strong> pasa cerca) y rutas de MTB (itinerarios disponibles bajo solicitud).<\/li>\n\n\n\n<li><strong>Actividades<\/strong> de aventura como tirolina, <strong>golf<\/strong>, equitaci\u00f3n o incluso un vuelo en globo aerost\u00e1tico o parapente.<\/li>\n\n\n\n<li>Descensos en canoa directamente accesibles desde el camping, por la V\u00e9z\u00e8re o la Dordo\u00f1a.<\/li>\n\n\n\n<li>Lugares de ba\u00f1o naturales, como el estanque de <strong>Tamnies<\/strong> (con la etiqueta Pavillon Bleu) o los r\u00edos cercanos.<br><\/li>\n<\/ul>\n\n\n\n<p class=\"has-n-brown-color has-text-color has-link-color has-n-outfit-font-family wp-elements-6b71914722ae9423ad41c2080293088e\">Para los aficionados a la pesca, nuestros r\u00edos ofrecen rincones tranquilos para practicar esta actividad.<\/p>\n\n\n\n<h2 class=\"wp-block-heading has-n-brown-color has-text-color has-link-color has-n-outfit-font-family has-medium-font-size wp-elements-61a7c89c13a957d716991946e8f6fd6d\" style=\"border-top-color:var(--wp--preset--color--n-lightest-brown);border-top-width:1px;margin-top:var(--wp--preset--spacing--50);margin-bottom:var(--wp--preset--spacing--50);padding-top:var(--wp--preset--spacing--50);font-style:normal;font-weight:500\">Instalaciones de deportes y ocio<\/h2>\n\n\n\n<div class=\"wp-block-columns has-n-brown-color has-text-color has-link-color wp-elements-929a2842453293574b22ae3bcd35c7ee is-layout-flex wp-container-core-columns-is-layout-65eef5bf wp-block-columns-is-layout-flex\">\n<div class=\"wp-block-column is-layout-flow wp-container-core-column-is-layout-63d9dbad wp-block-column-is-layout-flow\" style=\"padding-top:0;padding-bottom:0\">\n<div class=\"wp-block-group has-n-brown-color has-text-color has-link-color wp-elements-e92522a51bb07e7659580d8cd6a7a9b7 is-nowrap is-layout-flex wp-container-core-group-is-layout-fc054d2d wp-block-group-is-layout-flex\">\n\u30fb\n\n\n\n<p class=\"has-n-brown-color has-text-color has-link-color has-n-outfit-font-family wp-elements-246d783ba62eb6827bad2d2c5307695d\" style=\"font-style:normal;font-weight:300\">Senderos de senderismo (GR 36)<\/p>\n<\/div>\n\n\n\n<div class=\"wp-block-group is-nowrap is-layout-flex wp-container-core-group-is-layout-fc054d2d wp-block-group-is-layout-flex\">\n\u30fb\n\n\n\n<p class=\"has-n-brown-color has-text-color has-link-color has-n-outfit-font-family wp-elements-94b0ac4bdb1524e7ce5a0008bd8dd90a\" style=\"font-style:normal;font-weight:300\">&nbsp;Rutas de MTB<\/p>\n<\/div>\n\n\n\n<div class=\"wp-block-group is-nowrap is-layout-flex wp-container-core-group-is-layout-fc054d2d wp-block-group-is-layout-flex\">\n\u30fb\n\n\n\n<p class=\"has-n-brown-color has-text-color has-link-color has-n-outfit-font-family wp-elements-38187948d9a61be91bd68b812c5392c4\" style=\"font-style:normal;font-weight:300\">Pista de tenis<\/p>\n<\/div>\n\n\n\n<div class=\"wp-block-group is-nowrap is-layout-flex wp-container-core-group-is-layout-fc054d2d wp-block-group-is-layout-flex\">\n\u30fb\n\n\n\n<p class=\"has-n-brown-color has-text-color has-link-color has-n-outfit-font-family wp-elements-dce367f8314f47c7fa855e8542eb946c\" style=\"font-style:normal;font-weight:300\">Polideportivo<\/p>\n<\/div>\n\n\n\n<div class=\"wp-block-group is-nowrap is-layout-flex wp-container-core-group-is-layout-fc054d2d wp-block-group-is-layout-flex\">\n\u30fb\n\n\n\n<p class=\"has-n-brown-color has-text-color has-link-color has-n-outfit-font-family wp-elements-1ee6dc7cc4f1b15071f0ad19f25c3ba8\" style=\"font-style:normal;font-weight:300\">Ping-pong<\/p>\n<\/div>\n\n\n\n<div class=\"wp-block-group is-nowrap is-layout-flex wp-container-core-group-is-layout-fc054d2d wp-block-group-is-layout-flex\">\n\u30fb\n\n\n\n<p class=\"has-n-brown-color has-text-color has-link-color has-n-outfit-font-family wp-elements-ed5a38353cda8616127ebf2a1a09112c\" style=\"font-style:normal;font-weight:300\">Trampol\u00edn XXL<\/p>\n<\/div>\n<\/div>\n\n\n\n<div class=\"wp-block-column is-layout-flow wp-container-core-column-is-layout-f5bb311e wp-block-column-is-layout-flow\">\n<div class=\"wp-block-group is-nowrap is-layout-flex wp-container-core-group-is-layout-fc054d2d wp-block-group-is-layout-flex\">\n\u30fb\n\n\n\n<p class=\"has-n-brown-color has-text-color has-link-color has-n-outfit-font-family wp-elements-186664f636cba2d2513c55490fe48b6f\" style=\"font-style:normal;font-weight:300\">Canoa en la V\u00e9z\u00e8re y la Dordo\u00f1a<\/p>\n<\/div>\n\n\n\n<div class=\"wp-block-group is-nowrap is-layout-flex wp-container-core-group-is-layout-fc054d2d wp-block-group-is-layout-flex\">\n\u30fb\n\n\n\n<p class=\"has-n-brown-color has-text-color has-link-color has-n-outfit-font-family wp-elements-7674558af8bc15ed4b8758a2544a3def\" style=\"font-style:normal;font-weight:300\">Ba\u00f1os (estanque de Tamnies, r\u00edos)<\/p>\n<\/div>\n\n\n\n<div class=\"wp-block-group is-nowrap is-layout-flex wp-container-core-group-is-layout-fc054d2d wp-block-group-is-layout-flex\">\n\u30fb\n\n\n\n<p class=\"has-n-brown-color has-text-color has-link-color has-n-outfit-font-family wp-elements-f635dcfdabe0fbc4b0da489080ec3421\" style=\"font-style:normal;font-weight:300\">Pesca<\/p>\n<\/div>\n\n\n\n<div class=\"wp-block-group is-nowrap is-layout-flex wp-container-core-group-is-layout-fc054d2d wp-block-group-is-layout-flex\">\n\u30fb\n\n\n\n<p class=\"has-n-brown-color has-text-color has-link-color has-n-outfit-font-family wp-elements-61c0060133697cf3287151180af3f37a\" style=\"font-style:normal;font-weight:300\">Parque infantil de madera<\/p>\n<\/div>\n\n\n\n<div class=\"wp-block-group is-nowrap is-layout-flex wp-container-core-group-is-layout-fc054d2d wp-block-group-is-layout-flex\">\n\u30fb\n\n\n\n<p class=\"has-n-brown-color has-text-color has-link-color has-n-outfit-font-family wp-elements-94fc1b44cc36e434fee273fd9df9112c\" style=\"font-style:normal;font-weight:300\">Bicicleta fitness cardio<\/p>\n<\/div>\n<\/div>\n<\/div>\n<\/div>\n\n\n\n<div class=\"wp-block-column is-layout-flow wp-block-column-is-layout-flow\" style=\"flex-basis:40%\">\n<div class=\"wp-block-group has-n-lightest-brown-background-color has-background is-vertical is-layout-flex wp-container-core-group-is-layout-d62007ce wp-block-group-is-layout-flex wp-container-1 is-position-sticky\" style=\"border-radius:4px;margin-top:0;margin-bottom:0;padding-top:var(--wp--preset--spacing--60);padding-right:var(--wp--preset--spacing--60);padding-bottom:var(--wp--preset--spacing--60);padding-left:var(--wp--preset--spacing--60);box-shadow:var(--wp--preset--shadow--n-smooth-shadow)\">\n<h2 class=\"wp-block-heading has-n-brown-color has-text-color has-link-color has-n-outfit-font-family has-medium-font-size wp-elements-099001923df0b18de848c0b260271c71\" style=\"font-style:normal;font-weight:500\">Desea aventura y relajaci\u00f3n en Dordo\u00f1a?<\/h2>\n\n\n\n<p class=\"has-n-brown-color has-text-color has-link-color has-n-outfit-font-family has-default-font-size wp-elements-675a3d165d4778afb7348d454f52f246\">Reserve su parcela ahora <br><strong>\u00abLe V\u00e9z\u00e8re P\u00e9rigord\u00bb<\/strong><\/p>\n\n\n\n<div class=\"wp-block-buttons is-content-justification-right is-nowrap is-layout-flex wp-container-core-buttons-is-layout-5c4dd974 wp-block-buttons-is-layout-flex\" style=\"margin-top:var(--wp--preset--spacing--50)\">\n<div class=\"wp-block-button\"><a class=\"wp-block-button__link has-n-white-color has-n-accent-background-color has-text-color has-background has-link-color has-n-outfit-font-family wp-element-button\" href=\"https:\/\/reservation.secureholiday.net\/fr\/2605\/\" style=\"border-radius:4px;font-style:normal;font-weight:400;letter-spacing:1px;text-transform:uppercase\">Reservo mis vacaciones<\/a><\/div>\n<\/div>\n<\/div>\n<\/div>\n<\/div>\n<\/div>\n","protected":false},"excerpt":{"rendered":"<p>Deportes y Ocio: La aventura en el coraz\u00f3n del P\u00e9rigord Negro Pista de tenis\u30fbCancha multideportiva\u30fbTrampol\u00edn\u30fbPing-pong En el camping Le V\u00e9z\u00e8re P\u00e9rigord, las actividades no faltan para toda la familia! Entre relajaci\u00f3n y aventura, disfrute de un entorno natural excepcional para ejercitarse y divertirse. En el lugar, descubra: Alrededor del camping, explore: Para los aficionados a [&hellip;]<\/p>\n","protected":false},"author":1,"featured_media":0,"parent":53,"menu_order":0,"comment_status":"closed","ping_status":"closed","template":"","meta":{"footnotes":""},"class_list":["post-17","page","type-page","status-publish","hentry"],"_links":{"self":[{"href":"https:\/\/levezereperigord.com\/es\/wp-json\/wp\/v2\/pages\/17","targetHints":{"allow":["GET"]}}],"collection":[{"href":"https:\/\/levezereperigord.com\/es\/wp-json\/wp\/v2\/pages"}],"about":[{"href":"https:\/\/levezereperigord.com\/es\/wp-json\/wp\/v2\/types\/page"}],"author":[{"embeddable":true,"href":"https:\/\/levezereperigord.com\/es\/wp-json\/wp\/v2\/users\/1"}],"replies":[{"embeddable":true,"href":"https:\/\/levezereperigord.com\/es\/wp-json\/wp\/v2\/comments?post=17"}],"version-history":[{"count":28,"href":"https:\/\/levezereperigord.com\/es\/wp-json\/wp\/v2\/pages\/17\/revisions"}],"predecessor-version":[{"id":1617,"href":"https:\/\/levezereperigord.com\/es\/wp-json\/wp\/v2\/pages\/17\/revisions\/1617"}],"up":[{"embeddable":true,"href":"https:\/\/levezereperigord.com\/es\/wp-json\/wp\/v2\/pages\/53"}],"wp:attachment":[{"href":"https:\/\/levezereperigord.com\/es\/wp-json\/wp\/v2\/media?parent=17"}],"curies":[{"name":"wp","href":"https:\/\/api.w.org\/{rel}","templated":true}]}}