{"id":113,"date":"2025-11-04T15:18:17","date_gmt":"2025-11-04T14:18:17","guid":{"rendered":"https:\/\/levezereperigord.com\/?page_id=113"},"modified":"2026-04-05T16:26:31","modified_gmt":"2026-04-05T14:26:31","slug":"faq","status":"publish","type":"page","link":"https:\/\/levezereperigord.com\/es\/faq\/","title":{"rendered":"FAQ \u2013 Vos questions, nos r\u00e9ponses"},"content":{"rendered":"\n<div class=\"wp-block-group is-layout-constrained wp-container-core-group-is-layout-02f1ee69 wp-block-group-is-layout-constrained\" style=\"border-radius:4px;margin-top:var(--wp--preset--spacing--60);margin-bottom:var(--wp--preset--spacing--60);padding-top:0;padding-right:0;padding-bottom:0;padding-left:0\">\n<h1 class=\"wp-block-heading has-text-align-left has-n-brown-color has-text-color has-link-color has-n-benne-font-family has-x-large-font-size wp-elements-5f74588c66352635a91e0ad7b15eb53c\">FAQ \u2013 Sus preguntas, nuestras respuestas<\/h1>\n\n\n\n<div class=\"wp-block-group is-layout-constrained wp-block-group-is-layout-constrained\">\n<h2 class=\"wp-block-heading has-n-light-brown-color has-text-color has-link-color has-n-outfit-font-family has-default-font-size wp-elements-18545d6f648761c971294ee2db62f660\" style=\"font-style:normal;font-weight:300;text-transform:uppercase\">Reservas y estancias<\/h2>\n\n\n\n<div class=\"wp-block-group is-vertical is-content-justification-stretch is-layout-flex wp-container-core-group-is-layout-abb2ea6d wp-block-group-is-layout-flex\" style=\"margin-top:var(--wp--preset--spacing--30)\">\n<details class=\"wp-block-details has-n-brown-color has-text-color has-link-color has-n-outfit-font-family has-medium-font-size wp-elements-64578a195afcc554665b653341d9f347 is-layout-flow wp-container-core-details-is-layout-d3fb2301 wp-block-details-is-layout-flow\" style=\"border-top-color:var(--wp--preset--color--n-lightest-brown);border-top-width:1px;padding-top:var(--wp--preset--spacing--40);padding-bottom:var(--wp--preset--spacing--40);font-style:normal;font-weight:300\"><summary>\u00bfC\u00f3mo reservar una parcela o un alojamiento?<\/summary>\n<p class=\"has-n-outfit-font-family has-default-font-size\" style=\"font-style:normal;font-weight:400\">Puede reservar directamente en l\u00ednea a trav\u00e9s de nuestra plataforma de reservas, por tel\u00e9fono (+33 (0)5 53 06 96 31) o por correo electr\u00f3nico (info@levezereperigord.com).<\/p>\n<\/details>\n\n\n\n<details class=\"wp-block-details has-n-brown-color has-text-color has-link-color has-n-outfit-font-family has-medium-font-size wp-elements-100ba439ef68aa61ad1be2e6cf7c921b is-layout-flow wp-container-core-details-is-layout-d3fb2301 wp-block-details-is-layout-flow\" style=\"border-top-color:var(--wp--preset--color--n-lightest-brown);border-top-width:1px;padding-top:var(--wp--preset--spacing--40);padding-bottom:var(--wp--preset--spacing--40);font-style:normal;font-weight:300\"><summary>\u00bfCu\u00e1les son los d\u00edas y horarios de llegada y salida?<\/summary>\n<p class=\"has-n-outfit-font-family has-default-font-size\" style=\"font-style:normal;font-weight:400\">Parcelas de camping: Llegadas y salidas libres (en cualquier momento).<br>Alojamientos: Llegadas los mi\u00e9rcoles, s\u00e1bados y domingos a partir de las 16:00. Salidas antes de las 11:00.<\/p>\n<\/details>\n\n\n\n<details class=\"wp-block-details has-n-brown-color has-text-color has-link-color has-n-outfit-font-family has-medium-font-size wp-elements-11e78c44d9f55732435f5b4e9ef9bc8d is-layout-flow wp-container-core-details-is-layout-d3fb2301 wp-block-details-is-layout-flow\" style=\"border-top-color:var(--wp--preset--color--n-lightest-brown);border-top-width:1px;padding-top:var(--wp--preset--spacing--40);padding-bottom:var(--wp--preset--spacing--40);font-style:normal;font-weight:300\"><summary>\u00bfPuedo modificar o cancelar mi reserva?<\/summary>\n<p class=\"has-n-outfit-font-family has-default-font-size\" style=\"font-style:normal;font-weight:400\">Modificaci\u00f3n: S\u00ed, directamente a trav\u00e9s de nuestro sitio de reservas.<br>Cancelaci\u00f3n: Posible hasta 1 mes antes de su llegada. Despu\u00e9s de esta fecha, se aplicar\u00e1n cargos por cancelaci\u00f3n. Recomendamos contratar un seguro de cancelaci\u00f3n para mayor tranquilidad.<\/p>\n<\/details>\n\n\n\n<details class=\"wp-block-details has-n-brown-color has-text-color has-link-color has-n-outfit-font-family has-medium-font-size wp-elements-831cc8742966a66ccd6caa48030ac83f is-layout-flow wp-container-core-details-is-layout-d3fb2301 wp-block-details-is-layout-flow\" style=\"border-top-color:var(--wp--preset--color--n-lightest-brown);border-top-width:1px;padding-top:var(--wp--preset--spacing--40);padding-bottom:var(--wp--preset--spacing--40);font-style:normal;font-weight:300\"><summary>\u00bfCu\u00e1l es la duraci\u00f3n m\u00ednima de la estancia?<\/summary>\n<p class=\"has-n-outfit-font-family has-default-font-size\" style=\"font-style:normal;font-weight:400\">La duraci\u00f3n m\u00ednima es de 2 noches para parcelas y alojamientos.<\/p>\n<\/details>\n<\/div>\n<\/div>\n\n\n\n<div class=\"wp-block-group is-layout-constrained wp-block-group-is-layout-constrained\" style=\"margin-top:var(--wp--preset--spacing--80)\">\n<h2 class=\"wp-block-heading has-n-light-brown-color has-text-color has-link-color has-n-outfit-font-family has-default-font-size wp-elements-9830031ea472fb9afd1a2ab49512c5b2\" style=\"font-style:normal;font-weight:300;text-transform:uppercase\">Parcelas y alojamientos<\/h2>\n\n\n\n<div class=\"wp-block-group is-vertical is-content-justification-stretch is-layout-flex wp-container-core-group-is-layout-abb2ea6d wp-block-group-is-layout-flex\" style=\"margin-top:var(--wp--preset--spacing--30)\">\n<details class=\"wp-block-details has-n-brown-color has-text-color has-link-color has-n-outfit-font-family has-medium-font-size wp-elements-43016eb970b638cafead777b3493bb95 is-layout-flow wp-container-core-details-is-layout-d3fb2301 wp-block-details-is-layout-flow\" style=\"border-top-color:var(--wp--preset--color--n-lightest-brown);border-top-width:1px;padding-top:var(--wp--preset--spacing--40);padding-bottom:var(--wp--preset--spacing--40);font-style:normal;font-weight:300\"><summary>\u00bfQu\u00e9 tipo de equipamiento se acepta en las parcelas?<\/summary>\n<p class=\"has-n-outfit-font-family has-default-font-size\" style=\"font-style:normal;font-weight:400\">Nuestras parcelas est\u00e1n adaptadas para tiendas, caravanas y autocaravanas. Indique su equipamiento al reservar para que podamos asignarle la parcela m\u00e1s adecuada.<\/p>\n<\/details>\n\n\n\n<details class=\"wp-block-details has-n-brown-color has-text-color has-link-color has-n-outfit-font-family has-medium-font-size wp-elements-3c536728d46de810610ef5331ddd76dd is-layout-flow wp-container-core-details-is-layout-d3fb2301 wp-block-details-is-layout-flow\" style=\"border-top-color:var(--wp--preset--color--n-lightest-brown);border-top-width:1px;padding-top:var(--wp--preset--spacing--40);padding-bottom:var(--wp--preset--spacing--40);font-style:normal;font-weight:300\"><summary>\u00bfLas parcelas est\u00e1n sombreadas?<\/summary>\n<p class=\"has-n-outfit-font-family has-default-font-size\" style=\"font-style:normal;font-weight:400\">S\u00ed, todas nuestras parcelas est\u00e1n situadas en un bosque en terrazas sombreadas.<\/p>\n<\/details>\n\n\n\n<details class=\"wp-block-details has-n-brown-color has-text-color has-link-color has-n-outfit-font-family has-medium-font-size wp-elements-dfb15b7c730927e03571093edf6e92d2 is-layout-flow wp-container-core-details-is-layout-d3fb2301 wp-block-details-is-layout-flow\" style=\"border-top-color:var(--wp--preset--color--n-lightest-brown);border-top-width:1px;padding-top:var(--wp--preset--spacing--40);padding-bottom:var(--wp--preset--spacing--40);font-style:normal;font-weight:300\"><summary>\u00bfLas Tiendas Lodge est\u00e1n equipadas con sanitarios?<\/summary>\n<p class=\"has-n-outfit-font-family has-default-font-size\" style=\"font-style:normal;font-weight:400\">No, las Tiendas Lodge utilizan los bloques de sanitarios del camping, modernos y abiertos en temporada alta.<\/p>\n<\/details>\n\n\n\n<details class=\"wp-block-details has-n-brown-color has-text-color has-link-color has-n-outfit-font-family has-medium-font-size wp-elements-e89fd10a3d56294877f4bffd9204eb43 is-layout-flow wp-container-core-details-is-layout-d3fb2301 wp-block-details-is-layout-flow\" style=\"border-top-color:var(--wp--preset--color--n-lightest-brown);border-top-width:1px;padding-top:var(--wp--preset--spacing--40);padding-bottom:var(--wp--preset--spacing--40);font-style:normal;font-weight:300\"><summary>\u00bfLos alojamientos (mobil-homes, lodges) est\u00e1n equipados con aire acondicionado?<\/summary>\n<p class=\"has-n-outfit-font-family has-default-font-size\" style=\"font-style:normal;font-weight:400\">No, nuestros alojamientos no cuentan con aire acondicionado. Nuestro entorno natural sombreado garantiza una frescura agradable.<\/p>\n<\/details>\n<\/div>\n<\/div>\n\n\n\n<div class=\"wp-block-group is-layout-constrained wp-block-group-is-layout-constrained\" style=\"margin-top:var(--wp--preset--spacing--80)\">\n<h2 class=\"wp-block-heading has-n-light-brown-color has-text-color has-link-color has-n-outfit-font-family has-default-font-size wp-elements-c62f3d776c6bde9a65786b2c8406d562\" style=\"font-style:normal;font-weight:300;text-transform:uppercase\">Tarifas y pagos<\/h2>\n\n\n\n<div class=\"wp-block-group is-vertical is-content-justification-stretch is-layout-flex wp-container-core-group-is-layout-abb2ea6d wp-block-group-is-layout-flex\" style=\"margin-top:var(--wp--preset--spacing--30)\">\n<details class=\"wp-block-details has-n-brown-color has-text-color has-link-color has-n-outfit-font-family has-medium-font-size wp-elements-ce85cd5ca5c767bd8ade13d2423af208 is-layout-flow wp-container-core-details-is-layout-d3fb2301 wp-block-details-is-layout-flow\" style=\"border-top-color:var(--wp--preset--color--n-lightest-brown);border-top-width:1px;padding-top:var(--wp--preset--spacing--40);padding-bottom:var(--wp--preset--spacing--40);font-style:normal;font-weight:300\"><summary>\u00bfQu\u00e9 m\u00e9todos de pago se aceptan?<\/summary>\n<p class=\"has-n-outfit-font-family has-default-font-size\" style=\"font-style:normal;font-weight:400\">Aceptamos pagos con tarjeta bancaria, cheque, transferencia y efectivo.<\/p>\n<\/details>\n\n\n\n<details class=\"wp-block-details has-n-brown-color has-text-color has-link-color has-n-outfit-font-family has-medium-font-size wp-elements-78154e36ad38ba000509975bee9255c6 is-layout-flow wp-container-core-details-is-layout-d3fb2301 wp-block-details-is-layout-flow\" style=\"border-top-color:var(--wp--preset--color--n-lightest-brown);border-top-width:1px;padding-top:var(--wp--preset--spacing--40);padding-bottom:var(--wp--preset--spacing--40);font-style:normal;font-weight:300\"><summary>\u00bfLas tarifas incluyen los impuestos tur\u00edsticos?<\/summary>\n<p class=\"has-n-outfit-font-family has-default-font-size\" style=\"font-style:normal;font-weight:400\">No, los impuestos tur\u00edsticos no est\u00e1n incluidos en nuestras tarifas y se deber\u00e1n abonar a la llegada.<\/p>\n<\/details>\n<\/div>\n<\/div>\n\n\n\n<div class=\"wp-block-group is-layout-constrained wp-block-group-is-layout-constrained\" style=\"margin-top:var(--wp--preset--spacing--80)\">\n<h2 class=\"wp-block-heading has-n-light-brown-color has-text-color has-link-color has-n-outfit-font-family has-default-font-size wp-elements-d195a8af040b6982bbce24dfa3082146\" style=\"font-style:normal;font-weight:300;text-transform:uppercase\">Instalaciones y servicios<\/h2>\n\n\n\n<div class=\"wp-block-group is-vertical is-content-justification-stretch is-layout-flex wp-container-core-group-is-layout-abb2ea6d wp-block-group-is-layout-flex\" style=\"margin-top:var(--wp--preset--spacing--30)\">\n<details class=\"wp-block-details has-n-brown-color has-text-color has-link-color has-n-outfit-font-family has-medium-font-size wp-elements-6e796411014baaac82b27fd2be1ba17b is-layout-flow wp-container-core-details-is-layout-d3fb2301 wp-block-details-is-layout-flow\" style=\"border-top-color:var(--wp--preset--color--n-lightest-brown);border-top-width:1px;padding-top:var(--wp--preset--spacing--40);padding-bottom:var(--wp--preset--spacing--40);font-style:normal;font-weight:300\"><summary>\u00bfQu\u00e9 instalaciones est\u00e1n disponibles en el camping?<\/summary>\n<ul style=\"font-size:clamp(14px, 0.875rem + ((1vw - 3.2px) * 0.175), 16px);\" class=\"wp-block-list\">\n<li>Piscina cubierta y climatizada, piscina exterior, toboganes, zona infantil.<\/li>\n\n\n\n<li>Restaurante-bar con terraza sombreada, platos para llevar y servicio de panader\u00eda.<\/li>\n\n\n\n<li>Pista de tenis, polideportivo, trampol\u00edn, ping-pong, petanca.<\/li>\n\n\n\n<li>2 bloques de sanitarios (duchas calientes, zonas de lavado de platos y ropa).<\/li>\n<\/ul>\n<\/details>\n\n\n\n<details class=\"wp-block-details has-n-brown-color has-text-color has-link-color has-n-outfit-font-family has-medium-font-size wp-elements-37d7da683f2c775abc684f7a0f89ee68 is-layout-flow wp-container-core-details-is-layout-d3fb2301 wp-block-details-is-layout-flow\" style=\"border-top-color:var(--wp--preset--color--n-lightest-brown);border-top-width:1px;padding-top:var(--wp--preset--spacing--40);padding-bottom:var(--wp--preset--spacing--40);font-style:normal;font-weight:300\"><summary>\u00bfEl camping es accesible para personas con movilidad reducida (PMR)?<\/summary>\n<p class=\"has-n-outfit-font-family has-default-font-size\" style=\"font-style:normal;font-weight:400\">Nuestro camping est\u00e1 dispuesto en terrazas sobre una colina boscosa, lo que puede dificultar algunos accesos. Cont\u00e1ctenos antes de su reserva para que encontremos una soluci\u00f3n adecuada.<\/p>\n<\/details>\n\n\n\n<details class=\"wp-block-details has-n-brown-color has-text-color has-link-color has-n-outfit-font-family has-medium-font-size wp-elements-6f2f1dcc61a6559283246f5e56296f3b is-layout-flow wp-container-core-details-is-layout-d3fb2301 wp-block-details-is-layout-flow\" style=\"border-top-color:var(--wp--preset--color--n-lightest-brown);border-top-width:1px;padding-top:var(--wp--preset--spacing--40);padding-bottom:var(--wp--preset--spacing--40);font-style:normal;font-weight:300\"><summary>\u00bfHay acceso a Wi-Fi?<\/summary>\n<p class=\"has-n-outfit-font-family has-default-font-size\" style=\"font-style:normal;font-weight:400\">S\u00ed, hay acceso Wi-Fi gratuito disponible en las zonas comunes.<\/p>\n<\/details>\n<\/div>\n<\/div>\n\n\n\n<div class=\"wp-block-group is-layout-constrained wp-block-group-is-layout-constrained\" style=\"margin-top:var(--wp--preset--spacing--80)\">\n<h2 class=\"wp-block-heading has-n-light-brown-color has-text-color has-link-color has-n-outfit-font-family has-default-font-size wp-elements-66952152aa4c1860ab85e8226a8239dc\" style=\"font-style:normal;font-weight:300;text-transform:uppercase\">Actividades y alrededores<\/h2>\n\n\n\n<div class=\"wp-block-group is-vertical is-content-justification-stretch is-layout-flex wp-container-core-group-is-layout-abb2ea6d wp-block-group-is-layout-flex\" style=\"margin-top:var(--wp--preset--spacing--30)\">\n<details class=\"wp-block-details has-n-brown-color has-text-color has-link-color has-n-outfit-font-family has-medium-font-size wp-elements-cdc376eac24fd08c8692cbee4accef10 is-layout-flow wp-container-core-details-is-layout-d3fb2301 wp-block-details-is-layout-flow\" style=\"border-top-color:var(--wp--preset--color--n-lightest-brown);border-top-width:1px;padding-top:var(--wp--preset--spacing--40);padding-bottom:var(--wp--preset--spacing--40);font-style:normal;font-weight:300\"><summary>\u00bfQu\u00e9 actividades se proponen en el camping?<\/summary>\n<ul class=\"wp-block-list\">\n<li style=\"font-size:clamp(14px, 0.875rem + ((1vw - 3.2px) * 0.175), 16px);\">Deportes: tenis, MTB, senderismo, petanca, trampol\u00edn.<\/li>\n\n\n\n<li style=\"font-size:clamp(14px, 0.875rem + ((1vw - 3.2px) * 0.175), 16px);\">Espacio acu\u00e1tico: piscina, toboganes, zona infantil.<\/li>\n\n\n\n<li style=\"font-size:clamp(14px, 0.875rem + ((1vw - 3.2px) * 0.175), 16px);\">Eventos: aperitivo-conciertos en temporada alta.<\/li>\n<\/ul>\n<\/details>\n\n\n\n<details class=\"wp-block-details has-n-brown-color has-text-color has-link-color has-n-outfit-font-family has-medium-font-size wp-elements-1079c7c7b2bc3e774ec7775e561fa491 is-layout-flow wp-container-core-details-is-layout-d3fb2301 wp-block-details-is-layout-flow\" style=\"border-top-color:var(--wp--preset--color--n-lightest-brown);border-top-width:1px;padding-top:var(--wp--preset--spacing--40);padding-bottom:var(--wp--preset--spacing--40);font-style:normal;font-weight:300\"><summary>\u00bfQu\u00e9 actividades tur\u00edsticas recomienda en los alrededores?<\/summary>\n<ul style=\"font-size:clamp(14px, 0.875rem + ((1vw - 3.2px) * 0.175), 16px);\" class=\"wp-block-list\">\n<li>Descensos en canoa por la V\u00e9z\u00e8re o la Dordo\u00f1a.<\/li>\n\n\n\n<li>Visitas culturales: Cuevas de Lascaux, castillos, pueblos medievales.<\/li>\n\n\n\n<li>Senderismo: GR 36, senderos se\u00f1alizados.<\/li>\n<\/ul>\n\n\n\n<div class=\"wp-block-buttons is-layout-flex wp-block-buttons-is-layout-flex\" style=\"margin-top:var(--wp--preset--spacing--40)\">\n<div class=\"wp-block-button is-style-outline is-style-outline--1\"><a class=\"wp-block-button__link has-n-brown-color has-text-color has-link-color has-border-color has-n-brown-border-color has-small-font-size has-custom-font-size wp-element-button\" href=\"https:\/\/levezereperigord.com\/es\/tourisme\/\" style=\"border-width:1px;border-radius:4px;font-style:normal;font-weight:400;text-transform:uppercase\">Descubra nuestras sugerencias tur\u00edsticas<\/a><\/div>\n<\/div>\n<\/details>\n<\/div>\n<\/div>\n\n\n\n<div class=\"wp-block-group is-layout-constrained wp-block-group-is-layout-constrained\" style=\"margin-top:var(--wp--preset--spacing--80)\">\n<h2 class=\"wp-block-heading has-n-light-brown-color has-text-color has-link-color has-n-outfit-font-family has-default-font-size wp-elements-0a52b53e0aa944f95aa2d2e51df88f3c\" style=\"font-style:normal;font-weight:300;text-transform:uppercase\">Mascotas<\/h2>\n\n\n\n<div class=\"wp-block-group is-vertical is-content-justification-stretch is-layout-flex wp-container-core-group-is-layout-abb2ea6d wp-block-group-is-layout-flex\" style=\"margin-top:var(--wp--preset--spacing--30)\">\n<details class=\"wp-block-details has-n-brown-color has-text-color has-link-color has-n-outfit-font-family has-medium-font-size wp-elements-203094553711b8ed1ab3fd51a2430714 is-layout-flow wp-container-core-details-is-layout-d3fb2301 wp-block-details-is-layout-flow\" style=\"border-top-color:var(--wp--preset--color--n-lightest-brown);border-top-width:1px;padding-top:var(--wp--preset--spacing--40);padding-bottom:var(--wp--preset--spacing--40);font-style:normal;font-weight:300\"><summary>\u00bfSe aceptan mascotas?<\/summary>\n<p class=\"has-n-outfit-font-family has-default-font-size\" style=\"font-style:normal;font-weight:400\">S\u00ed, se aceptan mascotas bajo ciertas condiciones (con correa, vacunas al d\u00eda). Puede aplicarse un suplemento.<\/p>\n<\/details>\n<\/div>\n<\/div>\n\n\n\n<div class=\"wp-block-group is-layout-constrained wp-block-group-is-layout-constrained\" style=\"margin-top:var(--wp--preset--spacing--80)\">\n<h2 class=\"wp-block-heading has-n-light-brown-color has-text-color has-link-color has-n-outfit-font-family has-default-font-size wp-elements-a048e05988c85aa5ee0aa6913354eeca\" style=\"font-style:normal;font-weight:300;text-transform:uppercase\">Contacto y acceso<\/h2>\n\n\n\n<div class=\"wp-block-group is-vertical is-content-justification-stretch is-layout-flex wp-container-core-group-is-layout-abb2ea6d wp-block-group-is-layout-flex\" style=\"margin-top:var(--wp--preset--spacing--30)\">\n<details class=\"wp-block-details has-n-brown-color has-text-color has-link-color has-n-outfit-font-family has-medium-font-size wp-elements-4963f51e3b8656f0bedb54d2d6f6e148 is-layout-flow wp-container-core-details-is-layout-d3fb2301 wp-block-details-is-layout-flow\" style=\"border-top-color:var(--wp--preset--color--n-lightest-brown);border-top-width:1px;padding-top:var(--wp--preset--spacing--40);padding-bottom:var(--wp--preset--spacing--40);font-style:normal;font-weight:300\"><summary>\u00bfCu\u00e1l es el horario de recepci\u00f3n?<\/summary>\n<p class=\"has-n-outfit-font-family has-default-font-size\" style=\"font-style:normal;font-weight:400\">Nuestra recepci\u00f3n est\u00e1 abierta todos los d\u00edas de 9:00 a 18:00.<\/p>\n<\/details>\n\n\n\n<details class=\"wp-block-details has-n-brown-color has-text-color has-link-color has-n-outfit-font-family has-medium-font-size wp-elements-e3f985eb297d4a65b5cf50c01e55d005 is-layout-flow wp-container-core-details-is-layout-d3fb2301 wp-block-details-is-layout-flow\" style=\"border-top-color:var(--wp--preset--color--n-lightest-brown);border-top-width:1px;padding-top:var(--wp--preset--spacing--40);padding-bottom:var(--wp--preset--spacing--40);font-style:normal;font-weight:300\"><summary>\u00bfC\u00f3mo acceder al camping?<\/summary>\n<p class=\"has-n-outfit-font-family has-default-font-size\" style=\"font-style:normal;font-weight:400\"><strong>Adresse<\/strong> : Route de Fontpeyrine, 303 \u2013 24620 Tursac.<\/p>\n\n\n\n<div class=\"wp-block-buttons is-layout-flex wp-block-buttons-is-layout-flex\" style=\"margin-top:var(--wp--preset--spacing--40)\">\n<div class=\"wp-block-button is-style-outline is-style-outline--2\"><a class=\"wp-block-button__link has-n-brown-color has-text-color has-link-color has-border-color has-n-brown-border-color has-small-font-size has-custom-font-size wp-element-button\" href=\"https:\/\/www.google.com\/maps\/dir\/\/303+Rte+de+Fontpeyrine,+24620+Tursac,+France\/@44.9750816,1.0416996,17z\/data=!4m17!1m8!3m7!1s0x12ab4d698a1650db:0x27eda9bf20e5e519!2s303+Rte+de+Fontpeyrine,+24620+Tursac,+France!3b1!8m2!3d44.9750816!4d1.0442799!16s%2Fg%2F11rnclwphr!4m7!1m0!1m5!1m1!1s0x12ab4d698a1650db:0x27eda9bf20e5e519!2m2!1d1.0442799!2d44.9750816?entry=ttu&#038;g_ep=EgoyMDI1MTEyMy4xIKXMDSoASAFQAw%3D%3D\" style=\"border-width:1px;border-radius:4px;font-style:normal;font-weight:400;text-transform:uppercase\">Ver ruta en Google Maps<\/a><\/div>\n<\/div>\n<\/details>\n<\/div>\n<\/div>\n<\/div>\n\n\n\n<div class=\"wp-block-group n-mobile-full-bleed has-n-lightest-brown-background-color has-background is-layout-constrained wp-container-core-group-is-layout-a5b16f8c wp-block-group-is-layout-constrained\" style=\"border-radius:4px;margin-top:0;margin-bottom:0;padding-top:var(--wp--preset--spacing--80);padding-right:var(--wp--preset--spacing--80);padding-bottom:var(--wp--preset--spacing--80);padding-left:var(--wp--preset--spacing--80)\">\n<h2 class=\"wp-block-heading has-text-align-center has-n-brown-color has-text-color has-link-color has-n-benne-font-family has-x-large-font-size wp-elements-fc572aeec77f3eb4c5c3869f19101f71\">\u00bfNo ha encontrado la respuesta?<\/h2>\n\n\n\n<p class=\"has-text-align-center n-max-text has-n-brown-color has-text-color has-link-color has-n-outfit-font-family wp-elements-7cbe1364608b6e5c25f33ace430e2784\">Nuestro equipo est\u00e1 a su disposici\u00f3n para cualquier pregunta adicional:<\/p>\n\n\n\n<p class=\"has-text-align-center n-max-text has-n-brown-color has-text-color has-link-color has-n-outfit-font-family wp-elements-8c6dcecc32c93d6d45dd87638aee355c\"><strong>Por tel\u00e9fono<\/strong> : +33 (0)5 53 06 96 31 o +33 (0)6 76 23 65 26<br><strong>Por correo electr\u00f3nico<\/strong>: info@levezereperigord.com<br><strong>Por Whatsapp :<\/strong> +33 676236526<\/p>\n<\/div>\n","protected":false},"excerpt":{"rendered":"<p>FAQ \u2013 Sus preguntas, nuestras respuestas Reservas y estancias Parcelas y alojamientos Tarifas y pagos Instalaciones y servicios Actividades y alrededores Mascotas Contacto y acceso \u00bfNo ha encontrado la respuesta? Nuestro equipo est\u00e1 a su disposici\u00f3n para cualquier pregunta adicional: Por tel\u00e9fono : +33 (0)5 53 06 96 31 o +33 (0)6 76 23 65 [&hellip;]<\/p>\n","protected":false},"author":1,"featured_media":0,"parent":0,"menu_order":0,"comment_status":"closed","ping_status":"closed","template":"","meta":{"footnotes":""},"class_list":["post-113","page","type-page","status-publish","hentry"],"_links":{"self":[{"href":"https:\/\/levezereperigord.com\/es\/wp-json\/wp\/v2\/pages\/113","targetHints":{"allow":["GET"]}}],"collection":[{"href":"https:\/\/levezereperigord.com\/es\/wp-json\/wp\/v2\/pages"}],"about":[{"href":"https:\/\/levezereperigord.com\/es\/wp-json\/wp\/v2\/types\/page"}],"author":[{"embeddable":true,"href":"https:\/\/levezereperigord.com\/es\/wp-json\/wp\/v2\/users\/1"}],"replies":[{"embeddable":true,"href":"https:\/\/levezereperigord.com\/es\/wp-json\/wp\/v2\/comments?post=113"}],"version-history":[{"count":37,"href":"https:\/\/levezereperigord.com\/es\/wp-json\/wp\/v2\/pages\/113\/revisions"}],"predecessor-version":[{"id":1915,"href":"https:\/\/levezereperigord.com\/es\/wp-json\/wp\/v2\/pages\/113\/revisions\/1915"}],"wp:attachment":[{"href":"https:\/\/levezereperigord.com\/es\/wp-json\/wp\/v2\/media?parent=113"}],"curies":[{"name":"wp","href":"https:\/\/api.w.org\/{rel}","templated":true}]}}