{"id":53,"date":"2025-10-30T12:28:30","date_gmt":"2025-10-30T11:28:30","guid":{"rendered":"https:\/\/levezereperigord.com\/?page_id=53"},"modified":"2026-02-25T11:05:00","modified_gmt":"2026-02-25T10:05:00","slug":"services","status":"publish","type":"page","link":"https:\/\/levezereperigord.com\/en\/services\/","title":{"rendered":"Services"},"content":{"rendered":"\n<div class=\"wp-block-group n-mobile-full-bleed has-n-lightest-brown-background-color has-background is-layout-constrained wp-container-core-group-is-layout-19ac9bc1 wp-block-group-is-layout-constrained\" style=\"border-radius:4px;margin-top:0;margin-bottom:0;padding-top:var(--wp--preset--spacing--60);padding-right:var(--wp--preset--spacing--60);padding-bottom:var(--wp--preset--spacing--60);padding-left:var(--wp--preset--spacing--60)\">\n<div class=\"wp-block-columns are-vertically-aligned-center n-column-reverse is-layout-flex wp-container-core-columns-is-layout-6ef9061c wp-block-columns-is-layout-flex\">\n<div class=\"wp-block-column is-vertically-aligned-center is-layout-flow wp-block-column-is-layout-flow\" style=\"padding-right:0;padding-left:0;flex-basis:33.33%\">\n<div class=\"wp-block-group is-vertical is-layout-flex wp-container-core-group-is-layout-355c4241 wp-block-group-is-layout-flex\">\n<h1 class=\"wp-block-heading has-n-light-brown-color has-text-color has-link-color has-n-outfit-font-family has-small-font-size wp-elements-0ba8dbd44f2a170d87eaa96e6736e2f2\" style=\"font-style:normal;font-weight:300;letter-spacing:1.5px;text-transform:uppercase\">services<\/h1>\n\n\n\n<h2 class=\"wp-block-heading has-n-brown-color has-text-color has-link-color has-n-benne-font-family has-gigantic-font-size wp-elements-e8243a17f72ed3c0c94ee95754a8fd5c\" style=\"line-height:1\">Quality Holidays<\/h2>\n\n\n\n<p class=\"has-n-brown-color has-text-color has-link-color has-n-outfit-font-family wp-elements-efb66fc7601102aa72dd6fb0a0ee8036\" style=\"font-size:14px\">With us, everything is designed so you can fully enjoy your holiday in the Dordogne and your stay. Relaxation, comfort, and activities: unwind, we&#8217;ll take care of the rest. Your holiday in the P\u00e9rigord Noir starts here!<\/p>\n\n\n\n<div class=\"wp-block-buttons is-layout-flex wp-block-buttons-is-layout-flex\" style=\"margin-top:var(--wp--preset--spacing--50)\">\n<div class=\"wp-block-button is-style-fill\"><a class=\"wp-block-button__link has-n-white-color has-n-accent-background-color has-text-color has-background has-link-color has-n-outfit-font-family has-small-font-size has-custom-font-size wp-element-button\" style=\"border-radius:4px;text-transform:uppercase\">Book my holiday<\/a><\/div>\n<\/div>\n<\/div>\n<\/div>\n\n\n\n<div class=\"wp-block-column is-vertically-aligned-center is-layout-flow wp-block-column-is-layout-flow\" style=\"flex-basis:66.66%\">\n<figure class=\"wp-block-image size-full has-custom-border\"><img loading=\"lazy\" decoding=\"async\" width=\"875\" height=\"656\" src=\"https:\/\/levezereperigord.com\/wp-content\/uploads\/2025\/12\/location-mobil-homes-camping-vezere-perigord.avif\" alt=\"\" class=\"wp-image-282\" style=\"border-radius:4px;aspect-ratio:4\/3;object-fit:cover\" srcset=\"https:\/\/levezereperigord.com\/wp-content\/uploads\/2025\/12\/location-mobil-homes-camping-vezere-perigord.avif 875w, https:\/\/levezereperigord.com\/wp-content\/uploads\/2025\/12\/location-mobil-homes-camping-vezere-perigord-300x225.avif 300w, https:\/\/levezereperigord.com\/wp-content\/uploads\/2025\/12\/location-mobil-homes-camping-vezere-perigord-768x576.avif 768w\" sizes=\"auto, (max-width: 875px) 100vw, 875px\" \/><\/figure>\n<\/div>\n<\/div>\n<\/div>\n\n\n\n<div class=\"wp-block-group is-layout-constrained wp-container-core-group-is-layout-4383d167 wp-block-group-is-layout-constrained\">\n<div class=\"wp-block-columns are-vertically-aligned-center is-layout-flex wp-container-core-columns-is-layout-6ef9061c wp-block-columns-is-layout-flex\">\n<div class=\"wp-block-column is-vertically-aligned-center is-layout-flow wp-block-column-is-layout-flow\" style=\"padding-right:0;padding-left:0;flex-basis:50%\">\n<figure class=\"wp-block-image size-full has-custom-border\"><img loading=\"lazy\" decoding=\"async\" width=\"980\" height=\"557\" src=\"https:\/\/levezereperigord.com\/wp-content\/uploads\/2025\/10\/piscine-camping-vezere-perigord.jpeg.avif\" alt=\"\" class=\"wp-image-79\" style=\"border-radius:4px;box-shadow:var(--wp--preset--shadow--n-smooth-shadow);aspect-ratio:4\/3;object-fit:cover\" srcset=\"https:\/\/levezereperigord.com\/wp-content\/uploads\/2025\/10\/piscine-camping-vezere-perigord.jpeg.avif 980w, https:\/\/levezereperigord.com\/wp-content\/uploads\/2025\/10\/piscine-camping-vezere-perigord.jpeg-300x171.avif 300w, https:\/\/levezereperigord.com\/wp-content\/uploads\/2025\/10\/piscine-camping-vezere-perigord.jpeg-768x437.avif 768w\" sizes=\"auto, (max-width: 980px) 100vw, 980px\" \/><\/figure>\n<\/div>\n\n\n\n<div class=\"wp-block-column is-vertically-aligned-center is-layout-flow wp-container-core-column-is-layout-053e94e8 wp-block-column-is-layout-flow\" style=\"padding-right:0;padding-left:0;flex-basis:50%\">\n<h3 class=\"wp-block-heading has-n-brown-color has-text-color has-link-color has-n-benne-font-family has-large-font-size wp-elements-8c11f6a077324864d85fb50c9658e409\">The Swimming Pool<\/h3>\n\n\n\n<p class=\"n-max-text has-n-brown-color has-text-color has-link-color has-n-outfit-font-family wp-elements-30b2af38ac678aef3ef6910dc0b81c71\" style=\"font-size:14px\">Dive into our aquatic area! Between the indoor heated pool, the outdoor pool, water slides, paddling pool, and sun loungers, there&#8217;s something for everyone. An ideal place to swim, play, or relax as a couple or family.<\/p>\n\n\n\n<div class=\"wp-block-buttons is-content-justification-left is-nowrap is-layout-flex wp-container-core-buttons-is-layout-fbe9fc48 wp-block-buttons-is-layout-flex\" style=\"margin-top:var(--wp--preset--spacing--50);margin-bottom:0px;padding-top:0px;padding-right:0px;padding-bottom:0px;padding-left:0px\">\n<div class=\"wp-block-button is-style-outline is-style-outline--1\"><a class=\"wp-block-button__link has-n-brown-color has-text-color has-link-color has-border-color has-n-outfit-font-family has-small-font-size has-text-align-center has-custom-font-size wp-element-button\" href=\"https:\/\/levezereperigord.com\/piscine\" style=\"border-color:#3B2F21;border-width:1px;border-radius:4px;font-style:normal;font-weight:400;letter-spacing:1px;text-transform:uppercase\">Discover the pool<\/a><\/div>\n<\/div>\n<\/div>\n<\/div>\n\n\n\n<div class=\"wp-block-columns are-vertically-aligned-center n-column-reverse is-layout-flex wp-container-core-columns-is-layout-6ef9061c wp-block-columns-is-layout-flex\">\n<div class=\"wp-block-column is-vertically-aligned-center is-layout-flow wp-container-core-column-is-layout-053e94e8 wp-block-column-is-layout-flow\" style=\"padding-right:0;padding-left:0;flex-basis:50%\">\n<h3 class=\"wp-block-heading has-n-brown-color has-text-color has-link-color has-n-benne-font-family has-large-font-size wp-elements-a4c51f413929e61bd83715d1887e76cc\">The Restaurant<\/h3>\n\n\n\n<p class=\"n-max-text has-n-brown-color has-text-color has-link-color has-n-outfit-font-family wp-elements-19702ea18246876f898d233aadf30335\" style=\"font-size:14px\">At Camping Le V\u00e9z\u00e8re P\u00e9rigord, Gilles and Alexandrine in the restaurant focus on local and homemade cuisine. On the menu: seasonal dishes, homemade pizzas, roast chicken to take away, and, upon reservation, a bakery service in the morning for delicious breakfasts. A snack bar\/service on a large shaded terrace overlooking the pools offers moments of relaxation and holiday enjoyment.<\/p>\n\n\n\n<div class=\"wp-block-buttons is-content-justification-left is-nowrap is-layout-flex wp-container-core-buttons-is-layout-fbe9fc48 wp-block-buttons-is-layout-flex\" style=\"margin-top:var(--wp--preset--spacing--50);margin-bottom:0px;padding-top:0px;padding-right:0px;padding-bottom:0px;padding-left:0px\">\n<div class=\"wp-block-button is-style-outline is-style-outline--2\"><a class=\"wp-block-button__link has-n-brown-color has-text-color has-link-color has-border-color has-n-outfit-font-family has-small-font-size has-text-align-center has-custom-font-size wp-element-button\" href=\"https:\/\/levezereperigord.com\/restaurant\/\" style=\"border-color:#3B2F21;border-width:1px;border-radius:4px;font-style:normal;font-weight:400;letter-spacing:1px;text-transform:uppercase\">DISCOVER THE RESTAURANT<\/a><\/div>\n<\/div>\n<\/div>\n\n\n\n<div class=\"wp-block-column is-vertically-aligned-center is-layout-flow wp-block-column-is-layout-flow\" style=\"padding-right:0;padding-left:0;flex-basis:50%\">\n<figure class=\"wp-block-image size-large has-custom-border\"><img loading=\"lazy\" decoding=\"async\" width=\"1024\" height=\"768\" src=\"https:\/\/levezereperigord.com\/wp-content\/uploads\/2025\/10\/restaurant-camping-vezere-perigord-1024x768.avif\" alt=\"\" class=\"wp-image-80\" style=\"border-radius:4px;box-shadow:var(--wp--preset--shadow--n-smooth-shadow);aspect-ratio:4\/3;object-fit:cover\" srcset=\"https:\/\/levezereperigord.com\/wp-content\/uploads\/2025\/10\/restaurant-camping-vezere-perigord-1024x768.avif 1024w, https:\/\/levezereperigord.com\/wp-content\/uploads\/2025\/10\/restaurant-camping-vezere-perigord-300x225.avif 300w, https:\/\/levezereperigord.com\/wp-content\/uploads\/2025\/10\/restaurant-camping-vezere-perigord-768x576.avif 768w, https:\/\/levezereperigord.com\/wp-content\/uploads\/2025\/10\/restaurant-camping-vezere-perigord.avif 1068w\" sizes=\"auto, (max-width: 1024px) 100vw, 1024px\" \/><\/figure>\n<\/div>\n<\/div>\n\n\n\n<div class=\"wp-block-columns are-vertically-aligned-center is-layout-flex wp-container-core-columns-is-layout-6ef9061c wp-block-columns-is-layout-flex\">\n<div class=\"wp-block-column is-vertically-aligned-center is-layout-flow wp-block-column-is-layout-flow\" style=\"padding-right:0;padding-left:0;flex-basis:50%\">\n<figure class=\"wp-block-image size-full has-custom-border\"><img loading=\"lazy\" decoding=\"async\" width=\"773\" height=\"517\" src=\"https:\/\/levezereperigord.com\/wp-content\/uploads\/2025\/10\/terrain-tenis-camping-vezere-perigord.jpg\" alt=\"\" class=\"wp-image-85\" style=\"border-radius:4px;box-shadow:var(--wp--preset--shadow--n-smooth-shadow);aspect-ratio:4\/3;object-fit:cover\" srcset=\"https:\/\/levezereperigord.com\/wp-content\/uploads\/2025\/10\/terrain-tenis-camping-vezere-perigord.jpg 773w, https:\/\/levezereperigord.com\/wp-content\/uploads\/2025\/10\/terrain-tenis-camping-vezere-perigord-300x201.jpg 300w, https:\/\/levezereperigord.com\/wp-content\/uploads\/2025\/10\/terrain-tenis-camping-vezere-perigord-768x514.jpg 768w\" sizes=\"auto, (max-width: 773px) 100vw, 773px\" \/><\/figure>\n<\/div>\n\n\n\n<div class=\"wp-block-column is-vertically-aligned-center is-layout-flow wp-container-core-column-is-layout-053e94e8 wp-block-column-is-layout-flow\" style=\"padding-right:0;padding-left:0;flex-basis:50%\">\n<h3 class=\"wp-block-heading has-n-brown-color has-text-color has-link-color has-n-benne-font-family has-large-font-size wp-elements-0be1d203401005d8b1ab5a0ad848cd15\">Sports and Leisure<\/h3>\n\n\n\n<p class=\"n-max-text has-n-brown-color has-text-color has-link-color has-n-outfit-font-family wp-elements-077e496c7083854ff02214a8b55712a3\" style=\"font-size:14px\">Looking to get active? Between the tennis court, multi-sports pitch, hiking trails, mountain bike trails, XXL trampoline, table tennis, and p\u00e9tanque, there&#8217;s plenty to keep the whole family entertained. And after all that activity, the swimming pools with their water slides or the V\u00e9z\u00e8re River are perfect for cooling off!<\/p>\n\n\n\n<div class=\"wp-block-buttons is-content-justification-left is-nowrap is-layout-flex wp-container-core-buttons-is-layout-fbe9fc48 wp-block-buttons-is-layout-flex\" style=\"margin-top:var(--wp--preset--spacing--50);margin-bottom:0px;padding-top:0px;padding-right:0px;padding-bottom:0px;padding-left:0px\">\n<div class=\"wp-block-button is-style-outline is-style-outline--3\"><a class=\"wp-block-button__link has-n-brown-color has-text-color has-link-color has-border-color has-n-outfit-font-family has-small-font-size has-text-align-center has-custom-font-size wp-element-button\" href=\"https:\/\/levezereperigord.com\/sports-et-loisirs\/\" style=\"border-color:#3B2F21;border-width:1px;border-radius:4px;font-style:normal;font-weight:400;letter-spacing:1px;text-transform:uppercase\">DISCOVER SPORTS AND LEISURE<\/a><\/div>\n<\/div>\n<\/div>\n<\/div>\n\n\n\n<div class=\"wp-block-columns are-vertically-aligned-center n-column-reverse is-layout-flex wp-container-core-columns-is-layout-6ef9061c wp-block-columns-is-layout-flex\">\n<div class=\"wp-block-column is-vertically-aligned-center is-layout-flow wp-container-core-column-is-layout-053e94e8 wp-block-column-is-layout-flow\" style=\"padding-right:0;padding-left:0;flex-basis:50%\">\n<h3 class=\"wp-block-heading has-n-brown-color has-text-color has-link-color has-n-benne-font-family has-large-font-size wp-elements-fac3a576bf097353659761c9aa8591b4\">Sanitary Facilities<\/h3>\n\n\n\n<p class=\"n-max-text has-n-brown-color has-text-color has-link-color has-n-outfit-font-family wp-elements-c2d29609257adfce0a59de76ae85f891\" style=\"font-size:14px\">For your comfort, the Maisons d\u2019Eau (Water Houses) offer two modern and recently renovated sanitary facilities: hot showers, dishwashing areas, and laundry facilities. Everything is designed to make you feel at home, before or after a wonderful day of vacation.<\/p>\n\n\n\n<div class=\"wp-block-buttons is-content-justification-left is-nowrap is-layout-flex wp-container-core-buttons-is-layout-fbe9fc48 wp-block-buttons-is-layout-flex\" style=\"margin-top:var(--wp--preset--spacing--50);margin-bottom:0px;padding-top:0px;padding-right:0px;padding-bottom:0px;padding-left:0px\">\n<div class=\"wp-block-button is-style-outline is-style-outline--4\"><a class=\"wp-block-button__link has-n-brown-color has-text-color has-link-color has-border-color has-n-outfit-font-family has-small-font-size has-text-align-center has-custom-font-size wp-element-button\" href=\"https:\/\/levezereperigord.com\/sanitaires\/\" style=\"border-color:#3B2F21;border-width:1px;border-radius:4px;font-style:normal;font-weight:400;letter-spacing:1px;text-transform:uppercase\">DISCOVER THE Sanitary Facilities<\/a><\/div>\n<\/div>\n<\/div>\n\n\n\n<div class=\"wp-block-column is-vertically-aligned-center is-layout-flow wp-block-column-is-layout-flow\" style=\"padding-right:0;padding-left:0;flex-basis:50%\">\n<figure class=\"wp-block-image size-full has-custom-border\"><img loading=\"lazy\" decoding=\"async\" width=\"884\" height=\"588\" src=\"https:\/\/levezereperigord.com\/wp-content\/uploads\/2025\/11\/bloc-sanitaire-vezere-perigord.jpg\" alt=\"\" class=\"wp-image-111\" style=\"border-radius:4px;box-shadow:var(--wp--preset--shadow--n-smooth-shadow);aspect-ratio:4\/3;object-fit:cover\" srcset=\"https:\/\/levezereperigord.com\/wp-content\/uploads\/2025\/11\/bloc-sanitaire-vezere-perigord.jpg 884w, https:\/\/levezereperigord.com\/wp-content\/uploads\/2025\/11\/bloc-sanitaire-vezere-perigord-300x200.jpg 300w, https:\/\/levezereperigord.com\/wp-content\/uploads\/2025\/11\/bloc-sanitaire-vezere-perigord-768x511.jpg 768w\" sizes=\"auto, (max-width: 884px) 100vw, 884px\" \/><\/figure>\n<\/div>\n<\/div>\n<\/div>\n","protected":false},"excerpt":{"rendered":"<p>services Quality Holidays With us, everything is designed so you can fully enjoy your holiday in the Dordogne and your stay. Relaxation, comfort, and activities: unwind, we&#8217;ll take care of the rest. Your holiday in the P\u00e9rigord Noir starts here! The Swimming Pool Dive into our aquatic area! Between the indoor heated pool, the outdoor [&hellip;]<\/p>\n","protected":false},"author":1,"featured_media":0,"parent":0,"menu_order":0,"comment_status":"closed","ping_status":"closed","template":"","meta":{"footnotes":""},"class_list":["post-53","page","type-page","status-publish","hentry"],"_links":{"self":[{"href":"https:\/\/levezereperigord.com\/en\/wp-json\/wp\/v2\/pages\/53","targetHints":{"allow":["GET"]}}],"collection":[{"href":"https:\/\/levezereperigord.com\/en\/wp-json\/wp\/v2\/pages"}],"about":[{"href":"https:\/\/levezereperigord.com\/en\/wp-json\/wp\/v2\/types\/page"}],"author":[{"embeddable":true,"href":"https:\/\/levezereperigord.com\/en\/wp-json\/wp\/v2\/users\/1"}],"replies":[{"embeddable":true,"href":"https:\/\/levezereperigord.com\/en\/wp-json\/wp\/v2\/comments?post=53"}],"version-history":[{"count":9,"href":"https:\/\/levezereperigord.com\/en\/wp-json\/wp\/v2\/pages\/53\/revisions"}],"predecessor-version":[{"id":1146,"href":"https:\/\/levezereperigord.com\/en\/wp-json\/wp\/v2\/pages\/53\/revisions\/1146"}],"wp:attachment":[{"href":"https:\/\/levezereperigord.com\/en\/wp-json\/wp\/v2\/media?parent=53"}],"curies":[{"name":"wp","href":"https:\/\/api.w.org\/{rel}","templated":true}]}}