{"id":17,"date":"2025-10-30T12:12:00","date_gmt":"2025-10-30T11:12:00","guid":{"rendered":"https:\/\/levezereperigord.com\/?page_id=17"},"modified":"2026-02-26T13:59:51","modified_gmt":"2026-02-26T12:59:51","slug":"sports-et-loisirs","status":"publish","type":"page","link":"https:\/\/levezereperigord.com\/en\/services\/sports-et-loisirs\/","title":{"rendered":"Sports &#038; Leisure"},"content":{"rendered":"\n<div class=\"wp-block-group is-layout-constrained wp-container-core-group-is-layout-f5a82dac wp-block-group-is-layout-constrained\" style=\"margin-top:0;margin-bottom:0;padding-top:0;padding-right:0;padding-bottom:0;padding-left:0\">\n<div class=\"wp-block-columns is-layout-flex wp-container-core-columns-is-layout-469e8e9f wp-block-columns-is-layout-flex\" style=\"margin-top:0;margin-bottom:0;padding-top:0;padding-right:0;padding-bottom:0;padding-left:0\">\n<div class=\"wp-block-column is-layout-flow wp-block-column-is-layout-flow\">\n<figure class=\"wp-block-image size-full has-custom-border n-mobile-full-bleed\"><img loading=\"lazy\" decoding=\"async\" width=\"773\" height=\"434\" src=\"https:\/\/levezereperigord.com\/wp-content\/uploads\/2025\/12\/city-camping-vezere-perigord.jpg\" alt=\"\" class=\"wp-image-232\" style=\"border-radius:4px;aspect-ratio:1;object-fit:cover\" srcset=\"https:\/\/levezereperigord.com\/wp-content\/uploads\/2025\/12\/city-camping-vezere-perigord.jpg 773w, https:\/\/levezereperigord.com\/wp-content\/uploads\/2025\/12\/city-camping-vezere-perigord-300x168.jpg 300w, https:\/\/levezereperigord.com\/wp-content\/uploads\/2025\/12\/city-camping-vezere-perigord-768x431.jpg 768w\" sizes=\"auto, (max-width: 773px) 100vw, 773px\" \/><\/figure>\n<\/div>\n\n\n\n<div class=\"wp-block-column is-layout-flow wp-block-column-is-layout-flow\">\n<div class=\"wp-block-columns is-layout-flex wp-container-core-columns-is-layout-08c01c1c wp-block-columns-is-layout-flex\">\n<div class=\"wp-block-column is-layout-flow wp-block-column-is-layout-flow\">\n<div class=\"wp-block-group is-vertical is-layout-flex wp-container-core-group-is-layout-355c4241 wp-block-group-is-layout-flex\">\n<figure class=\"wp-block-image size-full has-custom-border n-desktop\"><img loading=\"lazy\" decoding=\"async\" width=\"773\" height=\"515\" src=\"https:\/\/levezereperigord.com\/wp-content\/uploads\/2025\/12\/canoe-kayak-dordogne-camping-vezere-perigord.jpg\" alt=\"\" class=\"wp-image-231\" style=\"border-radius:4px;aspect-ratio:1;object-fit:cover\" srcset=\"https:\/\/levezereperigord.com\/wp-content\/uploads\/2025\/12\/canoe-kayak-dordogne-camping-vezere-perigord.jpg 773w, https:\/\/levezereperigord.com\/wp-content\/uploads\/2025\/12\/canoe-kayak-dordogne-camping-vezere-perigord-300x200.jpg 300w, https:\/\/levezereperigord.com\/wp-content\/uploads\/2025\/12\/canoe-kayak-dordogne-camping-vezere-perigord-768x512.jpg 768w\" sizes=\"auto, (max-width: 773px) 100vw, 773px\" \/><\/figure>\n\n\n\n<figure class=\"wp-block-image size-full has-custom-border n-desktop\"><img loading=\"lazy\" decoding=\"async\" width=\"773\" height=\"517\" src=\"https:\/\/levezereperigord.com\/wp-content\/uploads\/2025\/12\/tennis-camping-vezere-perigord.jpg\" alt=\"\" class=\"wp-image-230\" style=\"border-radius:4px;aspect-ratio:1;object-fit:cover\" srcset=\"https:\/\/levezereperigord.com\/wp-content\/uploads\/2025\/12\/tennis-camping-vezere-perigord.jpg 773w, https:\/\/levezereperigord.com\/wp-content\/uploads\/2025\/12\/tennis-camping-vezere-perigord-300x201.jpg 300w, https:\/\/levezereperigord.com\/wp-content\/uploads\/2025\/12\/tennis-camping-vezere-perigord-768x514.jpg 768w\" sizes=\"auto, (max-width: 773px) 100vw, 773px\" \/><\/figure>\n<\/div>\n<\/div>\n\n\n\n<div class=\"wp-block-column is-layout-flow wp-block-column-is-layout-flow\">\n<div class=\"wp-block-group is-vertical is-layout-flex wp-container-core-group-is-layout-355c4241 wp-block-group-is-layout-flex\">\n<figure class=\"wp-block-image size-full has-custom-border n-desktop\"><img loading=\"lazy\" decoding=\"async\" width=\"835\" height=\"626\" src=\"https:\/\/levezereperigord.com\/wp-content\/uploads\/2025\/12\/vue-restaurant-camping-vezere-perigord.jpg\" alt=\"\" class=\"wp-image-218\" style=\"border-radius:4px;aspect-ratio:1;object-fit:cover\" srcset=\"https:\/\/levezereperigord.com\/wp-content\/uploads\/2025\/12\/vue-restaurant-camping-vezere-perigord.jpg 835w, https:\/\/levezereperigord.com\/wp-content\/uploads\/2025\/12\/vue-restaurant-camping-vezere-perigord-300x225.jpg 300w, https:\/\/levezereperigord.com\/wp-content\/uploads\/2025\/12\/vue-restaurant-camping-vezere-perigord-768x576.jpg 768w\" sizes=\"auto, (max-width: 835px) 100vw, 835px\" \/><\/figure>\n\n\n\n<figure class=\"wp-block-image size-full has-custom-border n-desktop\"><img loading=\"lazy\" decoding=\"async\" width=\"773\" height=\"517\" src=\"https:\/\/levezereperigord.com\/wp-content\/uploads\/2025\/12\/ping-pong-camping-vezere-perigord.jpg\" alt=\"\" class=\"wp-image-229\" style=\"border-radius:4px;aspect-ratio:1;object-fit:cover\" srcset=\"https:\/\/levezereperigord.com\/wp-content\/uploads\/2025\/12\/ping-pong-camping-vezere-perigord.jpg 773w, https:\/\/levezereperigord.com\/wp-content\/uploads\/2025\/12\/ping-pong-camping-vezere-perigord-300x201.jpg 300w, https:\/\/levezereperigord.com\/wp-content\/uploads\/2025\/12\/ping-pong-camping-vezere-perigord-768x514.jpg 768w\" sizes=\"auto, (max-width: 773px) 100vw, 773px\" \/><\/figure>\n<\/div>\n<\/div>\n<\/div>\n<\/div>\n<\/div>\n\n\n\n<div class=\"wp-block-columns is-layout-flex wp-container-core-columns-is-layout-178d4c1f wp-block-columns-is-layout-flex\" style=\"margin-top:var(--wp--preset--spacing--50);margin-bottom:var(--wp--preset--spacing--50);padding-top:0;padding-right:0;padding-bottom:0;padding-left:0\">\n<div class=\"wp-block-column is-layout-flow wp-container-core-column-is-layout-8a368f38 wp-block-column-is-layout-flow\" style=\"flex-basis:60%\">\n<h1 class=\"wp-block-heading has-n-brown-color has-text-color has-link-color has-n-benne-font-family wp-elements-8007021b906b2c82c1a5042029b96d1e\" style=\"font-size:clamp(1.25rem, 1.25rem + ((1vw - 0.2rem) * 1.053), 2rem);line-height:1.2\">Sports and Leisure: <br>Adventure in the Heart of the P\u00e9rigord Noir<\/h1>\n\n\n\n<p class=\"has-n-brown-color has-text-color has-link-color has-n-outfit-font-family has-default-font-size wp-elements-85ca42cb0de5324dbed37c9e0a5a49ae\" style=\"font-style:normal;font-weight:300\">Tennis Court\u30fbCity Stadium\u30fbTrampoline\u30fbPing-Pong<\/p>\n\n\n\n<p class=\"has-n-brown-color has-text-color has-link-color has-n-outfit-font-family has-default-font-size wp-elements-ca347911c2587fa030a4d7ea78bfe18e\" style=\"border-top-color:var(--wp--preset--color--n-lightest-brown);border-top-width:1px;margin-top:var(--wp--preset--spacing--50);margin-bottom:0;padding-top:var(--wp--preset--spacing--50);padding-bottom:0\">At Le V\u00e9z\u00e8re P\u00e9rigord campsite in the Dordogne, there\u2019s no shortage of activities for the whole family! Between relaxation and adventure, enjoy an exceptional natural setting to unwind and have fun.<br><br><strong>On-site, discover:<\/strong><br><\/p>\n\n\n\n<ul class=\"wp-block-list has-n-brown-color has-text-color has-link-color has-n-outfit-font-family wp-elements-7398c7663ac7cc53344c029e451fcd32\">\n<li>A playground made of rot-resistant and aesthetically pleasing robinia wood for the kids.<\/li>\n\n\n\n<li>A cardio fitness bike to stay in shape while keeping an eye on your little ones.<\/li>\n\n\n\n<li>A tennis court, a city stadium, ping-pong tables, and an XXL trampoline for family fun.<\/li>\n\n\n\n<li>Areas dedicated to boules and other convivial games.<\/li>\n<\/ul>\n\n\n\n<p class=\"has-n-brown-color has-text-color has-link-color has-n-outfit-font-family wp-elements-2749bd2731b82eb80a030762da0bd0c0\"><br><strong>Around the campsite, explore:<\/strong><br><\/p>\n\n\n\n<ul class=\"wp-block-list has-n-brown-color has-text-color has-link-color has-n-outfit-font-family wp-elements-c48a706a8e50bd7b92ae2dfdef53a1d1\">\n<li>Hiking trails (the GR 36 passes nearby) and mountain biking routes (available on request).<\/li>\n\n\n\n<li>Adventure activities such as treetop adventure courses, golf, horseback riding, or even hot air ballooning and paragliding.<\/li>\n\n\n\n<li>Canoeing trips directly accessible from the campsite on the V\u00e9z\u00e8re or a little further on the Dordogne.<\/li>\n\n\n\n<li>Natural swimming spots, like the Tamnies pond (Blue Flag certified) or the surrounding rivers.<br><\/li>\n<\/ul>\n\n\n\n<p class=\"has-n-brown-color has-text-color has-link-color has-n-outfit-font-family wp-elements-83589adcc7e0eec082d00cbede33b50f\">For fishing enthusiasts, our rivers are full of quiet spots to practice this activity.<\/p>\n\n\n\n<h2 class=\"wp-block-heading has-n-brown-color has-text-color has-link-color has-n-outfit-font-family has-medium-font-size wp-elements-f51dc57cad3208b523762621afaac2c8\" style=\"border-top-color:var(--wp--preset--color--n-lightest-brown);border-top-width:1px;margin-top:var(--wp--preset--spacing--50);margin-bottom:var(--wp--preset--spacing--50);padding-top:var(--wp--preset--spacing--50);font-style:normal;font-weight:500\">Sports and Leisure Facilities<\/h2>\n\n\n\n<div class=\"wp-block-columns has-n-brown-color has-text-color has-link-color wp-elements-a0385a4f9d0e33a6f0ee9e6a58b60f35 is-layout-flex wp-container-core-columns-is-layout-65eef5bf wp-block-columns-is-layout-flex\">\n<div class=\"wp-block-column is-layout-flow wp-container-core-column-is-layout-63d9dbad wp-block-column-is-layout-flow\" style=\"padding-top:0;padding-bottom:0\">\n<div class=\"wp-block-group has-n-brown-color has-text-color has-link-color wp-elements-5cb9e999c521ec9527e3f7f24b3ec83e is-nowrap is-layout-flex wp-container-core-group-is-layout-fc054d2d wp-block-group-is-layout-flex\">\n\u30fb\n\n\n\n<p class=\"has-n-brown-color has-text-color has-link-color has-n-outfit-font-family wp-elements-2ae5cbf3e76fb29ea6b976dce2431171\" style=\"font-style:normal;font-weight:300\">Hiking trails (GR 36)<\/p>\n<\/div>\n\n\n\n<div class=\"wp-block-group is-nowrap is-layout-flex wp-container-core-group-is-layout-fc054d2d wp-block-group-is-layout-flex\">\n\u30fb\n\n\n\n<p class=\"has-n-brown-color has-text-color has-link-color has-n-outfit-font-family wp-elements-2132a7a53a7987208d48b744c9ec1448\" style=\"font-style:normal;font-weight:300\">Mountain biking routes<\/p>\n<\/div>\n\n\n\n<div class=\"wp-block-group is-nowrap is-layout-flex wp-container-core-group-is-layout-fc054d2d wp-block-group-is-layout-flex\">\n\u30fb\n\n\n\n<p class=\"has-n-brown-color has-text-color has-link-color has-n-outfit-font-family wp-elements-65e11de452e120dbcd9f276e3af5a1c5\" style=\"font-style:normal;font-weight:300\">Tennis court<\/p>\n<\/div>\n\n\n\n<div class=\"wp-block-group is-nowrap is-layout-flex wp-container-core-group-is-layout-fc054d2d wp-block-group-is-layout-flex\">\n\u30fb\n\n\n\n<p class=\"has-n-brown-color has-text-color has-link-color has-n-outfit-font-family wp-elements-d676f76d9835c1c9ecfde265fee3b5c7\" style=\"font-style:normal;font-weight:300\">City stadium<\/p>\n<\/div>\n\n\n\n<div class=\"wp-block-group is-nowrap is-layout-flex wp-container-core-group-is-layout-fc054d2d wp-block-group-is-layout-flex\">\n\u30fb\n\n\n\n<p class=\"has-n-brown-color has-text-color has-link-color has-n-outfit-font-family wp-elements-1ee6dc7cc4f1b15071f0ad19f25c3ba8\" style=\"font-style:normal;font-weight:300\">Ping-pong<\/p>\n<\/div>\n\n\n\n<div class=\"wp-block-group is-nowrap is-layout-flex wp-container-core-group-is-layout-fc054d2d wp-block-group-is-layout-flex\">\n\u30fb\n\n\n\n<p class=\"has-n-brown-color has-text-color has-link-color has-n-outfit-font-family wp-elements-3f6c294ff3888254844c9c7adcc0b86c\" style=\"font-style:normal;font-weight:300\">XXL trampoline<\/p>\n<\/div>\n<\/div>\n\n\n\n<div class=\"wp-block-column is-layout-flow wp-container-core-column-is-layout-f5bb311e wp-block-column-is-layout-flow\">\n<div class=\"wp-block-group is-nowrap is-layout-flex wp-container-core-group-is-layout-fc054d2d wp-block-group-is-layout-flex\">\n\u30fb\n\n\n\n<p class=\"has-n-brown-color has-text-color has-link-color has-n-outfit-font-family wp-elements-71fbc531edc7e593a0e4da7ab33d52c5\" style=\"font-style:normal;font-weight:300\">Canoeing on the V\u00e9z\u00e8re and Dordogne<\/p>\n<\/div>\n\n\n\n<div class=\"wp-block-group is-nowrap is-layout-flex wp-container-core-group-is-layout-fc054d2d wp-block-group-is-layout-flex\">\n\u30fb\n\n\n\n<p class=\"has-n-brown-color has-text-color has-link-color has-n-outfit-font-family wp-elements-f6449936c7c753a2ccd4c58d27285310\" style=\"font-style:normal;font-weight:300\">Swimming (Tamnies pond, rivers)<\/p>\n<\/div>\n\n\n\n<div class=\"wp-block-group is-nowrap is-layout-flex wp-container-core-group-is-layout-fc054d2d wp-block-group-is-layout-flex\">\n\u30fb\n\n\n\n<p class=\"has-n-brown-color has-text-color has-link-color has-n-outfit-font-family wp-elements-122a423ae760a771200f6dbcd27b4a4f\" style=\"font-style:normal;font-weight:300\">Fishing<\/p>\n<\/div>\n\n\n\n<div class=\"wp-block-group is-nowrap is-layout-flex wp-container-core-group-is-layout-fc054d2d wp-block-group-is-layout-flex\">\n\u30fb\n\n\n\n<p class=\"has-n-brown-color has-text-color has-link-color has-n-outfit-font-family wp-elements-90e81fe2488990fa65cc1f14f720395f\" style=\"font-style:normal;font-weight:300\">Wooden playground<\/p>\n<\/div>\n\n\n\n<div class=\"wp-block-group is-nowrap is-layout-flex wp-container-core-group-is-layout-fc054d2d wp-block-group-is-layout-flex\">\n\u30fb\n\n\n\n<p class=\"has-n-brown-color has-text-color has-link-color has-n-outfit-font-family wp-elements-7b5fe531527a42f19e7ace6b248471b4\" style=\"font-style:normal;font-weight:300\">Cardio fitness bike<\/p>\n<\/div>\n<\/div>\n<\/div>\n<\/div>\n\n\n\n<div class=\"wp-block-column is-layout-flow wp-block-column-is-layout-flow\" style=\"flex-basis:40%\">\n<div class=\"wp-block-group has-n-lightest-brown-background-color has-background is-vertical is-layout-flex wp-container-core-group-is-layout-d62007ce wp-block-group-is-layout-flex wp-container-1 is-position-sticky\" style=\"border-radius:4px;margin-top:0;margin-bottom:0;padding-top:var(--wp--preset--spacing--60);padding-right:var(--wp--preset--spacing--60);padding-bottom:var(--wp--preset--spacing--60);padding-left:var(--wp--preset--spacing--60);box-shadow:var(--wp--preset--shadow--n-smooth-shadow)\">\n<h2 class=\"wp-block-heading has-n-brown-color has-text-color has-link-color has-n-outfit-font-family has-medium-font-size wp-elements-66e1b5c77defb66b7867cecbd61a298c\" style=\"font-style:normal;font-weight:500\">Want Adventure and Relaxation in the Dordogne?<\/h2>\n\n\n\n<p class=\"has-n-brown-color has-text-color has-link-color has-n-outfit-font-family has-default-font-size wp-elements-32fc178af4ca0281a3f575190ebfb8d7\">Book your pitch at the campsite now <br><strong>&#8220;Le V\u00e9z\u00e8re P\u00e9rigord&#8221;<\/strong><\/p>\n\n\n\n<div class=\"wp-block-buttons is-content-justification-right is-nowrap is-layout-flex wp-container-core-buttons-is-layout-5c4dd974 wp-block-buttons-is-layout-flex\" style=\"margin-top:var(--wp--preset--spacing--50)\">\n<div class=\"wp-block-button\"><a class=\"wp-block-button__link has-n-white-color has-n-accent-background-color has-text-color has-background has-link-color has-n-outfit-font-family wp-element-button\" href=\"https:\/\/reservation.secureholiday.net\/fr\/2605\/\" style=\"border-radius:4px;font-style:normal;font-weight:400;letter-spacing:1px;text-transform:uppercase\">I book my vacation<\/a><\/div>\n<\/div>\n<\/div>\n<\/div>\n<\/div>\n<\/div>\n","protected":false},"excerpt":{"rendered":"<p>Sports and Leisure: Adventure in the Heart of the P\u00e9rigord Noir Tennis Court\u30fbCity Stadium\u30fbTrampoline\u30fbPing-Pong At Le V\u00e9z\u00e8re P\u00e9rigord campsite in the Dordogne, there\u2019s no shortage of activities for the whole family! Between relaxation and adventure, enjoy an exceptional natural setting to unwind and have fun. On-site, discover: Around the campsite, explore: For fishing enthusiasts, our [&hellip;]<\/p>\n","protected":false},"author":1,"featured_media":0,"parent":53,"menu_order":0,"comment_status":"closed","ping_status":"closed","template":"","meta":{"footnotes":""},"class_list":["post-17","page","type-page","status-publish","hentry"],"_links":{"self":[{"href":"https:\/\/levezereperigord.com\/en\/wp-json\/wp\/v2\/pages\/17","targetHints":{"allow":["GET"]}}],"collection":[{"href":"https:\/\/levezereperigord.com\/en\/wp-json\/wp\/v2\/pages"}],"about":[{"href":"https:\/\/levezereperigord.com\/en\/wp-json\/wp\/v2\/types\/page"}],"author":[{"embeddable":true,"href":"https:\/\/levezereperigord.com\/en\/wp-json\/wp\/v2\/users\/1"}],"replies":[{"embeddable":true,"href":"https:\/\/levezereperigord.com\/en\/wp-json\/wp\/v2\/comments?post=17"}],"version-history":[{"count":28,"href":"https:\/\/levezereperigord.com\/en\/wp-json\/wp\/v2\/pages\/17\/revisions"}],"predecessor-version":[{"id":1617,"href":"https:\/\/levezereperigord.com\/en\/wp-json\/wp\/v2\/pages\/17\/revisions\/1617"}],"up":[{"embeddable":true,"href":"https:\/\/levezereperigord.com\/en\/wp-json\/wp\/v2\/pages\/53"}],"wp:attachment":[{"href":"https:\/\/levezereperigord.com\/en\/wp-json\/wp\/v2\/media?parent=17"}],"curies":[{"name":"wp","href":"https:\/\/api.w.org\/{rel}","templated":true}]}}