{"id":16,"date":"2025-10-30T12:11:51","date_gmt":"2025-10-30T11:11:51","guid":{"rendered":"https:\/\/levezereperigord.com\/?page_id=16"},"modified":"2026-03-23T21:15:24","modified_gmt":"2026-03-23T20:15:24","slug":"restaurant","status":"publish","type":"page","link":"https:\/\/levezereperigord.com\/en\/services\/restaurant\/","title":{"rendered":"Restaurant"},"content":{"rendered":"\n<div class=\"wp-block-group is-layout-constrained wp-container-core-group-is-layout-f5a82dac wp-block-group-is-layout-constrained\" style=\"margin-top:0;margin-bottom:0;padding-top:0;padding-right:0;padding-bottom:0;padding-left:0\">\n<div class=\"wp-block-columns is-layout-flex wp-container-core-columns-is-layout-469e8e9f wp-block-columns-is-layout-flex\" style=\"margin-top:0;margin-bottom:0;padding-top:0;padding-right:0;padding-bottom:0;padding-left:0\">\n<div class=\"wp-block-column is-layout-flow wp-block-column-is-layout-flow\">\n<figure class=\"wp-block-image size-full has-custom-border n-mobile-full-bleed\"><img loading=\"lazy\" decoding=\"async\" width=\"1200\" height=\"1600\" src=\"https:\/\/levezereperigord.com\/wp-content\/uploads\/2026\/03\/IMG-20250717-WA0005.jpg\" alt=\"\" class=\"wp-image-1838\" style=\"border-radius:4px;aspect-ratio:1;object-fit:cover\" srcset=\"https:\/\/levezereperigord.com\/wp-content\/uploads\/2026\/03\/IMG-20250717-WA0005.jpg 1200w, https:\/\/levezereperigord.com\/wp-content\/uploads\/2026\/03\/IMG-20250717-WA0005-225x300.jpg 225w, https:\/\/levezereperigord.com\/wp-content\/uploads\/2026\/03\/IMG-20250717-WA0005-768x1024.jpg 768w, https:\/\/levezereperigord.com\/wp-content\/uploads\/2026\/03\/IMG-20250717-WA0005-1152x1536.jpg 1152w\" sizes=\"auto, (max-width: 1200px) 100vw, 1200px\" \/><\/figure>\n<\/div>\n\n\n\n<div class=\"wp-block-column is-layout-flow wp-block-column-is-layout-flow\">\n<div class=\"wp-block-columns is-layout-flex wp-container-core-columns-is-layout-08c01c1c wp-block-columns-is-layout-flex\">\n<div class=\"wp-block-column is-layout-flow wp-block-column-is-layout-flow\">\n<div class=\"wp-block-group is-vertical is-layout-flex wp-container-core-group-is-layout-355c4241 wp-block-group-is-layout-flex\">\n<figure class=\"wp-block-image size-full has-custom-border n-desktop\"><img loading=\"lazy\" decoding=\"async\" width=\"2560\" height=\"1920\" src=\"https:\/\/levezereperigord.com\/wp-content\/uploads\/2026\/03\/IMG_4985-scaled.jpeg\" alt=\"\" class=\"wp-image-1849\" style=\"border-radius:4px;aspect-ratio:1;object-fit:cover\" srcset=\"https:\/\/levezereperigord.com\/wp-content\/uploads\/2026\/03\/IMG_4985-scaled.jpeg 2560w, https:\/\/levezereperigord.com\/wp-content\/uploads\/2026\/03\/IMG_4985-300x225.jpeg 300w, https:\/\/levezereperigord.com\/wp-content\/uploads\/2026\/03\/IMG_4985-1024x768.jpeg 1024w, https:\/\/levezereperigord.com\/wp-content\/uploads\/2026\/03\/IMG_4985-768x576.jpeg 768w, https:\/\/levezereperigord.com\/wp-content\/uploads\/2026\/03\/IMG_4985-1536x1152.jpeg 1536w, https:\/\/levezereperigord.com\/wp-content\/uploads\/2026\/03\/IMG_4985-2048x1536.jpeg 2048w\" sizes=\"auto, (max-width: 2560px) 100vw, 2560px\" \/><\/figure>\n\n\n\n<figure class=\"wp-block-image size-full has-custom-border n-desktop\"><img loading=\"lazy\" decoding=\"async\" width=\"1920\" height=\"2560\" src=\"https:\/\/levezereperigord.com\/wp-content\/uploads\/2026\/03\/IMG_4865-scaled.jpeg\" alt=\"\" class=\"wp-image-1853\" style=\"border-radius:4px;aspect-ratio:1;object-fit:cover\" srcset=\"https:\/\/levezereperigord.com\/wp-content\/uploads\/2026\/03\/IMG_4865-scaled.jpeg 1920w, https:\/\/levezereperigord.com\/wp-content\/uploads\/2026\/03\/IMG_4865-225x300.jpeg 225w, https:\/\/levezereperigord.com\/wp-content\/uploads\/2026\/03\/IMG_4865-768x1024.jpeg 768w, https:\/\/levezereperigord.com\/wp-content\/uploads\/2026\/03\/IMG_4865-1152x1536.jpeg 1152w, https:\/\/levezereperigord.com\/wp-content\/uploads\/2026\/03\/IMG_4865-1536x2048.jpeg 1536w\" sizes=\"auto, (max-width: 1920px) 100vw, 1920px\" \/><\/figure>\n<\/div>\n<\/div>\n\n\n\n<div class=\"wp-block-column is-layout-flow wp-block-column-is-layout-flow\">\n<div class=\"wp-block-group is-vertical is-layout-flex wp-container-core-group-is-layout-355c4241 wp-block-group-is-layout-flex\">\n<figure class=\"wp-block-image size-full has-custom-border n-desktop\"><img loading=\"lazy\" decoding=\"async\" width=\"1200\" height=\"1600\" src=\"https:\/\/levezereperigord.com\/wp-content\/uploads\/2026\/03\/terrasse.jpg\" alt=\"\" class=\"wp-image-1837\" style=\"border-radius:4px;aspect-ratio:1;object-fit:cover\" srcset=\"https:\/\/levezereperigord.com\/wp-content\/uploads\/2026\/03\/terrasse.jpg 1200w, https:\/\/levezereperigord.com\/wp-content\/uploads\/2026\/03\/terrasse-225x300.jpg 225w, https:\/\/levezereperigord.com\/wp-content\/uploads\/2026\/03\/terrasse-768x1024.jpg 768w, https:\/\/levezereperigord.com\/wp-content\/uploads\/2026\/03\/terrasse-1152x1536.jpg 1152w\" sizes=\"auto, (max-width: 1200px) 100vw, 1200px\" \/><\/figure>\n\n\n\n<figure class=\"wp-block-image size-full has-custom-border n-desktop\"><img loading=\"lazy\" decoding=\"async\" width=\"1536\" height=\"2048\" src=\"https:\/\/levezereperigord.com\/wp-content\/uploads\/2026\/03\/IMG-20251127-WA0028.jpg\" alt=\"\" class=\"wp-image-1868\" style=\"border-radius:4px;aspect-ratio:1;object-fit:cover\" srcset=\"https:\/\/levezereperigord.com\/wp-content\/uploads\/2026\/03\/IMG-20251127-WA0028.jpg 1536w, https:\/\/levezereperigord.com\/wp-content\/uploads\/2026\/03\/IMG-20251127-WA0028-225x300.jpg 225w, https:\/\/levezereperigord.com\/wp-content\/uploads\/2026\/03\/IMG-20251127-WA0028-768x1024.jpg 768w, https:\/\/levezereperigord.com\/wp-content\/uploads\/2026\/03\/IMG-20251127-WA0028-1152x1536.jpg 1152w\" sizes=\"auto, (max-width: 1536px) 100vw, 1536px\" \/><\/figure>\n<\/div>\n<\/div>\n<\/div>\n<\/div>\n<\/div>\n\n\n\n<div class=\"wp-block-columns is-layout-flex wp-container-core-columns-is-layout-178d4c1f wp-block-columns-is-layout-flex\" style=\"margin-top:var(--wp--preset--spacing--50);margin-bottom:var(--wp--preset--spacing--50);padding-top:0;padding-right:0;padding-bottom:0;padding-left:0\">\n<div class=\"wp-block-column is-layout-flow wp-container-core-column-is-layout-8a368f38 wp-block-column-is-layout-flow\" style=\"flex-basis:60%\">\n<h1 class=\"wp-block-heading has-n-brown-color has-text-color has-link-color has-n-benne-font-family wp-elements-38fcebd162327c0aabbf2005f89bfb5c\" style=\"font-size:clamp(1.25rem, 1.25rem + ((1vw - 0.2rem) * 1.053), 2rem);line-height:1.2\">Our Restaurant-Bar-Snack: <br>The Gourmet Corner of the Campsite<\/h1>\n\n\n\n<p class=\"has-n-brown-color has-text-color has-link-color has-n-outfit-font-family has-default-font-size wp-elements-7c5d119b224a204bd4f17bf6ffdbdd51\" style=\"font-style:normal;font-weight:300\">Restaurant \u30fb Shaded terrace \u30fb Bar \u30fb Snack bar \u30fb Ice cream<\/p>\n\n\n\n<p class=\"has-n-brown-color has-text-color has-link-color has-n-outfit-font-family has-default-font-size wp-elements-c174e39c2c4b72000d75dee697eb2011\" style=\"border-top-color:var(--wp--preset--color--n-lightest-brown);border-top-width:1px;margin-top:var(--wp--preset--spacing--50);margin-bottom:0;padding-top:var(--wp--preset--spacing--50);padding-bottom:0\">In the heart of the <strong>P\u00e9rigord Noir<\/strong>, facing the pools and nestled in a <strong>shady<\/strong> setting, our restaurant-bar is the perfect place to enjoy convivial moments with family, as a couple, or with friends. Gilles and Alexandrine cook<strong> seasonal dishes<\/strong> here, prepared with <strong>fresh and local<\/strong> products as much as possible: vegetables from Marquay, ducks from neighboring farms, beef selected by the butcher from Rouffignac, and Bergerac wines, among others&#8230;<br><br><strong>A unique atmosphere in the Dordogne<\/strong><br><\/p>\n\n\n\n<ul class=\"wp-block-list has-n-brown-color has-text-color has-link-color has-n-outfit-font-family wp-elements-9e1851ec4e9a9e7692f9caabb0ebea52\">\n<li>Shaded terrace facing the pools for outdoor vacation meals.<\/li>\n\n\n\n<li><strong>Home cooking:<\/strong> varied quality dishes, homemade pizzas, salads, themed evenings, roast chicken to go. <\/li>\n\n\n\n<li><strong>Friendly bar:<\/strong> aperitif boards, local wines, craft beers. <\/li>\n\n\n\n<li><strong>Events:<\/strong> In high season, weekly ap\u00e9ro-concerts for a festive yet relaxed atmosphere.<\/li>\n<\/ul>\n\n\n\n<p class=\"has-n-brown-color has-text-color has-link-color has-n-outfit-font-family wp-elements-f9eee8593ce6a72e56323052a21b5330\"><br><strong>Bread and pastry service<\/strong><br><\/p>\n\n\n\n<ul class=\"wp-block-list has-n-brown-color has-text-color has-link-color has-n-outfit-font-family wp-elements-622fdadce7fa5c8cb5f6c85a0c5c251b\">\n<li>Fresh bread and pastries available every morning (by reservation to avoid waste). <br><\/li>\n<\/ul>\n\n\n\n<p class=\"has-n-brown-color has-text-color has-link-color has-n-outfit-font-family wp-elements-feda0f97e7918a1fc8c20d977471c4bf\"><strong>Opening hours<\/strong><br><\/p>\n\n\n\n<ul class=\"wp-block-list has-n-brown-color has-text-color has-link-color has-n-outfit-font-family wp-elements-dba8a4d9350725fb34ad7e613882635c\">\n<li><strong>July and August:<\/strong> Open every evening. <\/li>\n\n\n\n<li><strong>Off-season:<\/strong> Open on Tuesdays, Thursdays, and Fridays.<\/li>\n<\/ul>\n\n\n\n<h2 class=\"wp-block-heading has-n-brown-color has-text-color has-link-color has-n-outfit-font-family has-medium-font-size wp-elements-a9a9935acdb1785c0981868be08fdb03\" style=\"border-top-color:var(--wp--preset--color--n-lightest-brown);border-top-width:1px;margin-top:var(--wp--preset--spacing--50);margin-bottom:var(--wp--preset--spacing--50);padding-top:var(--wp--preset--spacing--50);font-style:normal;font-weight:500\"><strong>Restaurant Facilities and Services<\/strong><\/h2>\n\n\n\n<div class=\"wp-block-columns has-n-brown-color has-text-color has-link-color wp-elements-acf44f4b29361216546a42be0680f2ea is-layout-flex wp-container-core-columns-is-layout-65eef5bf wp-block-columns-is-layout-flex\">\n<div class=\"wp-block-column is-layout-flow wp-container-core-column-is-layout-63d9dbad wp-block-column-is-layout-flow\" style=\"padding-top:0;padding-bottom:0\">\n<div class=\"wp-block-group has-n-brown-color has-text-color has-link-color wp-elements-4f09e2bd0b1851e769920564f84c2454 is-nowrap is-layout-flex wp-container-core-group-is-layout-fc054d2d wp-block-group-is-layout-flex\">\n<svg style=\"width: 24px; height: 24px;\" width=\"24\" height=\"24\" viewBox=\"0 0 24 24\" fill=\"none\" xmlns=\"http:\/\/www.w3.org\/2000\/svg\">\n<path fill-rule=\"evenodd\" clip-rule=\"evenodd\" d=\"M8 17.75C7.86193 17.75 7.75 17.8619 7.75 18V20C7.75 20.1381 7.86193 20.25 8 20.25H16C16.1381 20.25 16.25 20.1381 16.25 20V18C16.25 17.8619 16.1381 17.75 16 17.75H8ZM6.25 18C6.25 17.0335 7.0335 16.25 8 16.25H16C16.9665 16.25 17.75 17.0335 17.75 18V20C17.75 20.9665 16.9665 21.75 16 21.75H8C7.0335 21.75 6.25 20.9665 6.25 20V18Z\" fill=\"currentColor\"\/>\n<path fill-rule=\"evenodd\" clip-rule=\"evenodd\" d=\"M12 3.75C10.5386 3.75 9.2446 4.6941 8.79856 6.08576L8.71421 6.34891C8.61217 6.6673 8.3117 6.87969 7.97751 6.86966L7.7218 6.86199C6.09514 6.81319 4.75 8.11858 4.75 9.74598C4.75 10.7747 5.29777 11.7257 6.18768 12.2418L6.37629 12.3512C6.60761 12.4854 6.75 12.7326 6.75 13V16C6.75 16.1381 6.86193 16.25 7 16.25H17C17.1381 16.25 17.25 16.1381 17.25 16V13C17.25 12.7326 17.3924 12.4854 17.6237 12.3512L17.8123 12.2418C18.7022 11.7257 19.25 10.7747 19.25 9.74598C19.25 8.11858 17.9049 6.81319 16.2782 6.86199L16.0225 6.86966C15.6883 6.87969 15.3878 6.6673 15.2858 6.34891L15.2014 6.08576C14.7554 4.6941 13.4614 3.75 12 3.75ZM7.46317 5.36388C8.18176 3.49685 9.98035 2.25 12 2.25C14.0197 2.25 15.8182 3.49685 16.5368 5.36388C18.8707 5.45299 20.75 7.37455 20.75 9.74598C20.75 11.2369 19.993 12.6204 18.75 13.4258V16C18.75 16.9665 17.9665 17.75 17 17.75H7C6.0335 17.75 5.25 16.9665 5.25 16V13.4258C4.00699 12.6204 3.25 11.2369 3.25 9.74598C3.25 7.37455 5.12928 5.45299 7.46317 5.36388Z\" fill=\"currentColor\"\/>\n<path fill-rule=\"evenodd\" clip-rule=\"evenodd\" d=\"M8.75308 17.0679L8.25308 11.5679L9.74692 11.4321L10.2469 16.9321L8.75308 17.0679ZM13.7531 16.9321L14.2531 11.4321L15.7469 11.5679L15.2469 17.0679L13.7531 16.9321ZM11.25 17V11.4321H12.75V17H11.25Z\" fill=\"currentColor\"\/>\n<\/svg>\n\n\n\n\n<p class=\"has-n-brown-color has-text-color has-link-color has-n-outfit-font-family wp-elements-11639ed3c972941f16f2f5770c2025bb\" style=\"font-style:normal;font-weight:300\">Home cooking and seasonal dishes<\/p>\n<\/div>\n\n\n\n<div class=\"wp-block-group is-nowrap is-layout-flex wp-container-core-group-is-layout-fc054d2d wp-block-group-is-layout-flex\">\n<svg style=\"width: 24px; height: 24px;\" width=\"24\" height=\"24\" viewBox=\"0 0 24 24\" fill=\"none\" xmlns=\"http:\/\/www.w3.org\/2000\/svg\">\n<path fill-rule=\"evenodd\" clip-rule=\"evenodd\" d=\"M12 2.25C10.6409 2.25 9.51209 3.23592 9.28974 4.53156C5.76097 5.44999 3.09869 8.51573 2.78169 12.25H2V13.75H22V12.25H21.2183C20.9013 8.51573 18.239 5.44999 14.7103 4.53156C14.4879 3.23592 13.3591 2.25 12 2.25ZM12 3.75C11.5845 3.75 11.2163 3.95273 10.9891 4.26467C11.1581 4.25494 11.3285 4.25 11.5 4.25H12.5C12.6715 4.25 12.8419 4.25494 13.0109 4.26467C12.7837 3.95273 12.4155 3.75 12 3.75ZM19.7117 12.25C19.3364 8.59833 16.2508 5.75 12.5 5.75H11.5C7.74918 5.75 4.66362 8.59833 4.28832 12.25H19.7117Z\" fill=\"currentColor\"\/>\n<path fill-rule=\"evenodd\" clip-rule=\"evenodd\" d=\"M18.8489 15.2905C18.2476 14.2882 16.9626 13.9388 15.9365 14.4985L14.1664 15.464C13.94 14.7597 13.2795 14.25 12.5 14.25H6C5.0335 14.25 4.25 15.0335 4.25 16V18.2792C4.25 19.0325 4.732 19.7012 5.4466 19.9394L8.79804 21.0566C10.2448 21.5388 11.8238 21.4266 13.1878 20.7446L17.9548 18.3611C19.0903 17.7934 19.5021 16.3791 18.8489 15.2905ZM12.75 16V16.2366L12.3124 16.4753C11.9819 16.6555 11.6115 16.75 11.235 16.75H9V18.25H11.235C11.8625 18.25 12.4799 18.0926 13.0307 17.7921L16.6548 15.8153C16.9747 15.6409 17.3752 15.7498 17.5627 16.0622C17.7663 16.4016 17.6379 16.8425 17.284 17.0195L12.517 19.403C11.5088 19.9071 10.3417 19.99 9.27238 19.6336L5.92094 18.5164C5.81886 18.4824 5.75 18.3868 5.75 18.2792V16C5.75 15.8619 5.86193 15.75 6 15.75H12.5C12.6381 15.75 12.75 15.8619 12.75 16Z\" fill=\"currentColor\"\/>\n<\/svg>\n\n\n\n\n<p class=\"has-n-brown-color has-text-color has-link-color has-n-outfit-font-family wp-elements-c8956bb8a1d577cff698ac88a163bc36\" style=\"font-style:normal;font-weight:300\">Pizzas and takeaway meals<\/p>\n<\/div>\n\n\n\n<div class=\"wp-block-group is-nowrap is-layout-flex wp-container-core-group-is-layout-fc054d2d wp-block-group-is-layout-flex\">\n<svg style=\"width: 24px; height: 24px;\" width=\"24\" height=\"24\" viewBox=\"0 0 24 24\" fill=\"none\" xmlns=\"http:\/\/www.w3.org\/2000\/svg\">\n<path fill-rule=\"evenodd\" clip-rule=\"evenodd\" d=\"M6.08852 4.09918C6.27452 3.30868 6.97991 2.75 7.792 2.75H16.208C17.0201 2.75 17.7254 3.30868 17.9114 4.09918L18.8534 8.10232C19.4561 10.6639 18.5799 13.3478 16.5819 15.0604C15.4659 16.017 14.1252 16.5687 12.75 16.7155V19.75H16.5V21.25H7.49998V19.75H11.25V16.7155C9.8748 16.5687 8.53409 16.017 7.41806 15.0604C5.42003 13.3478 4.54387 10.6639 5.1466 8.10231L6.08852 4.09918ZM7.792 4.25C7.67599 4.25 7.57521 4.32981 7.54864 4.44274L6.98063 6.85679C8.74378 6.45279 10.6272 6.87977 12.0568 8.07108L12.3903 8.349C13.8295 9.54833 15.8047 9.8368 17.5115 9.1477C17.4874 8.91336 17.4481 8.67897 17.3932 8.44588L16.4513 4.44274C16.4248 4.32981 16.324 4.25 16.208 4.25H7.792ZM17.4417 10.7568C15.386 11.3515 13.124 10.913 11.43 9.50133L11.0965 9.22341C9.83001 8.16797 8.08519 7.91799 6.58178 8.55699C6.15802 10.539 6.85076 12.5986 8.39425 13.9216C10.4691 15.7 13.5308 15.7 15.6057 13.9216C16.5757 13.0902 17.2097 11.9679 17.4417 10.7568Z\" fill=\"currentColor\"\/>\n<\/svg>\n\n\n\n\n<p class=\"has-n-brown-color has-text-color has-link-color has-n-outfit-font-family wp-elements-5ec8687f92b5e8244c5ea7ac4190e8c3\" style=\"font-style:normal;font-weight:300\">Bar: Bergerac wines and local beers<\/p>\n<\/div>\n<\/div>\n\n\n\n<div class=\"wp-block-column is-layout-flow wp-container-core-column-is-layout-f5bb311e wp-block-column-is-layout-flow\">\n<div class=\"wp-block-group is-nowrap is-layout-flex wp-container-core-group-is-layout-fc054d2d wp-block-group-is-layout-flex\">\n<svg style=\"width: 24px; height: 24px;\" width=\"24\" height=\"24\" viewBox=\"0 0 24 24\" fill=\"none\" xmlns=\"http:\/\/www.w3.org\/2000\/svg\">\n<path fill-rule=\"evenodd\" clip-rule=\"evenodd\" d=\"M7.5 2.25C4.87665 2.25 2.75 4.37665 2.75 7V18C2.75 18.6981 3.15876 19.3007 3.75 19.5816V21H5.25V19.75H18.75V21H20.25V19.5816C20.8412 19.3007 21.25 18.6981 21.25 18V13C21.25 10.6528 19.3472 8.75 17 8.75H14.7857C13.6614 8.75 12.75 7.83858 12.75 6.71429C12.75 4.24873 10.7513 2.25 8.28571 2.25H7.5ZM4.25 7C4.25 5.20507 5.70507 3.75 7.5 3.75H8.28571C9.92284 3.75 11.25 5.07716 11.25 6.71429C11.25 8.66701 12.833 10.25 14.7857 10.25H17C18.4345 10.25 19.6125 11.3484 19.7388 12.75H4.25V7ZM4.25 14.25V18C4.25 18.1381 4.36193 18.25 4.5 18.25H19.5C19.6381 18.25 19.75 18.1381 19.75 18V14.25H18.75V17H17.25V14.25H16.25V17H14.75V14.25H13.75V17H12.25V14.25H11.25V17H9.75V14.25H8.75V17H7.25V14.25H6.25V17H4.75V14.25H4.25Z\" fill=\"currentColor\"\/>\n<\/svg>\n\n\n\n\n<p class=\"has-n-brown-color has-text-color has-link-color has-n-outfit-font-family wp-elements-92f40ed2ff53408e89dee7e2132207d8\" style=\"font-style:normal;font-weight:300\">Ap\u00e9ro-concerts on the terrace<\/p>\n<\/div>\n\n\n\n<div class=\"wp-block-group is-nowrap is-layout-flex wp-container-core-group-is-layout-fc054d2d wp-block-group-is-layout-flex\">\n<svg style=\"width: 24px; height: 24px;\" width=\"24\" height=\"24\" viewBox=\"0 0 24 24\" fill=\"none\" xmlns=\"http:\/\/www.w3.org\/2000\/svg\">\n<path d=\"M9.63197 4.55902C9.874 4.07496 10 3.54119 10 3H11.5C11.5 3.77406 11.3198 4.53749 10.9736 5.22984L10.0347 7.10749C9.68281 7.80903 9.5 8.6735 9.5 9.5H8C8 8.39712 8.25678 7.30939 8.75 6.32295L9.63197 4.55902Z\" fill=\"currentColor\"\/>\n<path d=\"M13 3C13 3.54119 12.874 4.07496 12.632 4.55902L11.75 6.32295C11.2568 7.30939 11 8.39712 11 9.5H12.5C12.5 8.6735 12.6828 7.80903 13.0347 7.10749L13.9736 5.22984C14.3198 4.53749 14.5 3.77406 14.5 3H13Z\" fill=\"currentColor\"\/>\n<path d=\"M16 3C16 3.54119 15.874 4.07496 15.632 4.55902L14.75 6.32295C14.2568 7.30939 14 8.39712 14 9.5H15.5C15.5 8.6735 15.6828 7.80903 16.0347 7.10749L16.9736 5.22984C17.3198 4.53749 17.5 3.77406 17.5 3H16Z\" fill=\"currentColor\"\/>\n<path d=\"M3.5 18.75H3V17.25H3.5C4.4665 17.25 5.25 18.0335 5.25 19C5.25 19.1381 5.36193 19.25 5.5 19.25H18.5C18.6381 19.25 18.75 19.1381 18.75 19C18.75 18.0335 19.5335 17.25 20.5 17.25H21V18.75H20.5C20.3619 18.75 20.25 18.8619 20.25 19C20.25 19.9665 19.4665 20.75 18.5 20.75H5.5C4.5335 20.75 3.75 19.9665 3.75 19C3.75 18.8619 3.63807 18.75 3.5 18.75Z\" fill=\"currentColor\"\/>\n<path fill-rule=\"evenodd\" clip-rule=\"evenodd\" d=\"M9.5 11.25C7.42893 11.25 5.75 12.9289 5.75 15V16.5C5.75 17.4665 6.5335 18.25 7.5 18.25H16.5C17.4665 18.25 18.25 17.4665 18.25 16.5V15C18.25 12.9289 16.5711 11.25 14.5 11.25H9.5ZM8.75 12.878V14.5H10.25V12.75H11.25V14.5H12.75V12.75H13.75V14.5H15.25V12.878C16.1239 13.1869 16.75 14.0203 16.75 15V16.5C16.75 16.6381 16.6381 16.75 16.5 16.75H7.5C7.36193 16.75 7.25 16.6381 7.25 16.5V15C7.25 14.0203 7.87611 13.1869 8.75 12.878Z\" fill=\"currentColor\"\/>\n<\/svg>\n\n\n\n\n<p class=\"has-n-brown-color has-text-color has-link-color has-n-outfit-font-family wp-elements-cff6652d2227004bba95ff41e8325166\" style=\"font-style:normal;font-weight:300\">Fresh bread and pastries (by reservation)<\/p>\n<\/div>\n\n\n\n<div class=\"wp-block-group is-nowrap is-layout-flex wp-container-core-group-is-layout-fc054d2d wp-block-group-is-layout-flex\">\n<svg style=\"width: 24px; height: 24px;\" width=\"24\" height=\"24\" viewBox=\"0 0 24 24\" fill=\"none\" xmlns=\"http:\/\/www.w3.org\/2000\/svg\">\n<path fill-rule=\"evenodd\" clip-rule=\"evenodd\" d=\"M6.71203 4.40952C9.68964 1.63042 14.3104 1.63042 17.288 4.40952L18.157 5.22065C19.3182 6.3044 18.5513 8.25 16.963 8.25H12.75V11.75H18.5V13.25H12.75V21H11.25V13.25H5.5V11.75H11.25V8.25H7.03702C5.44869 8.25 4.6818 6.30441 5.84296 5.22065L6.71203 4.40952ZM16.2645 5.5061C13.8632 3.26489 10.1368 3.26489 7.73551 5.5061L6.86644 6.31723C6.70056 6.47205 6.81011 6.75 7.03702 6.75H16.963C17.1899 6.75 17.2994 6.47205 17.1336 6.31723L16.2645 5.5061Z\" fill=\"currentColor\"\/>\n<path d=\"M2.75 8V21H4.25V16.75H7.5C7.63807 16.75 7.75 16.8619 7.75 17V21H9.25V17C9.25 16.0335 8.4665 15.25 7.5 15.25H4.25V8H2.75Z\" fill=\"currentColor\"\/>\n<path d=\"M21.25 8V21H19.75V16.75H16.5C16.3619 16.75 16.25 16.8619 16.25 17V21H14.75V17C14.75 16.0335 15.5335 15.25 16.5 15.25H19.75V8H21.25Z\" fill=\"currentColor\"\/>\n<\/svg>\n\n\n\n\n<p class=\"has-n-brown-color has-text-color has-link-color has-n-outfit-font-family wp-elements-376b8fef571bfb43a71c4d4ed82f0d1d\" style=\"font-style:normal;font-weight:300\">Shaded terrace facing the pools<\/p>\n<\/div>\n<\/div>\n<\/div>\n<\/div>\n\n\n\n<div class=\"wp-block-column is-layout-flow wp-block-column-is-layout-flow\" style=\"flex-basis:40%\">\n<div class=\"wp-block-group has-n-lightest-brown-background-color has-background is-vertical is-layout-flex wp-container-core-group-is-layout-d62007ce wp-block-group-is-layout-flex wp-container-1 is-position-sticky\" style=\"border-radius:4px;margin-top:0;margin-bottom:0;padding-top:var(--wp--preset--spacing--60);padding-right:var(--wp--preset--spacing--60);padding-bottom:var(--wp--preset--spacing--60);padding-left:var(--wp--preset--spacing--60);box-shadow:var(--wp--preset--shadow--n-smooth-shadow)\">\n<h2 class=\"wp-block-heading has-n-brown-color has-text-color has-link-color has-n-outfit-font-family has-medium-font-size wp-elements-571618dd3231d7b6fbfa6e4c0a1627a6\" style=\"font-style:normal;font-weight:500\"><strong>Enjoy Our Services and Restaurant During Your Stay!<\/strong><\/h2>\n\n\n\n<p class=\"has-n-brown-color has-text-color has-link-color has-n-outfit-font-family has-default-font-size wp-elements-dbae4092c3799c5f7a265b955c671843\">Book your holiday at our Dordogne campsite now <strong>&#8221; Le V\u00e9z\u00e8re P\u00e9rigord&#8221;<\/strong>.<\/p>\n\n\n\n<div class=\"wp-block-buttons is-content-justification-right is-nowrap is-layout-flex wp-container-core-buttons-is-layout-5c4dd974 wp-block-buttons-is-layout-flex\" style=\"margin-top:var(--wp--preset--spacing--50)\">\n<div class=\"wp-block-button\"><a class=\"wp-block-button__link has-n-white-color has-n-accent-background-color has-text-color has-background has-link-color has-n-outfit-font-family wp-element-button\" href=\"https:\/\/reservation.secureholiday.net\/fr\/2605\/\" style=\"border-radius:4px;font-style:normal;font-weight:400;letter-spacing:1px;text-transform:uppercase\">I book my vacation<\/a><\/div>\n<\/div>\n<\/div>\n<\/div>\n<\/div>\n<\/div>\n","protected":false},"excerpt":{"rendered":"<p>Our Restaurant-Bar-Snack: The Gourmet Corner of the Campsite Restaurant \u30fb Shaded terrace \u30fb Bar \u30fb Snack bar \u30fb Ice cream In the heart of the P\u00e9rigord Noir, facing the pools and nestled in a shady setting, our restaurant-bar is the perfect place to enjoy convivial moments with family, as a couple, or with friends. Gilles [&hellip;]<\/p>\n","protected":false},"author":1,"featured_media":0,"parent":53,"menu_order":0,"comment_status":"closed","ping_status":"closed","template":"","meta":{"footnotes":""},"class_list":["post-16","page","type-page","status-publish","hentry"],"_links":{"self":[{"href":"https:\/\/levezereperigord.com\/en\/wp-json\/wp\/v2\/pages\/16","targetHints":{"allow":["GET"]}}],"collection":[{"href":"https:\/\/levezereperigord.com\/en\/wp-json\/wp\/v2\/pages"}],"about":[{"href":"https:\/\/levezereperigord.com\/en\/wp-json\/wp\/v2\/types\/page"}],"author":[{"embeddable":true,"href":"https:\/\/levezereperigord.com\/en\/wp-json\/wp\/v2\/users\/1"}],"replies":[{"embeddable":true,"href":"https:\/\/levezereperigord.com\/en\/wp-json\/wp\/v2\/comments?post=16"}],"version-history":[{"count":53,"href":"https:\/\/levezereperigord.com\/en\/wp-json\/wp\/v2\/pages\/16\/revisions"}],"predecessor-version":[{"id":1873,"href":"https:\/\/levezereperigord.com\/en\/wp-json\/wp\/v2\/pages\/16\/revisions\/1873"}],"up":[{"embeddable":true,"href":"https:\/\/levezereperigord.com\/en\/wp-json\/wp\/v2\/pages\/53"}],"wp:attachment":[{"href":"https:\/\/levezereperigord.com\/en\/wp-json\/wp\/v2\/media?parent=16"}],"curies":[{"name":"wp","href":"https:\/\/api.w.org\/{rel}","templated":true}]}}