{"id":53,"date":"2025-10-30T12:28:30","date_gmt":"2025-10-30T11:28:30","guid":{"rendered":"https:\/\/levezereperigord.com\/?page_id=53"},"modified":"2026-02-25T11:05:00","modified_gmt":"2026-02-25T10:05:00","slug":"services","status":"publish","type":"page","link":"https:\/\/levezereperigord.com\/de\/services\/","title":{"rendered":"Services"},"content":{"rendered":"\n<div class=\"wp-block-group n-mobile-full-bleed has-n-lightest-brown-background-color has-background is-layout-constrained wp-container-core-group-is-layout-19ac9bc1 wp-block-group-is-layout-constrained\" style=\"border-radius:4px;margin-top:0;margin-bottom:0;padding-top:var(--wp--preset--spacing--60);padding-right:var(--wp--preset--spacing--60);padding-bottom:var(--wp--preset--spacing--60);padding-left:var(--wp--preset--spacing--60)\">\n<div class=\"wp-block-columns are-vertically-aligned-center n-column-reverse is-layout-flex wp-container-core-columns-is-layout-6ef9061c wp-block-columns-is-layout-flex\">\n<div class=\"wp-block-column is-vertically-aligned-center is-layout-flow wp-block-column-is-layout-flow\" style=\"padding-right:0;padding-left:0;flex-basis:33.33%\">\n<div class=\"wp-block-group is-vertical is-layout-flex wp-container-core-group-is-layout-355c4241 wp-block-group-is-layout-flex\">\n<h1 class=\"wp-block-heading has-n-light-brown-color has-text-color has-link-color has-n-outfit-font-family has-small-font-size wp-elements-88330406a968163e997f5572ff2a2a1a\" style=\"font-style:normal;font-weight:300;letter-spacing:1.5px;text-transform:uppercase\">Dienstleistungen<\/h1>\n\n\n\n<h2 class=\"wp-block-heading has-n-brown-color has-text-color has-link-color has-n-benne-font-family has-gigantic-font-size wp-elements-d3190ad3369f711dcaf5549e182de885\" style=\"line-height:1\">Qualit\u00e4tsurlaub<\/h2>\n\n\n\n<p class=\"has-n-brown-color has-text-color has-link-color has-n-outfit-font-family wp-elements-74459bab6e541d50bcf90464b15bf55c\" style=\"font-size:14px\">Bei uns ist alles darauf ausgerichtet, dass Sie Ihren Urlaub in der Dordogne und Ihren Aufenthalt in vollen Z\u00fcgen genie\u00dfen k\u00f6nnen. Entspannung, Komfort und Aktivit\u00e4ten: Lehnen Sie sich zur\u00fcck, wir k\u00fcmmern uns um den Rest. Ihr Urlaub im P\u00e9rigord Noir beginnt hier!<\/p>\n\n\n\n<div class=\"wp-block-buttons is-layout-flex wp-block-buttons-is-layout-flex\" style=\"margin-top:var(--wp--preset--spacing--50)\">\n<div class=\"wp-block-button is-style-fill\"><a class=\"wp-block-button__link has-n-white-color has-n-accent-background-color has-text-color has-background has-link-color has-n-outfit-font-family has-small-font-size has-custom-font-size wp-element-button\" style=\"border-radius:4px;text-transform:uppercase\">Jetzt buchen<\/a><\/div>\n<\/div>\n<\/div>\n<\/div>\n\n\n\n<div class=\"wp-block-column is-vertically-aligned-center is-layout-flow wp-block-column-is-layout-flow\" style=\"flex-basis:66.66%\">\n<figure class=\"wp-block-image size-full has-custom-border\"><img loading=\"lazy\" decoding=\"async\" width=\"875\" height=\"656\" src=\"https:\/\/levezereperigord.com\/wp-content\/uploads\/2025\/12\/location-mobil-homes-camping-vezere-perigord.avif\" alt=\"\" class=\"wp-image-282\" style=\"border-radius:4px;aspect-ratio:4\/3;object-fit:cover\" srcset=\"https:\/\/levezereperigord.com\/wp-content\/uploads\/2025\/12\/location-mobil-homes-camping-vezere-perigord.avif 875w, https:\/\/levezereperigord.com\/wp-content\/uploads\/2025\/12\/location-mobil-homes-camping-vezere-perigord-300x225.avif 300w, https:\/\/levezereperigord.com\/wp-content\/uploads\/2025\/12\/location-mobil-homes-camping-vezere-perigord-768x576.avif 768w\" sizes=\"auto, (max-width: 875px) 100vw, 875px\" \/><\/figure>\n<\/div>\n<\/div>\n<\/div>\n\n\n\n<div class=\"wp-block-group is-layout-constrained wp-container-core-group-is-layout-4383d167 wp-block-group-is-layout-constrained\">\n<div class=\"wp-block-columns are-vertically-aligned-center is-layout-flex wp-container-core-columns-is-layout-6ef9061c wp-block-columns-is-layout-flex\">\n<div class=\"wp-block-column is-vertically-aligned-center is-layout-flow wp-block-column-is-layout-flow\" style=\"padding-right:0;padding-left:0;flex-basis:50%\">\n<figure class=\"wp-block-image size-full has-custom-border\"><img loading=\"lazy\" decoding=\"async\" width=\"980\" height=\"557\" src=\"https:\/\/levezereperigord.com\/wp-content\/uploads\/2025\/10\/piscine-camping-vezere-perigord.jpeg.avif\" alt=\"\" class=\"wp-image-79\" style=\"border-radius:4px;box-shadow:var(--wp--preset--shadow--n-smooth-shadow);aspect-ratio:4\/3;object-fit:cover\" srcset=\"https:\/\/levezereperigord.com\/wp-content\/uploads\/2025\/10\/piscine-camping-vezere-perigord.jpeg.avif 980w, https:\/\/levezereperigord.com\/wp-content\/uploads\/2025\/10\/piscine-camping-vezere-perigord.jpeg-300x171.avif 300w, https:\/\/levezereperigord.com\/wp-content\/uploads\/2025\/10\/piscine-camping-vezere-perigord.jpeg-768x437.avif 768w\" sizes=\"auto, (max-width: 980px) 100vw, 980px\" \/><\/figure>\n<\/div>\n\n\n\n<div class=\"wp-block-column is-vertically-aligned-center is-layout-flow wp-container-core-column-is-layout-053e94e8 wp-block-column-is-layout-flow\" style=\"padding-right:0;padding-left:0;flex-basis:50%\">\n<h3 class=\"wp-block-heading has-n-brown-color has-text-color has-link-color has-n-benne-font-family has-large-font-size wp-elements-de521acc51d957c34321bafc62c788cd\">Den Pool<\/h3>\n\n\n\n<p class=\"n-max-text has-n-brown-color has-text-color has-link-color has-n-outfit-font-family wp-elements-a5831cf06a2c7697a52f5700e2f00d84\" style=\"font-size:14px\">Tauchen Sie ein in unseren Wasserpark! Ob beheiztes Hallenbad, Au\u00dfenpool, Wasserrutschen, Planschbecken oder Sonnenliegen \u2013 hier ist f\u00fcr jeden etwas dabei. Ein idealer Ort zum Schwimmen, Spielen oder Entspannen, ob zu zweit oder mit der Familie.<\/p>\n\n\n\n<div class=\"wp-block-buttons is-content-justification-left is-nowrap is-layout-flex wp-container-core-buttons-is-layout-fbe9fc48 wp-block-buttons-is-layout-flex\" style=\"margin-top:var(--wp--preset--spacing--50);margin-bottom:0px;padding-top:0px;padding-right:0px;padding-bottom:0px;padding-left:0px\">\n<div class=\"wp-block-button is-style-outline is-style-outline--1\"><a class=\"wp-block-button__link has-n-brown-color has-text-color has-link-color has-border-color has-n-outfit-font-family has-small-font-size has-text-align-center has-custom-font-size wp-element-button\" href=\"https:\/\/levezereperigord.com\/piscine\" style=\"border-color:#3B2F21;border-width:1px;border-radius:4px;font-style:normal;font-weight:400;letter-spacing:1px;text-transform:uppercase\">Entdecken Sie den Pool<\/a><\/div>\n<\/div>\n<\/div>\n<\/div>\n\n\n\n<div class=\"wp-block-columns are-vertically-aligned-center n-column-reverse is-layout-flex wp-container-core-columns-is-layout-6ef9061c wp-block-columns-is-layout-flex\">\n<div class=\"wp-block-column is-vertically-aligned-center is-layout-flow wp-container-core-column-is-layout-053e94e8 wp-block-column-is-layout-flow\" style=\"padding-right:0;padding-left:0;flex-basis:50%\">\n<h3 class=\"wp-block-heading has-n-brown-color has-text-color has-link-color has-n-benne-font-family has-large-font-size wp-elements-8fbeddfa1e58d308e02c3fd19b9efb4a\">Das Restaurant<\/h3>\n\n\n\n<p class=\"n-max-text has-n-brown-color has-text-color has-link-color has-n-outfit-font-family wp-elements-bffaf396631249da6158bb40372695bc\" style=\"font-size:14px\">Im Restaurant von Camping Le V\u00e9z\u00e8re P\u00e9rigord legen Gilles und Alexandrine Wert auf regionale und hausgemachte K\u00fcche. Auf der Speisekarte: saisonale Gerichte, hausgemachte Pizzen, Brath\u00e4hnchen zum Mitnehmen und \u2013 auf Vorbestellung \u2013 ein B\u00e4ckereiservice f\u00fcr ein leckeres Fr\u00fchst\u00fcck. Eine Snackbar mit Bedienung auf einer gro\u00dfen, schattigen Terrasse mit Blick auf die Pools l\u00e4dt zum Entspannen und Genie\u00dfen ein.<\/p>\n\n\n\n<div class=\"wp-block-buttons is-content-justification-left is-nowrap is-layout-flex wp-container-core-buttons-is-layout-fbe9fc48 wp-block-buttons-is-layout-flex\" style=\"margin-top:var(--wp--preset--spacing--50);margin-bottom:0px;padding-top:0px;padding-right:0px;padding-bottom:0px;padding-left:0px\">\n<div class=\"wp-block-button is-style-outline is-style-outline--2\"><a class=\"wp-block-button__link has-n-brown-color has-text-color has-link-color has-border-color has-n-outfit-font-family has-small-font-size has-text-align-center has-custom-font-size wp-element-button\" href=\"https:\/\/levezereperigord.com\/restaurant\/\" style=\"border-color:#3B2F21;border-width:1px;border-radius:4px;font-style:normal;font-weight:400;letter-spacing:1px;text-transform:uppercase\">ENTDECKEN SIE DAS RESTAURANT<\/a><\/div>\n<\/div>\n<\/div>\n\n\n\n<div class=\"wp-block-column is-vertically-aligned-center is-layout-flow wp-block-column-is-layout-flow\" style=\"padding-right:0;padding-left:0;flex-basis:50%\">\n<figure class=\"wp-block-image size-large has-custom-border\"><img loading=\"lazy\" decoding=\"async\" width=\"1024\" height=\"768\" src=\"https:\/\/levezereperigord.com\/wp-content\/uploads\/2025\/10\/restaurant-camping-vezere-perigord-1024x768.avif\" alt=\"\" class=\"wp-image-80\" style=\"border-radius:4px;box-shadow:var(--wp--preset--shadow--n-smooth-shadow);aspect-ratio:4\/3;object-fit:cover\" srcset=\"https:\/\/levezereperigord.com\/wp-content\/uploads\/2025\/10\/restaurant-camping-vezere-perigord-1024x768.avif 1024w, https:\/\/levezereperigord.com\/wp-content\/uploads\/2025\/10\/restaurant-camping-vezere-perigord-300x225.avif 300w, https:\/\/levezereperigord.com\/wp-content\/uploads\/2025\/10\/restaurant-camping-vezere-perigord-768x576.avif 768w, https:\/\/levezereperigord.com\/wp-content\/uploads\/2025\/10\/restaurant-camping-vezere-perigord.avif 1068w\" sizes=\"auto, (max-width: 1024px) 100vw, 1024px\" \/><\/figure>\n<\/div>\n<\/div>\n\n\n\n<div class=\"wp-block-columns are-vertically-aligned-center is-layout-flex wp-container-core-columns-is-layout-6ef9061c wp-block-columns-is-layout-flex\">\n<div class=\"wp-block-column is-vertically-aligned-center is-layout-flow wp-block-column-is-layout-flow\" style=\"padding-right:0;padding-left:0;flex-basis:50%\">\n<figure class=\"wp-block-image size-full has-custom-border\"><img loading=\"lazy\" decoding=\"async\" width=\"773\" height=\"517\" src=\"https:\/\/levezereperigord.com\/wp-content\/uploads\/2025\/10\/terrain-tenis-camping-vezere-perigord.jpg\" alt=\"\" class=\"wp-image-85\" style=\"border-radius:4px;box-shadow:var(--wp--preset--shadow--n-smooth-shadow);aspect-ratio:4\/3;object-fit:cover\" srcset=\"https:\/\/levezereperigord.com\/wp-content\/uploads\/2025\/10\/terrain-tenis-camping-vezere-perigord.jpg 773w, https:\/\/levezereperigord.com\/wp-content\/uploads\/2025\/10\/terrain-tenis-camping-vezere-perigord-300x201.jpg 300w, https:\/\/levezereperigord.com\/wp-content\/uploads\/2025\/10\/terrain-tenis-camping-vezere-perigord-768x514.jpg 768w\" sizes=\"auto, (max-width: 773px) 100vw, 773px\" \/><\/figure>\n<\/div>\n\n\n\n<div class=\"wp-block-column is-vertically-aligned-center is-layout-flow wp-container-core-column-is-layout-053e94e8 wp-block-column-is-layout-flow\" style=\"padding-right:0;padding-left:0;flex-basis:50%\">\n<h3 class=\"wp-block-heading has-n-brown-color has-text-color has-link-color has-n-benne-font-family has-large-font-size wp-elements-3291d1dbeebb3c8bf547d4e0175f855d\">Sport und Freizeit<\/h3>\n\n\n\n<p class=\"n-max-text has-n-brown-color has-text-color has-link-color has-n-outfit-font-family wp-elements-5e4546a7cfa8632ee80aac38e7411358\" style=\"font-size:14px\">Lust auf Bewegung? Tennisplatz, Multisportplatz, Wanderwege, Mountainbike-Strecken, XXL-Trampolin, Tischtennis und Boule bieten jede Menge Unterhaltung f\u00fcr die ganze Familie. Und nach all der Action laden die Schwimmb\u00e4der mit ihren Wasserrutschen oder die V\u00e9z\u00e8re zum Abk\u00fchlen ein!<\/p>\n\n\n\n<div class=\"wp-block-buttons is-content-justification-left is-nowrap is-layout-flex wp-container-core-buttons-is-layout-fbe9fc48 wp-block-buttons-is-layout-flex\" style=\"margin-top:var(--wp--preset--spacing--50);margin-bottom:0px;padding-top:0px;padding-right:0px;padding-bottom:0px;padding-left:0px\">\n<div class=\"wp-block-button is-style-outline is-style-outline--3\"><a class=\"wp-block-button__link has-n-brown-color has-text-color has-link-color has-border-color has-n-outfit-font-family has-small-font-size has-text-align-center has-custom-font-size wp-element-button\" href=\"https:\/\/levezereperigord.com\/sports-et-loisirs\/\" style=\"border-color:#3B2F21;border-width:1px;border-radius:4px;font-style:normal;font-weight:400;letter-spacing:1px;text-transform:uppercase\">ENTDECKEN SIE SPORT UND FREIZEIT<\/a><\/div>\n<\/div>\n<\/div>\n<\/div>\n\n\n\n<div class=\"wp-block-columns are-vertically-aligned-center n-column-reverse is-layout-flex wp-container-core-columns-is-layout-6ef9061c wp-block-columns-is-layout-flex\">\n<div class=\"wp-block-column is-vertically-aligned-center is-layout-flow wp-container-core-column-is-layout-053e94e8 wp-block-column-is-layout-flow\" style=\"padding-right:0;padding-left:0;flex-basis:50%\">\n<h3 class=\"wp-block-heading has-n-brown-color has-text-color has-link-color has-n-benne-font-family has-large-font-size wp-elements-2e09b1d6ab6b6281eaccf9a9d8525e45\">Sanit\u00e4ranlagen<\/h3>\n\n\n\n<p class=\"n-max-text has-n-brown-color has-text-color has-link-color has-n-outfit-font-family wp-elements-21420db254f5fe4029e1401ba9838411\" style=\"font-size:14px\">F\u00fcr Ihren Komfort bieten die Maisons d\u2019Eau (Wasserh\u00e4user) zwei moderne und k\u00fcrzlich renovierte Sanit\u00e4ranlagen: Warmwasserduschen, Sp\u00fclbereiche und Waschmaschinen. Alles ist darauf ausgerichtet, dass Sie sich vor oder nach einem erlebnisreichen Urlaubstag wie zu Hause f\u00fchlen.<\/p>\n\n\n\n<div class=\"wp-block-buttons is-content-justification-left is-nowrap is-layout-flex wp-container-core-buttons-is-layout-fbe9fc48 wp-block-buttons-is-layout-flex\" style=\"margin-top:var(--wp--preset--spacing--50);margin-bottom:0px;padding-top:0px;padding-right:0px;padding-bottom:0px;padding-left:0px\">\n<div class=\"wp-block-button is-style-outline is-style-outline--4\"><a class=\"wp-block-button__link has-n-brown-color has-text-color has-link-color has-border-color has-n-outfit-font-family has-small-font-size has-text-align-center has-custom-font-size wp-element-button\" href=\"https:\/\/levezereperigord.com\/sanitaires\/\" style=\"border-color:#3B2F21;border-width:1px;border-radius:4px;font-style:normal;font-weight:400;letter-spacing:1px;text-transform:uppercase\">ENTDECKEN SIE DIE Sanit\u00e4ranlagen<\/a><\/div>\n<\/div>\n<\/div>\n\n\n\n<div class=\"wp-block-column is-vertically-aligned-center is-layout-flow wp-block-column-is-layout-flow\" style=\"padding-right:0;padding-left:0;flex-basis:50%\">\n<figure class=\"wp-block-image size-full has-custom-border\"><img loading=\"lazy\" decoding=\"async\" width=\"884\" height=\"588\" src=\"https:\/\/levezereperigord.com\/wp-content\/uploads\/2025\/11\/bloc-sanitaire-vezere-perigord.jpg\" alt=\"\" class=\"wp-image-111\" style=\"border-radius:4px;box-shadow:var(--wp--preset--shadow--n-smooth-shadow);aspect-ratio:4\/3;object-fit:cover\" srcset=\"https:\/\/levezereperigord.com\/wp-content\/uploads\/2025\/11\/bloc-sanitaire-vezere-perigord.jpg 884w, https:\/\/levezereperigord.com\/wp-content\/uploads\/2025\/11\/bloc-sanitaire-vezere-perigord-300x200.jpg 300w, https:\/\/levezereperigord.com\/wp-content\/uploads\/2025\/11\/bloc-sanitaire-vezere-perigord-768x511.jpg 768w\" sizes=\"auto, (max-width: 884px) 100vw, 884px\" \/><\/figure>\n<\/div>\n<\/div>\n<\/div>\n","protected":false},"excerpt":{"rendered":"<p>Dienstleistungen Qualit\u00e4tsurlaub Bei uns ist alles darauf ausgerichtet, dass Sie Ihren Urlaub in der Dordogne und Ihren Aufenthalt in vollen Z\u00fcgen genie\u00dfen k\u00f6nnen. Entspannung, Komfort und Aktivit\u00e4ten: Lehnen Sie sich zur\u00fcck, wir k\u00fcmmern uns um den Rest. Ihr Urlaub im P\u00e9rigord Noir beginnt hier! Den Pool Tauchen Sie ein in unseren Wasserpark! Ob beheiztes Hallenbad, [&hellip;]<\/p>\n","protected":false},"author":1,"featured_media":0,"parent":0,"menu_order":0,"comment_status":"closed","ping_status":"closed","template":"","meta":{"footnotes":""},"class_list":["post-53","page","type-page","status-publish","hentry"],"_links":{"self":[{"href":"https:\/\/levezereperigord.com\/de\/wp-json\/wp\/v2\/pages\/53","targetHints":{"allow":["GET"]}}],"collection":[{"href":"https:\/\/levezereperigord.com\/de\/wp-json\/wp\/v2\/pages"}],"about":[{"href":"https:\/\/levezereperigord.com\/de\/wp-json\/wp\/v2\/types\/page"}],"author":[{"embeddable":true,"href":"https:\/\/levezereperigord.com\/de\/wp-json\/wp\/v2\/users\/1"}],"replies":[{"embeddable":true,"href":"https:\/\/levezereperigord.com\/de\/wp-json\/wp\/v2\/comments?post=53"}],"version-history":[{"count":9,"href":"https:\/\/levezereperigord.com\/de\/wp-json\/wp\/v2\/pages\/53\/revisions"}],"predecessor-version":[{"id":1146,"href":"https:\/\/levezereperigord.com\/de\/wp-json\/wp\/v2\/pages\/53\/revisions\/1146"}],"wp:attachment":[{"href":"https:\/\/levezereperigord.com\/de\/wp-json\/wp\/v2\/media?parent=53"}],"curies":[{"name":"wp","href":"https:\/\/api.w.org\/{rel}","templated":true}]}}