{"id":20,"date":"2025-10-30T12:12:13","date_gmt":"2025-10-30T11:12:13","guid":{"rendered":"https:\/\/levezereperigord.com\/?page_id=20"},"modified":"2026-03-02T10:16:53","modified_gmt":"2026-03-02T09:16:53","slug":"contact","status":"publish","type":"page","link":"https:\/\/levezereperigord.com\/de\/contact\/","title":{"rendered":"Contact"},"content":{"rendered":"\n<div class=\"wp-block-group n-mobile-full-bleed has-n-lightest-brown-background-color has-background is-layout-constrained wp-container-core-group-is-layout-a5b16f8c wp-block-group-is-layout-constrained\" style=\"border-radius:4px;margin-top:0;margin-bottom:0;padding-top:var(--wp--preset--spacing--80);padding-right:var(--wp--preset--spacing--80);padding-bottom:var(--wp--preset--spacing--80);padding-left:var(--wp--preset--spacing--80)\">\n<h1 class=\"wp-block-heading has-text-align-center has-n-brown-color has-text-color has-link-color has-n-benne-font-family has-x-large-font-size wp-elements-12c924b25432b7d841344a144a2b8213\">Vous avez une question ?<\/h1>\n\n\n\n<p class=\"has-text-align-center n-max-text has-n-brown-color has-text-color has-link-color has-n-outfit-font-family wp-elements-21be69b54138e1944f0ce5069ec60f3a\">Nous sommes l\u00e0 pour vous aider ! Consultez notre <strong>FAQ<\/strong> pour trouver rapidement une r\u00e9ponse, ou contactez-nous directement par t\u00e9l\u00e9phone ou e-mail.<\/p>\n\n\n\n<div class=\"wp-block-group is-vertical is-content-justification-stretch is-layout-flex wp-container-core-group-is-layout-ae148e6d wp-block-group-is-layout-flex\" style=\"margin-top:var(--wp--preset--spacing--70)\">\n<details class=\"wp-block-details has-n-brown-color has-text-color has-link-color has-n-outfit-font-family has-medium-font-size wp-elements-a4b084c5fd7f0f94c9afc71e70dd8369 is-layout-flow wp-container-core-details-is-layout-d3fb2301 wp-block-details-is-layout-flow\" style=\"border-top-color:var(--wp--preset--color--n-lightest-brown);border-top-width:1px;padding-top:var(--wp--preset--spacing--40);padding-bottom:var(--wp--preset--spacing--40);font-style:normal;font-weight:300\"><summary>Quelle est la p\u00e9riode d&#8217;ouverture du camping ?<\/summary>\n<p class=\"has-n-outfit-font-family has-default-font-size\" style=\"font-style:normal;font-weight:400\">Notre camping Le V\u00e9z\u00e8re P\u00e9rigord en Dordogne est <strong>ouvert du 1 er mai \u00e0 fin septembre<\/strong> 2026.<\/p>\n<\/details>\n\n\n\n<details class=\"wp-block-details has-n-brown-color has-text-color has-link-color has-n-outfit-font-family has-medium-font-size wp-elements-3955216058afbbfade7538648ba5bb59 is-layout-flow wp-container-core-details-is-layout-d3fb2301 wp-block-details-is-layout-flow\" style=\"border-top-color:var(--wp--preset--color--n-lightest-brown);border-top-width:1px;padding-top:var(--wp--preset--spacing--40);padding-bottom:var(--wp--preset--spacing--40);font-style:normal;font-weight:300\"><summary>Quand puis-je arriver au camping ?<\/summary>\n<p class=\"has-n-outfit-font-family has-default-font-size\" style=\"font-style:normal;font-weight:400\"><strong>Emplacements de camping<\/strong> : Arriv\u00e9es et d\u00e9parts <strong>libres<\/strong> (\u00e0 tout moment).<\/p>\n\n\n\n<p class=\"has-n-outfit-font-family has-default-font-size\" style=\"font-style:normal;font-weight:400\"><strong>Locations<\/strong> : Arriv\u00e9es possibles les <strong>mercredis, samedis et dimanches \u00e0 partir de 16h<\/strong>. Les d\u00e9parts se font <strong>avant 11h<\/strong>.<\/p>\n<\/details>\n\n\n\n<details class=\"wp-block-details has-n-brown-color has-text-color has-link-color has-n-outfit-font-family has-medium-font-size wp-elements-864ae3c72fc82b4c2935ab5a8c2236cc is-layout-flow wp-container-core-details-is-layout-d3fb2301 wp-block-details-is-layout-flow\" style=\"border-top-color:var(--wp--preset--color--n-lightest-brown);border-top-width:1px;padding-top:var(--wp--preset--spacing--40);padding-bottom:var(--wp--preset--spacing--40);font-style:normal;font-weight:300\"><summary>Le camping est-il facile d&#8217;acc\u00e8s pour des PMR ?<\/summary>\n<p class=\"has-n-outfit-font-family has-default-font-size\" style=\"font-style:normal;font-weight:400\">Notre camping est am\u00e9nag\u00e9 en <strong>terrasses sur une colline bois\u00e9e<\/strong>, ce qui offre un cadre naturel exceptionnel. Cependant, si vous voyagez avec des <strong>jeunes enfants, des personnes \u00e0 mobilit\u00e9 r\u00e9duite ou des seniors<\/strong>, certains acc\u00e8s peuvent \u00eatre difficiles. <\/p>\n\n\n\n<p class=\"has-n-outfit-font-family has-default-font-size\" style=\"font-style:normal;font-weight:400\"><strong>Contactez-nous avant de r\u00e9server<\/strong> : nous trouverons ensemble la meilleure solution pour votre s\u00e9jour.<\/p>\n<\/details>\n\n\n\n<details class=\"wp-block-details has-n-brown-color has-text-color has-link-color has-n-outfit-font-family has-medium-font-size wp-elements-17dd9a5c222a9b4018d868c0dfafffa0 is-layout-flow wp-container-core-details-is-layout-d3fb2301 wp-block-details-is-layout-flow\" style=\"border-top-color:var(--wp--preset--color--n-lightest-brown);border-top-width:1px;padding-top:var(--wp--preset--spacing--40);padding-bottom:var(--wp--preset--spacing--40);font-style:normal;font-weight:300\"><summary>Puis-je modifier ou annuler ma r\u00e9servation ?<\/summary>\n<p class=\"has-n-outfit-font-family has-default-font-size\" style=\"font-style:normal;font-weight:400\"><strong>Modification<\/strong> : Possible directement via notre <strong>site de r\u00e9servation<\/strong>.<\/p>\n\n\n\n<p class=\"has-n-outfit-font-family has-default-font-size\" style=\"font-style:normal;font-weight:400\"><strong>Annulation<\/strong> : Vous pouvez annuler jusqu\u2019\u00e0 <strong>1 mois avant votre arriv\u00e9e<\/strong>. Pass\u00e9 ce d\u00e9lai, des frais d\u2019annulation seront retenus. Nous vous recommandons de souscrire \u00e0 une <strong>assurance annulation<\/strong> pour plus de s\u00e9r\u00e9nit\u00e9.<\/p>\n<\/details>\n\n\n\n<div class=\"wp-block-buttons is-content-justification-center is-layout-flex wp-container-core-buttons-is-layout-d234f690 wp-block-buttons-is-layout-flex\" style=\"margin-top:var(--wp--preset--spacing--50);margin-bottom:var(--wp--preset--spacing--50)\">\n<div class=\"wp-block-button is-style-outline is-style-outline--1\"><a class=\"wp-block-button__link has-n-brown-color has-text-color has-link-color has-border-color has-n-brown-border-color has-n-outfit-font-family has-text-align-center has-custom-font-size wp-element-button\" href=\"https:\/\/levezereperigord.com\/faq\/\" style=\"border-width:1px;border-radius:4px;font-size:14px\">Consulter la FAQ compl\u00e8te<\/a><\/div>\n<\/div>\n<\/div>\n<\/div>\n\n\n\n<div class=\"wp-block-group n-mobile-full-bleed is-layout-constrained wp-container-core-group-is-layout-2a055b2e wp-block-group-is-layout-constrained\" style=\"border-radius:0px;margin-top:var(--wp--preset--spacing--80);margin-bottom:0;padding-top:0;padding-right:var(--wp--preset--spacing--50);padding-bottom:0;padding-left:var(--wp--preset--spacing--50)\">\n<div class=\"wp-block-columns are-vertically-aligned-top is-layout-flex wp-container-core-columns-is-layout-f0342b05 wp-block-columns-is-layout-flex\" style=\"margin-top:0;margin-bottom:0\">\n<div class=\"wp-block-column is-vertically-aligned-top is-layout-flow wp-block-column-is-layout-flow\" style=\"padding-right:var(--wp--preset--spacing--40);padding-left:var(--wp--preset--spacing--40);flex-basis:50%\">\n<div class=\"wp-block-group is-vertical is-layout-flex wp-container-core-group-is-layout-355c4241 wp-block-group-is-layout-flex\">\n<h2 class=\"wp-block-heading has-n-brown-color has-text-color has-link-color has-n-benne-font-family has-large-font-size wp-elements-97502624a8a3f9fa7d82606f9fa1cd7f\" style=\"line-height:1\">Vous avez toujours une question ?<\/h2>\n\n\n\n<p class=\"n-max-title has-n-brown-color has-text-color has-link-color has-n-outfit-font-family wp-elements-c06b9ec842a274cec3a11f03a3755099\" style=\"font-style:normal;font-weight:400\">Si vous n&#8217;avez pas trouv\u00e9 la r\u00e9ponse \u00e0 votre question, n&#8217;h\u00e9sitez pas \u00e0 nous contacter via le formulaire ou directement par t\u00e9l\u00e9phone, durant les heures d&#8217;ouvertures de l&#8217;accueil.<\/p>\n\n\n\n<p class=\"n-max-title has-n-brown-color has-text-color has-link-color has-n-outfit-font-family has-small-font-size wp-elements-355d58dcdc594ade2f780ba3a4b3f8e5\" style=\"font-style:normal;font-weight:400\">La r\u00e9ception est <strong>ouverte de 9h \u00e0 18h<\/strong>. Si nous ne r\u00e9pondons pas, laissez nous un message afin que nous puissions vous rappeler.<br><br>Fixe : +33 (0)5 53 06 96 31<br>Mobile : +33 (0)6 76 23 65 26<\/p>\n<\/div>\n<\/div>\n\n\n\n<div class=\"wp-block-column is-vertically-aligned-top is-layout-flow wp-block-column-is-layout-flow\" style=\"flex-basis:50%\">\n<div class=\"wpcf7 no-js\" id=\"wpcf7-f99-o1\" lang=\"fr-FR\" dir=\"ltr\" data-wpcf7-id=\"99\">\n<div class=\"screen-reader-response\"><p role=\"status\" aria-live=\"polite\" aria-atomic=\"true\"><\/p> <ul><\/ul><\/div>\n<form action=\"\/de\/wp-json\/wp\/v2\/pages\/20#wpcf7-f99-o1\" method=\"post\" class=\"wpcf7-form init\" aria-label=\"Formulaire de contact\" novalidate=\"novalidate\" data-status=\"init\">\n<fieldset class=\"hidden-fields-container\"><input type=\"hidden\" name=\"_wpcf7\" value=\"99\" \/><input type=\"hidden\" name=\"_wpcf7_version\" value=\"6.1.5\" \/><input type=\"hidden\" name=\"_wpcf7_locale\" value=\"fr_FR\" \/><input type=\"hidden\" name=\"_wpcf7_unit_tag\" value=\"wpcf7-f99-o1\" \/><input type=\"hidden\" name=\"_wpcf7_container_post\" value=\"0\" \/><input type=\"hidden\" name=\"_wpcf7_posted_data_hash\" value=\"\" \/><input type=\"hidden\" name=\"lang\" value=\"de\" \/>\n<\/fieldset>\n<p><label> Votre nom *<br \/>\n<span class=\"wpcf7-form-control-wrap\" data-name=\"your-name\"><input size=\"40\" maxlength=\"400\" class=\"wpcf7-form-control wpcf7-text wpcf7-validates-as-required\" autocomplete=\"name\" aria-required=\"true\" aria-invalid=\"false\" placeholder=\"John Doe\" value=\"\" type=\"text\" name=\"your-name\" \/><\/span><br \/>\n<\/label>\n<\/p>\n<p><label> Votre e-mail *<br \/>\n<span class=\"wpcf7-form-control-wrap\" data-name=\"your-email\"><input size=\"40\" maxlength=\"400\" class=\"wpcf7-form-control wpcf7-email wpcf7-validates-as-required wpcf7-text wpcf7-validates-as-email\" autocomplete=\"email\" aria-required=\"true\" aria-invalid=\"false\" placeholder=\"exemple@email.com\" value=\"\" type=\"email\" name=\"your-email\" \/><\/span> <\/label>\n<\/p>\n<p><label> Votre num\u00e9ro de t\u00e9l\u00e9phone<br \/>\n<span class=\"wpcf7-form-control-wrap\" data-name=\"tel\"><input size=\"40\" maxlength=\"400\" class=\"wpcf7-form-control wpcf7-tel wpcf7-text wpcf7-validates-as-tel\" aria-invalid=\"false\" placeholder=\"+33 12 34 56 78\" value=\"\" type=\"tel\" name=\"tel\" \/><\/span> <\/label>\n<\/p>\n<p><label> A quel propos nous contactez-vous ? *<br \/>\n<span class=\"wpcf7-form-control-wrap\" data-name=\"your-subject\"><select class=\"wpcf7-form-control wpcf7-select wpcf7-validates-as-required\" aria-required=\"true\" aria-invalid=\"false\" name=\"your-subject\"><option value=\"Renseignements\">Renseignements<\/option><option value=\"Ma r\u00e9servation\">Ma r\u00e9servation<\/option><option value=\"Autre\">Autre<\/option><\/select><\/span> <\/label>\n<\/p>\n<p><label> Votre message *<br \/>\n<span class=\"wpcf7-form-control-wrap\" data-name=\"your-message\"><textarea cols=\"40\" rows=\"10\" maxlength=\"2000\" class=\"wpcf7-form-control wpcf7-textarea wpcf7-validates-as-required\" aria-required=\"true\" aria-invalid=\"false\" name=\"your-message\"><\/textarea><\/span> <\/label>\n<\/p>\n<p><input class=\"wpcf7-form-control wpcf7-submit has-spinner\" type=\"submit\" value=\"Envoyer\" \/>\n<\/p><div class=\"wpcf7-response-output\" aria-hidden=\"true\"><\/div>\n<\/form>\n<\/div>\n\n<\/div>\n<\/div>\n\n\n\n<hr class=\"wp-block-separator has-text-color has-n-lightest-brown-color has-alpha-channel-opacity has-n-lightest-brown-background-color has-background is-style-default\" style=\"margin-top:var(--wp--preset--spacing--50);margin-bottom:var(--wp--preset--spacing--50)\"\/>\n\n\n\n<div class=\"wp-block-columns are-vertically-aligned-center n-column-reverse is-layout-flex wp-container-core-columns-is-layout-d2da2050 wp-block-columns-is-layout-flex\" style=\"margin-bottom:0\">\n<div class=\"wp-block-column is-vertically-aligned-center is-layout-flow wp-container-core-column-is-layout-5dafc681 wp-block-column-is-layout-flow\" style=\"flex-basis:30%\">\n<div class=\"wp-block-group has-n-brown-color has-text-color has-link-color wp-elements-4523678778f286aaf6f788c60a364570 is-vertical is-layout-flex wp-container-core-group-is-layout-4b827052 wp-block-group-is-layout-flex\">\n<h2 class=\"wp-block-heading has-n-benne-font-family has-large-font-size\" style=\"line-height:1\">Le V\u00e9z\u00e8re P\u00e9rigord<\/h2>\n\n\n\n<p class=\"has-n-outfit-font-family\">Camping en Dordogne<\/p>\n<\/div>\n\n\n\n<p class=\"has-n-brown-color has-text-color has-link-color has-n-outfit-font-family wp-elements-a9d9fbdd7a3feb6d7c4835adbe2db127\" style=\"font-size:14px\"><a href=\"https:\/\/maps.app.goo.gl\/U6ucmoqmk9JfZZ8T9\">Route de Fontpeyrine, 303<br>24620 Tursac<\/a><br><br><a href=\"mailto:info@levezereperigord.com\">info@levezereperigord.com<\/a><\/p>\n\n\n\n<p class=\"has-n-light-brown-color has-text-color has-link-color has-n-outfit-font-family wp-elements-3f29de46d4efb8569ccc57c7506c5773\" style=\"font-size:14px;text-decoration:underline\"><a href=\"https:\/\/maps.app.goo.gl\/U6ucmoqmk9JfZZ8T9\">Voir sur Google Maps<\/a><\/p>\n<\/div>\n\n\n\n<div class=\"wp-block-column is-vertically-aligned-center is-layout-flow wp-block-column-is-layout-flow\" style=\"flex-basis:70%\">\n<div class=\"wp-block-gmap-gmap-block gmap-block-ht2wlatg\"><iframe src=\"https:\/\/maps.google.com\/maps?q=Camping+le+v%C3%A9z%C3%A8re+p%C3%A9rigord&#038;z=15&#038;t=roadmap&#038;output=embed\" class=\"embd-map\" title=\"Camping le v\u00e9z\u00e8re p\u00e9rigord\"><\/iframe><\/div>\n<\/div>\n<\/div>\n<\/div>\n","protected":false},"excerpt":{"rendered":"<p>Vous avez une question ? Nous sommes l\u00e0 pour vous aider ! Consultez notre FAQ pour trouver rapidement une r\u00e9ponse, ou contactez-nous directement par t\u00e9l\u00e9phone ou e-mail. Vous avez toujours une question ? Si vous n&#8217;avez pas trouv\u00e9 la r\u00e9ponse \u00e0 votre question, n&#8217;h\u00e9sitez pas \u00e0 nous contacter via le formulaire ou directement par t\u00e9l\u00e9phone, [&hellip;]<\/p>\n","protected":false},"author":1,"featured_media":0,"parent":0,"menu_order":0,"comment_status":"closed","ping_status":"closed","template":"","meta":{"footnotes":""},"class_list":["post-20","page","type-page","status-publish","hentry"],"_links":{"self":[{"href":"https:\/\/levezereperigord.com\/de\/wp-json\/wp\/v2\/pages\/20","targetHints":{"allow":["GET"]}}],"collection":[{"href":"https:\/\/levezereperigord.com\/de\/wp-json\/wp\/v2\/pages"}],"about":[{"href":"https:\/\/levezereperigord.com\/de\/wp-json\/wp\/v2\/types\/page"}],"author":[{"embeddable":true,"href":"https:\/\/levezereperigord.com\/de\/wp-json\/wp\/v2\/users\/1"}],"replies":[{"embeddable":true,"href":"https:\/\/levezereperigord.com\/de\/wp-json\/wp\/v2\/comments?post=20"}],"version-history":[{"count":19,"href":"https:\/\/levezereperigord.com\/de\/wp-json\/wp\/v2\/pages\/20\/revisions"}],"predecessor-version":[{"id":1815,"href":"https:\/\/levezereperigord.com\/de\/wp-json\/wp\/v2\/pages\/20\/revisions\/1815"}],"wp:attachment":[{"href":"https:\/\/levezereperigord.com\/de\/wp-json\/wp\/v2\/media?parent=20"}],"curies":[{"name":"wp","href":"https:\/\/api.w.org\/{rel}","templated":true}]}}