{"id":18,"date":"2025-10-30T12:11:56","date_gmt":"2025-10-30T11:11:56","guid":{"rendered":"https:\/\/levezereperigord.com\/?page_id=18"},"modified":"2026-02-27T08:22:11","modified_gmt":"2026-02-27T07:22:11","slug":"sanitaires","status":"publish","type":"page","link":"https:\/\/levezereperigord.com\/de\/services\/sanitaires\/","title":{"rendered":"Maisons d&#8217;eau"},"content":{"rendered":"\n<div class=\"wp-block-group is-layout-constrained wp-container-core-group-is-layout-f5a82dac wp-block-group-is-layout-constrained\" style=\"margin-top:0;margin-bottom:0;padding-top:0;padding-right:0;padding-bottom:0;padding-left:0\">\n<div class=\"wp-block-columns is-layout-flex wp-container-core-columns-is-layout-469e8e9f wp-block-columns-is-layout-flex\" style=\"margin-top:0;margin-bottom:0;padding-top:0;padding-right:0;padding-bottom:0;padding-left:0\">\n<div class=\"wp-block-column is-layout-flow wp-block-column-is-layout-flow\">\n<figure class=\"wp-block-image size-full has-custom-border n-mobile-full-bleed\"><img loading=\"lazy\" decoding=\"async\" width=\"883\" height=\"663\" src=\"https:\/\/levezereperigord.com\/wp-content\/uploads\/2025\/12\/bloc-sanitaire-camping-vezere-perigord.jpg\" alt=\"\" class=\"wp-image-242\" style=\"border-radius:4px;aspect-ratio:1;object-fit:cover\" srcset=\"https:\/\/levezereperigord.com\/wp-content\/uploads\/2025\/12\/bloc-sanitaire-camping-vezere-perigord.jpg 883w, https:\/\/levezereperigord.com\/wp-content\/uploads\/2025\/12\/bloc-sanitaire-camping-vezere-perigord-300x225.jpg 300w, https:\/\/levezereperigord.com\/wp-content\/uploads\/2025\/12\/bloc-sanitaire-camping-vezere-perigord-768x577.jpg 768w\" sizes=\"auto, (max-width: 883px) 100vw, 883px\" \/><\/figure>\n<\/div>\n\n\n\n<div class=\"wp-block-column is-layout-flow wp-block-column-is-layout-flow\">\n<div class=\"wp-block-columns is-layout-flex wp-container-core-columns-is-layout-08c01c1c wp-block-columns-is-layout-flex\">\n<div class=\"wp-block-column is-layout-flow wp-block-column-is-layout-flow\">\n<div class=\"wp-block-group is-vertical is-layout-flex wp-container-core-group-is-layout-355c4241 wp-block-group-is-layout-flex\">\n<figure class=\"wp-block-image size-full has-custom-border n-desktop\"><img loading=\"lazy\" decoding=\"async\" width=\"884\" height=\"588\" src=\"https:\/\/levezereperigord.com\/wp-content\/uploads\/2025\/12\/entree-sanitaire-camping-vezere-perigord.jpg\" alt=\"\" class=\"wp-image-243\" style=\"border-radius:4px;aspect-ratio:1;object-fit:cover\" srcset=\"https:\/\/levezereperigord.com\/wp-content\/uploads\/2025\/12\/entree-sanitaire-camping-vezere-perigord.jpg 884w, https:\/\/levezereperigord.com\/wp-content\/uploads\/2025\/12\/entree-sanitaire-camping-vezere-perigord-300x200.jpg 300w, https:\/\/levezereperigord.com\/wp-content\/uploads\/2025\/12\/entree-sanitaire-camping-vezere-perigord-768x511.jpg 768w\" sizes=\"auto, (max-width: 884px) 100vw, 884px\" \/><\/figure>\n\n\n\n<figure class=\"wp-block-image size-full has-custom-border n-desktop\"><img loading=\"lazy\" decoding=\"async\" width=\"883\" height=\"663\" src=\"https:\/\/levezereperigord.com\/wp-content\/uploads\/2025\/12\/machine-laver-camping-vezere-perigord.jpg\" alt=\"\" class=\"wp-image-245\" style=\"border-radius:4px;aspect-ratio:1;object-fit:cover\" srcset=\"https:\/\/levezereperigord.com\/wp-content\/uploads\/2025\/12\/machine-laver-camping-vezere-perigord.jpg 883w, https:\/\/levezereperigord.com\/wp-content\/uploads\/2025\/12\/machine-laver-camping-vezere-perigord-300x225.jpg 300w, https:\/\/levezereperigord.com\/wp-content\/uploads\/2025\/12\/machine-laver-camping-vezere-perigord-768x577.jpg 768w\" sizes=\"auto, (max-width: 883px) 100vw, 883px\" \/><\/figure>\n<\/div>\n<\/div>\n\n\n\n<div class=\"wp-block-column is-layout-flow wp-block-column-is-layout-flow\">\n<div class=\"wp-block-group is-vertical is-layout-flex wp-container-core-group-is-layout-355c4241 wp-block-group-is-layout-flex\">\n<figure class=\"wp-block-image size-full has-custom-border n-desktop\"><img loading=\"lazy\" decoding=\"async\" width=\"884\" height=\"588\" src=\"https:\/\/levezereperigord.com\/wp-content\/uploads\/2025\/12\/evier-camping-vezere-perigord.jpg\" alt=\"\" class=\"wp-image-244\" style=\"border-radius:4px;aspect-ratio:1;object-fit:cover\" srcset=\"https:\/\/levezereperigord.com\/wp-content\/uploads\/2025\/12\/evier-camping-vezere-perigord.jpg 884w, https:\/\/levezereperigord.com\/wp-content\/uploads\/2025\/12\/evier-camping-vezere-perigord-300x200.jpg 300w, https:\/\/levezereperigord.com\/wp-content\/uploads\/2025\/12\/evier-camping-vezere-perigord-768x511.jpg 768w\" sizes=\"auto, (max-width: 884px) 100vw, 884px\" \/><\/figure>\n\n\n\n<figure class=\"wp-block-image size-full has-custom-border n-desktop\"><img loading=\"lazy\" decoding=\"async\" width=\"883\" height=\"663\" src=\"https:\/\/levezereperigord.com\/wp-content\/uploads\/2025\/12\/sanitaire-camping-vezere-perigord.jpg\" alt=\"\" class=\"wp-image-246\" style=\"border-radius:4px;aspect-ratio:1;object-fit:cover\" srcset=\"https:\/\/levezereperigord.com\/wp-content\/uploads\/2025\/12\/sanitaire-camping-vezere-perigord.jpg 883w, https:\/\/levezereperigord.com\/wp-content\/uploads\/2025\/12\/sanitaire-camping-vezere-perigord-300x225.jpg 300w, https:\/\/levezereperigord.com\/wp-content\/uploads\/2025\/12\/sanitaire-camping-vezere-perigord-768x577.jpg 768w\" sizes=\"auto, (max-width: 883px) 100vw, 883px\" \/><\/figure>\n<\/div>\n<\/div>\n<\/div>\n<\/div>\n<\/div>\n\n\n\n<div class=\"wp-block-columns is-layout-flex wp-container-core-columns-is-layout-178d4c1f wp-block-columns-is-layout-flex\" style=\"margin-top:var(--wp--preset--spacing--50);margin-bottom:var(--wp--preset--spacing--50);padding-top:0;padding-right:0;padding-bottom:0;padding-left:0\">\n<div class=\"wp-block-column is-layout-flow wp-container-core-column-is-layout-8a368f38 wp-block-column-is-layout-flow\" style=\"flex-basis:60%\">\n<h1 class=\"wp-block-heading has-n-brown-color has-text-color has-link-color has-n-benne-font-family wp-elements-cecc3454e4d4eb84f694e3f2122f4e2a\" style=\"font-size:clamp(1.25rem, 1.25rem + ((1vw - 0.2rem) * 1.053), 2rem);line-height:1.2\">Sanit\u00e4rbereich \u201eWasserh\u00e4user\u201c<\/h1>\n\n\n\n<p class=\"has-n-brown-color has-text-color has-link-color has-n-outfit-font-family has-default-font-size wp-elements-29443649bc2c58d6a3a42eeea9bb64ff\" style=\"font-style:normal;font-weight:300\">2 Saubere und praktische Sanit\u00e4ranlagen<\/p>\n\n\n\n<p class=\"has-n-brown-color has-text-color has-link-color has-n-outfit-font-family has-default-font-size wp-elements-cd705be29d10e279132cc607b996ed39\" style=\"border-top-color:var(--wp--preset--color--n-lightest-brown);border-top-width:1px;margin-top:var(--wp--preset--spacing--50);margin-bottom:0;padding-top:var(--wp--preset--spacing--50);padding-bottom:0\">F\u00fcr Ihren <strong>Komfort<\/strong> stellt unser Campingplatz zwei moderne und vollst\u00e4ndig ausgestattete &#8222;<strong>Maisons d\u2019eau&#8220;<\/strong> zur Verf\u00fcgung, die regelm\u00e4\u00dfig gewartet werden. Diese Einrichtungen sind darauf ausgelegt, Ihre Bed\u00fcrfnisse mit Komfort und Gelassenheit zu erf\u00fcllen. In der Nebensaison ist selbstverst\u00e4ndlich nur ein Sanit\u00e4rblock ge\u00f6ffnet.<\/p>\n\n\n\n<h2 class=\"wp-block-heading has-n-brown-color has-text-color has-link-color has-n-outfit-font-family has-medium-font-size wp-elements-9b89eb1d0f95a09de6a961e76c1966fa\" style=\"border-top-color:var(--wp--preset--color--n-lightest-brown);border-top-width:1px;margin-top:var(--wp--preset--spacing--50);margin-bottom:var(--wp--preset--spacing--50);padding-top:var(--wp--preset--spacing--50);font-style:normal;font-weight:500\">Ausstattung der Sanit\u00e4ranlagen<\/h2>\n\n\n\n<div class=\"wp-block-columns has-n-brown-color has-text-color has-link-color wp-elements-5789367f0692682e26acadc899409498 is-layout-flex wp-container-core-columns-is-layout-65eef5bf wp-block-columns-is-layout-flex\">\n<div class=\"wp-block-column is-layout-flow wp-container-core-column-is-layout-63d9dbad wp-block-column-is-layout-flow\" style=\"padding-top:0;padding-bottom:0\">\n<div class=\"wp-block-group has-n-brown-color has-text-color has-link-color wp-elements-a5ee2c9b4159fcbe0a793da46c230b38 is-nowrap is-layout-flex wp-container-core-group-is-layout-fc054d2d wp-block-group-is-layout-flex\">\n<svg style=\"width: 24px; height: 24px;\" width=\"24\" height=\"24\" viewBox=\"0 0 24 24\" fill=\"none\" xmlns=\"http:\/\/www.w3.org\/2000\/svg\">\n<path fill-rule=\"evenodd\" clip-rule=\"evenodd\" d=\"M6 3.75C5.86193 3.75 5.75 3.86193 5.75 4V21.5H4.25V4C4.25 3.0335 5.0335 2.25 6 2.25H13.5C14.4665 2.25 15.25 3.0335 15.25 4V5.25H17.5C18.4665 5.25 19.25 6.0335 19.25 7V7.75H20.5V9.25H8.5V7.75H9.75V7C9.75 6.0335 10.5335 5.25 11.5 5.25H13.75V4C13.75 3.86193 13.6381 3.75 13.5 3.75H6ZM11.25 7.75H17.75V7C17.75 6.86193 17.6381 6.75 17.5 6.75H11.5C11.3619 6.75 11.25 6.86193 11.25 7V7.75ZM11.5 10.25C11.9142 10.25 12.25 10.5858 12.25 11V11.5C12.25 11.9142 11.9142 12.25 11.5 12.25C11.0858 12.25 10.75 11.9142 10.75 11.5V11C10.75 10.5858 11.0858 10.25 11.5 10.25ZM14.5 10.25C14.9142 10.25 15.25 10.5858 15.25 11V11.5C15.25 11.9142 14.9142 12.25 14.5 12.25C14.0858 12.25 13.75 11.9142 13.75 11.5V11C13.75 10.5858 14.0858 10.25 14.5 10.25ZM17.5 10.25C17.9142 10.25 18.25 10.5858 18.25 11V11.5C18.25 11.9142 17.9142 12.25 17.5 12.25C17.0858 12.25 16.75 11.9142 16.75 11.5V11C16.75 10.5858 17.0858 10.25 17.5 10.25ZM11.5 13.25C11.9142 13.25 12.25 13.5858 12.25 14V14.5C12.25 14.9142 11.9142 15.25 11.5 15.25C11.0858 15.25 10.75 14.9142 10.75 14.5V14C10.75 13.5858 11.0858 13.25 11.5 13.25ZM14.5 13.25C14.9142 13.25 15.25 13.5858 15.25 14V14.5C15.25 14.9142 14.9142 15.25 14.5 15.25C14.0858 15.25 13.75 14.9142 13.75 14.5V14C13.75 13.5858 14.0858 13.25 14.5 13.25ZM17.5 13.25C17.9142 13.25 18.25 13.5858 18.25 14V14.5C18.25 14.9142 17.9142 15.25 17.5 15.25C17.0858 15.25 16.75 14.9142 16.75 14.5V14C16.75 13.5858 17.0858 13.25 17.5 13.25ZM11.5 16.25C11.9142 16.25 12.25 16.5858 12.25 17V17.5C12.25 17.9142 11.9142 18.25 11.5 18.25C11.0858 18.25 10.75 17.9142 10.75 17.5V17C10.75 16.5858 11.0858 16.25 11.5 16.25ZM14.5 16.25C14.9142 16.25 15.25 16.5858 15.25 17V17.5C15.25 17.9142 14.9142 18.25 14.5 18.25C14.0858 18.25 13.75 17.9142 13.75 17.5V17C13.75 16.5858 14.0858 16.25 14.5 16.25ZM17.5 16.25C17.9142 16.25 18.25 16.5858 18.25 17V17.5C18.25 17.9142 17.9142 18.25 17.5 18.25C17.0858 18.25 16.75 17.9142 16.75 17.5V17C16.75 16.5858 17.0858 16.25 17.5 16.25ZM11.5 19.25C11.9142 19.25 12.25 19.5858 12.25 20V20.5C12.25 20.9142 11.9142 21.25 11.5 21.25C11.0858 21.25 10.75 20.9142 10.75 20.5V20C10.75 19.5858 11.0858 19.25 11.5 19.25ZM14.5 19.25C14.9142 19.25 15.25 19.5858 15.25 20V20.5C15.25 20.9142 14.9142 21.25 14.5 21.25C14.0858 21.25 13.75 20.9142 13.75 20.5V20C13.75 19.5858 14.0858 19.25 14.5 19.25ZM17.5 19.25C17.9142 19.25 18.25 19.5858 18.25 20V20.5C18.25 20.9142 17.9142 21.25 17.5 21.25C17.0858 21.25 16.75 20.9142 16.75 20.5V20C16.75 19.5858 17.0858 19.25 17.5 19.25Z\" fill=\"currentColor\"\/>\n<\/svg>\n\n\n\n\n<p class=\"has-n-brown-color has-text-color has-link-color has-n-outfit-font-family wp-elements-86a12732bacae76bb059cef8126442bf\" style=\"font-style:normal;font-weight:300\">Warme Duschen<\/p>\n<\/div>\n\n\n\n<div class=\"wp-block-group is-nowrap is-layout-flex wp-container-core-group-is-layout-fc054d2d wp-block-group-is-layout-flex\">\n<svg style=\"width: 24px; height: 24px;\" width=\"24\" height=\"24\" viewBox=\"0 0 24 24\" fill=\"none\" xmlns=\"http:\/\/www.w3.org\/2000\/svg\">\n<path fill-rule=\"evenodd\" clip-rule=\"evenodd\" d=\"M5.75 4.25H4.5V2.75H8.5V4.25H7.25V5.75H7.5C8.4665 5.75 9.25 6.5335 9.25 7.5V8.5H7.75V7.5C7.75 7.36193 7.63807 7.25 7.5 7.25H5.5C5.36193 7.25 5.25 7.36193 5.25 7.5V12.005C5.31209 12.0017 5.37416 12 5.43613 12C6.22627 12 7.03437 12.2725 7.66136 12.8404C7.95401 13.1055 8.3521 13.2495 8.76814 13.2495C9.18418 13.2495 9.58227 13.1055 9.87492 12.8404C10.5019 12.2725 11.31 12 12.1002 12C12.8903 12 13.6984 12.2725 14.3254 12.8404C14.618 13.1055 15.0161 13.2495 15.4322 13.2495C15.8482 13.2495 16.2463 13.1055 16.5389 12.8404C17.1622 12.2758 17.9644 12.0033 18.75 12V11.5H20.25V17.5C20.25 19.5711 18.5711 21.25 16.5 21.25H7.5C5.42893 21.25 3.75 19.5711 3.75 17.5V7.5C3.75 6.5335 4.5335 5.75 5.5 5.75H5.75V4.25ZM5.25 17.5V13.6757C5.31144 13.6693 5.37358 13.666 5.43613 13.666C5.85217 13.666 6.25026 13.8101 6.54291 14.0751C7.16989 14.6431 7.97799 14.9155 8.76814 14.9155C9.55828 14.9155 10.3664 14.6431 10.9934 14.0751C11.286 13.8101 11.6841 13.666 12.1002 13.666C12.5162 13.666 12.9143 13.8101 13.2069 14.0751C13.8339 14.6431 14.642 14.9155 15.4322 14.9155C16.2223 14.9155 17.0304 14.6431 17.6574 14.0751C17.9467 13.8131 18.3391 13.6693 18.75 13.6661V17.5C18.75 18.7426 17.7426 19.75 16.5 19.75H7.5C6.25736 19.75 5.25 18.7426 5.25 17.5Z\" fill=\"currentColor\"\/>\n<path d=\"M12 4C12 4.54119 11.874 5.07496 11.632 5.55902L10.75 7.32295C10.2568 8.30939 10 8.89712 10 10H11.5C11.5 9.1735 11.6828 8.80903 12.0347 8.10749L12.9736 6.22984C13.3198 5.53749 13.5 4.77406 13.5 4H12Z\" fill=\"currentColor\"\/>\n<path d=\"M14.632 5.55902C14.874 5.07496 15 4.54119 15 4H16.5C16.5 4.77406 16.3198 5.53749 15.9736 6.22984L15.0347 8.10749C14.6828 8.80903 14.5 9.1735 14.5 10H13C13 8.89712 13.2568 8.30939 13.75 7.32295L14.632 5.55902Z\" fill=\"currentColor\"\/>\n<path d=\"M17.632 5.55902C17.874 5.07496 18 4.54119 18 4H19.5C19.5 4.77406 19.3198 5.53749 18.9736 6.22984L18.0347 8.10749C17.6828 8.80903 17.5 9.1735 17.5 10H16C16 8.89712 16.2568 8.30939 16.75 7.32295L17.632 5.55902Z\" fill=\"currentColor\"\/>\n<\/svg>\n\n\n\n\n<p class=\"has-n-brown-color has-text-color has-link-color has-n-outfit-font-family wp-elements-2c2efcc76f6c691230d7cccfa5444e33\" style=\"font-style:normal;font-weight:300\">Waschbecken und Waschbereiche<\/p>\n<\/div>\n\n\n\n<div class=\"wp-block-group is-nowrap is-layout-flex wp-container-core-group-is-layout-fc054d2d wp-block-group-is-layout-flex\">\n<svg style=\"width: 24px; height: 24px;\" width=\"24\" height=\"24\" viewBox=\"0 0 24 24\" fill=\"none\" xmlns=\"http:\/\/www.w3.org\/2000\/svg\">\n<path d=\"M5.5 5.25C5.08579 5.25 4.75 5.58579 4.75 6C4.75 6.41421 5.08579 6.75 5.5 6.75H6C6.41422 6.75 6.75 6.41421 6.75 6C6.75 5.58579 6.41422 5.25 6 5.25H5.5Z\" fill=\"currentColor\"\/>\n<path fill-rule=\"evenodd\" clip-rule=\"evenodd\" d=\"M5.25 12C5.25 8.27208 8.27208 5.25 12 5.25C15.7279 5.25 18.75 8.27208 18.75 12C18.75 15.7279 15.7279 18.75 12 18.75C8.27208 18.75 5.25 15.7279 5.25 12ZM6.95246 10.5512C8.77827 9.78199 10.9242 10.0056 12.5741 11.2431L12.8179 11.426C14.0987 12.3865 15.7794 12.6021 17.25 12.0178C17.25 12.0119 17.25 12.0059 17.25 12C17.25 9.1005 14.8995 6.75 12 6.75C9.60306 6.75 7.58129 8.35632 6.95246 10.5512ZM16.9776 13.6736C15.2422 14.0895 13.383 13.7248 11.9179 12.6259L11.6741 12.4431C10.2166 11.3499 8.23332 11.3313 6.76219 12.3606C6.94745 15.0919 9.2217 17.25 12 17.25C14.3143 17.25 16.2789 15.7525 16.9776 13.6736Z\" fill=\"currentColor\"\/>\n<path fill-rule=\"evenodd\" clip-rule=\"evenodd\" d=\"M4.62079 2.25C3.90655 2.25 3.28814 2.74607 3.1332 3.44331C1.88081 9.07903 1.88081 14.921 3.1332 20.5567C3.28814 21.2539 3.90655 21.75 4.62079 21.75H19.3792C20.0935 21.75 20.7119 21.2539 20.8668 20.5567C22.1192 14.921 22.1192 9.07903 20.8668 3.44331C20.7119 2.74607 20.0935 2.25 19.3792 2.25H4.62079ZM4.59748 3.76871C4.5999 3.75778 4.6096 3.75 4.62079 3.75H19.3792C19.3904 3.75 19.4001 3.75778 19.4025 3.76871C20.6073 9.19011 20.6073 14.8099 19.4025 20.2313C19.4001 20.2422 19.3904 20.25 19.3792 20.25H4.62079C4.6096 20.25 4.5999 20.2422 4.59748 20.2313C3.39272 14.8099 3.39272 9.19011 4.59748 3.76871Z\" fill=\"currentColor\"\/>\n<\/svg>\n\n\n\n\n<p class=\"has-n-brown-color has-text-color has-link-color has-n-outfit-font-family wp-elements-f22903cac2e61e9274e25bf787dd331f\" style=\"font-style:normal;font-weight:300\">Waschmaschinen und Trockner<\/p>\n<\/div>\n<\/div>\n\n\n\n<div class=\"wp-block-column is-layout-flow wp-container-core-column-is-layout-f5bb311e wp-block-column-is-layout-flow\">\n<div class=\"wp-block-group is-nowrap is-layout-flex wp-container-core-group-is-layout-fc054d2d wp-block-group-is-layout-flex\">\n<svg style=\"width: 24px; height: 24px;\" width=\"24\" height=\"24\" viewBox=\"0 0 24 24\" fill=\"none\" xmlns=\"http:\/\/www.w3.org\/2000\/svg\">\n<path fill-rule=\"evenodd\" clip-rule=\"evenodd\" d=\"M2.75 4C2.75 3.0335 3.5335 2.25 4.5 2.25H8.5C9.4665 2.25 10.25 3.0335 10.25 4V11.75H19.0455C19.7107 11.75 20.25 12.2893 20.25 12.9545C20.25 15.8791 17.8791 18.25 14.9545 18.25H12.1374L12.592 19.3106C13.0869 20.4654 12.2398 21.75 10.9835 21.75H4.5C3.5335 21.75 2.75 20.9665 2.75 20V12.5V4ZM8.75 11.75V4C8.75 3.86193 8.63807 3.75 8.5 3.75H4.5C4.36193 3.75 4.25 3.86193 4.25 4V11.75H8.75ZM4.25 13.25V20C4.25 20.1381 4.36193 20.25 4.5 20.25H10.9835C11.1629 20.25 11.2839 20.0665 11.2132 19.9015L10.7516 18.8242C10.3307 17.8423 11.051 16.75 12.1193 16.75H14.9545C16.9513 16.75 18.5879 15.2081 18.7387 13.25H4.25ZM6.5 4.75C6.91421 4.75 7.25 5.08579 7.25 5.5V6C7.25 6.41421 6.91421 6.75 6.5 6.75C6.08579 6.75 5.75 6.41421 5.75 6V5.5C5.75 5.08579 6.08579 4.75 6.5 4.75ZM15.5 9.25C15.9142 9.25 16.25 9.58579 16.25 10V10.5C16.25 10.9142 15.9142 11.25 15.5 11.25C15.0858 11.25 14.75 10.9142 14.75 10.5V10C14.75 9.58579 15.0858 9.25 15.5 9.25ZM16.25 7.5C16.25 7.08579 15.9142 6.75 15.5 6.75C15.0858 6.75 14.75 7.08579 14.75 7.5V8C14.75 8.41421 15.0858 8.75 15.5 8.75C15.9142 8.75 16.25 8.41421 16.25 8V7.5ZM17.4697 6.96967C17.7626 6.67678 18.2374 6.67678 18.5303 6.96967L19.0303 7.46967C19.3232 7.76256 19.3232 8.23744 19.0303 8.53033C18.7374 8.82322 18.2626 8.82322 17.9697 8.53033L17.4697 8.03033C17.1768 7.73744 17.1768 7.26256 17.4697 6.96967ZM12.4697 6.96967C12.7626 6.67678 13.2374 6.67678 13.5303 6.96967C13.8232 7.26256 13.8232 7.73744 13.5303 8.03033L13.0303 8.53033C12.7374 8.82322 12.2626 8.82322 11.9697 8.53033C11.6768 8.23744 11.6768 7.76256 11.9697 7.46967L12.4697 6.96967Z\" fill=\"currentColor\"\/>\n<\/svg>\n\n\n\n\n<p class=\"has-n-brown-color has-text-color has-link-color has-n-outfit-font-family wp-elements-4c1abcff34f4614b7393a4056d028654\" style=\"font-style:normal;font-weight:300\">Toiletten<\/p>\n<\/div>\n\n\n\n<div class=\"wp-block-group is-nowrap is-layout-flex wp-container-core-group-is-layout-fc054d2d wp-block-group-is-layout-flex\">\n<svg style=\"width: 24px; height: 24px;\" width=\"24\" height=\"24\" viewBox=\"0 0 24 24\" fill=\"none\" xmlns=\"http:\/\/www.w3.org\/2000\/svg\">\n<path fill-rule=\"evenodd\" clip-rule=\"evenodd\" d=\"M16.75 8.91319C17.9325 8.35145 18.75 7.1462 18.75 5.75C18.75 3.817 17.183 2.25 15.25 2.25C13.317 2.25 11.75 3.817 11.75 5.75C11.75 6.26292 11.8605 6.75014 12.0588 7.18903L8.59302 6.75581C8.29259 6.71826 7.99903 6.86503 7.84882 7.12792L5.84882 10.6279L7.15118 11.3721L8.90311 8.30625L10.4139 8.4951L9.12317 11.0766C6.77984 11.4911 5 13.5377 5 16C5 17.7943 5.94517 19.3679 7.36479 20.25H2V21.75H22V20.25H17.9606L19.2276 15.1819C19.2801 14.972 19.2393 14.7496 19.1158 14.5719C18.9922 14.3942 18.7979 14.2785 18.5828 14.2546L15.0624 13.8635L16.6964 9.77856C16.7318 9.68997 16.75 9.59544 16.75 9.50002V8.91319ZM15.25 3.75C14.1454 3.75 13.25 4.64543 13.25 5.75C13.25 6.3811 13.5414 6.94362 14 7.31138L13.1561 8.36367C13.0277 8.59496 12.781 8.75002 12.5 8.75002H11.9635L10.8062 11.0647C12.0313 11.2633 13.1072 11.907 13.8624 12.8246L15.25 9.35558L15.25 7.75C16.3546 7.75 17.25 6.85457 17.25 5.75C17.25 4.64543 16.3546 3.75 15.25 3.75ZM16.4144 20.25L17.5643 15.6507L14.9596 15.3613C14.9863 15.5704 15 15.7836 15 16C15 17.7943 14.0548 19.3679 12.6352 20.25H16.4144ZM13.5 16C13.5 17.933 11.933 19.5 10 19.5C8.067 19.5 6.5 17.933 6.5 16C6.5 14.067 8.067 12.5 10 12.5C11.933 12.5 13.5 14.067 13.5 16Z\" fill=\"currentColor\"\/>\n<\/svg>\n\n\n\n\n<p class=\"has-n-brown-color has-text-color has-link-color has-n-outfit-font-family wp-elements-559dc7e344fe2b26fa39203d3ec45f5e\" style=\"font-style:normal;font-weight:300\">Zugang f\u00fcr Menschen mit eingeschr\u00e4nkter Mobilit\u00e4t<\/p>\n<\/div>\n<\/div>\n<\/div>\n<\/div>\n\n\n\n<div class=\"wp-block-column is-layout-flow wp-block-column-is-layout-flow\" style=\"flex-basis:40%\">\n<div class=\"wp-block-group has-n-lightest-brown-background-color has-background is-vertical is-layout-flex wp-container-core-group-is-layout-d62007ce wp-block-group-is-layout-flex wp-container-1 is-position-sticky\" style=\"border-radius:4px;margin-top:0;margin-bottom:0;padding-top:var(--wp--preset--spacing--60);padding-right:var(--wp--preset--spacing--60);padding-bottom:var(--wp--preset--spacing--60);padding-left:var(--wp--preset--spacing--60);box-shadow:var(--wp--preset--shadow--n-smooth-shadow)\">\n<h2 class=\"wp-block-heading has-n-brown-color has-text-color has-link-color has-n-outfit-font-family has-medium-font-size wp-elements-dd3d8b11188062559972a03ac6c7fae4\" style=\"font-style:normal;font-weight:500\">Verf\u00fcgbarkeit und Reservierung<\/h2>\n\n\n\n<p class=\"has-n-brown-color has-text-color has-link-color has-n-outfit-font-family has-default-font-size wp-elements-8378bc956883359adc50178b8b494b9d\">Reservieren Sie jetzt Ihren Stellplatz oder Ihre Ferienunterkunft auf dem <br>Camping<strong> &#8222;Le V\u00e9z\u00e8re P\u00e9rigord&#8220;.<\/strong><\/p>\n\n\n\n<div class=\"wp-block-buttons is-content-justification-right is-nowrap is-layout-flex wp-container-core-buttons-is-layout-5c4dd974 wp-block-buttons-is-layout-flex\" style=\"margin-top:var(--wp--preset--spacing--50)\">\n<div class=\"wp-block-button\"><a class=\"wp-block-button__link has-n-white-color has-n-accent-background-color has-text-color has-background has-link-color has-n-outfit-font-family wp-element-button\" href=\"https:\/\/reservation.secureholiday.net\/fr\/2605\/\" style=\"border-radius:4px;font-style:normal;font-weight:400;letter-spacing:1px;text-transform:uppercase\">Ich buche meinen Urlaub<\/a><\/div>\n<\/div>\n<\/div>\n<\/div>\n<\/div>\n<\/div>\n","protected":false},"excerpt":{"rendered":"<p>Sanit\u00e4rbereich \u201eWasserh\u00e4user\u201c 2 Saubere und praktische Sanit\u00e4ranlagen F\u00fcr Ihren Komfort stellt unser Campingplatz zwei moderne und vollst\u00e4ndig ausgestattete &#8222;Maisons d\u2019eau&#8220; zur Verf\u00fcgung, die regelm\u00e4\u00dfig gewartet werden. Diese Einrichtungen sind darauf ausgelegt, Ihre Bed\u00fcrfnisse mit Komfort und Gelassenheit zu erf\u00fcllen. In der Nebensaison ist selbstverst\u00e4ndlich nur ein Sanit\u00e4rblock ge\u00f6ffnet. Ausstattung der Sanit\u00e4ranlagen Warme Duschen Waschbecken und [&hellip;]<\/p>\n","protected":false},"author":1,"featured_media":0,"parent":53,"menu_order":0,"comment_status":"closed","ping_status":"closed","template":"","meta":{"footnotes":""},"class_list":["post-18","page","type-page","status-publish","hentry"],"_links":{"self":[{"href":"https:\/\/levezereperigord.com\/de\/wp-json\/wp\/v2\/pages\/18","targetHints":{"allow":["GET"]}}],"collection":[{"href":"https:\/\/levezereperigord.com\/de\/wp-json\/wp\/v2\/pages"}],"about":[{"href":"https:\/\/levezereperigord.com\/de\/wp-json\/wp\/v2\/types\/page"}],"author":[{"embeddable":true,"href":"https:\/\/levezereperigord.com\/de\/wp-json\/wp\/v2\/users\/1"}],"replies":[{"embeddable":true,"href":"https:\/\/levezereperigord.com\/de\/wp-json\/wp\/v2\/comments?post=18"}],"version-history":[{"count":32,"href":"https:\/\/levezereperigord.com\/de\/wp-json\/wp\/v2\/pages\/18\/revisions"}],"predecessor-version":[{"id":1702,"href":"https:\/\/levezereperigord.com\/de\/wp-json\/wp\/v2\/pages\/18\/revisions\/1702"}],"up":[{"embeddable":true,"href":"https:\/\/levezereperigord.com\/de\/wp-json\/wp\/v2\/pages\/53"}],"wp:attachment":[{"href":"https:\/\/levezereperigord.com\/de\/wp-json\/wp\/v2\/media?parent=18"}],"curies":[{"name":"wp","href":"https:\/\/api.w.org\/{rel}","templated":true}]}}