{"id":17,"date":"2025-10-30T12:12:00","date_gmt":"2025-10-30T11:12:00","guid":{"rendered":"https:\/\/levezereperigord.com\/?page_id=17"},"modified":"2026-02-26T13:59:51","modified_gmt":"2026-02-26T12:59:51","slug":"sports-et-loisirs","status":"publish","type":"page","link":"https:\/\/levezereperigord.com\/de\/services\/sports-et-loisirs\/","title":{"rendered":"Sports &#038; Freizeit"},"content":{"rendered":"\n<div class=\"wp-block-group is-layout-constrained wp-container-core-group-is-layout-f5a82dac wp-block-group-is-layout-constrained\" style=\"margin-top:0;margin-bottom:0;padding-top:0;padding-right:0;padding-bottom:0;padding-left:0\">\n<div class=\"wp-block-columns is-layout-flex wp-container-core-columns-is-layout-469e8e9f wp-block-columns-is-layout-flex\" style=\"margin-top:0;margin-bottom:0;padding-top:0;padding-right:0;padding-bottom:0;padding-left:0\">\n<div class=\"wp-block-column is-layout-flow wp-block-column-is-layout-flow\">\n<figure class=\"wp-block-image size-full has-custom-border n-mobile-full-bleed\"><img loading=\"lazy\" decoding=\"async\" width=\"773\" height=\"434\" src=\"https:\/\/levezereperigord.com\/wp-content\/uploads\/2025\/12\/city-camping-vezere-perigord.jpg\" alt=\"\" class=\"wp-image-232\" style=\"border-radius:4px;aspect-ratio:1;object-fit:cover\" srcset=\"https:\/\/levezereperigord.com\/wp-content\/uploads\/2025\/12\/city-camping-vezere-perigord.jpg 773w, https:\/\/levezereperigord.com\/wp-content\/uploads\/2025\/12\/city-camping-vezere-perigord-300x168.jpg 300w, https:\/\/levezereperigord.com\/wp-content\/uploads\/2025\/12\/city-camping-vezere-perigord-768x431.jpg 768w\" sizes=\"auto, (max-width: 773px) 100vw, 773px\" \/><\/figure>\n<\/div>\n\n\n\n<div class=\"wp-block-column is-layout-flow wp-block-column-is-layout-flow\">\n<div class=\"wp-block-columns is-layout-flex wp-container-core-columns-is-layout-08c01c1c wp-block-columns-is-layout-flex\">\n<div class=\"wp-block-column is-layout-flow wp-block-column-is-layout-flow\">\n<div class=\"wp-block-group is-vertical is-layout-flex wp-container-core-group-is-layout-355c4241 wp-block-group-is-layout-flex\">\n<figure class=\"wp-block-image size-full has-custom-border n-desktop\"><img loading=\"lazy\" decoding=\"async\" width=\"773\" height=\"515\" src=\"https:\/\/levezereperigord.com\/wp-content\/uploads\/2025\/12\/canoe-kayak-dordogne-camping-vezere-perigord.jpg\" alt=\"\" class=\"wp-image-231\" style=\"border-radius:4px;aspect-ratio:1;object-fit:cover\" srcset=\"https:\/\/levezereperigord.com\/wp-content\/uploads\/2025\/12\/canoe-kayak-dordogne-camping-vezere-perigord.jpg 773w, https:\/\/levezereperigord.com\/wp-content\/uploads\/2025\/12\/canoe-kayak-dordogne-camping-vezere-perigord-300x200.jpg 300w, https:\/\/levezereperigord.com\/wp-content\/uploads\/2025\/12\/canoe-kayak-dordogne-camping-vezere-perigord-768x512.jpg 768w\" sizes=\"auto, (max-width: 773px) 100vw, 773px\" \/><\/figure>\n\n\n\n<figure class=\"wp-block-image size-full has-custom-border n-desktop\"><img loading=\"lazy\" decoding=\"async\" width=\"773\" height=\"517\" src=\"https:\/\/levezereperigord.com\/wp-content\/uploads\/2025\/12\/tennis-camping-vezere-perigord.jpg\" alt=\"\" class=\"wp-image-230\" style=\"border-radius:4px;aspect-ratio:1;object-fit:cover\" srcset=\"https:\/\/levezereperigord.com\/wp-content\/uploads\/2025\/12\/tennis-camping-vezere-perigord.jpg 773w, https:\/\/levezereperigord.com\/wp-content\/uploads\/2025\/12\/tennis-camping-vezere-perigord-300x201.jpg 300w, https:\/\/levezereperigord.com\/wp-content\/uploads\/2025\/12\/tennis-camping-vezere-perigord-768x514.jpg 768w\" sizes=\"auto, (max-width: 773px) 100vw, 773px\" \/><\/figure>\n<\/div>\n<\/div>\n\n\n\n<div class=\"wp-block-column is-layout-flow wp-block-column-is-layout-flow\">\n<div class=\"wp-block-group is-vertical is-layout-flex wp-container-core-group-is-layout-355c4241 wp-block-group-is-layout-flex\">\n<figure class=\"wp-block-image size-full has-custom-border n-desktop\"><img loading=\"lazy\" decoding=\"async\" width=\"835\" height=\"626\" src=\"https:\/\/levezereperigord.com\/wp-content\/uploads\/2025\/12\/vue-restaurant-camping-vezere-perigord.jpg\" alt=\"\" class=\"wp-image-218\" style=\"border-radius:4px;aspect-ratio:1;object-fit:cover\" srcset=\"https:\/\/levezereperigord.com\/wp-content\/uploads\/2025\/12\/vue-restaurant-camping-vezere-perigord.jpg 835w, https:\/\/levezereperigord.com\/wp-content\/uploads\/2025\/12\/vue-restaurant-camping-vezere-perigord-300x225.jpg 300w, https:\/\/levezereperigord.com\/wp-content\/uploads\/2025\/12\/vue-restaurant-camping-vezere-perigord-768x576.jpg 768w\" sizes=\"auto, (max-width: 835px) 100vw, 835px\" \/><\/figure>\n\n\n\n<figure class=\"wp-block-image size-full has-custom-border n-desktop\"><img loading=\"lazy\" decoding=\"async\" width=\"773\" height=\"517\" src=\"https:\/\/levezereperigord.com\/wp-content\/uploads\/2025\/12\/ping-pong-camping-vezere-perigord.jpg\" alt=\"\" class=\"wp-image-229\" style=\"border-radius:4px;aspect-ratio:1;object-fit:cover\" srcset=\"https:\/\/levezereperigord.com\/wp-content\/uploads\/2025\/12\/ping-pong-camping-vezere-perigord.jpg 773w, https:\/\/levezereperigord.com\/wp-content\/uploads\/2025\/12\/ping-pong-camping-vezere-perigord-300x201.jpg 300w, https:\/\/levezereperigord.com\/wp-content\/uploads\/2025\/12\/ping-pong-camping-vezere-perigord-768x514.jpg 768w\" sizes=\"auto, (max-width: 773px) 100vw, 773px\" \/><\/figure>\n<\/div>\n<\/div>\n<\/div>\n<\/div>\n<\/div>\n\n\n\n<div class=\"wp-block-columns is-layout-flex wp-container-core-columns-is-layout-178d4c1f wp-block-columns-is-layout-flex\" style=\"margin-top:var(--wp--preset--spacing--50);margin-bottom:var(--wp--preset--spacing--50);padding-top:0;padding-right:0;padding-bottom:0;padding-left:0\">\n<div class=\"wp-block-column is-layout-flow wp-container-core-column-is-layout-8a368f38 wp-block-column-is-layout-flow\" style=\"flex-basis:60%\">\n<h1 class=\"wp-block-heading has-n-brown-color has-text-color has-link-color has-n-benne-font-family wp-elements-8462fefd3d66ec45afded32bf9b5157a\" style=\"font-size:clamp(1.25rem, 1.25rem + ((1vw - 0.2rem) * 1.053), 2rem);line-height:1.2\">Sport und Freizeit: <br>Abenteuer im Herzen des P\u00e9rigord Noir<\/h1>\n\n\n\n<p class=\"has-n-brown-color has-text-color has-link-color has-n-outfit-font-family has-default-font-size wp-elements-1f291a626b7b74ba06efd51056a032f1\" style=\"font-style:normal;font-weight:300\">Tennisplatz\u30fbStreetballplatz\u30fbTrampolin\u30fbTischtennis<\/p>\n\n\n\n<p class=\"has-n-brown-color has-text-color has-link-color has-n-outfit-font-family has-default-font-size wp-elements-c90cbacaa2ed3acc3b25147baba3df0d\" style=\"border-top-color:var(--wp--preset--color--n-lightest-brown);border-top-width:1px;margin-top:var(--wp--preset--spacing--50);margin-bottom:0;padding-top:var(--wp--preset--spacing--50);padding-bottom:0\">Auf dem Campingplatz Le <strong>V\u00e9z\u00e8re P\u00e9rigord<\/strong> in der Dordogne mangelt es nicht an Aktivit\u00e4ten f\u00fcr <strong>die ganze Familie<\/strong>! Zwischen Entspannung und Abenteuer k\u00f6nnen Sie eine au\u00dfergew\u00f6hnliche <strong>nat\u00fcrliche<\/strong> Umgebung genie\u00dfen, um sich zu erholen und Spa\u00df zu haben.<br><br><strong>Vor Ort finden Sie:<\/strong><br><\/p>\n\n\n\n<ul class=\"wp-block-list has-n-brown-color has-text-color has-link-color has-n-outfit-font-family wp-elements-2796aac6d9311c4225493dfa419ca307\">\n<li>Einen <strong>Spielplatz<\/strong> aus Robinienholz, das witterungsbest\u00e4ndig und \u00e4sthetisch ist, f\u00fcr die Freude der Kinder.<\/li>\n\n\n\n<li>Ein <strong>Cardio<\/strong>-Fitnessfahrrad, um fit zu bleiben, w\u00e4hrend Sie Ihre Kinder im Blick behalten.<\/li>\n\n\n\n<li>Einen <strong>Tennisplatz<\/strong>, einen Streetballplatz, Tischtennisplatten und ein XXL-Trampolin f\u00fcr gemeinsame Spielmomente.<\/li>\n\n\n\n<li>Bereiche f\u00fcr Boule und andere gesellige Spiele.<\/li>\n<\/ul>\n\n\n\n<p class=\"has-n-brown-color has-text-color has-link-color has-n-outfit-font-family wp-elements-54517623abdd3b50a1bc8553afe3c6a0\"><br><strong>Rund um den Campingplatz k\u00f6nnen Sie entdecken:<\/strong><br><\/p>\n\n\n\n<ul class=\"wp-block-list has-n-brown-color has-text-color has-link-color has-n-outfit-font-family wp-elements-a4103ff88aba59be4e99f475533e7825\">\n<li>Gro\u00dfe Wanderwege (der <strong>GR 36<\/strong> verl\u00e4uft in der N\u00e4he) und Mountainbike-Strecken (Routen auf Anfrage erh\u00e4ltlich).<\/li>\n\n\n\n<li>Abenteueraktivit\u00e4ten wie <strong>Kletterparks<\/strong>, Golf, Reiten oder sogar eine Ballonfahrt oder Paragliding.<\/li>\n\n\n\n<li>Kanutouren, die direkt vom Campingplatz aus auf der V\u00e9z\u00e8re oder etwas weiter auf der <strong>Dordogne<\/strong> zug\u00e4nglich sind.<\/li>\n\n\n\n<li>Nat\u00fcrliche <strong>Badepl\u00e4tze<\/strong> wie der Teich von Tamnies (mit der Blauen Flagge ausgezeichnet) oder die umliegenden Fl\u00fcsse.<br><\/li>\n<\/ul>\n\n\n\n<p class=\"has-n-brown-color has-text-color has-link-color has-n-outfit-font-family wp-elements-2d578de777dbaf5ddd8761dbbdc4dd71\">F\u00fcr Angler: Unsere Fl\u00fcsse bieten ruhige Ecken zum Angeln.<\/p>\n\n\n\n<h2 class=\"wp-block-heading has-n-brown-color has-text-color has-link-color has-n-outfit-font-family has-medium-font-size wp-elements-5c25a832419c1e1e521df01147c22faa\" style=\"border-top-color:var(--wp--preset--color--n-lightest-brown);border-top-width:1px;margin-top:var(--wp--preset--spacing--50);margin-bottom:var(--wp--preset--spacing--50);padding-top:var(--wp--preset--spacing--50);font-style:normal;font-weight:500\">Sport- und Freizeiteinrichtungen<\/h2>\n\n\n\n<div class=\"wp-block-columns has-n-brown-color has-text-color has-link-color wp-elements-fe61800eb5e81dccfbe33bea69403957 is-layout-flex wp-container-core-columns-is-layout-65eef5bf wp-block-columns-is-layout-flex\">\n<div class=\"wp-block-column is-layout-flow wp-container-core-column-is-layout-63d9dbad wp-block-column-is-layout-flow\" style=\"padding-top:0;padding-bottom:0\">\n<div class=\"wp-block-group has-n-brown-color has-text-color has-link-color wp-elements-e02ed2484d485f50328d25b778663fc2 is-nowrap is-layout-flex wp-container-core-group-is-layout-fc054d2d wp-block-group-is-layout-flex\">\n\u30fb\n\n\n\n<p class=\"has-n-brown-color has-text-color has-link-color has-n-outfit-font-family wp-elements-b3a6afa5aa5e1ce35a28099a94744b7e\" style=\"font-style:normal;font-weight:300\">Wanderwege (GR 36)<\/p>\n<\/div>\n\n\n\n<div class=\"wp-block-group is-nowrap is-layout-flex wp-container-core-group-is-layout-fc054d2d wp-block-group-is-layout-flex\">\n\u30fb\n\n\n\n<p class=\"has-n-brown-color has-text-color has-link-color has-n-outfit-font-family wp-elements-77663698ce0d58ef2a1af3d0350f2a59\" style=\"font-style:normal;font-weight:300\">Mountainbike-Strecken<\/p>\n<\/div>\n\n\n\n<div class=\"wp-block-group is-nowrap is-layout-flex wp-container-core-group-is-layout-fc054d2d wp-block-group-is-layout-flex\">\n\u30fb\n\n\n\n<p class=\"has-n-brown-color has-text-color has-link-color has-n-outfit-font-family wp-elements-0b11d62178b29c361fdf0668e7651a3c\" style=\"font-style:normal;font-weight:300\">Tennisplatz<\/p>\n<\/div>\n\n\n\n<div class=\"wp-block-group is-nowrap is-layout-flex wp-container-core-group-is-layout-fc054d2d wp-block-group-is-layout-flex\">\n\u30fb\n\n\n\n<p class=\"has-n-brown-color has-text-color has-link-color has-n-outfit-font-family wp-elements-dbdd3d9de2c3d3e291bdb74c82431f8d\" style=\"font-style:normal;font-weight:300\">Streetballplatz<\/p>\n<\/div>\n\n\n\n<div class=\"wp-block-group is-nowrap is-layout-flex wp-container-core-group-is-layout-fc054d2d wp-block-group-is-layout-flex\">\n\u30fb\n\n\n\n<p class=\"has-n-brown-color has-text-color has-link-color has-n-outfit-font-family wp-elements-e0d40bc53ffb59ec864a8397e8ebd4a1\" style=\"font-style:normal;font-weight:300\">Tischtennis<\/p>\n<\/div>\n\n\n\n<div class=\"wp-block-group is-nowrap is-layout-flex wp-container-core-group-is-layout-fc054d2d wp-block-group-is-layout-flex\">\n\u30fb\n\n\n\n<p class=\"has-n-brown-color has-text-color has-link-color has-n-outfit-font-family wp-elements-fb895edb4f03b9f3fd963188921ad9ae\" style=\"font-style:normal;font-weight:300\">XXL-Trampolin<\/p>\n<\/div>\n<\/div>\n\n\n\n<div class=\"wp-block-column is-layout-flow wp-container-core-column-is-layout-f5bb311e wp-block-column-is-layout-flow\">\n<div class=\"wp-block-group is-nowrap is-layout-flex wp-container-core-group-is-layout-fc054d2d wp-block-group-is-layout-flex\">\n\u30fb\n\n\n\n<p class=\"has-n-brown-color has-text-color has-link-color has-n-outfit-font-family wp-elements-542d885e37bfbce80a63b9fab8d6e034\" style=\"font-style:normal;font-weight:300\">Kanufahren auf der V\u00e9z\u00e8re und der Dordogne<\/p>\n<\/div>\n\n\n\n<div class=\"wp-block-group is-nowrap is-layout-flex wp-container-core-group-is-layout-fc054d2d wp-block-group-is-layout-flex\">\n\u30fb\n\n\n\n<p class=\"has-n-brown-color has-text-color has-link-color has-n-outfit-font-family wp-elements-b843c2a260f1b1e16726e92eb3de32aa\" style=\"font-style:normal;font-weight:300\">Baden (Teich von Tamnies, Fl\u00fcsse)<\/p>\n<\/div>\n\n\n\n<div class=\"wp-block-group is-nowrap is-layout-flex wp-container-core-group-is-layout-fc054d2d wp-block-group-is-layout-flex\">\n\u30fb\n\n\n\n<p class=\"has-n-brown-color has-text-color has-link-color has-n-outfit-font-family wp-elements-f301220b32fe5c975d42bd22b7613964\" style=\"font-style:normal;font-weight:300\">Angeln<\/p>\n<\/div>\n\n\n\n<div class=\"wp-block-group is-nowrap is-layout-flex wp-container-core-group-is-layout-fc054d2d wp-block-group-is-layout-flex\">\n\u30fb\n\n\n\n<p class=\"has-n-brown-color has-text-color has-link-color has-n-outfit-font-family wp-elements-69a2d9d5e9421bc95ddab1527dafea3c\" style=\"font-style:normal;font-weight:300\">Holzspielplatz<\/p>\n<\/div>\n\n\n\n<div class=\"wp-block-group is-nowrap is-layout-flex wp-container-core-group-is-layout-fc054d2d wp-block-group-is-layout-flex\">\n\u30fb\n\n\n\n<p class=\"has-n-brown-color has-text-color has-link-color has-n-outfit-font-family wp-elements-8e9fa1234deb78c150af1cba2e3ecedc\" style=\"font-style:normal;font-weight:300\">Cardio-Fitnessfahrrad<\/p>\n<\/div>\n<\/div>\n<\/div>\n<\/div>\n\n\n\n<div class=\"wp-block-column is-layout-flow wp-block-column-is-layout-flow\" style=\"flex-basis:40%\">\n<div class=\"wp-block-group has-n-lightest-brown-background-color has-background is-vertical is-layout-flex wp-container-core-group-is-layout-d62007ce wp-block-group-is-layout-flex wp-container-1 is-position-sticky\" style=\"border-radius:4px;margin-top:0;margin-bottom:0;padding-top:var(--wp--preset--spacing--60);padding-right:var(--wp--preset--spacing--60);padding-bottom:var(--wp--preset--spacing--60);padding-left:var(--wp--preset--spacing--60);box-shadow:var(--wp--preset--shadow--n-smooth-shadow)\">\n<h2 class=\"wp-block-heading has-n-brown-color has-text-color has-link-color has-n-outfit-font-family has-medium-font-size wp-elements-0a2162a85817b40dcbb2da4858a02aa7\" style=\"font-style:normal;font-weight:500\">Lust auf Abenteuer und Entspannung in der Dordogne?<\/h2>\n\n\n\n<p class=\"has-n-brown-color has-text-color has-link-color has-n-outfit-font-family has-default-font-size wp-elements-92894028b20925afe69fc54680e22e26\">Buchen Sie jetzt Ihren Platz auf dem Campingplatz  &#8222;Le V\u00e9z\u00e8re P\u00e9rigord&#8220;<\/p>\n\n\n\n<div class=\"wp-block-buttons is-content-justification-right is-nowrap is-layout-flex wp-container-core-buttons-is-layout-5c4dd974 wp-block-buttons-is-layout-flex\" style=\"margin-top:var(--wp--preset--spacing--50)\">\n<div class=\"wp-block-button\"><a class=\"wp-block-button__link has-n-white-color has-n-accent-background-color has-text-color has-background has-link-color has-n-outfit-font-family wp-element-button\" href=\"https:\/\/reservation.secureholiday.net\/fr\/2605\/\" style=\"border-radius:4px;font-style:normal;font-weight:400;letter-spacing:1px;text-transform:uppercase\">Ich buche meinen Urlaub<\/a><\/div>\n<\/div>\n<\/div>\n<\/div>\n<\/div>\n<\/div>\n","protected":false},"excerpt":{"rendered":"<p>Sport und Freizeit: Abenteuer im Herzen des P\u00e9rigord Noir Tennisplatz\u30fbStreetballplatz\u30fbTrampolin\u30fbTischtennis Auf dem Campingplatz Le V\u00e9z\u00e8re P\u00e9rigord in der Dordogne mangelt es nicht an Aktivit\u00e4ten f\u00fcr die ganze Familie! Zwischen Entspannung und Abenteuer k\u00f6nnen Sie eine au\u00dfergew\u00f6hnliche nat\u00fcrliche Umgebung genie\u00dfen, um sich zu erholen und Spa\u00df zu haben. Vor Ort finden Sie: Rund um den Campingplatz [&hellip;]<\/p>\n","protected":false},"author":1,"featured_media":0,"parent":53,"menu_order":0,"comment_status":"closed","ping_status":"closed","template":"","meta":{"footnotes":""},"class_list":["post-17","page","type-page","status-publish","hentry"],"_links":{"self":[{"href":"https:\/\/levezereperigord.com\/de\/wp-json\/wp\/v2\/pages\/17","targetHints":{"allow":["GET"]}}],"collection":[{"href":"https:\/\/levezereperigord.com\/de\/wp-json\/wp\/v2\/pages"}],"about":[{"href":"https:\/\/levezereperigord.com\/de\/wp-json\/wp\/v2\/types\/page"}],"author":[{"embeddable":true,"href":"https:\/\/levezereperigord.com\/de\/wp-json\/wp\/v2\/users\/1"}],"replies":[{"embeddable":true,"href":"https:\/\/levezereperigord.com\/de\/wp-json\/wp\/v2\/comments?post=17"}],"version-history":[{"count":28,"href":"https:\/\/levezereperigord.com\/de\/wp-json\/wp\/v2\/pages\/17\/revisions"}],"predecessor-version":[{"id":1617,"href":"https:\/\/levezereperigord.com\/de\/wp-json\/wp\/v2\/pages\/17\/revisions\/1617"}],"up":[{"embeddable":true,"href":"https:\/\/levezereperigord.com\/de\/wp-json\/wp\/v2\/pages\/53"}],"wp:attachment":[{"href":"https:\/\/levezereperigord.com\/de\/wp-json\/wp\/v2\/media?parent=17"}],"curies":[{"name":"wp","href":"https:\/\/api.w.org\/{rel}","templated":true}]}}