{"id":1233,"date":"2026-02-25T14:29:32","date_gmt":"2026-02-25T13:29:32","guid":{"rendered":"https:\/\/levezereperigord.com\/?page_id=1233"},"modified":"2026-02-26T09:18:38","modified_gmt":"2026-02-26T08:18:38","slug":"la-maison-da-cote-une-grande-et-belle-maison","status":"publish","type":"page","link":"https:\/\/levezereperigord.com\/de\/la-maison-da-cote-une-grande-et-belle-maison\/","title":{"rendered":"La Maison d\u2019\u00e0 c\u00f4t\u00e9 : une grande et belle maison"},"content":{"rendered":"\n<div class=\"wp-block-group is-layout-constrained wp-container-core-group-is-layout-f5a82dac wp-block-group-is-layout-constrained\" style=\"margin-top:0;margin-bottom:0;padding-top:0;padding-right:0;padding-bottom:0;padding-left:0\">\n<div class=\"wp-block-columns is-layout-flex wp-container-core-columns-is-layout-469e8e9f wp-block-columns-is-layout-flex\" style=\"margin-top:0;margin-bottom:0;padding-top:0;padding-right:0;padding-bottom:0;padding-left:0\">\n<div class=\"wp-block-column is-layout-flow wp-block-column-is-layout-flow\">\n<figure class=\"wp-block-image size-full has-custom-border n-mobile-full-bleed\"><img loading=\"lazy\" decoding=\"async\" width=\"836\" height=\"627\" src=\"https:\/\/levezereperigord.com\/wp-content\/uploads\/2026\/02\/IMG_4893.jpg\" alt=\"\" class=\"wp-image-1519\" style=\"border-radius:4px;aspect-ratio:1;object-fit:cover\" srcset=\"https:\/\/levezereperigord.com\/wp-content\/uploads\/2026\/02\/IMG_4893.jpg 836w, https:\/\/levezereperigord.com\/wp-content\/uploads\/2026\/02\/IMG_4893-300x225.jpg 300w, https:\/\/levezereperigord.com\/wp-content\/uploads\/2026\/02\/IMG_4893-768x576.jpg 768w\" sizes=\"auto, (max-width: 836px) 100vw, 836px\" \/><\/figure>\n<\/div>\n\n\n\n<div class=\"wp-block-column is-layout-flow wp-block-column-is-layout-flow\">\n<div class=\"wp-block-columns is-layout-flex wp-container-core-columns-is-layout-08c01c1c wp-block-columns-is-layout-flex\">\n<div class=\"wp-block-column is-layout-flow wp-block-column-is-layout-flow\">\n<div class=\"wp-block-group is-vertical is-layout-flex wp-container-core-group-is-layout-355c4241 wp-block-group-is-layout-flex\">\n<figure class=\"wp-block-image size-full has-custom-border n-desktop\"><img loading=\"lazy\" decoding=\"async\" width=\"836\" height=\"627\" src=\"https:\/\/levezereperigord.com\/wp-content\/uploads\/2026\/02\/IMG_4898.jpg\" alt=\"\" class=\"wp-image-1520\" style=\"border-radius:4px;aspect-ratio:1;object-fit:cover\" srcset=\"https:\/\/levezereperigord.com\/wp-content\/uploads\/2026\/02\/IMG_4898.jpg 836w, https:\/\/levezereperigord.com\/wp-content\/uploads\/2026\/02\/IMG_4898-300x225.jpg 300w, https:\/\/levezereperigord.com\/wp-content\/uploads\/2026\/02\/IMG_4898-768x576.jpg 768w\" sizes=\"auto, (max-width: 836px) 100vw, 836px\" \/><\/figure>\n\n\n\n<figure class=\"wp-block-image size-full has-custom-border n-desktop\"><img loading=\"lazy\" decoding=\"async\" width=\"836\" height=\"627\" src=\"https:\/\/levezereperigord.com\/wp-content\/uploads\/2026\/02\/IMG_4922.jpg\" alt=\"\" class=\"wp-image-1522\" style=\"border-radius:4px;aspect-ratio:1;object-fit:cover\" srcset=\"https:\/\/levezereperigord.com\/wp-content\/uploads\/2026\/02\/IMG_4922.jpg 836w, https:\/\/levezereperigord.com\/wp-content\/uploads\/2026\/02\/IMG_4922-300x225.jpg 300w, https:\/\/levezereperigord.com\/wp-content\/uploads\/2026\/02\/IMG_4922-768x576.jpg 768w\" sizes=\"auto, (max-width: 836px) 100vw, 836px\" \/><\/figure>\n<\/div>\n<\/div>\n\n\n\n<div class=\"wp-block-column is-layout-flow wp-block-column-is-layout-flow\">\n<div class=\"wp-block-group is-vertical is-layout-flex wp-container-core-group-is-layout-355c4241 wp-block-group-is-layout-flex\">\n<figure class=\"wp-block-image size-full has-custom-border n-desktop\"><img loading=\"lazy\" decoding=\"async\" width=\"836\" height=\"627\" src=\"https:\/\/levezereperigord.com\/wp-content\/uploads\/2026\/02\/IMG_4902.jpg\" alt=\"\" class=\"wp-image-1521\" style=\"border-radius:4px;aspect-ratio:1;object-fit:cover\" srcset=\"https:\/\/levezereperigord.com\/wp-content\/uploads\/2026\/02\/IMG_4902.jpg 836w, https:\/\/levezereperigord.com\/wp-content\/uploads\/2026\/02\/IMG_4902-300x225.jpg 300w, https:\/\/levezereperigord.com\/wp-content\/uploads\/2026\/02\/IMG_4902-768x576.jpg 768w\" sizes=\"auto, (max-width: 836px) 100vw, 836px\" \/><\/figure>\n\n\n\n<figure class=\"wp-block-image size-full has-custom-border n-desktop\"><img loading=\"lazy\" decoding=\"async\" width=\"836\" height=\"627\" src=\"https:\/\/levezereperigord.com\/wp-content\/uploads\/2026\/02\/IMG_4950.jpg\" alt=\"\" class=\"wp-image-1523\" style=\"border-radius:4px;aspect-ratio:1;object-fit:cover\" srcset=\"https:\/\/levezereperigord.com\/wp-content\/uploads\/2026\/02\/IMG_4950.jpg 836w, https:\/\/levezereperigord.com\/wp-content\/uploads\/2026\/02\/IMG_4950-300x225.jpg 300w, https:\/\/levezereperigord.com\/wp-content\/uploads\/2026\/02\/IMG_4950-768x576.jpg 768w\" sizes=\"auto, (max-width: 836px) 100vw, 836px\" \/><\/figure>\n<\/div>\n<\/div>\n<\/div>\n<\/div>\n<\/div>\n\n\n\n<div class=\"wp-block-columns is-layout-flex wp-container-core-columns-is-layout-178d4c1f wp-block-columns-is-layout-flex\" style=\"margin-top:var(--wp--preset--spacing--50);margin-bottom:var(--wp--preset--spacing--50);padding-top:0;padding-right:0;padding-bottom:0;padding-left:0\">\n<div class=\"wp-block-column is-layout-flow wp-container-core-column-is-layout-8a368f38 wp-block-column-is-layout-flow\" style=\"flex-basis:60%\">\n<h1 class=\"wp-block-heading has-n-brown-color has-text-color has-link-color has-n-benne-font-family wp-elements-2d34e56baefbd0626c5faa2ce5f6d987\" style=\"font-size:clamp(1.25rem, 1.25rem + ((1vw - 0.2rem) * 1.053), 2rem);\">La Maison d\u2019\u00e0 c\u00f4t\u00e9 : Ein gro\u00dfes und sch\u00f6nes Haus<\/h1>\n\n\n\n<p class=\"has-n-brown-color has-text-color has-link-color has-n-outfit-font-family has-default-font-size wp-elements-2bc46ebd42752bb3b63951c17ed216d0\" style=\"font-style:normal;font-weight:300\">1 bis 8 Personen\u30fbPrivatpool<\/p>\n\n\n\n<p class=\"has-n-brown-color has-text-color has-link-color has-n-outfit-font-family has-default-font-size wp-elements-35ac04f57def8f82c620470db366e0c4\" style=\"border-top-color:var(--wp--preset--color--n-lightest-brown);border-top-width:1px;margin-top:var(--wp--preset--spacing--50);margin-bottom:0;padding-top:var(--wp--preset--spacing--50);padding-bottom:0\">Entdecken Sie &#8222;La Maison d\u2019\u00e0 c\u00f4t\u00e9&#8220;, ein ger\u00e4umiges Haus f\u00fcr bis zu 8 Personen.<br><\/p>\n\n\n\n<ul class=\"wp-block-list has-n-brown-color has-text-color has-link-color has-n-outfit-font-family wp-elements-d60272b1f17153e409127a15762c29f1\">\n<li>Neuheit 2026<\/li>\n\n\n\n<li>Ein gro\u00dfes Grundst\u00fcck.<\/li>\n\n\n\n<li>Zugang zum Campingplatz und allen Aktivit\u00e4ten.<\/li>\n\n\n\n<li>Ein privater Pool.<\/li>\n<\/ul>\n\n\n\n<p><br>Direkt neben dem Campingplatz bietet dieses Haus 4 Schlafzimmer, 3 Badezimmer, ein gro\u00dfes Wohnzimmer, eine Galerie, einen privaten Pool und einen unabh\u00e4ngigen Zugang.<\/p>\n\n\n\n<h2 class=\"wp-block-heading has-n-brown-color has-text-color has-link-color has-n-outfit-font-family has-medium-font-size wp-elements-48b610787f84d5495e8026f5f1cc3368\" style=\"border-top-color:var(--wp--preset--color--n-lightest-brown);border-top-width:1px;margin-top:var(--wp--preset--spacing--50);margin-bottom:var(--wp--preset--spacing--50);padding-top:var(--wp--preset--spacing--50);font-style:normal;font-weight:500\">La maison d\u2019\u00e0 c\u00f4t\u00e9<\/h2>\n\n\n\n<div class=\"wp-block-columns has-n-brown-color has-text-color has-link-color wp-elements-6a497b956bf41ce42b2b7d50d52a7b17 is-layout-flex wp-container-core-columns-is-layout-65eef5bf wp-block-columns-is-layout-flex\">\n<div class=\"wp-block-column is-layout-flow wp-container-core-column-is-layout-63d9dbad wp-block-column-is-layout-flow\" style=\"padding-top:0;padding-bottom:0\">\n<div class=\"wp-block-group is-nowrap is-layout-flex wp-container-core-group-is-layout-fc054d2d wp-block-group-is-layout-flex\">\n<svg style=\"width: 24px; height: 24px;\" width=\"24\" height=\"24\" viewBox=\"0 0 24 24\" fill=\"none\" xmlns=\"http:\/\/www.w3.org\/2000\/svg\">\n<path fill-rule=\"evenodd\" clip-rule=\"evenodd\" d=\"M20.25 21V20.25H3.75V21H2.25V14.8783L3.75 10.3783V5C3.75 4.0335 4.5335 3.25 5.5 3.25H18.5C19.4665 3.25 20.25 4.0335 20.25 5V10.3783L21.75 14.8783V21H20.25ZM5.5 4.75C5.36193 4.75 5.25 4.86193 5.25 5V10.25H6.25V8C6.25 7.0335 7.0335 6.25 8 6.25H16C16.9665 6.25 17.75 7.0335 17.75 8V10.25H18.75V5C18.75 4.86193 18.6381 4.75 18.5 4.75H5.5ZM16.25 10.25V8C16.25 7.86193 16.1381 7.75 16 7.75H12.75V10.25H16.25ZM11.25 10.25V7.75H8C7.86193 7.75 7.75 7.86193 7.75 8V10.25H11.25ZM4.04057 14.25L4.8739 11.75H19.1261L19.9594 14.25H4.04057ZM3.75 18.75V15.75H20.25V18.75H3.75Z\" fill=\"currentColor\"\/>\n<\/svg>\n\n\n\n\n<p class=\"has-n-brown-color has-text-color has-link-color has-n-outfit-font-family wp-elements-12b26518271e5e6576e1a20f7ba79c77\" style=\"font-style:normal;font-weight:300\">4 Schlafzimmer<\/p>\n<\/div>\n\n\n\n<div class=\"wp-block-group is-nowrap is-layout-flex wp-container-core-group-is-layout-fc054d2d wp-block-group-is-layout-flex\">\n<svg style=\"width: 24px; height: 24px;\" width=\"24\" height=\"24\" viewBox=\"0 0 24 24\" fill=\"none\" xmlns=\"http:\/\/www.w3.org\/2000\/svg\">\n<path fill-rule=\"evenodd\" clip-rule=\"evenodd\" d=\"M11 3.5C10.3096 3.5 9.75 4.05964 9.75 4.75H8.25C8.25 3.23122 9.48122 2 11 2C11.788 2 12.4986 2.33145 13 2.86253C13.5014 2.33145 14.212 2 15 2C16.5188 2 17.75 3.23122 17.75 4.75V6.5H22V8H17.75V10.9032C18.0808 10.8005 18.4242 10.75 18.7642 10.75C19.5543 10.75 20.3624 11.0225 20.9894 11.5904C21.2575 11.8333 21.6142 11.9745 21.9921 11.9965V13.6639C21.2355 13.641 20.4704 13.3681 19.871 12.8251C19.5783 12.5601 19.1802 12.416 18.7642 12.416C18.3905 12.416 18.0313 12.5322 17.75 12.7479V12.75H17.7473C17.7164 12.7738 17.6864 12.7989 17.6574 12.8251C17.0304 13.3931 16.2223 13.6655 15.4322 13.6655C14.642 13.6655 13.8339 13.3931 13.2069 12.8251C12.9143 12.5601 12.5162 12.416 12.1002 12.416C11.6841 12.416 11.286 12.5601 10.9934 12.8251C10.3664 13.3931 9.55828 13.6655 8.76814 13.6655C7.97799 13.6655 7.16989 13.3931 6.54291 12.8251C6.25026 12.5601 5.85217 12.416 5.43613 12.416C5.02008 12.416 4.62199 12.5601 4.32934 12.8251C3.70236 13.3931 2.89426 13.6655 2.10411 13.6655H2.06237C2.04815 13.6655 2.04094 13.6657 2.03499 13.6658C2.02644 13.666 2.02048 13.6662 2 13.6655V11.9959C2.03757 11.9983 2.07535 11.9995 2.11328 11.9995C2.526 11.9974 2.92039 11.8535 3.21089 11.5904C3.83788 11.0225 4.64598 10.75 5.43613 10.75C6.22627 10.75 7.03437 11.0225 7.66136 11.5904C7.95401 11.8555 8.3521 11.9995 8.76814 11.9995C9.18418 11.9995 9.58227 11.8555 9.87492 11.5904C10.5019 11.0225 11.31 10.75 12.1002 10.75C12.15 10.75 12.2 10.7511 12.25 10.7533V8H2V6.5H12.25V4.75C12.25 4.05964 11.6904 3.5 11 3.5ZM16.25 8V11.7953C16.0062 11.9288 15.7236 11.9995 15.4322 11.9995C15.0161 11.9995 14.618 11.8555 14.3254 11.5904C14.1468 11.4286 13.9534 11.2908 13.75 11.1764V8H16.25ZM13.75 4.75V6.5H16.25V4.75C16.25 4.05964 15.6904 3.5 15 3.5C14.3096 3.5 13.75 4.05964 13.75 4.75Z\" fill=\"currentColor\"\/>\n<path d=\"M2 17.6655V15.9959C2.03757 15.9983 2.07535 15.9995 2.11328 15.9995C2.526 15.9974 2.92039 15.8535 3.21089 15.5904C3.83788 15.0225 4.64598 14.75 5.43613 14.75C6.22627 14.75 7.03437 15.0225 7.66136 15.5904C7.95401 15.8555 8.3521 15.9995 8.76814 15.9995C9.18418 15.9995 9.58227 15.8555 9.87492 15.5904C10.5019 15.0225 11.31 14.75 12.1002 14.75C12.8903 14.75 13.6984 15.0225 14.3254 15.5904C14.618 15.8555 15.0161 15.9995 15.4322 15.9995C15.8482 15.9995 16.2463 15.8555 16.5389 15.5904C17.1659 15.0225 17.974 14.75 18.7642 14.75C19.5543 14.75 20.3624 15.0225 20.9894 15.5904C21.2575 15.8333 21.6142 15.9745 21.9921 15.9965V17.6639C21.2355 17.641 20.4704 17.3681 19.871 16.8251C19.5783 16.5601 19.1802 16.416 18.7642 16.416C18.3481 16.416 17.95 16.5601 17.6574 16.8251C17.0304 17.3931 16.2223 17.6655 15.4322 17.6655C14.642 17.6655 13.8339 17.3931 13.2069 16.8251C12.9143 16.5601 12.5162 16.416 12.1002 16.416C11.6841 16.416 11.286 16.5601 10.9934 16.8251C10.3664 17.3931 9.55828 17.6655 8.76814 17.6655C7.97799 17.6655 7.16989 17.3931 6.54291 16.8251C6.25026 16.5601 5.85217 16.416 5.43613 16.416C5.02008 16.416 4.62199 16.5601 4.32934 16.8251C3.70236 17.3931 2.89426 17.6655 2.10411 17.6655H2.06237C2.04815 17.6655 2.04094 17.6657 2.03499 17.6658C2.02644 17.666 2.02049 17.6662 2 17.6655Z\" fill=\"currentColor\"\/>\n<path d=\"M2 21.9155V20.2459C2.03757 20.2483 2.07535 20.2495 2.11328 20.2495C2.526 20.2474 2.92039 20.1035 3.21089 19.8404C3.83788 19.2725 4.64598 19 5.43613 19C6.22627 19 7.03437 19.2725 7.66136 19.8404C7.95401 20.1055 8.3521 20.2495 8.76814 20.2495C9.18418 20.2495 9.58227 20.1055 9.87492 19.8404C10.5019 19.2725 11.31 19 12.1002 19C12.8903 19 13.6984 19.2725 14.3254 19.8404C14.618 20.1055 15.0161 20.2495 15.4322 20.2495C15.8482 20.2495 16.2463 20.1055 16.5389 19.8404C17.1659 19.2725 17.974 19 18.7642 19C19.5543 19 20.3624 19.2725 20.9894 19.8404C21.2575 20.0833 21.6142 20.2245 21.9921 20.2465V21.9139C21.2355 21.891 20.4704 21.6181 19.871 21.0751C19.5783 20.8101 19.1802 20.666 18.7642 20.666C18.3481 20.666 17.95 20.8101 17.6574 21.0751C17.0304 21.6431 16.2223 21.9155 15.4322 21.9155C14.642 21.9155 13.8339 21.6431 13.2069 21.0751C12.9143 20.8101 12.5162 20.666 12.1002 20.666C11.6841 20.666 11.286 20.8101 10.9934 21.0751C10.3664 21.6431 9.55828 21.9155 8.76814 21.9155C7.97799 21.9155 7.16989 21.6431 6.54291 21.0751C6.25026 20.8101 5.85217 20.666 5.43613 20.666C5.02008 20.666 4.62199 20.8101 4.32934 21.0751C3.70236 21.6431 2.89426 21.9155 2.10411 21.9155H2.06237C2.04815 21.9155 2.04094 21.9157 2.03499 21.9158C2.02644 21.916 2.02049 21.9162 2 21.9155Z\" fill=\"currentColor\"\/>\n<\/svg>\n\n\n\n\n<p class=\"has-n-brown-color has-text-color has-link-color has-n-outfit-font-family wp-elements-f9c5d4aec9659d8f0fe3d693822130d3\" style=\"font-style:normal;font-weight:300\">Privater Pool<\/p>\n<\/div>\n\n\n\n<div class=\"wp-block-group is-nowrap is-layout-flex wp-container-core-group-is-layout-fc054d2d wp-block-group-is-layout-flex\">\n<svg style=\"width: 24px; height: 24px;\" width=\"24\" height=\"24\" viewBox=\"0 0 24 24\" fill=\"none\" xmlns=\"http:\/\/www.w3.org\/2000\/svg\">\n<path fill-rule=\"evenodd\" clip-rule=\"evenodd\" d=\"M14.25 9.45015C13.875 9.64186 13.4501 9.75 13 9.75H12V8.25H13C13.6904 8.25 14.25 7.69036 14.25 7V6.45015C13.875 6.64186 13.4501 6.75 13 6.75H12V5.25H13C13.6904 5.25 14.25 4.69036 14.25 4V3H15.75V4C15.75 4.69036 16.3096 5.25 17 5.25H18V6.75H17C16.5499 6.75 16.125 6.64186 15.75 6.45015V7C15.75 7.69036 16.3096 8.25 17 8.25H18V9.75H17C16.5499 9.75 16.125 9.64186 15.75 9.45015V11.25H15.9151C16.5474 11.25 17.1304 11.591 17.4404 12.142L20.8154 18.142C21.4716 19.3086 20.6286 20.75 19.2901 20.75H4.70982C3.37137 20.75 2.52838 19.3086 3.18457 18.142L6.55957 12.142C6.86952 11.591 7.45259 11.25 8.08482 11.25H14.25V9.45015ZM12.4386 19.25L8.78237 12.75H15.9151C16.0054 12.75 16.0887 12.7987 16.133 12.8774L19.508 18.8774C19.6018 19.0441 19.4813 19.25 19.2901 19.25H12.4386ZM8.25 14.8632L10.7176 19.25H8.25V14.8632ZM6.75 14.8631V19.25H4.70982C4.51862 19.25 4.39819 19.0441 4.49193 18.8774L6.75 14.8631Z\" fill=\"currentColor\"\/>\n<path fill-rule=\"evenodd\" clip-rule=\"evenodd\" d=\"M7 10C8.65685 10 10 8.65685 10 7C10 5.34315 8.65685 4 7 4C5.34315 4 4 5.34315 4 7C4 8.65685 5.34315 10 7 10ZM7 8.5C7.82843 8.5 8.5 7.82843 8.5 7C8.5 6.17157 7.82843 5.5 7 5.5C6.17157 5.5 5.5 6.17157 5.5 7C5.5 7.82843 6.17157 8.5 7 8.5Z\" fill=\"currentColor\"\/>\n<\/svg>\n\n\n\n\n<p class=\"has-n-brown-color has-text-color has-link-color has-n-outfit-font-family wp-elements-1831605339e01f6dd897f6e5ea8a6f2a\" style=\"font-style:normal;font-weight:300\">Zugang zum Campingplatz und seinen Leistungen<\/p>\n<\/div>\n<\/div>\n\n\n\n<div class=\"wp-block-column is-layout-flow wp-container-core-column-is-layout-f5bb311e wp-block-column-is-layout-flow\">\n<div class=\"wp-block-group is-nowrap is-layout-flex wp-container-core-group-is-layout-fc054d2d wp-block-group-is-layout-flex\">\n<svg style=\"width: 24px; height: 24px;\" width=\"24\" height=\"24\" viewBox=\"0 0 24 24\" fill=\"none\" xmlns=\"http:\/\/www.w3.org\/2000\/svg\">\n<path fill-rule=\"evenodd\" clip-rule=\"evenodd\" d=\"M6 3.75C5.86193 3.75 5.75 3.86193 5.75 4V21.5H4.25V4C4.25 3.0335 5.0335 2.25 6 2.25H13.5C14.4665 2.25 15.25 3.0335 15.25 4V5.25H17.5C18.4665 5.25 19.25 6.0335 19.25 7V7.75H20.5V9.25H8.5V7.75H9.75V7C9.75 6.0335 10.5335 5.25 11.5 5.25H13.75V4C13.75 3.86193 13.6381 3.75 13.5 3.75H6ZM11.25 7.75H17.75V7C17.75 6.86193 17.6381 6.75 17.5 6.75H11.5C11.3619 6.75 11.25 6.86193 11.25 7V7.75ZM11.5 10.25C11.9142 10.25 12.25 10.5858 12.25 11V11.5C12.25 11.9142 11.9142 12.25 11.5 12.25C11.0858 12.25 10.75 11.9142 10.75 11.5V11C10.75 10.5858 11.0858 10.25 11.5 10.25ZM14.5 10.25C14.9142 10.25 15.25 10.5858 15.25 11V11.5C15.25 11.9142 14.9142 12.25 14.5 12.25C14.0858 12.25 13.75 11.9142 13.75 11.5V11C13.75 10.5858 14.0858 10.25 14.5 10.25ZM17.5 10.25C17.9142 10.25 18.25 10.5858 18.25 11V11.5C18.25 11.9142 17.9142 12.25 17.5 12.25C17.0858 12.25 16.75 11.9142 16.75 11.5V11C16.75 10.5858 17.0858 10.25 17.5 10.25ZM11.5 13.25C11.9142 13.25 12.25 13.5858 12.25 14V14.5C12.25 14.9142 11.9142 15.25 11.5 15.25C11.0858 15.25 10.75 14.9142 10.75 14.5V14C10.75 13.5858 11.0858 13.25 11.5 13.25ZM14.5 13.25C14.9142 13.25 15.25 13.5858 15.25 14V14.5C15.25 14.9142 14.9142 15.25 14.5 15.25C14.0858 15.25 13.75 14.9142 13.75 14.5V14C13.75 13.5858 14.0858 13.25 14.5 13.25ZM17.5 13.25C17.9142 13.25 18.25 13.5858 18.25 14V14.5C18.25 14.9142 17.9142 15.25 17.5 15.25C17.0858 15.25 16.75 14.9142 16.75 14.5V14C16.75 13.5858 17.0858 13.25 17.5 13.25ZM11.5 16.25C11.9142 16.25 12.25 16.5858 12.25 17V17.5C12.25 17.9142 11.9142 18.25 11.5 18.25C11.0858 18.25 10.75 17.9142 10.75 17.5V17C10.75 16.5858 11.0858 16.25 11.5 16.25ZM14.5 16.25C14.9142 16.25 15.25 16.5858 15.25 17V17.5C15.25 17.9142 14.9142 18.25 14.5 18.25C14.0858 18.25 13.75 17.9142 13.75 17.5V17C13.75 16.5858 14.0858 16.25 14.5 16.25ZM17.5 16.25C17.9142 16.25 18.25 16.5858 18.25 17V17.5C18.25 17.9142 17.9142 18.25 17.5 18.25C17.0858 18.25 16.75 17.9142 16.75 17.5V17C16.75 16.5858 17.0858 16.25 17.5 16.25ZM11.5 19.25C11.9142 19.25 12.25 19.5858 12.25 20V20.5C12.25 20.9142 11.9142 21.25 11.5 21.25C11.0858 21.25 10.75 20.9142 10.75 20.5V20C10.75 19.5858 11.0858 19.25 11.5 19.25ZM14.5 19.25C14.9142 19.25 15.25 19.5858 15.25 20V20.5C15.25 20.9142 14.9142 21.25 14.5 21.25C14.0858 21.25 13.75 20.9142 13.75 20.5V20C13.75 19.5858 14.0858 19.25 14.5 19.25ZM17.5 19.25C17.9142 19.25 18.25 19.5858 18.25 20V20.5C18.25 20.9142 17.9142 21.25 17.5 21.25C17.0858 21.25 16.75 20.9142 16.75 20.5V20C16.75 19.5858 17.0858 19.25 17.5 19.25Z\" fill=\"currentColor\"\/>\n<\/svg>\n\n\n\n\n<p class=\"has-n-brown-color has-text-color has-link-color has-n-outfit-font-family wp-elements-8817f52761568cc454ac1d0d323913c1\" style=\"font-style:normal;font-weight:300\">3 Badezimmer<\/p>\n<\/div>\n\n\n\n<div class=\"wp-block-group is-nowrap is-layout-flex wp-container-core-group-is-layout-fc054d2d wp-block-group-is-layout-flex\">\n<svg style=\"width: 24px; height: 24px;\" width=\"24\" height=\"24\" viewBox=\"0 0 24 24\" fill=\"none\" xmlns=\"http:\/\/www.w3.org\/2000\/svg\">\n<path fill-rule=\"evenodd\" clip-rule=\"evenodd\" d=\"M18.75 14.6912L20.2077 12.0189C21.2197 10.1635 21.75 8.08379 21.75 5.97033C21.75 3.90599 20.045 2.25 18 2.25C15.955 2.25 14.25 3.90599 14.25 5.97033C14.25 8.08379 14.7803 10.1635 15.7923 12.0189L17.25 14.6912V21H18.75V14.6912ZM17.25 3.87829C16.379 4.18603 15.75 5.01216 15.75 5.97033C15.75 7.83281 16.2173 9.66553 17.1092 11.3006L17.25 11.5588V3.87829ZM18.75 11.5588V3.87829C19.621 4.18603 20.25 5.01216 20.25 5.97033C20.25 7.83281 19.7827 9.66553 18.8908 11.3006L18.75 11.5588Z\" fill=\"currentColor\"\/>\n<path fill-rule=\"evenodd\" clip-rule=\"evenodd\" d=\"M3.98388 2.31148C3.33265 2.21845 2.75 2.72378 2.75 3.38162V21H4.25V15.75H8C8.21021 15.75 8.41077 15.6618 8.55282 15.5068C8.69488 15.3519 8.76539 15.1444 8.74718 14.935L8.0204 6.57702C7.83019 4.38966 6.15744 2.62199 3.98388 2.31148ZM7.18195 14.25H4.25V3.90211C5.49476 4.27835 6.4106 5.37937 6.52604 6.70697L7.18195 14.25Z\" fill=\"currentColor\"\/>\n<path fill-rule=\"evenodd\" clip-rule=\"evenodd\" d=\"M11.25 2.5V13.837C9.81665 14.1755 8.75 15.4632 8.75 17V18.2375C8.75 20.1603 10.4102 21.6627 12.3234 21.4714C13.9848 21.3053 15.25 19.9072 15.25 18.2375V17C15.25 15.4632 14.1833 14.1755 12.75 13.837V2.5H11.25ZM10.25 17C10.25 16.0335 11.0335 15.25 12 15.25C12.9665 15.25 13.75 16.0335 13.75 17V18.2375C13.75 19.1366 13.0687 19.8894 12.1741 19.9788C11.1439 20.0819 10.25 19.2729 10.25 18.2375V17Z\" fill=\"currentColor\"\/>\n<\/svg>\n\n\n\n\n<p class=\"has-n-brown-color has-text-color has-link-color has-n-outfit-font-family wp-elements-47d53cfbc5fb1a4be4fb59d5bde3fe37\" style=\"font-style:normal;font-weight:300\">Ausgestatteter K\u00fcchenbereich<\/p>\n<\/div>\n\n\n\n<div class=\"wp-block-group is-nowrap is-layout-flex wp-container-core-group-is-layout-fc054d2d wp-block-group-is-layout-flex\">\n<svg style=\"width: 24px; height: 24px;\" width=\"24\" height=\"24\" viewBox=\"0 0 24 24\" fill=\"none\" xmlns=\"http:\/\/www.w3.org\/2000\/svg\">\n<path fill-rule=\"evenodd\" clip-rule=\"evenodd\" d=\"M6.5 4.25C6.36193 4.25 6.25 4.36193 6.25 4.5V19.75H17.75V4.5C17.75 4.36193 17.6381 4.25 17.5 4.25H6.5ZM19.25 19.75V4.5C19.25 3.5335 18.4665 2.75 17.5 2.75H6.5C5.5335 2.75 4.75 3.5335 4.75 4.5V19.75H2V21.25H22V19.75H19.25ZM14.75 12C14.75 11.5858 15.0858 11.25 15.5 11.25H16C16.4142 11.25 16.75 11.5858 16.75 12C16.75 12.4142 16.4142 12.75 16 12.75H15.5C15.0858 12.75 14.75 12.4142 14.75 12Z\" fill=\"currentColor\"\/>\n<\/svg>\n\n\n\n\n<p class=\"has-n-brown-color has-text-color has-link-color has-n-outfit-font-family wp-elements-251278b6fa827b5c4d4cbdf001e21699\" style=\"font-style:normal;font-weight:300\">Unabh\u00e4ngiger Eingang<\/p>\n<\/div>\n<\/div>\n<\/div>\n<\/div>\n\n\n\n<div class=\"wp-block-column is-layout-flow wp-block-column-is-layout-flow\" style=\"flex-basis:40%\">\n<div class=\"wp-block-group has-n-lightest-brown-background-color has-background is-vertical is-layout-flex wp-container-core-group-is-layout-d62007ce wp-block-group-is-layout-flex wp-container-1 is-position-sticky\" style=\"border-radius:4px;margin-top:0;margin-bottom:0;padding-top:var(--wp--preset--spacing--60);padding-right:var(--wp--preset--spacing--60);padding-bottom:var(--wp--preset--spacing--60);padding-left:var(--wp--preset--spacing--60);box-shadow:var(--wp--preset--shadow--n-smooth-shadow)\">\n<h2 class=\"wp-block-heading has-n-brown-color has-text-color has-link-color has-n-outfit-font-family has-medium-font-size wp-elements-dd3d8b11188062559972a03ac6c7fae4\" style=\"font-style:normal;font-weight:500\">Verf\u00fcgbarkeit und Reservierung<\/h2>\n\n\n\n<p class=\"has-n-brown-color has-text-color has-link-color has-n-outfit-font-family has-default-font-size wp-elements-165429ca23e5ff2b253dc21dceb4d732\" style=\"font-style:normal;font-weight:300\">Siehe unsere Website f\u00fcr weitere Informationen.<\/p>\n\n\n\n<div class=\"wp-block-buttons is-content-justification-right is-nowrap is-layout-flex wp-container-core-buttons-is-layout-5c4dd974 wp-block-buttons-is-layout-flex\" style=\"margin-top:var(--wp--preset--spacing--50)\">\n<div class=\"wp-block-button\"><a class=\"wp-block-button__link has-n-white-color has-n-accent-background-color has-text-color has-background has-link-color has-n-outfit-font-family wp-element-button\" href=\"https:\/\/reservation.secureholiday.net\/fr\/2605\/search\/product-view\/47394\" style=\"border-radius:4px;font-style:normal;font-weight:400;letter-spacing:1px;text-transform:uppercase\">Ich buche &#8222;La Maison d\u2019\u00e0 c\u00f4t\u00e9&#8220;<\/a><\/div>\n<\/div>\n<\/div>\n<\/div>\n<\/div>\n<\/div>\n","protected":false},"excerpt":{"rendered":"<p>La Maison d\u2019\u00e0 c\u00f4t\u00e9 : Ein gro\u00dfes und sch\u00f6nes Haus 1 bis 8 Personen\u30fbPrivatpool Entdecken Sie &#8222;La Maison d\u2019\u00e0 c\u00f4t\u00e9&#8220;, ein ger\u00e4umiges Haus f\u00fcr bis zu 8 Personen. Direkt neben dem Campingplatz bietet dieses Haus 4 Schlafzimmer, 3 Badezimmer, ein gro\u00dfes Wohnzimmer, eine Galerie, einen privaten Pool und einen unabh\u00e4ngigen Zugang. La maison d\u2019\u00e0 c\u00f4t\u00e9 [&hellip;]<\/p>\n","protected":false},"author":1,"featured_media":0,"parent":0,"menu_order":0,"comment_status":"closed","ping_status":"closed","template":"","meta":{"footnotes":""},"class_list":["post-1233","page","type-page","status-publish","hentry"],"_links":{"self":[{"href":"https:\/\/levezereperigord.com\/de\/wp-json\/wp\/v2\/pages\/1233","targetHints":{"allow":["GET"]}}],"collection":[{"href":"https:\/\/levezereperigord.com\/de\/wp-json\/wp\/v2\/pages"}],"about":[{"href":"https:\/\/levezereperigord.com\/de\/wp-json\/wp\/v2\/types\/page"}],"author":[{"embeddable":true,"href":"https:\/\/levezereperigord.com\/de\/wp-json\/wp\/v2\/users\/1"}],"replies":[{"embeddable":true,"href":"https:\/\/levezereperigord.com\/de\/wp-json\/wp\/v2\/comments?post=1233"}],"version-history":[{"count":12,"href":"https:\/\/levezereperigord.com\/de\/wp-json\/wp\/v2\/pages\/1233\/revisions"}],"predecessor-version":[{"id":1529,"href":"https:\/\/levezereperigord.com\/de\/wp-json\/wp\/v2\/pages\/1233\/revisions\/1529"}],"wp:attachment":[{"href":"https:\/\/levezereperigord.com\/de\/wp-json\/wp\/v2\/media?parent=1233"}],"curies":[{"name":"wp","href":"https:\/\/api.w.org\/{rel}","templated":true}]}}