{"id":113,"date":"2025-11-04T15:18:17","date_gmt":"2025-11-04T14:18:17","guid":{"rendered":"https:\/\/levezereperigord.com\/?page_id=113"},"modified":"2026-04-05T16:26:31","modified_gmt":"2026-04-05T14:26:31","slug":"faq","status":"publish","type":"page","link":"https:\/\/levezereperigord.com\/de\/faq\/","title":{"rendered":"FAQ \u2013 Vos questions, nos r\u00e9ponses"},"content":{"rendered":"\n<div class=\"wp-block-group is-layout-constrained wp-container-core-group-is-layout-02f1ee69 wp-block-group-is-layout-constrained\" style=\"border-radius:4px;margin-top:var(--wp--preset--spacing--60);margin-bottom:var(--wp--preset--spacing--60);padding-top:0;padding-right:0;padding-bottom:0;padding-left:0\">\n<h1 class=\"wp-block-heading has-text-align-left has-n-brown-color has-text-color has-link-color has-n-benne-font-family has-x-large-font-size wp-elements-e59f36c51076b167e0bb8221cf84eda1\">FAQ \u2013 Ihre Fragen, unsere Antworten<\/h1>\n\n\n\n<div class=\"wp-block-group is-layout-constrained wp-block-group-is-layout-constrained\">\n<h2 class=\"wp-block-heading has-n-light-brown-color has-text-color has-link-color has-n-outfit-font-family has-default-font-size wp-elements-fbf00aa703dd0bedcde1a7d344c06d4d\" style=\"font-style:normal;font-weight:300;text-transform:uppercase\">Reservierungen und Aufenthalte<\/h2>\n\n\n\n<div class=\"wp-block-group is-vertical is-content-justification-stretch is-layout-flex wp-container-core-group-is-layout-abb2ea6d wp-block-group-is-layout-flex\" style=\"margin-top:var(--wp--preset--spacing--30)\">\n<details class=\"wp-block-details has-n-brown-color has-text-color has-link-color has-n-outfit-font-family has-medium-font-size wp-elements-aeb4e3425478e66d315c12c92bf7ec41 is-layout-flow wp-container-core-details-is-layout-d3fb2301 wp-block-details-is-layout-flow\" style=\"border-top-color:var(--wp--preset--color--n-lightest-brown);border-top-width:1px;padding-top:var(--wp--preset--spacing--40);padding-bottom:var(--wp--preset--spacing--40);font-style:normal;font-weight:300\"><summary>Wie kann ich einen Stellplatz oder eine Unterkunft reservieren?<\/summary>\n<p class=\"has-n-outfit-font-family has-default-font-size\" style=\"font-style:normal;font-weight:400\">Nach zus\u00e4tzlichen telefonischen Informationen k\u00f6nnen Sie online \u00fcber unsere Website buchen. Die Zahlung mit bestimmten Kreditkarten bietet Ihnen eine Stornoversicherung, denken Sie daran!<\/p>\n<\/details>\n\n\n\n<details class=\"wp-block-details has-n-brown-color has-text-color has-link-color has-n-outfit-font-family has-medium-font-size wp-elements-813fd5be75d061e3842755663ec2ba9c is-layout-flow wp-container-core-details-is-layout-d3fb2301 wp-block-details-is-layout-flow\" style=\"border-top-color:var(--wp--preset--color--n-lightest-brown);border-top-width:1px;padding-top:var(--wp--preset--spacing--40);padding-bottom:var(--wp--preset--spacing--40);font-style:normal;font-weight:300\"><summary>Welche Tage und Zeiten gelten f\u00fcr An- und Abreise?<\/summary>\n<p class=\"has-n-outfit-font-family has-default-font-size\" style=\"font-style:normal;font-weight:400\">Campingpl\u00e4tze: Flexible An- und Abreisetage (jederzeit), Reservierungen ab 2 Tagen.<\/p>\n\n\n\n<p class=\"has-n-outfit-font-family has-default-font-size\" style=\"font-style:normal;font-weight:400\">Unterk\u00fcnfte: Ankunft mittwochs, samstags und sonntags ab 16:00 Uhr. Abreise vor 10:00 Uhr.<\/p>\n<\/details>\n\n\n\n<details class=\"wp-block-details has-n-brown-color has-text-color has-link-color has-n-outfit-font-family has-medium-font-size wp-elements-a7354866544e724218794c60e0a0efe9 is-layout-flow wp-container-core-details-is-layout-d3fb2301 wp-block-details-is-layout-flow\" style=\"border-top-color:var(--wp--preset--color--n-lightest-brown);border-top-width:1px;padding-top:var(--wp--preset--spacing--40);padding-bottom:var(--wp--preset--spacing--40);font-style:normal;font-weight:300\"><summary>Kann ich meine Reservierung \u00e4ndern oder stornieren?<\/summary>\n<p class=\"has-n-outfit-font-family has-default-font-size\" style=\"font-style:normal;font-weight:400\">\u00c4nderung: Abh\u00e4ngig von Verf\u00fcgbarkeit und m\u00f6glichen Preisdifferenzen, kontaktieren Sie uns.<\/p>\n\n\n\n<p class=\"has-n-outfit-font-family has-default-font-size\" style=\"font-style:normal;font-weight:400\">Stornierung: Wir empfehlen den Abschluss einer Stornoversicherung f\u00fcr mehr Sicherheit.<\/p>\n<\/details>\n\n\n\n<details class=\"wp-block-details has-n-brown-color has-text-color has-link-color has-n-outfit-font-family has-medium-font-size wp-elements-4b46ad59211c30cf10a1b56d89eab72c is-layout-flow wp-container-core-details-is-layout-d3fb2301 wp-block-details-is-layout-flow\" style=\"border-top-color:var(--wp--preset--color--n-lightest-brown);border-top-width:1px;padding-top:var(--wp--preset--spacing--40);padding-bottom:var(--wp--preset--spacing--40);font-style:normal;font-weight:300\"><summary>Wie lange ist die Mindestaufenthaltsdauer?<\/summary>\n<p class=\"has-n-outfit-font-family has-default-font-size\" style=\"font-style:normal;font-weight:400\">Die Mindestaufenthaltsdauer betr\u00e4gt 2 N\u00e4chte f\u00fcr Campingpl\u00e4tze und Unterk\u00fcnfte.<\/p>\n<\/details>\n<\/div>\n<\/div>\n\n\n\n<div class=\"wp-block-group is-layout-constrained wp-block-group-is-layout-constrained\" style=\"margin-top:var(--wp--preset--spacing--80)\">\n<h2 class=\"wp-block-heading has-n-light-brown-color has-text-color has-link-color has-n-outfit-font-family has-default-font-size wp-elements-f9ef11880697cd53acbdb68709f57eb8\" style=\"font-style:normal;font-weight:300;text-transform:uppercase\">Stellpl\u00e4tze und Unterk\u00fcnfte<\/h2>\n\n\n\n<div class=\"wp-block-group is-vertical is-content-justification-stretch is-layout-flex wp-container-core-group-is-layout-abb2ea6d wp-block-group-is-layout-flex\" style=\"margin-top:var(--wp--preset--spacing--30)\">\n<details class=\"wp-block-details has-n-brown-color has-text-color has-link-color has-n-outfit-font-family has-medium-font-size wp-elements-06ba68fc72560b9e6107b0d55c402fd9 is-layout-flow wp-container-core-details-is-layout-d3fb2301 wp-block-details-is-layout-flow\" style=\"border-top-color:var(--wp--preset--color--n-lightest-brown);border-top-width:1px;padding-top:var(--wp--preset--spacing--40);padding-bottom:var(--wp--preset--spacing--40);font-style:normal;font-weight:300\"><summary>Welche Art von Ausr\u00fcstung ist auf den Stellpl\u00e4tzen erlaubt?<\/summary>\n<p class=\"has-n-outfit-font-family has-default-font-size\" style=\"font-style:normal;font-weight:400\">Unsere Stellpl\u00e4tze sind f\u00fcr fast alle Arten von Ausr\u00fcstung geeignet: Zelte, Wohnwagen und Wohnmobile. Geben Sie bei der Reservierung Ihre Spezifikationen an, damit wir Ihnen den besten Platz zuweisen k\u00f6nnen. Kontaktieren Sie uns im Voraus f\u00fcr besondere F\u00e4lle (z. B. sehr gro\u00dfe Abmessungen).<\/p>\n<\/details>\n\n\n\n<details class=\"wp-block-details has-n-brown-color has-text-color has-link-color has-n-outfit-font-family has-medium-font-size wp-elements-c08b96435d1e3fe81f49f442a409869a is-layout-flow wp-container-core-details-is-layout-d3fb2301 wp-block-details-is-layout-flow\" style=\"border-top-color:var(--wp--preset--color--n-lightest-brown);border-top-width:1px;padding-top:var(--wp--preset--spacing--40);padding-bottom:var(--wp--preset--spacing--40);font-style:normal;font-weight:300\"><summary>Sind die Stellpl\u00e4tze schattig?<\/summary>\n<p class=\"has-n-outfit-font-family has-default-font-size\" style=\"font-style:normal;font-weight:400\">Ja, alle unsere Stellpl\u00e4tze befinden sich in einem schattigen Terrassenwald.<\/p>\n<\/details>\n\n\n\n<details class=\"wp-block-details has-n-brown-color has-text-color has-link-color has-n-outfit-font-family has-medium-font-size wp-elements-bc2687e6cfcd2eb98770b46519a4b9ce is-layout-flow wp-container-core-details-is-layout-d3fb2301 wp-block-details-is-layout-flow\" style=\"border-top-color:var(--wp--preset--color--n-lightest-brown);border-top-width:1px;padding-top:var(--wp--preset--spacing--40);padding-bottom:var(--wp--preset--spacing--40);font-style:normal;font-weight:300\"><summary>Sind die Esprit Lodges-Zelte mit Sanit\u00e4ranlagen ausgestattet?<\/summary>\n<p class=\"has-n-outfit-font-family has-default-font-size\" style=\"font-style:normal;font-weight:400\">Nein, die Esprit Lodges-Zelte nutzen die modernen und aktuellen Sanit\u00e4ranlagen des Campingplatzes, die &#8222;Maisons d\u2019eau&#8220;.<\/p>\n<\/details>\n\n\n\n<details class=\"wp-block-details has-n-brown-color has-text-color has-link-color has-n-outfit-font-family has-medium-font-size wp-elements-edbc354ea58c3f7fe580ebd99aada0f5 is-layout-flow wp-container-core-details-is-layout-d3fb2301 wp-block-details-is-layout-flow\" style=\"border-top-color:var(--wp--preset--color--n-lightest-brown);border-top-width:1px;padding-top:var(--wp--preset--spacing--40);padding-bottom:var(--wp--preset--spacing--40);font-style:normal;font-weight:300\"><summary>Sind die Ferienunterk\u00fcnfte (Esprit Cabanes, Mobilheime, Esprit Lodges, La Maison d\u2019\u00e0 C\u00f4t\u00e9) mit Klimaanlage ausgestattet?<\/summary>\n<p class=\"has-n-outfit-font-family has-default-font-size\" style=\"font-style:normal;font-weight:400\">Nein, unsere Unterk\u00fcnfte sind nicht mit Klimaanlage ausgestattet. Unsere schattige nat\u00fcrliche Umgebung garantiert eine angenehme K\u00fchle und die Pools und Fl\u00fcsse machen den Unterschied!<\/p>\n<\/details>\n<\/div>\n<\/div>\n\n\n\n<div class=\"wp-block-group is-layout-constrained wp-block-group-is-layout-constrained\" style=\"margin-top:var(--wp--preset--spacing--80)\">\n<h2 class=\"wp-block-heading has-n-light-brown-color has-text-color has-link-color has-n-outfit-font-family has-default-font-size wp-elements-dc8b0a569c50137aea2d0842736fbbae\" style=\"font-style:normal;font-weight:300;text-transform:uppercase\">Preise und Zahlungen<\/h2>\n\n\n\n<div class=\"wp-block-group is-vertical is-content-justification-stretch is-layout-flex wp-container-core-group-is-layout-abb2ea6d wp-block-group-is-layout-flex\" style=\"margin-top:var(--wp--preset--spacing--30)\">\n<details class=\"wp-block-details has-n-brown-color has-text-color has-link-color has-n-outfit-font-family has-medium-font-size wp-elements-6a851216895e9ffc4177118fddeb319f is-layout-flow wp-container-core-details-is-layout-d3fb2301 wp-block-details-is-layout-flow\" style=\"border-top-color:var(--wp--preset--color--n-lightest-brown);border-top-width:1px;padding-top:var(--wp--preset--spacing--40);padding-bottom:var(--wp--preset--spacing--40);font-style:normal;font-weight:300\"><summary>Welche Zahlungsmittel werden akzeptiert?<\/summary>\n<p class=\"has-n-outfit-font-family has-default-font-size\" style=\"font-style:normal;font-weight:400\">Wir akzeptieren Zahlungen mit Bankkarten, Urlaubsschecks und Bargeld.<\/p>\n<\/details>\n\n\n\n<details class=\"wp-block-details has-n-brown-color has-text-color has-link-color has-n-outfit-font-family has-medium-font-size wp-elements-854285cfe68948bf4f8e96240b1810ba is-layout-flow wp-container-core-details-is-layout-d3fb2301 wp-block-details-is-layout-flow\" style=\"border-top-color:var(--wp--preset--color--n-lightest-brown);border-top-width:1px;padding-top:var(--wp--preset--spacing--40);padding-bottom:var(--wp--preset--spacing--40);font-style:normal;font-weight:300\"><summary>Sind die Kurtagen in den Preisen enthalten?<\/summary>\n<p class=\"has-n-outfit-font-family has-default-font-size\" style=\"font-style:normal;font-weight:400\">Nein, die Kurtagen sind nicht in unseren Preisen enthalten und m\u00fcssen bei Ankunft bezahlt werden, ebenso wie eventuelle M\u00fcllgeb\u00fchren.<\/p>\n<\/details>\n<\/div>\n<\/div>\n\n\n\n<div class=\"wp-block-group is-layout-constrained wp-block-group-is-layout-constrained\" style=\"margin-top:var(--wp--preset--spacing--80)\">\n<h2 class=\"wp-block-heading has-n-light-brown-color has-text-color has-link-color has-n-outfit-font-family has-default-font-size wp-elements-59846a26cbb58ebeb4a8c45726f4a323\" style=\"font-style:normal;font-weight:300;text-transform:uppercase\">Ausstattung und Dienstleistungen<\/h2>\n\n\n\n<div class=\"wp-block-group is-vertical is-content-justification-stretch is-layout-flex wp-container-core-group-is-layout-abb2ea6d wp-block-group-is-layout-flex\" style=\"margin-top:var(--wp--preset--spacing--30)\">\n<details class=\"wp-block-details has-n-brown-color has-text-color has-link-color has-n-outfit-font-family has-medium-font-size wp-elements-7ef654148c5e365551ca125c3fc1a209 is-layout-flow wp-container-core-details-is-layout-d3fb2301 wp-block-details-is-layout-flow\" style=\"border-top-color:var(--wp--preset--color--n-lightest-brown);border-top-width:1px;padding-top:var(--wp--preset--spacing--40);padding-bottom:var(--wp--preset--spacing--40);font-style:normal;font-weight:300\"><summary>Welche Einrichtungen sind vor Ort verf\u00fcgbar?<\/summary>\n<ul style=\"font-size:clamp(14px, 0.875rem + ((1vw - 3.2px) * 0.175), 16px);\" class=\"wp-block-list\">\n<li>Wasserpark mit \u00fcberdachtem und beheiztem Pool, gro\u00dfem Au\u00dfenpool, zwei Rutschen, Planschbecken, Liegest\u00fchle.<\/li>\n\n\n\n<li>Restaurant-Bar-Snacks mit schattiger Terrasse, Mitnahmemahlzeiten, Eis und Brotservice auf Reservierung.<\/li>\n\n\n\n<li>Tennisplatz, Streetballplatz, Trampolin, Tischtennis, P\u00e9tanque, Kinderspielplatz, Cardio-Fahrrad, Handy-Ladestation.<\/li>\n\n\n\n<li>2 Sanit\u00e4rgeb\u00e4ude, moderne und aktuelle Sanit\u00e4ranlagen (warme Duschen, Sp\u00fclbereich und Waschk\u00fcche).<\/li>\n<\/ul>\n<\/details>\n\n\n\n<details class=\"wp-block-details has-n-brown-color has-text-color has-link-color has-n-outfit-font-family has-medium-font-size wp-elements-64cfb58735b8fb8d98cb7cf626db72e1 is-layout-flow wp-container-core-details-is-layout-d3fb2301 wp-block-details-is-layout-flow\" style=\"border-top-color:var(--wp--preset--color--n-lightest-brown);border-top-width:1px;padding-top:var(--wp--preset--spacing--40);padding-bottom:var(--wp--preset--spacing--40);font-style:normal;font-weight:300\"><summary>Ist der Campingplatz f\u00fcr Menschen mit eingeschr\u00e4nkter Mobilit\u00e4t (PMR) zug\u00e4nglich?<\/summary>\n<p class=\"has-n-outfit-font-family has-default-font-size\" style=\"font-style:normal;font-weight:400\">Unser Campingplatz ist terrassenf\u00f6rmig auf einem bewaldeten H\u00fcgel angelegt, was einige Zug\u00e4nge erschweren kann. Kontaktieren Sie uns vor der Reservierung, damit wir eine passende L\u00f6sung finden.<\/p>\n<\/details>\n\n\n\n<details class=\"wp-block-details has-n-brown-color has-text-color has-link-color has-n-outfit-font-family has-medium-font-size wp-elements-f283758c9f717af27f2593f21a9c9ac6 is-layout-flow wp-container-core-details-is-layout-d3fb2301 wp-block-details-is-layout-flow\" style=\"border-top-color:var(--wp--preset--color--n-lightest-brown);border-top-width:1px;padding-top:var(--wp--preset--spacing--40);padding-bottom:var(--wp--preset--spacing--40);font-style:normal;font-weight:300\"><summary>Gibt es Wi-Fi-Zugang?<\/summary>\n<p class=\"has-n-outfit-font-family has-default-font-size\" style=\"font-style:normal;font-weight:400\">Ja, 4G funktioniert auf dem Campingplatz und kostenloses Wi-Fi ist auf der Terrasse verf\u00fcgbar.<\/p>\n<\/details>\n<\/div>\n<\/div>\n\n\n\n<div class=\"wp-block-group is-layout-constrained wp-block-group-is-layout-constrained\" style=\"margin-top:var(--wp--preset--spacing--80)\">\n<h2 class=\"wp-block-heading has-n-light-brown-color has-text-color has-link-color has-n-outfit-font-family has-default-font-size wp-elements-d2396a3e6d006b3f280aa5ce3801772c\" style=\"font-style:normal;font-weight:300;text-transform:uppercase\">Aktivit\u00e4ten und Umgebung<\/h2>\n\n\n\n<div class=\"wp-block-group is-vertical is-content-justification-stretch is-layout-flex wp-container-core-group-is-layout-abb2ea6d wp-block-group-is-layout-flex\" style=\"margin-top:var(--wp--preset--spacing--30)\">\n<details class=\"wp-block-details has-n-brown-color has-text-color has-link-color has-n-outfit-font-family has-medium-font-size wp-elements-f323a27f791ccf1b0d8caf0f936d2e09 is-layout-flow wp-container-core-details-is-layout-d3fb2301 wp-block-details-is-layout-flow\" style=\"border-top-color:var(--wp--preset--color--n-lightest-brown);border-top-width:1px;padding-top:var(--wp--preset--spacing--40);padding-bottom:var(--wp--preset--spacing--40);font-style:normal;font-weight:300\"><summary>Welche Aktivit\u00e4ten werden vor Ort angeboten?<\/summary>\n<ul style=\"font-size:clamp(14px, 0.875rem + ((1vw - 3.2px) * 0.175), 16px);\" class=\"wp-block-list\">\n<li>Sport: Tennis, Mountainbiking, Wandern, P\u00e9tanque, Trampolin.<\/li>\n\n\n\n<li>Wasserbereich: Pool, Rutschen, Planschbecken.<\/li>\n\n\n\n<li>Veranstaltungen: Ap\u00e9ro-Konzerte in der Hochsaison.<\/li>\n<\/ul>\n<\/details>\n\n\n\n<details class=\"wp-block-details has-n-brown-color has-text-color has-link-color has-n-outfit-font-family has-medium-font-size wp-elements-13972214ce369eae222bdce7896d424a is-layout-flow wp-container-core-details-is-layout-d3fb2301 wp-block-details-is-layout-flow\" style=\"border-top-color:var(--wp--preset--color--n-lightest-brown);border-top-width:1px;padding-top:var(--wp--preset--spacing--40);padding-bottom:var(--wp--preset--spacing--40);font-style:normal;font-weight:300\"><summary>Welche touristischen Aktivit\u00e4ten empfehlen Sie in der Umgebung?<\/summary>\n<ul style=\"font-size:clamp(14px, 0.875rem + ((1vw - 3.2px) * 0.175), 16px);\" class=\"wp-block-list\">\n<li>Kanutouren auf der V\u00e9z\u00e8re oder Dordogne.<\/li>\n\n\n\n<li>Kulturelle Besichtigungen: H\u00f6hlen von Lascaux, Schl\u00f6sser, mittelalterliche D\u00f6rfer.<\/li>\n\n\n\n<li>Wanderungen: GR 36, markierte Wege.<\/li>\n<\/ul>\n\n\n\n<div class=\"wp-block-buttons is-layout-flex wp-block-buttons-is-layout-flex\" style=\"margin-top:var(--wp--preset--spacing--40)\">\n<div class=\"wp-block-button is-style-outline is-style-outline--1\"><a class=\"wp-block-button__link has-n-brown-color has-text-color has-link-color has-border-color has-n-brown-border-color has-small-font-size has-custom-font-size wp-element-button\" href=\"https:\/\/levezereperigord.com\/de\/tourisme\/\" style=\"border-width:1px;border-radius:4px;font-style:normal;font-weight:400;text-transform:uppercase\">Entdecken Sie unsere touristischen Vorschl\u00e4ge<\/a><\/div>\n<\/div>\n<\/details>\n<\/div>\n<\/div>\n\n\n\n<div class=\"wp-block-group is-layout-constrained wp-block-group-is-layout-constrained\" style=\"margin-top:var(--wp--preset--spacing--80)\">\n<h2 class=\"wp-block-heading has-n-light-brown-color has-text-color has-link-color has-n-outfit-font-family has-default-font-size wp-elements-14a9e4fb2b69b52a47410d944861ee70\" style=\"font-style:normal;font-weight:300;text-transform:uppercase\">Haustiere<\/h2>\n\n\n\n<div class=\"wp-block-group is-vertical is-content-justification-stretch is-layout-flex wp-container-core-group-is-layout-abb2ea6d wp-block-group-is-layout-flex\" style=\"margin-top:var(--wp--preset--spacing--30)\">\n<details class=\"wp-block-details has-n-brown-color has-text-color has-link-color has-n-outfit-font-family has-medium-font-size wp-elements-df0f6f5507ee3bc627a68ccabe13d76e is-layout-flow wp-container-core-details-is-layout-d3fb2301 wp-block-details-is-layout-flow\" style=\"border-top-color:var(--wp--preset--color--n-lightest-brown);border-top-width:1px;padding-top:var(--wp--preset--spacing--40);padding-bottom:var(--wp--preset--spacing--40);font-style:normal;font-weight:300\"><summary>Sind Haustiere erlaubt?<\/summary>\n<p class=\"has-n-outfit-font-family has-default-font-size\" style=\"font-style:normal;font-weight:400\">Ja, Haustiere sind unter bestimmten Bedingungen erlaubt, die mit dem Camping und den anderen Campern vereinbar sind (angeleint, Impfungen aktuell, falls erforderlich). Eine Zusatzgeb\u00fchr kann anfallen.<\/p>\n<\/details>\n<\/div>\n<\/div>\n\n\n\n<div class=\"wp-block-group is-layout-constrained wp-block-group-is-layout-constrained\" style=\"margin-top:var(--wp--preset--spacing--80)\">\n<h2 class=\"wp-block-heading has-n-light-brown-color has-text-color has-link-color has-n-outfit-font-family has-default-font-size wp-elements-d7886cb052088c6c63b8e969e10e27c8\" style=\"font-style:normal;font-weight:300;text-transform:uppercase\">Kontakt und Zugang<\/h2>\n\n\n\n<div class=\"wp-block-group is-vertical is-content-justification-stretch is-layout-flex wp-container-core-group-is-layout-abb2ea6d wp-block-group-is-layout-flex\" style=\"margin-top:var(--wp--preset--spacing--30)\">\n<details class=\"wp-block-details has-n-brown-color has-text-color has-link-color has-n-outfit-font-family has-medium-font-size wp-elements-1235046e269d4e0807ccb6056eeff3c3 is-layout-flow wp-container-core-details-is-layout-d3fb2301 wp-block-details-is-layout-flow\" style=\"border-top-color:var(--wp--preset--color--n-lightest-brown);border-top-width:1px;padding-top:var(--wp--preset--spacing--40);padding-bottom:var(--wp--preset--spacing--40);font-style:normal;font-weight:300\"><summary>Was sind Ihre \u00d6ffnungszeiten?<\/summary>\n<p class=\"has-n-outfit-font-family has-default-font-size\" style=\"font-style:normal;font-weight:400\">Unsere Rezeption ist t\u00e4glich von 9:00 bis 18:00 Uhr ge\u00f6ffnet.<\/p>\n<\/details>\n\n\n\n<details class=\"wp-block-details has-n-brown-color has-text-color has-link-color has-n-outfit-font-family has-medium-font-size wp-elements-d67fa0bc3a529e60743264029fa58fef is-layout-flow wp-container-core-details-is-layout-d3fb2301 wp-block-details-is-layout-flow\" style=\"border-top-color:var(--wp--preset--color--n-lightest-brown);border-top-width:1px;padding-top:var(--wp--preset--spacing--40);padding-bottom:var(--wp--preset--spacing--40);font-style:normal;font-weight:300\"><summary>Wie erreiche ich den Campingplatz?<\/summary>\n<p class=\"has-n-outfit-font-family has-default-font-size\" style=\"font-style:normal;font-weight:400\"><strong>Adresse<\/strong> : Route de Fontpeyrine, 303 \u2013 24620 Tursac.<\/p>\n\n\n\n<div class=\"wp-block-buttons is-layout-flex wp-block-buttons-is-layout-flex\" style=\"margin-top:var(--wp--preset--spacing--40)\">\n<div class=\"wp-block-button is-style-outline is-style-outline--2\"><a class=\"wp-block-button__link has-n-brown-color has-text-color has-link-color has-border-color has-n-brown-border-color has-small-font-size has-custom-font-size wp-element-button\" href=\"https:\/\/www.google.com\/maps\/dir\/\/303+Rte+de+Fontpeyrine,+24620+Tursac,+France\/@44.9750816,1.0416996,17z\/data=!4m17!1m8!3m7!1s0x12ab4d698a1650db:0x27eda9bf20e5e519!2s303+Rte+de+Fontpeyrine,+24620+Tursac,+France!3b1!8m2!3d44.9750816!4d1.0442799!16s%2Fg%2F11rnclwphr!4m7!1m0!1m5!1m1!1s0x12ab4d698a1650db:0x27eda9bf20e5e519!2m2!1d1.0442799!2d44.9750816?entry=ttu&#038;g_ep=EgoyMDI1MTEyMy4xIKXMDSoASAFQAw%3D%3D\" style=\"border-width:1px;border-radius:4px;font-style:normal;font-weight:400;text-transform:uppercase\">Route auf Google Maps anzeigen<\/a><\/div>\n<\/div>\n<\/details>\n<\/div>\n<\/div>\n<\/div>\n\n\n\n<div class=\"wp-block-group n-mobile-full-bleed has-n-lightest-brown-background-color has-background is-layout-constrained wp-container-core-group-is-layout-a5b16f8c wp-block-group-is-layout-constrained\" style=\"border-radius:4px;margin-top:0;margin-bottom:0;padding-top:var(--wp--preset--spacing--80);padding-right:var(--wp--preset--spacing--80);padding-bottom:var(--wp--preset--spacing--80);padding-left:var(--wp--preset--spacing--80)\">\n<h2 class=\"wp-block-heading has-text-align-center has-n-brown-color has-text-color has-link-color has-n-benne-font-family has-x-large-font-size wp-elements-ef0c9ab1d23df76ebb2ca3dd800ab03a\">Haben Sie keine Antwort gefunden?<\/h2>\n\n\n\n<p class=\"has-text-align-center n-max-text has-n-brown-color has-text-color has-link-color has-n-outfit-font-family wp-elements-77b2cb40b7c28e53cd70068a6c599119\">Unser Team steht Ihnen f\u00fcr weitere Fragen zur Verf\u00fcgung:<\/p>\n\n\n\n<p class=\"has-text-align-center n-max-text has-n-brown-color has-text-color has-link-color has-n-outfit-font-family wp-elements-46c408d678aab8ee4bc3ebb7db057fd5\"><strong>Telefonisch<\/strong>: +33 (0)5 53 06 96 31 ou +33 (0)6 76 23 65 26<br><strong>Per E-mail<\/strong> : info@levezereperigord.com<br><strong>\u00dcber Whatsapp :<\/strong> +33 676236526<br><strong>Per Brieftaube&#8230;<\/strong><\/p>\n<\/div>\n","protected":false},"excerpt":{"rendered":"<p>FAQ \u2013 Ihre Fragen, unsere Antworten Reservierungen und Aufenthalte Stellpl\u00e4tze und Unterk\u00fcnfte Preise und Zahlungen Ausstattung und Dienstleistungen Aktivit\u00e4ten und Umgebung Haustiere Kontakt und Zugang Haben Sie keine Antwort gefunden? Unser Team steht Ihnen f\u00fcr weitere Fragen zur Verf\u00fcgung: Telefonisch: +33 (0)5 53 06 96 31 ou +33 (0)6 76 23 65 26Per E-mail : [&hellip;]<\/p>\n","protected":false},"author":1,"featured_media":0,"parent":0,"menu_order":0,"comment_status":"closed","ping_status":"closed","template":"","meta":{"footnotes":""},"class_list":["post-113","page","type-page","status-publish","hentry"],"_links":{"self":[{"href":"https:\/\/levezereperigord.com\/de\/wp-json\/wp\/v2\/pages\/113","targetHints":{"allow":["GET"]}}],"collection":[{"href":"https:\/\/levezereperigord.com\/de\/wp-json\/wp\/v2\/pages"}],"about":[{"href":"https:\/\/levezereperigord.com\/de\/wp-json\/wp\/v2\/types\/page"}],"author":[{"embeddable":true,"href":"https:\/\/levezereperigord.com\/de\/wp-json\/wp\/v2\/users\/1"}],"replies":[{"embeddable":true,"href":"https:\/\/levezereperigord.com\/de\/wp-json\/wp\/v2\/comments?post=113"}],"version-history":[{"count":37,"href":"https:\/\/levezereperigord.com\/de\/wp-json\/wp\/v2\/pages\/113\/revisions"}],"predecessor-version":[{"id":1915,"href":"https:\/\/levezereperigord.com\/de\/wp-json\/wp\/v2\/pages\/113\/revisions\/1915"}],"wp:attachment":[{"href":"https:\/\/levezereperigord.com\/de\/wp-json\/wp\/v2\/media?parent=113"}],"curies":[{"name":"wp","href":"https:\/\/api.w.org\/{rel}","templated":true}]}}